{"id":103,"date":"2024-04-04T04:56:33","date_gmt":"2024-04-04T01:56:33","guid":{"rendered":"https:\/\/sisu.ut.ee\/estshg\/2022-elutoo-preemia-laureaat-raivo-uibo\/"},"modified":"2024-04-04T04:57:13","modified_gmt":"2024-04-04T01:57:13","slug":"2022-elutoo-preemia-laureaat-raivo-uibo","status":"publish","type":"page","link":"https:\/\/sisu.ut.ee\/estshg\/2022-elutoo-preemia-laureaat-raivo-uibo\/","title":{"rendered":"2022 elut\u00f6\u00f6 preemia laureaat Raivo Uibo"},"content":{"rendered":"<p>\n\t<img loading=\"lazy\" decoding=\"async\" width=\"1110\" height=\"1260\" class=\"alignnone wp-image-195\" style=\"width: 560px;height: 635px;margin-left: 20px;margin-right: 20px;float: left\" src=\"https:\/\/sisu.ut.ee\/wp-content\/uploads\/sites\/345\/raivo_uibo.jpeg\" title=\"raivo_uibo.jpeg\" alt=\"Raivo Uibo\" srcset=\"https:\/\/sisu.ut.ee\/wp-content\/uploads\/sites\/345\/raivo_uibo.jpeg 1110w, https:\/\/sisu.ut.ee\/wp-content\/uploads\/sites\/345\/raivo_uibo-264x300.jpeg 264w, https:\/\/sisu.ut.ee\/wp-content\/uploads\/sites\/345\/raivo_uibo-902x1024.jpeg 902w, https:\/\/sisu.ut.ee\/wp-content\/uploads\/sites\/345\/raivo_uibo-768x872.jpeg 768w\" sizes=\"auto, (max-width: 1110px) 100vw, 1110px\">\n<\/p>\n<p>\n\t<strong>\u00dchingu 2022. aasta elut\u00f6\u00f6 preemia p\u00e4lvis immunoloogia professor Raivo Uibo.<\/strong>\n<\/p>\n<p>\n\t<br>Prof Uibo alustas oma teadust\u00f6\u00f6d Tartu \u00dclikooli (siis Tartu Riikliku \u00dclikooli) \u00fcli\u00f5pilasena. Tema\u00a0 teadust\u00f6\u00f6 p\u00e4lvis t\u00e4helepanu nii Eestis kui v\u00e4ljaspool Eestit ning muude tunnustuste hulgas p\u00e4lvis ta esimese auhinna N\u00f5ukogude Liidu \u00fcli\u00f5pilast\u00f6\u00f6de konkursil. 1973. aastal l\u00f5petas ta Tartu Riikliku \u00dclikooli arstiteaduskonna ning 1978. aastal kaitses meditsiinikandidaadi kraadi Tartu Riiklikus \u00dclikoolis. Juba 1979. aastal sai temast Tartu Riikliku \u00dclikooli \u00fcld- ja molekulaarpatoloogia instituudi (\u00dcMPI) juhataja. 1990. aastal kaitses ta meditsiinidoktori kraadi Tampere \u00dclikoolis ja 2003. aastal valiti ta Eesti Teaduste Akadeemia akadeemikuks. Praegu t\u00f6\u00f6tab prof Uibo Tartu \u00dclikooli bio- ja siirdemeditsiini instituudis immunoloogia osakonna juhatajana.\n<\/p>\n<p>\n\t<br>Prof Uibo teadus- ja arendust\u00f6\u00f6 on kogu tema pika karj\u00e4\u00e4ri jooksul keskendunud immunoloogia-alastele uuringutele. Tema uurimisvaldkonnad on krooniliste p\u00f5letikuliste protsesside immunoloogilised mehhanismid, patogeensete ja mitte-patogeensete mikroorganismide osalemine autoimmuunhaiguste tekkes, diagnostiliste immunoloogiliste testide v\u00e4ljat\u00f6\u00f6tamine. Prof Uibo viimaste aastate teadust\u00f6\u00f6 p\u00f5hisuund on olnud endokriinhaigused, sealhulgas diabeet ja rasedusaegne diabeet. Oma teadust\u00f6\u00f6 raames teeb prof Uibo koost\u00f6\u00f6d \u00fcle kogu Euroopa ning on ka ise viibinud ja t\u00e4iendanud ennast mitmel pool v\u00e4lismaal. N\u00e4iteks on ta saanud dotsendi kutse Tampere \u00dclikoolist ning on t\u00f6\u00f6tanud k\u00fclalisprofessorina Lundi \u00dclikoolis.\n<\/p>\n<p>\n\t<br>Lisaks teadust\u00f6\u00f6le on prof Uibo juhtinud, l\u00e4bi viinud ja arendanud immunoloogia-alast \u00f5ppet\u00f6\u00f6d Tartu \u00dclikoolis. Selles osas on eriti m\u00e4rkimisv\u00e4\u00e4rne tema panus eestikeelse erialakeele arendamisse. 2015. aastal ilmus prof Raivo Uibo algatatud originaalne eestikeelne k\u00f5rgkooli\u00f5pik \u201eImmunoloogia\u201c (R. Uibo, K. Kisand, P. Peterson, K. Reimand, 2015), millest ilmub peagi t\u00e4iendatud tr\u00fckk. \u00a0\n<\/p>\n<p>\n\t<br>Soovime Eesti Inimesegeneetika \u00dchingu poolt prof Uibole \u00f5nne ja edu edaspidiseks!<\/p>\n","protected":false},"excerpt":{"rendered":"<p>\u00dchingu 2022. aasta elut\u00f6\u00f6 preemia p\u00e4lvis immunoloogia professor Raivo Uibo. Prof Uibo alustas oma teadust\u00f6\u00f6d Tartu \u00dclikooli (siis Tartu Riikliku \u00dclikooli) \u00fcli\u00f5pilasena. Tema\u00a0 teadust\u00f6\u00f6 p\u00e4lvis t\u00e4helepanu nii Eestis kui v\u00e4ljaspool Eestit ning muude tunnustuste hulgas p\u00e4lvis ta esimese auhinna N\u00f5ukogude &#8230;<\/p>\n","protected":false},"author":182,"featured_media":0,"parent":0,"menu_order":0,"comment_status":"closed","ping_status":"closed","template":"","meta":{"_acf_changed":false,"inline_featured_image":false,"footnotes":""},"class_list":["post-103","page","type-page","status-publish","hentry"],"acf":[],"_links":{"self":[{"href":"https:\/\/sisu.ut.ee\/estshg\/wp-json\/wp\/v2\/pages\/103","targetHints":{"allow":["GET"]}}],"collection":[{"href":"https:\/\/sisu.ut.ee\/estshg\/wp-json\/wp\/v2\/pages"}],"about":[{"href":"https:\/\/sisu.ut.ee\/estshg\/wp-json\/wp\/v2\/types\/page"}],"author":[{"embeddable":true,"href":"https:\/\/sisu.ut.ee\/estshg\/wp-json\/wp\/v2\/users\/182"}],"replies":[{"embeddable":true,"href":"https:\/\/sisu.ut.ee\/estshg\/wp-json\/wp\/v2\/comments?post=103"}],"version-history":[{"count":1,"href":"https:\/\/sisu.ut.ee\/estshg\/wp-json\/wp\/v2\/pages\/103\/revisions"}],"predecessor-version":[{"id":261,"href":"https:\/\/sisu.ut.ee\/estshg\/wp-json\/wp\/v2\/pages\/103\/revisions\/261"}],"wp:attachment":[{"href":"https:\/\/sisu.ut.ee\/estshg\/wp-json\/wp\/v2\/media?parent=103"}],"curies":[{"name":"wp","href":"https:\/\/api.w.org\/{rel}","templated":true}]}}