{"id":785,"date":"2026-03-25T12:22:34","date_gmt":"2026-03-25T10:22:34","guid":{"rendered":"https:\/\/sisu.ut.ee\/esterra\/?page_id=785"},"modified":"2026-04-24T16:31:15","modified_gmt":"2026-04-24T13:31:15","slug":"rahvusvaheline-konverents-laanemeremaad-12-14-sajandil-kohalikud-uhiskonnad-kultuurid-ja-traditsioonid-muutuste-ajastul","status":"publish","type":"page","link":"https:\/\/sisu.ut.ee\/esterra\/rahvusvaheline-konverents-laanemeremaad-12-14-sajandil-kohalikud-uhiskonnad-kultuurid-ja-traditsioonid-muutuste-ajastul\/","title":{"rendered":"Rahvusvaheline konverents \u201eL\u00e4\u00e4nemeremaad 12.\u201314. sajandil: kohalikud \u00fchiskonnad, kultuurid ja traditsioonid muutuste ajastul\u201c"},"content":{"rendered":"<figure class=\"wp-block-image size-large\"><img loading=\"lazy\" decoding=\"async\" width=\"1024\" height=\"663\" src=\"https:\/\/sisu.ut.ee\/wp-content\/uploads\/sites\/625\/Konveka-pilt-1-1024x663.jpg\" alt=\"\" class=\"wp-image-757\" srcset=\"https:\/\/sisu.ut.ee\/wp-content\/uploads\/sites\/625\/Konveka-pilt-1-1024x663.jpg 1024w, https:\/\/sisu.ut.ee\/wp-content\/uploads\/sites\/625\/Konveka-pilt-1-300x194.jpg 300w, https:\/\/sisu.ut.ee\/wp-content\/uploads\/sites\/625\/Konveka-pilt-1-768x497.jpg 768w, https:\/\/sisu.ut.ee\/wp-content\/uploads\/sites\/625\/Konveka-pilt-1.jpg 1300w\" sizes=\"auto, (max-width: 1024px) 100vw, 1024px\"><\/figure>\n\n\n\n<p><strong>16.\u201318. aprillil toimus Tartus rahvusvaheline konverents \u201eThe Baltic Sea Region, 1100\u20131400: Indigenous Societies, Cultures and Traditions in a Time of Changes \/ L\u00e4\u00e4nemeremaad 12.\u201314. sajandil: kohalikud \u00fchiskonnad, kultuurid ja traditsioonid muutuste ajastul\u201d.<\/strong><\/p>\n\n\n\n<p>Tartu \u00dclikooli ajaloo ja arheoloogia instituudis toimunud konverents k\u00e4sitles L\u00e4\u00e4nemeremaade kohalike rahvaste ajalugu \u00fcleminekul muinasajast keskaega. Laiemateks teemadeks olid p\u00f5lisrahvaste koht muutnud oludes ja \u00fchiskonnas, linnused, kalmistud ja ristiusu saabumine.\u00a0\u00a0Esinejaid oli Eestist, L\u00e4tist, Leedust, Soomest, Rootsist, Saksamaalt ja Taanist.\u00a0Kolme p\u00e4eva v\u00e4ltel peeti 26 ettekannet \u2013 19 arheoloogia, 5 ajaloo, 1 kunstiajaloo ja 1 numismaatika teemadel.\u00a0Lisaks L\u00e4\u00e4nemere idakalda maadele leidsid k\u00e4sitlemist ka Rootsi saared Gotland ja \u00d6land, samuti preislaste staatus ja muistised vallutusj\u00e4rgses \u00fchiskonnas. Erinevatest ettekannetest joonistus v\u00e4lja suurem pilt: piir muinasaja ja keskaaja vahel pole kaugeltki nii selge kui see k\u00e4ibet\u00f5dedes kajastub.<\/p>\n\n\n\n<p>V\u00e4lisk\u00fclalised t\u00f5stsid esile \u00fcrituse interdistsiplinaarsust \u2013 tavaliselt toimuvad ajaloo teemadel peetavad konverentsid erialade kaupa. Esile toodi ka ettekannetele j\u00e4rgnenud sisukaid arutelusid, milles kohtusid erinevate erialade teadmised ja vaatenurgad. Konverentsi l\u00f5petas ekskursioon L\u00f5una-Eesti muististele.<\/p>\n\n\n\n<p>Ettekannetel p\u00f5hinevad artiklid on kavas avaldada Estonian Journal of Archaeology Supplementary Series erinumbris.<\/p>\n\n\n\n<p><strong>Tutvu konverentsi programmiga:<\/strong><\/p>\n\n\n\n<div data-wp-interactive=\"core\/file\" class=\"wp-block-file\"><object data-wp-bind--hidden=\"!state.hasPdfPreview\" hidden class=\"wp-block-file__embed\" data=\"https:\/\/sisu.ut.ee\/wp-content\/uploads\/sites\/625\/Programme-16-18-April.pdf\" type=\"application\/pdf\" style=\"width:100%;height:600px\" aria-label=\"Lisa Programme 16-18 April.\"><\/object><a id=\"wp-block-file--media-637d0c4a-493b-449c-9895-8e82ff16001d\" href=\"https:\/\/sisu.ut.ee\/wp-content\/uploads\/sites\/625\/Programme-16-18-April.pdf\">Programme 16-18 April<\/a><a href=\"https:\/\/sisu.ut.ee\/wp-content\/uploads\/sites\/625\/Programme-16-18-April.pdf\" class=\"wp-block-file__button wp-element-button\" download aria-describedby=\"wp-block-file--media-637d0c4a-493b-449c-9895-8e82ff16001d\">Laadi alla<\/a><\/div>\n\n\n\n<p><strong>18. aprilli ekskursiooni kava:<\/strong><\/p>\n\n\n\n<div data-wp-interactive=\"core\/file\" class=\"wp-block-file\"><object data-wp-bind--hidden=\"!state.hasPdfPreview\" hidden class=\"wp-block-file__embed\" data=\"https:\/\/sisu.ut.ee\/wp-content\/uploads\/sites\/625\/Ekskursioon-18.04.2026.pdf\" type=\"application\/pdf\" style=\"width:100%;height:600px\" aria-label=\"Lisa Ekskursioon 18.04.2026.\"><\/object><a id=\"wp-block-file--media-7e99d5e2-9653-448f-a16b-c7eca24aee14\" href=\"https:\/\/sisu.ut.ee\/wp-content\/uploads\/sites\/625\/Ekskursioon-18.04.2026.pdf\">Ekskursioon 18.04.2026<\/a><a href=\"https:\/\/sisu.ut.ee\/wp-content\/uploads\/sites\/625\/Ekskursioon-18.04.2026.pdf\" class=\"wp-block-file__button wp-element-button\" download aria-describedby=\"wp-block-file--media-7e99d5e2-9653-448f-a16b-c7eca24aee14\">Laadi alla<\/a><\/div>\n","protected":false},"excerpt":{"rendered":"<p>16.\u201318. aprillil toimus Tartus rahvusvaheline konverents \u201eThe Baltic Sea Region, 1100\u20131400: Indigenous Societies, Cultures and Traditions in a Time of Changes \/ L\u00e4\u00e4nemeremaad 12.\u201314. sajandil: kohalikud \u00fchiskonnad, kultuurid ja traditsioonid muutuste ajastul\u201d. Tartu \u00dclikooli ajaloo ja arheoloogia instituudis toimunud konverents &#8230;<\/p>\n","protected":false},"author":798,"featured_media":0,"parent":0,"menu_order":0,"comment_status":"closed","ping_status":"closed","template":"","meta":{"_acf_changed":false,"inline_featured_image":false,"footnotes":""},"class_list":["post-785","page","type-page","status-publish","hentry"],"acf":[],"_links":{"self":[{"href":"https:\/\/sisu.ut.ee\/esterra\/wp-json\/wp\/v2\/pages\/785","targetHints":{"allow":["GET"]}}],"collection":[{"href":"https:\/\/sisu.ut.ee\/esterra\/wp-json\/wp\/v2\/pages"}],"about":[{"href":"https:\/\/sisu.ut.ee\/esterra\/wp-json\/wp\/v2\/types\/page"}],"author":[{"embeddable":true,"href":"https:\/\/sisu.ut.ee\/esterra\/wp-json\/wp\/v2\/users\/798"}],"replies":[{"embeddable":true,"href":"https:\/\/sisu.ut.ee\/esterra\/wp-json\/wp\/v2\/comments?post=785"}],"version-history":[{"count":4,"href":"https:\/\/sisu.ut.ee\/esterra\/wp-json\/wp\/v2\/pages\/785\/revisions"}],"predecessor-version":[{"id":858,"href":"https:\/\/sisu.ut.ee\/esterra\/wp-json\/wp\/v2\/pages\/785\/revisions\/858"}],"wp:attachment":[{"href":"https:\/\/sisu.ut.ee\/esterra\/wp-json\/wp\/v2\/media?parent=785"}],"curies":[{"name":"wp","href":"https:\/\/api.w.org\/{rel}","templated":true}]}}