{"id":773,"date":"2026-03-25T12:03:50","date_gmt":"2026-03-25T10:03:50","guid":{"rendered":"https:\/\/sisu.ut.ee\/esterra\/?page_id=773"},"modified":"2026-03-25T12:15:03","modified_gmt":"2026-03-25T10:15:03","slug":"oma-voi-vooras","status":"publish","type":"page","link":"https:\/\/sisu.ut.ee\/esterra\/oma-voi-vooras\/","title":{"rendered":"Oma v\u00f5i v\u00f5\u00f5ras? Artikleid Eesti ajaloost 13. sajandil"},"content":{"rendered":"<div class=\"wp-block-group is-layout-constrained wp-block-group-is-layout-constrained\">\n<figure class=\"wp-block-image alignleft size-large\"><img loading=\"lazy\" decoding=\"async\" width=\"715\" height=\"1024\" src=\"https:\/\/sisu.ut.ee\/wp-content\/uploads\/sites\/625\/oma-v6i-v66ras-1-715x1024.jpg\" alt=\"\" class=\"wp-image-763\" srcset=\"https:\/\/sisu.ut.ee\/wp-content\/uploads\/sites\/625\/oma-v6i-v66ras-1-715x1024.jpg 715w, https:\/\/sisu.ut.ee\/wp-content\/uploads\/sites\/625\/oma-v6i-v66ras-1-210x300.jpg 210w, https:\/\/sisu.ut.ee\/wp-content\/uploads\/sites\/625\/oma-v6i-v66ras-1-768x1100.jpg 768w, https:\/\/sisu.ut.ee\/wp-content\/uploads\/sites\/625\/oma-v6i-v66ras-1.jpg 1320w\" sizes=\"auto, (max-width: 715px) 100vw, 715px\"><\/figure>\n\n\n\n<p><strong>Leimus, I., M\u00e4gi, M. ja Valk, H. 2026. Oma v\u00f5i v\u00f5\u00f5ras? Artikleid Eesti ajaloost 13. sajandil. Kirjastus Argo<\/strong><\/p>\n\n\n\n<p>2026. aasta veebruaris ilmunud kogumik Oma v\u00f5i v\u00f5\u00f5ras? Artikleid Eesti ajaloost 13. sajandil sisaldab k\u00fcmme artiklit. Laiale ajaloo- ja kultuurihuvilisele lugejaskonnale m\u00f5eldud raamat p\u00f5hineb 2023. aasta s\u00fcgisel Ajaloomuuseumis toimunud konverentsi ettekannetel. Vaatluse all on nii muinasaja l\u00f5pp kui ka 13. sajandi v\u00e4ltel Eestis toimunud muutumised.<\/p>\n\n\n\n<p><strong><span style=\"text-decoration: underline;\">Raamatu sisu on j\u00e4rgmine:<\/span><\/strong><\/p>\n<\/div>\n\n\n\n<p><strong>Inimene ja \u00fchiskond<\/strong><\/p>\n\n\n\n<ul class=\"wp-block-list\">\n<li>Muinasaja l\u00f5pu vaimuelust visuaalkultuuri p\u00f5hjal. Tuuli Kurisoo ja T\u00f5nno Jonuks<\/li>\n\n\n\n<li>Eestlastest \u00fclikupered 13. sajandil \u2013 kas ka arheoloogiliselt n\u00e4htavad? Marika M\u00e4gi<\/li>\n\n\n\n<li>Kuhu kadusid Eestimaa kuningad? Eesti \u00fclikute tiitlitest omade ja v\u00f5\u00f5raste suus aastal 1200. Kristjan Oad<\/li>\n\n\n\n<li>13. sajandi saarlaste \u00f5igused ja kohustused. Piia Sandra Palm<\/li>\n<\/ul>\n\n\n\n<p><strong>Linnused ja keskused<\/strong><\/p>\n\n\n\n<ul class=\"wp-block-list\">\n<li>Rajajad, tagamaad ja edasikestmine. Mida on muinaslinnustel \u00f6elda 13. sajandi \u00fchiskonna ja selle muutuste kohta? Kristo Siig<\/li>\n\n\n\n<li>Ugandi idapiiril: Rosma suurlinnus muinasaja l\u00f5pul. Heiki Valk<\/li>\n<\/ul>\n\n\n\n<p><strong>Raha ja raud<\/strong><\/p>\n\n\n\n<ul class=\"wp-block-list\">\n<li>Millal hakkas eestlane raha lugema? Ivar Leimus<\/li>\n\n\n\n<li>Kui j\u00f5ukas oli keskaegne Liivimaa? Anti Selart<\/li>\n\n\n\n<li>Rauametallurgia ja ristis\u00f5da. Ragnar Saage<\/li>\n\n\n\n<li>Maah\u00e4rrad ja sooraud. Rauatootmine keskaegsel Liivimaal kirjalike allikate valguses. Mihkel M\u00e4esalu<\/li>\n<\/ul>\n\n\n\n<p>Raamatu koostajad ja toimetajad on Ivar Leimus (Eesti Ajaloomuuseum), Marika M\u00e4gi (Tallinna \u00dclikool) ja Heiki Valk (Tartu \u00dclikool, ajaloo ja arheoloogia instituut). Kogumik on saadaval raamatupoodides, samuti\u00a0<a href=\"https:\/\/argokirjastus.ee\/toode\/oma-voi-vooras\/\">kirjastuse Argo kodulehe kaudu<\/a>.<\/p>\n","protected":false},"excerpt":{"rendered":"<p>Leimus, I., M\u00e4gi, M. ja Valk, H. 2026. Oma v\u00f5i v\u00f5\u00f5ras? Artikleid Eesti ajaloost 13. sajandil. Kirjastus Argo 2026. aasta veebruaris ilmunud kogumik Oma v\u00f5i v\u00f5\u00f5ras? Artikleid Eesti ajaloost 13. sajandil sisaldab k\u00fcmme artiklit. Laiale ajaloo- ja kultuurihuvilisele lugejaskonnale m\u00f5eldud &#8230;<\/p>\n","protected":false},"author":798,"featured_media":0,"parent":0,"menu_order":0,"comment_status":"closed","ping_status":"closed","template":"","meta":{"_acf_changed":false,"inline_featured_image":false,"footnotes":""},"class_list":["post-773","page","type-page","status-publish","hentry"],"acf":[],"_links":{"self":[{"href":"https:\/\/sisu.ut.ee\/esterra\/wp-json\/wp\/v2\/pages\/773","targetHints":{"allow":["GET"]}}],"collection":[{"href":"https:\/\/sisu.ut.ee\/esterra\/wp-json\/wp\/v2\/pages"}],"about":[{"href":"https:\/\/sisu.ut.ee\/esterra\/wp-json\/wp\/v2\/types\/page"}],"author":[{"embeddable":true,"href":"https:\/\/sisu.ut.ee\/esterra\/wp-json\/wp\/v2\/users\/798"}],"replies":[{"embeddable":true,"href":"https:\/\/sisu.ut.ee\/esterra\/wp-json\/wp\/v2\/comments?post=773"}],"version-history":[{"count":2,"href":"https:\/\/sisu.ut.ee\/esterra\/wp-json\/wp\/v2\/pages\/773\/revisions"}],"predecessor-version":[{"id":781,"href":"https:\/\/sisu.ut.ee\/esterra\/wp-json\/wp\/v2\/pages\/773\/revisions\/781"}],"wp:attachment":[{"href":"https:\/\/sisu.ut.ee\/esterra\/wp-json\/wp\/v2\/media?parent=773"}],"curies":[{"name":"wp","href":"https:\/\/api.w.org\/{rel}","templated":true}]}}