{"id":772,"date":"2026-03-25T12:03:50","date_gmt":"2026-03-25T10:03:50","guid":{"rendered":"https:\/\/sisu.ut.ee\/esterra\/?page_id=772"},"modified":"2026-03-25T12:07:23","modified_gmt":"2026-03-25T10:07:23","slug":"miikse-jaanikivi-ja-jaanipaev","status":"publish","type":"page","link":"https:\/\/sisu.ut.ee\/esterra\/miikse-jaanikivi-ja-jaanipaev\/","title":{"rendered":"Miikse Jaanikivi ja jaanip\u00e4ev"},"content":{"rendered":"<p><strong>Valk, H. Miikse Jaanikivi ja jaanip\u00e4ev. Tartu: Tartu \u00dclikooli ajaloo ja arheoloogia instituut, Tartu \u00dclikooli Kirjastus<\/strong><\/p>\n\n\n\n<div class=\"wp-block-group is-layout-constrained wp-block-group-is-layout-constrained\">\n<figure class=\"wp-block-image alignleft size-full is-resized\"><img loading=\"lazy\" decoding=\"async\" width=\"465\" height=\"636\" src=\"https:\/\/sisu.ut.ee\/wp-content\/uploads\/sites\/625\/Jaanikivi-raamatu-kaas.png\" alt=\"\" class=\"wp-image-761\" style=\"aspect-ratio:0.7311500380807312;width:282px;height:auto\" srcset=\"https:\/\/sisu.ut.ee\/wp-content\/uploads\/sites\/625\/Jaanikivi-raamatu-kaas.png 465w, https:\/\/sisu.ut.ee\/wp-content\/uploads\/sites\/625\/Jaanikivi-raamatu-kaas-219x300.png 219w\" sizes=\"auto, (max-width: 465px) 100vw, 465px\"><\/figure>\n\n\n\n<p>Raamat annab \u00fclevaate Setomaa piiril Miikses asuvast p\u00fchast Jaanikivist \u2013 ainsast Eesti ja vist ka kogu L\u00e4\u00e4nemere regiooni ohvrikivist, mille juures p\u00fchadeaegsete rahvakogunemiste ja ohverdamiste traditsioon on p\u00fcsinud j\u00e4rjepidevalt v\u00e4ga kaugetest aegadest kuni t\u00e4nap\u00e4evani. Arheoloogia v\u00f5tmes v\u00f5iksid huvi pakkuda mitte ainult teadmised ohverdamisest ja selle p\u00f5hjustest, vaid ka p\u00fchadeaegsete kokkutulemiste ja kesksete looduslike p\u00fchapaikade t\u00e4hendus \u00fchiskonna toimimise ja sidususe hoidmise v\u00f5tmes. Palju sellest, mis mujal Eesti alal kadus koos k\u00fclakatoliiklusega \u2013 usk p\u00fchakute ja p\u00fchade paikade abisse, sealsed p\u00fchadeaegsed rahvakogunemised, kerjajatele annetamine, kalmudel s\u00f6\u00f6mine ja k\u00fclakabelid, samuti k\u00f5ige selle t\u00e4hendused \u2013 on Miikses seto rahvap\u00e4rase \u00f5igeusu raamistuses elavana p\u00fcsinud kuni 20. sajandi keskpaigani, osalt kauemgi. Miikse jaanip\u00e4ev, mida t\u00e4histatakse vana kalendri j\u00e4rgi 7. juulil, annab tunnistust ristiusueelsete ja kristlike traditsioonide p\u00f5imumisest looduslikus p\u00fchapaigas. Raamatu teine osa koosneb Miikse jaanip\u00e4eva kirjeldustest aastate 1859 ja 2024 vahemikus.<\/p>\n\n\n\n<p>Raamat on <a href=\"https:\/\/shop.ut.ee\/pood\/miikse-jaanikivi-ja-jaanipaev\/\" data-type=\"link\" data-id=\"https:\/\/shop.ut.ee\/pood\/miikse-jaanikivi-ja-jaanipaev\/\">saadaval T\u00dc Kirjastuse kodulehel.<\/a><\/p>\n<\/div>\n","protected":false},"excerpt":{"rendered":"<p>Valk, H. Miikse Jaanikivi ja jaanip\u00e4ev. Tartu: Tartu \u00dclikooli ajaloo ja arheoloogia instituut, Tartu \u00dclikooli Kirjastus Raamat annab \u00fclevaate Setomaa piiril Miikses asuvast p\u00fchast Jaanikivist \u2013 ainsast Eesti ja vist ka kogu L\u00e4\u00e4nemere regiooni ohvrikivist, mille juures p\u00fchadeaegsete rahvakogunemiste ja &#8230;<\/p>\n","protected":false},"author":798,"featured_media":0,"parent":0,"menu_order":0,"comment_status":"closed","ping_status":"closed","template":"","meta":{"_acf_changed":false,"inline_featured_image":false,"footnotes":""},"class_list":["post-772","page","type-page","status-publish","hentry"],"acf":[],"_links":{"self":[{"href":"https:\/\/sisu.ut.ee\/esterra\/wp-json\/wp\/v2\/pages\/772","targetHints":{"allow":["GET"]}}],"collection":[{"href":"https:\/\/sisu.ut.ee\/esterra\/wp-json\/wp\/v2\/pages"}],"about":[{"href":"https:\/\/sisu.ut.ee\/esterra\/wp-json\/wp\/v2\/types\/page"}],"author":[{"embeddable":true,"href":"https:\/\/sisu.ut.ee\/esterra\/wp-json\/wp\/v2\/users\/798"}],"replies":[{"embeddable":true,"href":"https:\/\/sisu.ut.ee\/esterra\/wp-json\/wp\/v2\/comments?post=772"}],"version-history":[{"count":2,"href":"https:\/\/sisu.ut.ee\/esterra\/wp-json\/wp\/v2\/pages\/772\/revisions"}],"predecessor-version":[{"id":779,"href":"https:\/\/sisu.ut.ee\/esterra\/wp-json\/wp\/v2\/pages\/772\/revisions\/779"}],"wp:attachment":[{"href":"https:\/\/sisu.ut.ee\/esterra\/wp-json\/wp\/v2\/media?parent=772"}],"curies":[{"name":"wp","href":"https:\/\/api.w.org\/{rel}","templated":true}]}}