{"id":707,"date":"2026-03-20T18:01:19","date_gmt":"2026-03-20T16:01:19","guid":{"rendered":"https:\/\/sisu.ut.ee\/esterra\/?page_id=707"},"modified":"2026-03-25T13:20:40","modified_gmt":"2026-03-25T11:20:40","slug":"kavilda-vasallilinnus","status":"publish","type":"page","link":"https:\/\/sisu.ut.ee\/esterra\/kavilda-vasallilinnus\/","title":{"rendered":"Kavilda vasallilinnus"},"content":{"rendered":"<p><\/p>\n\n\n\n<p><strong>Kavilda vasallilinnuse<\/strong><\/p>\n\n\n\n<p>Mait Raudsepp, Heiki Valk<\/p>\n\n\n\n<p>2025. aastal j\u00e4tkati Tartu piiskopkonna keskaegsete, Liivimaa s\u00f5jas ja j\u00e4rgnenud Rootsi-Poola s\u00f5jas varemetesse j\u00e4\u00e4nud vasallilinnuste uurimist. T\u00f6\u00f6de eesm\u00e4rk oli t\u00e4psustada linnuste rajamisaega ja leida v\u00f5imaliku varasema asustuse j\u00e4lgi. Kavilda linnusevaremetes Puhja l\u00e4hedal ei ole arheoloogilisi uuringuid tehtud. Linnusest annab t\u00e4nap\u00e4eval m\u00e4rku vaid k\u00fcnklik saareke Kavilda \u00fcrgoru serval Tartu-Viljandi maantee l\u00e4hedal. Varemete maapealsed m\u00fc\u00fcriosad on t\u00e4iesti lammutatud m\u00f5isahoonete ehitusmaterjaliks. Kohalik p\u00e4rimus k\u00f5neleb t\u00e4nini muinaseestlaste linnusest ja varemetes olevatest keldritest.<\/p>\n\n\n\n<p>Linnuse\u00f5uele kaevati kevadel viis prooviauku. Neist kolm sattusid keldrisse, kus paljandus ka m\u00fc\u00fcriosi. Suuri maakive t\u00f5steti alguses v\u00e4lja k\u00e4sitsi, hiljem tuli kasutada auto puksiirik\u00f6isi. \u00dche keldri p\u00f5hjas ligi 2,1 meetri s\u00fcgavusel maapinnast oli ime\u00f5huke kultuurkiht \u2013 kelder oli kas rajatud \u00fcsna vahetult enne linnuse h\u00e4vimist v\u00f5i oli keldrip\u00f5hja \u00e4sja puhastatud.<\/p>\n\n\n\n<p>\u00d5uealale sattunud prooviaugust avastati poole meetri s\u00fcgavuselt maakividest sillutis. Selle liivapadja all olevast paari sentimeetri paksusest kultuurkihist tehtud radios\u00fcsinikuproov andis tulemuseks aastad 1419\u20131479, kuid algne mullakiht ja seda ilmselt katnud varasemad kultuurkihi ladestused olid puutumata loodusliku savi pealt kahjuks eemaldatud. Linnusekoha kaevamised annavad tunnistust ehitusmaterjali hoolsast taaskasutusest tsaariaegses m\u00f5isamajanduses. K\u00f5ik terved tellised olid varemete lammutamise k\u00e4igus rusudest v\u00e4lja korjatud.<\/p>\n\n\n\n<p>Linnuse\u00f5ue katvast ja keldreid t\u00e4itavas leiuvaeses tellise- ja katusekivide t\u00fckkidest, m\u00f6rdipurust ja maakividest rusukihis oli 16. sajandist p\u00e4rinevaid glasuuritud ahjukahlite t\u00fckke. Liivimaa s\u00f5ja (1558\u20131583) aegset keraamikat ja loomaluid. \u00dchegi \u0161urfiga ai \u00f5nnestunud leida linnuse algusaegadest p\u00e4rit kultuurkihti.<\/p>\n\n\n\n<p><\/p>\n\n\n\n<p>Keskaegse Kavilda linnuse \u00f5ue katnud sillutis. Foto: Heiki Valk.<\/p>\n\n\n\n<p>Glasuuritud ahjukahli t\u00fckid Kavildast. Foto: Heiki Valk.<\/p>\n\n\n\n<p>Suure maakivi v\u00e4ljat\u00f5stmine prooviaugust Kavilda v\u00e4lit\u00f6\u00f6del. Foto: Heiki Valk.<\/p>\n","protected":false},"excerpt":{"rendered":"<p>Kavilda vasallilinnuse Mait Raudsepp, Heiki Valk 2025. aastal j\u00e4tkati Tartu piiskopkonna keskaegsete, Liivimaa s\u00f5jas ja j\u00e4rgnenud Rootsi-Poola s\u00f5jas varemetesse j\u00e4\u00e4nud vasallilinnuste uurimist. T\u00f6\u00f6de eesm\u00e4rk oli t\u00e4psustada linnuste rajamisaega ja leida v\u00f5imaliku varasema asustuse j\u00e4lgi. Kavilda linnusevaremetes Puhja l\u00e4hedal ei ole &#8230;<\/p>\n","protected":false},"author":312,"featured_media":0,"parent":0,"menu_order":0,"comment_status":"closed","ping_status":"closed","template":"","meta":{"_acf_changed":false,"inline_featured_image":false,"footnotes":""},"class_list":["post-707","page","type-page","status-publish","hentry"],"acf":[],"_links":{"self":[{"href":"https:\/\/sisu.ut.ee\/esterra\/wp-json\/wp\/v2\/pages\/707","targetHints":{"allow":["GET"]}}],"collection":[{"href":"https:\/\/sisu.ut.ee\/esterra\/wp-json\/wp\/v2\/pages"}],"about":[{"href":"https:\/\/sisu.ut.ee\/esterra\/wp-json\/wp\/v2\/types\/page"}],"author":[{"embeddable":true,"href":"https:\/\/sisu.ut.ee\/esterra\/wp-json\/wp\/v2\/users\/312"}],"replies":[{"embeddable":true,"href":"https:\/\/sisu.ut.ee\/esterra\/wp-json\/wp\/v2\/comments?post=707"}],"version-history":[{"count":1,"href":"https:\/\/sisu.ut.ee\/esterra\/wp-json\/wp\/v2\/pages\/707\/revisions"}],"predecessor-version":[{"id":708,"href":"https:\/\/sisu.ut.ee\/esterra\/wp-json\/wp\/v2\/pages\/707\/revisions\/708"}],"wp:attachment":[{"href":"https:\/\/sisu.ut.ee\/esterra\/wp-json\/wp\/v2\/media?parent=707"}],"curies":[{"name":"wp","href":"https:\/\/api.w.org\/{rel}","templated":true}]}}