{"id":568,"date":"2025-03-06T11:53:34","date_gmt":"2025-03-06T09:53:34","guid":{"rendered":"https:\/\/sisu.ut.ee\/esterra\/?page_id=568"},"modified":"2025-03-06T11:53:34","modified_gmt":"2025-03-06T09:53:34","slug":"sa-osiliana","status":"publish","type":"page","link":"https:\/\/sisu.ut.ee\/esterra\/sa-osiliana\/","title":{"rendered":"SA Osiliana"},"content":{"rendered":"<p>Sihtasutus Osiliana loodi 2020. aastal ning seda finantseerib suuremas ulatuses ettev\u00f5tja Kristjan Rahu. Osiliana on uurimiskeskus, mis tegeleb Saaremaa varasema ajalooga, eriti arheoloogiaga. Konkreetsemalt on viimaste aastate uurimist\u00f6\u00f6 keskendunud perioodile alates viikingiajast kuni 14. sajandini. Sihtasutus on lepinguliselt seotud Tallinna \u00fclikooliga ning osa rahastusest tuleb hetkel l\u00e4bi riiklike projektide. SA Osiliana on ka projekti ESTERRA lepingupartner.<\/p>\n\n\n\n<p>SA Osilianas v\u00f5i sellega seotud projektides t\u00f6\u00f6tab hetkel viis inimest, enamus osalise koormusega. Alates 2020. aastast on viidud l\u00e4bi rohkesti v\u00e4lit\u00f6id, sealhulgas suuremahulised kaevamised Valjala ja P\u00f6ide maalinnadel. Tehakse tihedat koost\u00f6\u00f6d TL\u00dc ja T\u00dc geoloogide ja geneetikutega.\u00a0<\/p>\n\n\n\n<p>Osiliana haldab Saaremaa vanema ajaloo infokeskust <a href=\"http:\/\/www.osiliana.eu\">www.osiliana.eu<\/a> ning arendab Saaremaa arheoloogiliste leidude andmebaasi AAS (Archaeological Artefacts of Saaremaa; https:\/\/osiliana.eu\/andmebaas\/?_sfm_artefacts_additional_fields_dating_century_from=0+14) . Koost\u00f6\u00f6s MT\u00dc Video\u00f5ps\u2019iga valmisid 2024. aastal seitse minidokumentaali Saaremaa varasemast ajaloost, tegemisel on mitmete muististe audiogiidid ja uued infotahvlid.<\/p>\n\n\n\n<p>The Foundation Osiliana was established in 2020 and is predominantly funded by entrepreneur Kristjan Rahu. Osiliana is a research centre dealing with Saaremaa\u2019s early history, especially archaeology. The recent focus of research is on the period from the Viking Age to the 14th century. The Foundation is contractually linked to Tallinn University and part of its funding currently comes through state-financed projects. Foundation Osiliana is also a contract partner of the ESTERRA project.<\/p>\n\n\n\n<p>There are currently five people working in Foundation Osiliana or related projects, most of them part-time. Since 2020, a significant amount of fieldwork has been carried out, including large-scale excavations at the hill-forts of Valjala and P\u00f6ide. Close cooperation is established with geologists and geneticists from Tallinn and Tartu universities.Osiliana has created the Information Centre of Saaremaa\u2019s Early History (<a href=\"http:\/\/www.osiliana.eu\">www.osiliana.eu<\/a> ) and currently develops the electronic free-access database AAS (Archaeological Artefacts of Saaremaa; <a href=\"https:\/\/osiliana.eu\/en\/database\/?_sfm_artefacts_additional_fields_dating_century_from=0+14\">https:\/\/osiliana.eu\/en\/database\/?_sfm_artefacts_additional_fields_dating_century_from=0+14<\/a>). In 2024, seven mini-documentaries on Saaremaa\u2019s earlier history were produced in cooperation with MT\u00dc Video\u00f5ps. The construction of audio guides and new information boards for several archaeological monuments is in progress.<\/p>\n\n\n\n<figure class=\"wp-block-image aligncenter size-large is-resized\"><img loading=\"lazy\" decoding=\"async\" width=\"1024\" height=\"239\" src=\"https:\/\/sisu.ut.ee\/wp-content\/uploads\/sites\/625\/osiliana-logo-ob-1024x239.png\" alt=\"\" class=\"wp-image-569\" style=\"width:433px;height:auto\" srcset=\"https:\/\/sisu.ut.ee\/wp-content\/uploads\/sites\/625\/osiliana-logo-ob-1024x239.png 1024w, https:\/\/sisu.ut.ee\/wp-content\/uploads\/sites\/625\/osiliana-logo-ob-300x70.png 300w, https:\/\/sisu.ut.ee\/wp-content\/uploads\/sites\/625\/osiliana-logo-ob-768x179.png 768w, https:\/\/sisu.ut.ee\/wp-content\/uploads\/sites\/625\/osiliana-logo-ob-1536x359.png 1536w, https:\/\/sisu.ut.ee\/wp-content\/uploads\/sites\/625\/osiliana-logo-ob.png 1597w\" sizes=\"auto, (max-width: 1024px) 100vw, 1024px\"><\/figure>\n","protected":false},"excerpt":{"rendered":"<p>Sihtasutus Osiliana loodi 2020. aastal ning seda finantseerib suuremas ulatuses ettev\u00f5tja Kristjan Rahu. Osiliana on uurimiskeskus, mis tegeleb Saaremaa varasema ajalooga, eriti arheoloogiaga. Konkreetsemalt on viimaste aastate uurimist\u00f6\u00f6 keskendunud perioodile alates viikingiajast kuni 14. sajandini. Sihtasutus on lepinguliselt seotud Tallinna &#8230;<\/p>\n","protected":false},"author":798,"featured_media":0,"parent":0,"menu_order":0,"comment_status":"closed","ping_status":"closed","template":"","meta":{"_acf_changed":false,"inline_featured_image":false,"footnotes":""},"class_list":["post-568","page","type-page","status-publish","hentry"],"acf":[],"_links":{"self":[{"href":"https:\/\/sisu.ut.ee\/esterra\/wp-json\/wp\/v2\/pages\/568","targetHints":{"allow":["GET"]}}],"collection":[{"href":"https:\/\/sisu.ut.ee\/esterra\/wp-json\/wp\/v2\/pages"}],"about":[{"href":"https:\/\/sisu.ut.ee\/esterra\/wp-json\/wp\/v2\/types\/page"}],"author":[{"embeddable":true,"href":"https:\/\/sisu.ut.ee\/esterra\/wp-json\/wp\/v2\/users\/798"}],"replies":[{"embeddable":true,"href":"https:\/\/sisu.ut.ee\/esterra\/wp-json\/wp\/v2\/comments?post=568"}],"version-history":[{"count":1,"href":"https:\/\/sisu.ut.ee\/esterra\/wp-json\/wp\/v2\/pages\/568\/revisions"}],"predecessor-version":[{"id":570,"href":"https:\/\/sisu.ut.ee\/esterra\/wp-json\/wp\/v2\/pages\/568\/revisions\/570"}],"wp:attachment":[{"href":"https:\/\/sisu.ut.ee\/esterra\/wp-json\/wp\/v2\/media?parent=568"}],"curies":[{"name":"wp","href":"https:\/\/api.w.org\/{rel}","templated":true}]}}