{"id":516,"date":"2025-03-05T14:21:06","date_gmt":"2025-03-05T12:21:06","guid":{"rendered":"https:\/\/sisu.ut.ee\/esterra\/?page_id=516"},"modified":"2025-03-05T14:38:16","modified_gmt":"2025-03-05T12:38:16","slug":"eesti-kunsti-ajalugu-1-1100-1520","status":"publish","type":"page","link":"https:\/\/sisu.ut.ee\/esterra\/eesti-kunsti-ajalugu-1-1100-1520\/","title":{"rendered":"Eesti kunsti ajalugu 1, 1100-1520"},"content":{"rendered":"<ul class=\"wp-block-list\">\n<li>K. Markus. Sissejuhatus I k\u00f6itele. <a href=\"https:\/\/sisu.ut.ee\/wp-content\/uploads\/sites\/625\/Eesti-kunsti-ajalugu-1-Sissejuhatus-14-18.pdf\">PDF<\/a><\/li>\n\n\n\n<li>K. Markus. Kristluse levikust Eestis visuaalsete allikate valguses. <a href=\"https:\/\/sisu.ut.ee\/wp-content\/uploads\/sites\/625\/Eesti-kunsti-ajalugu-1-Kristluse-levikust-Eestis-08.09.24-pdf.pdf\">PDF<\/a><\/li>\n\n\n\n<li>M. M\u00e4gi. Hilismuinasaegsed kultuurisf\u00e4\u00e4rid. <a href=\"https:\/\/sisu.ut.ee\/wp-content\/uploads\/sites\/625\/Eesti-kunsti-ajalugu-1-Hilismuinasaegsedr-kultuurisfaarid-sisu_lk1-544-21-22.pdf\">PDF<\/a><\/li>\n\n\n\n<li>M. M\u00e4gi. Muinasaja l\u00f5pu kultuurmaastik ja ehitised. <a href=\"https:\/\/sisu.ut.ee\/wp-content\/uploads\/sites\/625\/Eesti-kunsti-ajalugu-1-Muinsaja-lopu-kultuurmaastik-ja-ehitised_lk1-544-39-44.pdf\">PDF<\/a><\/li>\n\n\n\n<li>H. Valk. Keskaegne kultuurimaastik ja k\u00fcla. <a href=\"https:\/\/sisu.ut.ee\/wp-content\/uploads\/sites\/625\/Eesti-kunsti-ajalugu-1-Keskaegne-kultuurmaastik-ja-kula_lk1-544-50-541.pdf\">PDF<\/a><\/li>\n\n\n\n<li>H. Valk. Sakraalsus maaruumis. <a href=\"https:\/\/sisu.ut.ee\/wp-content\/uploads\/sites\/625\/Eesti-kunsti-ajalugu-1-sakraalsus-maaruumis_lk1-544-55-621.pdf\">PDF<\/a><\/li>\n\n\n\n<li>R. Rammo. Muinasaja l\u00f5pu r\u00f5ivad. <a href=\"https:\/\/sisu.ut.ee\/wp-content\/uploads\/sites\/625\/Eesti-kunsti-ajalugu-1-Muinasaja-lopu-roivad-lk1-544-68-701.pdf\">PDF<\/a><\/li>\n\n\n\n<li>H. Valk. Eesti k\u00fclarahva keskaegsed ehted. <a href=\"https:\/\/sisu.ut.ee\/wp-content\/uploads\/sites\/625\/Eesti-kunsti-ajalugu-1-Eesti-kularahva-ehted_lk1-544-70-78-1.pdf\">PDF<\/a><\/li>\n\n\n\n<li>R. Rammo. Eestlaste keskaegsed r\u00f5ivad. <a href=\"https:\/\/sisu.ut.ee\/wp-content\/uploads\/sites\/625\/Eesti-kunsti-ajalugu-1-Eestlaste-keskaegsed-roivad-lk1-544-78-811.pdf\">PDF<\/a><\/li>\n\n\n\n<li>H. Valk. Ida-Eesti mitte-eestlaste ehted ja r\u00f5ivad. <a href=\"https:\/\/sisu.ut.ee\/wp-content\/uploads\/sites\/625\/Eesti-kunsti-ajalugu-1-Ida-Eesti-mitte-eestlased-sisu_lk1-544-81-82-11.pdf\">PDF<\/a><\/li>\n\n\n\n<li>H. Valk. Ehted, r\u00f5ivad ja kultuur: laiem vaade ja kontekst. <a href=\"https:\/\/sisu.ut.ee\/wp-content\/uploads\/sites\/625\/Eesti-kunsti-ajalugu-1-Ehted-roivad-kultuur-sisu_lk1-544-83-841.pdf\">PDF<\/a><\/li>\n\n\n\n<li>M. M\u00e4gi. Muinasaja l\u00f5pu linnused. <a href=\"https:\/\/sisu.ut.ee\/wp-content\/uploads\/sites\/625\/Eesti-kunsti-ajalugu-1-Muinasaja-lopu-linnused-isu_lk1-544-87-99.pdf\">PDF<\/a><\/li>\n\n\n\n<li>K. Markus. Varaseimad m\u00f5isad. <a href=\"https:\/\/sisu.ut.ee\/wp-content\/uploads\/sites\/625\/Eesti-kunsti-ajalugu-1-Varaseimad-moisad-sisu_lk1-544-126-128.pdf\">PDF<\/a><\/li>\n\n\n\n<li>K. Markus. Muinasaegsed kirikud? <a href=\"https:\/\/sisu.ut.ee\/wp-content\/uploads\/sites\/625\/Eesti-kunsti-ajalugu-1-Muinasaegsed-kirikud-sisu_lk1-544-232-233.pdf\">PDF<\/a><\/li>\n<\/ul>\n","protected":false},"excerpt":{"rendered":"","protected":false},"author":798,"featured_media":0,"parent":0,"menu_order":0,"comment_status":"closed","ping_status":"closed","template":"","meta":{"_acf_changed":false,"inline_featured_image":false,"footnotes":""},"class_list":["post-516","page","type-page","status-publish","hentry"],"acf":[],"_links":{"self":[{"href":"https:\/\/sisu.ut.ee\/esterra\/wp-json\/wp\/v2\/pages\/516","targetHints":{"allow":["GET"]}}],"collection":[{"href":"https:\/\/sisu.ut.ee\/esterra\/wp-json\/wp\/v2\/pages"}],"about":[{"href":"https:\/\/sisu.ut.ee\/esterra\/wp-json\/wp\/v2\/types\/page"}],"author":[{"embeddable":true,"href":"https:\/\/sisu.ut.ee\/esterra\/wp-json\/wp\/v2\/users\/798"}],"replies":[{"embeddable":true,"href":"https:\/\/sisu.ut.ee\/esterra\/wp-json\/wp\/v2\/comments?post=516"}],"version-history":[{"count":3,"href":"https:\/\/sisu.ut.ee\/esterra\/wp-json\/wp\/v2\/pages\/516\/revisions"}],"predecessor-version":[{"id":553,"href":"https:\/\/sisu.ut.ee\/esterra\/wp-json\/wp\/v2\/pages\/516\/revisions\/553"}],"wp:attachment":[{"href":"https:\/\/sisu.ut.ee\/esterra\/wp-json\/wp\/v2\/media?parent=516"}],"curies":[{"name":"wp","href":"https:\/\/api.w.org\/{rel}","templated":true}]}}