{"id":436,"date":"2025-03-03T15:35:01","date_gmt":"2025-03-03T13:35:01","guid":{"rendered":"https:\/\/sisu.ut.ee\/esterra\/?page_id=436"},"modified":"2026-03-25T13:43:21","modified_gmt":"2026-03-25T11:43:21","slug":"omaette-probleemartiklid","status":"publish","type":"page","link":"https:\/\/sisu.ut.ee\/esterra\/omaette-probleemartiklid\/","title":{"rendered":"Omaette probleemartiklid"},"content":{"rendered":"<p><\/p>\n\n\n\n<p><strong>Heiki Valk:<\/strong><\/p>\n\n\n\n<p>H. Valk 2024. Eesti muinasusundid \u2013 retk usu- ja ajalooradadel. Usuteaduslik Ajakiri, 85 (1): 111\u2013124. <strong><a href=\"https:\/\/sisu.ut.ee\/wp-content\/uploads\/sites\/625\/Eesti-muinasusundid.-Retk-usu-ja-ajalooradaded_Valk.pdf\">PDF<\/a><\/strong><\/p>\n\n\n\n<p><strong>Martin Malve:<\/strong><\/p>\n\n\n\n<p>M. Malve 2023. First glimpse of infectious diseases in medieval and early modern Estonia based on human osteological material. Estonian Journal of Archaeology, 2023, 27, 3S, 165\u2013184. <strong><a href=\"https:\/\/sisu.ut.ee\/wp-content\/uploads\/sites\/625\/Infectious-diseases-Malve-EJA-2023-3S-165-184_202311251408422.pdf\">PDF<\/a><\/strong><\/p>\n\n\n\n<p>M. Malve, \u00dc. Aguraiuja-L\u00e4tti, G. M\u00fcldner &amp; A. Pluskowski 2023. High clergy feasts and suburban suppers: Diet and social status in Medieval and Early Modern Tartu, Estonia. Journal of Archaeological Science: Reports 52 (2023). <strong><a href=\"https:\/\/sisu.ut.ee\/wp-content\/uploads\/sites\/625\/Malve-2023-High-clergy-feasts-and-suburban-suppers.-Diet-and-social-status-in-Medieval-and-Early-Modern-Tartu-Estonia.JAS_.pdf\">PDF<\/a><\/strong><\/p>\n\n\n\n<p>A. Morrone, M. T\u00f5rv, D. Piombino-Mascali, T. Saupe, H. Sepp, H. Valk, M. Malve &amp; E. Oras 2023. Children of the grave: Investigating non-adult feeding practices in medieval and early modernEstonia through stable isotope analysis. PloS ONE 18(1). <strong><a href=\"https:\/\/sisu.ut.ee\/wp-content\/uploads\/sites\/625\/Children-of-the-grave-Jakobi-25-TartuMorrone-et-al-journal.pone_.0279546.pdf\">PDF<\/a><\/strong><\/p>\n\n\n\n<p>K. Tambets &amp; M. Malve R\u00e4nnetest Tartu ajaloos keskaegse rahvastiku n\u00e4itel: kahe linlase elukaare uuringud. Linnamuuseumi aastaraamat 2023, 101-112. <strong><a href=\"https:\/\/sisu.ut.ee\/wp-content\/uploads\/sites\/625\/Tambets-Malve-Linnamuuseumi-aastaraamat-2023_ver1-101-112-1.pdf\">PDF<\/a><\/strong><\/p>\n\n\n\n<p><strong>Mihkel M\u00e4esalu<\/strong>:<\/p>\n\n\n\n<p>M. M\u00e4esalu 2024. Muinaslinnusest piiskopilinnaks:\u00a0 Tartu 13. sajandi I veerandil. Tuna 4 (2024). <strong><a href=\"https:\/\/sisu.ut.ee\/wp-content\/uploads\/sites\/625\/Tartu.-Muinaslinnusest-piiskopilinnaks-TUNA_4_Maesalu.pdf\">PDF<\/a><\/strong><\/p>\n\n\n\n<p><strong>Marika M\u00e4gi:<\/strong><\/p>\n\n\n\n<p>M. M\u00e4gi 2024. Kunagise religiooni peegeldused maap\u00f5ues. Usuteaduslik Ajakiri, 85 (1): 103\u2013110. <strong><a href=\"https:\/\/sisu.ut.ee\/wp-content\/uploads\/sites\/625\/Magi-2024-Religiooni-peegeldused-maapoues-Usuteaduslik-ajakiri.pdf\">PDF<\/a><\/strong><\/p>\n\n\n\n<p>M. M\u00e4gi 2025. Porst for whom? Harbors in the early thirteenth-century eastern Baltic. Journal of Baltic Studies, 56. <strong><a href=\"https:\/\/sisu.ut.ee\/wp-content\/uploads\/sites\/625\/Magi-2024-Journal-of-Baltic-Studies.pdf\">PDF<\/a><\/strong><\/p>\n\n\n\n<p><strong>Kristjan Oad:<\/strong><\/p>\n\n\n\n<p>K. Oad 2023. Lodede suguv\u00f5sa algusest Eestimaal. Ajalooline Ajakiri, 2023, 2 (184), 89\u2013125. <strong><a href=\"https:\/\/sisu.ut.ee\/wp-content\/uploads\/sites\/625\/Lodede-suguvosa-algusest-Oad.pdf\">PDF<\/a><\/strong><\/p>\n\n\n\n<p><strong>Ragnar Saage:<\/strong><\/p>\n\n\n\n<p>R. Saage, M. M\u00e4esalu &amp; K. Oks 2025. Iron production and trade in Estonia from the 11th to 16th century. <strong>[ilmumas]<\/strong><\/p>\n\n\n\n<p><strong>Kristo Siig:<\/strong><\/p>\n\n\n\n<p>K. Siig 2024. Varbola: on the function of an 11th to 14thcentury stronghold in northwestern Estonia based on location analysis and written sources. Estonian Journal of Archaeology, 2024, 28, 2, 120\u2013167. <strong><a href=\"https:\/\/sisu.ut.ee\/wp-content\/uploads\/sites\/625\/Varbola-11.-14.-saj-linnus-Siig-arch-2-2024-120-167_20241119120537.pdf\">PDF<\/a><\/strong><\/p>\n\n\n\n<p><strong>Andres Tvauri:<\/strong><\/p>\n\n\n\n<p>A. Tvauri 2024. Christian message of Estonian sheet pendants from the 10th to the\u00a0 17th century. Estonian Journal of Archaeology, 2024, 28, 2, 92\u2013119. <strong><a href=\"https:\/\/sisu.ut.ee\/wp-content\/uploads\/sites\/625\/Tvauri-arch-2-2024-92-119.pdf\">PDF<\/a><\/strong><\/p>\n\n\n\n<p>A. Tvauri 2025. Estonian sheet pendants from the 11th to the 13th century:\u00a0 chronological aspects. Estonian Journal of Archaeology, 2025, 29, 1, 3\u201333. <strong><a href=\"https:\/\/sisu.ut.ee\/wp-content\/uploads\/sites\/625\/Sheet-pendants-11-13-cc.-arch-1-2025.pdf\">PDF<\/a><\/strong><\/p>\n","protected":false},"excerpt":{"rendered":"<p>Heiki Valk: H. Valk 2024. Eesti muinasusundid \u2013 retk usu- ja ajalooradadel. Usuteaduslik Ajakiri, 85 (1): 111\u2013124. PDF Martin Malve: M. Malve 2023. First glimpse of infectious diseases in medieval and early modern Estonia based on human osteological material. Estonian &#8230;<\/p>\n","protected":false},"author":798,"featured_media":0,"parent":0,"menu_order":0,"comment_status":"closed","ping_status":"closed","template":"","meta":{"_acf_changed":false,"inline_featured_image":false,"footnotes":""},"class_list":["post-436","page","type-page","status-publish","hentry"],"acf":[],"_links":{"self":[{"href":"https:\/\/sisu.ut.ee\/esterra\/wp-json\/wp\/v2\/pages\/436","targetHints":{"allow":["GET"]}}],"collection":[{"href":"https:\/\/sisu.ut.ee\/esterra\/wp-json\/wp\/v2\/pages"}],"about":[{"href":"https:\/\/sisu.ut.ee\/esterra\/wp-json\/wp\/v2\/types\/page"}],"author":[{"embeddable":true,"href":"https:\/\/sisu.ut.ee\/esterra\/wp-json\/wp\/v2\/users\/798"}],"replies":[{"embeddable":true,"href":"https:\/\/sisu.ut.ee\/esterra\/wp-json\/wp\/v2\/comments?post=436"}],"version-history":[{"count":5,"href":"https:\/\/sisu.ut.ee\/esterra\/wp-json\/wp\/v2\/pages\/436\/revisions"}],"predecessor-version":[{"id":808,"href":"https:\/\/sisu.ut.ee\/esterra\/wp-json\/wp\/v2\/pages\/436\/revisions\/808"}],"wp:attachment":[{"href":"https:\/\/sisu.ut.ee\/esterra\/wp-json\/wp\/v2\/media?parent=436"}],"curies":[{"name":"wp","href":"https:\/\/api.w.org\/{rel}","templated":true}]}}