{"id":432,"date":"2025-03-03T15:34:01","date_gmt":"2025-03-03T13:34:01","guid":{"rendered":"https:\/\/sisu.ut.ee\/esterra\/?page_id=432"},"modified":"2026-03-25T12:19:02","modified_gmt":"2026-03-25T10:19:02","slug":"raamatud","status":"publish","type":"page","link":"https:\/\/sisu.ut.ee\/esterra\/raamatud\/","title":{"rendered":"Raamatud"},"content":{"rendered":"<section class=\"page-cards-block page-section page-section--wide\">\n    <h2 class=\"visually-hidden\">Lehed<\/h2>\n    <div class=\"container-fluid g-0\">\n      <div class=\"row g-0\">\n                  <div class=\"col-md-6\">\n            <div class=\"page-card d-flex justify-content-center align-items-end w-100 position-relative\" style=\"background-image: url(https:\/\/sisu.ut.ee\/wp-content\/uploads\/sites\/625\/Jaanikivi-raamatu-kaas.png);\">\n  <div class=\"page-card__content text-center w-100 p-2 p-lg-4\">\n          <h3 class=\"h4 text-white mb-2\">Miikse Jaanikivi ja Jaanip\u00e4ev<\/h3>\n        <a href=\"https:\/\/sisu.ut.ee\/esterra\/miikse-jaanikivi-ja-jaanipaev\/\" class=\"btn btn-outline-light btn-icon\" target=\"_self\">Miikse Jaanikivi ja jaanip\u00e4ev<\/a>\n  <\/div>\n<\/div>\n          <\/div>\n                  <div class=\"col-md-6\">\n            <div class=\"page-card d-flex justify-content-center align-items-end w-100 position-relative\" style=\"background-image: url(https:\/\/sisu.ut.ee\/wp-content\/uploads\/sites\/625\/oma-v6i-v66ras-1-715x1024.jpg);\">\n  <div class=\"page-card__content text-center w-100 p-2 p-lg-4\">\n          <h3 class=\"h4 text-white mb-2\">Oma v\u00f5i v\u00f5\u00f5ras? Artikleid Eesti ajaloost 13. sajandil<\/h3>\n        <a href=\"https:\/\/sisu.ut.ee\/esterra\/oma-voi-vooras\/\" class=\"btn btn-outline-light btn-icon\" target=\"_self\">Oma v\u00f5i v\u00f5\u00f5ras? Artikleid Eesti ajaloost 13. sajandil<\/a>\n  <\/div>\n<\/div>\n          <\/div>\n              <\/div>\n    <\/div>\n  <\/section>\n","protected":false},"excerpt":{"rendered":"","protected":false},"author":798,"featured_media":0,"parent":0,"menu_order":0,"comment_status":"closed","ping_status":"closed","template":"","meta":{"_acf_changed":false,"inline_featured_image":false,"footnotes":""},"class_list":["post-432","page","type-page","status-publish","hentry"],"acf":[],"_links":{"self":[{"href":"https:\/\/sisu.ut.ee\/esterra\/wp-json\/wp\/v2\/pages\/432","targetHints":{"allow":["GET"]}}],"collection":[{"href":"https:\/\/sisu.ut.ee\/esterra\/wp-json\/wp\/v2\/pages"}],"about":[{"href":"https:\/\/sisu.ut.ee\/esterra\/wp-json\/wp\/v2\/types\/page"}],"author":[{"embeddable":true,"href":"https:\/\/sisu.ut.ee\/esterra\/wp-json\/wp\/v2\/users\/798"}],"replies":[{"embeddable":true,"href":"https:\/\/sisu.ut.ee\/esterra\/wp-json\/wp\/v2\/comments?post=432"}],"version-history":[{"count":7,"href":"https:\/\/sisu.ut.ee\/esterra\/wp-json\/wp\/v2\/pages\/432\/revisions"}],"predecessor-version":[{"id":783,"href":"https:\/\/sisu.ut.ee\/esterra\/wp-json\/wp\/v2\/pages\/432\/revisions\/783"}],"wp:attachment":[{"href":"https:\/\/sisu.ut.ee\/esterra\/wp-json\/wp\/v2\/media?parent=432"}],"curies":[{"name":"wp","href":"https:\/\/api.w.org\/{rel}","templated":true}]}}