{"id":411,"date":"2025-02-28T18:44:23","date_gmt":"2025-02-28T16:44:23","guid":{"rendered":"https:\/\/sisu.ut.ee\/esterra\/?page_id=411"},"modified":"2025-03-07T13:43:11","modified_gmt":"2025-03-07T11:43:11","slug":"poide-kahutsi-maalinn","status":"publish","type":"page","link":"https:\/\/sisu.ut.ee\/esterra\/poide-kahutsi-maalinn\/","title":{"rendered":"P\u00f6ide (Kahutsi) maalinn"},"content":{"rendered":"<p><\/p>\n\n\n\n<p>2024. aastal algasid P\u00f6ide maalinnas kaevamised, mida viib l\u00e4bi SA Osiliana ja Tallinna \u00fclikool koost\u00f6\u00f6s ESTERRA projektiga. Avati kaks kaevandit linnuse \u00f5ue keskosas. Saadud leiumaterjal on 12.-14. sajandist ja 7.-9. sajandist.  Erilist t\u00e4helepanu v\u00e4\u00e4rivad leitud stilused \u2013 vahatahvlile kirjutamiseks kasutatud pulgakesed.  Need leiud viitavad sellele, et kirjalikes allikates mainitud P\u00f6ide 14. sajandi kool v\u00f5is asuda vanas maalinnas. Loe l\u00e4hemalt <a href=\"https:\/\/osiliana.eu\/uudised\/\">https:\/\/osiliana.eu\/uudised\/<\/a>. Samast leiti ka v\u00f5ib-olla k\u00f6idet kaunistanud naaste ja raamatusulguri katke. See arvatavasti vanim raamatuj\u00e4\u00e4nuste leid Eesti maaruumist on v\u00e4\u00e4rikas algus Eesti raamatuaastale.<\/p>\n\n\n\n<p>In 2024, excavations started at P\u00f6ide hill-fort in Saaremaa, carried out by Osiliana SA and Tallinn University in cooperation with the ESTERRA project. Two trenches were opened in the central part of the castle courtyard. The finds date back to the 12th-14th centuries and the 7th-9th centuries. Read more at <a href=\"https:\/\/osiliana.eu\/uudised\/\">https:\/\/osiliana.eu\/uudised\/<\/a>.<\/p>\n\n\n\n<figure class=\"wp-block-image size-large\"><img loading=\"lazy\" decoding=\"async\" width=\"1024\" height=\"765\" src=\"https:\/\/sisu.ut.ee\/wp-content\/uploads\/sites\/625\/Poide-1024x765.png\" alt=\"\" class=\"wp-image-501\" srcset=\"https:\/\/sisu.ut.ee\/wp-content\/uploads\/sites\/625\/Poide-1024x765.png 1024w, https:\/\/sisu.ut.ee\/wp-content\/uploads\/sites\/625\/Poide-300x224.png 300w, https:\/\/sisu.ut.ee\/wp-content\/uploads\/sites\/625\/Poide-768x574.png 768w, https:\/\/sisu.ut.ee\/wp-content\/uploads\/sites\/625\/Poide.png 1454w\" sizes=\"auto, (max-width: 1024px) 100vw, 1024px\"><\/figure>\n\n\n\n<p>Kaevand P\u00f6ide maalinna \u00f5uel. Selles on n\u00e4ha suuremale hoonele viitavat kividest ja kruusast alusladet. Foto SA Osiliana.<\/p>\n\n\n\n<figure class=\"wp-block-image size-large\"><img loading=\"lazy\" decoding=\"async\" width=\"1024\" height=\"486\" src=\"https:\/\/sisu.ut.ee\/wp-content\/uploads\/sites\/625\/Poide-stilused-1024x486.png\" alt=\"\" class=\"wp-image-502\" srcset=\"https:\/\/sisu.ut.ee\/wp-content\/uploads\/sites\/625\/Poide-stilused-1024x486.png 1024w, https:\/\/sisu.ut.ee\/wp-content\/uploads\/sites\/625\/Poide-stilused-300x142.png 300w, https:\/\/sisu.ut.ee\/wp-content\/uploads\/sites\/625\/Poide-stilused-768x365.png 768w, https:\/\/sisu.ut.ee\/wp-content\/uploads\/sites\/625\/Poide-stilused-1536x730.png 1536w, https:\/\/sisu.ut.ee\/wp-content\/uploads\/sites\/625\/Poide-stilused-1920x912.png 1920w, https:\/\/sisu.ut.ee\/wp-content\/uploads\/sites\/625\/Poide-stilused.png 2038w\" sizes=\"auto, (max-width: 1024px) 100vw, 1024px\"><\/figure>\n\n\n\n<p>Stilused P\u00f6ide linnuselt. Stiluseid kasutati kirjutamiseks vahatahvlitele, ka kirjutama \u00f5ppimisel.  Foto SA Osiliana<\/p>\n\n\n\n<figure class=\"wp-block-image size-large\"><img loading=\"lazy\" decoding=\"async\" width=\"1024\" height=\"711\" src=\"https:\/\/sisu.ut.ee\/wp-content\/uploads\/sites\/625\/Poide-naastud-1024x711.png\" alt=\"\" class=\"wp-image-504\" srcset=\"https:\/\/sisu.ut.ee\/wp-content\/uploads\/sites\/625\/Poide-naastud-1024x711.png 1024w, https:\/\/sisu.ut.ee\/wp-content\/uploads\/sites\/625\/Poide-naastud-300x208.png 300w, https:\/\/sisu.ut.ee\/wp-content\/uploads\/sites\/625\/Poide-naastud-768x533.png 768w, https:\/\/sisu.ut.ee\/wp-content\/uploads\/sites\/625\/Poide-naastud.png 1408w\" sizes=\"auto, (max-width: 1024px) 100vw, 1024px\"><\/figure>\n\n\n\n<p>.Naastud ja oletatav raamatusulguri t\u00fckk P\u00f6ide maalinnast. Foto SA Osiliana<\/p>\n","protected":false},"excerpt":{"rendered":"<p>2024. aastal algasid P\u00f6ide maalinnas kaevamised, mida viib l\u00e4bi SA Osiliana ja Tallinna \u00fclikool koost\u00f6\u00f6s ESTERRA projektiga. Avati kaks kaevandit linnuse \u00f5ue keskosas. Saadud leiumaterjal on 12.-14. sajandist ja 7.-9. sajandist. Erilist t\u00e4helepanu v\u00e4\u00e4rivad leitud stilused \u2013 vahatahvlile kirjutamiseks kasutatud &#8230;<\/p>\n","protected":false},"author":798,"featured_media":0,"parent":0,"menu_order":0,"comment_status":"closed","ping_status":"closed","template":"","meta":{"_acf_changed":false,"inline_featured_image":false,"footnotes":""},"class_list":["post-411","page","type-page","status-publish","hentry"],"acf":[],"_links":{"self":[{"href":"https:\/\/sisu.ut.ee\/esterra\/wp-json\/wp\/v2\/pages\/411","targetHints":{"allow":["GET"]}}],"collection":[{"href":"https:\/\/sisu.ut.ee\/esterra\/wp-json\/wp\/v2\/pages"}],"about":[{"href":"https:\/\/sisu.ut.ee\/esterra\/wp-json\/wp\/v2\/types\/page"}],"author":[{"embeddable":true,"href":"https:\/\/sisu.ut.ee\/esterra\/wp-json\/wp\/v2\/users\/798"}],"replies":[{"embeddable":true,"href":"https:\/\/sisu.ut.ee\/esterra\/wp-json\/wp\/v2\/comments?post=411"}],"version-history":[{"count":5,"href":"https:\/\/sisu.ut.ee\/esterra\/wp-json\/wp\/v2\/pages\/411\/revisions"}],"predecessor-version":[{"id":595,"href":"https:\/\/sisu.ut.ee\/esterra\/wp-json\/wp\/v2\/pages\/411\/revisions\/595"}],"wp:attachment":[{"href":"https:\/\/sisu.ut.ee\/esterra\/wp-json\/wp\/v2\/media?parent=411"}],"curies":[{"name":"wp","href":"https:\/\/api.w.org\/{rel}","templated":true}]}}