{"id":278,"date":"2025-02-28T15:53:54","date_gmt":"2025-02-28T13:53:54","guid":{"rendered":"https:\/\/sisu.ut.ee\/esterra\/?page_id=278"},"modified":"2026-03-25T13:02:52","modified_gmt":"2026-03-25T11:02:52","slug":"konverentsid","status":"publish","type":"page","link":"https:\/\/sisu.ut.ee\/esterra\/konverentsid\/","title":{"rendered":"S\u00fcndmused"},"content":{"rendered":"<section class=\"page-cards-block page-section page-section--wide\">\n    <h2 class=\"visually-hidden\">Lehed<\/h2>\n    <div class=\"container-fluid g-0\">\n      <div class=\"row g-0\">\n                  <div class=\"col-md-4\">\n            <div class=\"page-card d-flex justify-content-center align-items-end w-100 position-relative\" style=\"background-image: url(https:\/\/sisu.ut.ee\/wp-content\/uploads\/sites\/625\/Konveka-pilt-1-1024x663.jpg);\">\n  <div class=\"page-card__content text-center w-100 p-2 p-lg-4\">\n          <h3 class=\"h4 text-white mb-2\">Rahvusvaheline konverents \u201eL\u00e4\u00e4nemeremaad 12.\u201314. sajandil: kohalikud \u00fchiskonnad, kultuurid ja traditsioonid muutuste ajastul\u201c<\/h3>\n        <a href=\"https:\/\/sisu.ut.ee\/esterra\/rahvusvaheline-konverents-laanemeremaad-12-14-sajandil-kohalikud-uhiskonnad-kultuurid-ja-traditsioonid-muutuste-ajastul\/\" class=\"btn btn-outline-light btn-icon\" target=\"_self\">Rahvusvaheline konverents \u201eL\u00e4\u00e4nemeremaad 12.\u201314. sajandil: kohalikud \u00fchiskonnad, kultuurid ja traditsioonid muutuste ajastul\u201c<\/a>\n  <\/div>\n<\/div>\n          <\/div>\n                  <div class=\"col-md-4\">\n            <div class=\"page-card d-flex justify-content-center align-items-end w-100 position-relative\" style=\"background-image: url(https:\/\/sisu.ut.ee\/wp-content\/uploads\/sites\/625\/cropped-Esterra-log-varvi-.png);\">\n  <div class=\"page-card__content text-center w-100 p-2 p-lg-4\">\n          <h3 class=\"h4 text-white mb-2\">Ajalookonverents \u201cEesti 1200: oma v\u00f5i v\u00f5\u00f5ras\u201d Eesti Ajaloomuuseumis 4.-5. novembril 2023<\/h3>\n        <a href=\"https:\/\/sisu.ut.ee\/esterra\/jooksvad-tegemised-0\/\" class=\"btn btn-outline-light btn-icon\" target=\"_self\">Ajalookonverents \u201cEesti 1100-1400: aegade muutumises\u201d Viljandi muuseumis 14. veebruaril 2025<\/a>\n  <\/div>\n<\/div>\n          <\/div>\n                  <div class=\"col-md-4\">\n            <div class=\"page-card d-flex justify-content-center align-items-end w-100 position-relative\" style=\"background-image: url(https:\/\/sisu.ut.ee\/wp-content\/uploads\/sites\/625\/Esterra-log-varvi-1-1.png);\">\n  <div class=\"page-card__content text-center w-100 p-2 p-lg-4\">\n          <h3 class=\"h4 text-white mb-2\">Ajalookonverents \u201cEesti 1100-1400: aegade muutumises\u201d Viljandi muuseumis 14. veebruaril 2025<\/h3>\n        <a href=\"https:\/\/sisu.ut.ee\/esterra\/ajalookonverents-eesti-1100-1400-aegade-muutumises-viljandi-muuseumis-14-veebruaril-2025\/\" class=\"btn btn-outline-light btn-icon\" target=\"_self\">Ajalookonverents \u201cEesti 1100-1400: aegade muutumises\u201d Viljandi muuseumis 14. veebruaril 2025<\/a>\n  <\/div>\n<\/div>\n          <\/div>\n              <\/div>\n    <\/div>\n  <\/section>\n","protected":false},"excerpt":{"rendered":"","protected":false},"author":798,"featured_media":0,"parent":0,"menu_order":0,"comment_status":"closed","ping_status":"closed","template":"","meta":{"_acf_changed":false,"inline_featured_image":false,"footnotes":""},"class_list":["post-278","page","type-page","status-publish","hentry"],"acf":[],"_links":{"self":[{"href":"https:\/\/sisu.ut.ee\/esterra\/wp-json\/wp\/v2\/pages\/278","targetHints":{"allow":["GET"]}}],"collection":[{"href":"https:\/\/sisu.ut.ee\/esterra\/wp-json\/wp\/v2\/pages"}],"about":[{"href":"https:\/\/sisu.ut.ee\/esterra\/wp-json\/wp\/v2\/types\/page"}],"author":[{"embeddable":true,"href":"https:\/\/sisu.ut.ee\/esterra\/wp-json\/wp\/v2\/users\/798"}],"replies":[{"embeddable":true,"href":"https:\/\/sisu.ut.ee\/esterra\/wp-json\/wp\/v2\/comments?post=278"}],"version-history":[{"count":3,"href":"https:\/\/sisu.ut.ee\/esterra\/wp-json\/wp\/v2\/pages\/278\/revisions"}],"predecessor-version":[{"id":793,"href":"https:\/\/sisu.ut.ee\/esterra\/wp-json\/wp\/v2\/pages\/278\/revisions\/793"}],"wp:attachment":[{"href":"https:\/\/sisu.ut.ee\/esterra\/wp-json\/wp\/v2\/media?parent=278"}],"curies":[{"name":"wp","href":"https:\/\/api.w.org\/{rel}","templated":true}]}}