{"id":247,"date":"2025-02-28T12:37:22","date_gmt":"2025-02-28T10:37:22","guid":{"rendered":"https:\/\/sisu.ut.ee\/esterra\/?page_id=247"},"modified":"2025-03-04T21:40:05","modified_gmt":"2025-03-04T19:40:05","slug":"valgesoo-linnamagi","status":"publish","type":"page","link":"https:\/\/sisu.ut.ee\/esterra\/valgesoo-linnamagi\/","title":{"rendered":"Valgesoo linnam\u00e4gi"},"content":{"rendered":"<h1 class=\"wp-block-heading\"><\/h1>\n\n\n\n<p>Heiki Valk, Andres Vindi<br>Tartu \u00dclikool<\/p>\n\n\n\n<p id=\"block-ebd8abb5-1f4c-4521-a5ba-2ca2922f2a1e\">Valgesoo linnam\u00e4gi (\u00f5ueala suurus ligi 2000 ruutmeetrit) asub Akste k\u00fcla l\u00f5unapiiri l\u00e4hedal Ahja j\u00f5e \u00fcrgoru kaldal ja on piiratud \u00fcrgoru suubuvate uhtorgudega. Linnust \u00fchendas kaldaplatooga vaid kitsas m\u00f5ne meetri laiune maakael, millest on risti l\u00e4bi kaevatud mitu vallikraavi. Sisemise kraavi taha maakaela otsa juurde on kuhjatud veidi enam kui meetri k\u00f5rgune saviliivast vall, mille \u00fchest otsast oli buldooser eelmiste metsat\u00f6\u00f6de ajal l\u00e4bi l\u00fckanud ligip\u00e4\u00e4sutee. Linnust, mille 2020. aastal avastas Andres Vindi, ei olnud varem uuritud ja selle vanus ei olnud teada.<br>Kaevamistel puhastati valli profiil ja tehti m\u00e4eservaga ristuv proovikaevand sinna, kus mullapuur n\u00e4itas mattunud s\u00f6ekihti. Ei saadud \u00fchtegi leidu, kuid selgus, et vall on kuhjatud \u00fchekorraga ja et m\u00e4eserval leidub p\u00f5lenud kaitsetara tukke. \u00dcksik postiauk viitab r\u00f5htpalkidest tarale. S\u00fcsinikuproovi p\u00f5hjal kuulub linnus 3. sajandi keskpaiga ja 6. sajandi alguskolmandiku vahemikku, k\u00f5ige t\u00f5en\u00e4olisemalt 4. sajandi keskpaiga ja 5. sajandi keskpaiga vahemikku. Vallikuhjatise all olnud s\u00f6ek\u00fcbemetest v\u00f5etud proov, mis andis tulemuseks ajavahemiku 375\u2013162 eKr, on ilmselt linnusest varasem ja p\u00e4rineb ilmselt m\u00f5nest metsatulekahjust.<\/p>\n\n\n\n<p>Valgesoo linnam\u00e4gi (\u00f5ueala suurus ligi 2000 ruutmeetrit) asub Akste k\u00fcla l\u00f5unapiiri l\u00e4hedal Ahja j\u00f5e \u00fcrgoru kaldal ja on piiratud \u00fcrgoru suubuvate uhtorgudega. Linnust \u00fchendas kaldaplatooga vaid kitsas m\u00f5ne meetri laiune maakael, millest on risti l\u00e4bi kaevatud mitu vallikraavi. Sisemise kraavi taha maakaela otsa juurde on kuhjatud veidi enam kui meetri k\u00f5rgune saviliivast vall, mille \u00fchest otsast oli buldooser eelmiste metsat\u00f6\u00f6de ajal l\u00e4bi l\u00fckanud ligip\u00e4\u00e4sutee. Linnust, mille 2020. aastal avastas Andres Vindi, ei olnud varem uuritud ja selle vanus ei olnud teada.<br>Kaevamistel puhastati valli profiil ja tehti m\u00e4eservaga ristuv proovikaevand sinna, kus mullapuur n\u00e4itas mattunud s\u00f6ekihti. Ei saadud \u00fchtegi leidu, kuid selgus, et vall on kuhjatud \u00fchekorraga ja et m\u00e4eserval leidub p\u00f5lenud kaitsetara tukke. \u00dcksik postiauk viitab r\u00f5htpalkidest tarale. S\u00fcsinikuproovi p\u00f5hjal kuulub linnus 3. sajandi keskpaiga ja 6. sajandi alguskolmandiku vahemikku, k\u00f5ige t\u00f5en\u00e4olisemalt 4. sajandi keskpaiga ja 5. sajandi keskpaiga vahemikku. Vallikuhjatise all olnud s\u00f6ek\u00fcbemetest v\u00f5etud proov, mis andis tulemuseks ajavahemiku 375\u2013162 eKr, on ilmselt linnusest varasem ja p\u00e4rineb ilmselt m\u00f5nest metsatulekahjust.<\/p>\n\n\n\n<figure class=\"wp-block-image size-large\"><img loading=\"lazy\" decoding=\"async\" width=\"1024\" height=\"678\" src=\"https:\/\/sisu.ut.ee\/wp-content\/uploads\/sites\/625\/Pilt-2-Valgesoo-valli-puhastamine-DSC_8910-1024x678.jpg\" alt=\"\" class=\"wp-image-426\" srcset=\"https:\/\/sisu.ut.ee\/wp-content\/uploads\/sites\/625\/Pilt-2-Valgesoo-valli-puhastamine-DSC_8910-1024x678.jpg 1024w, https:\/\/sisu.ut.ee\/wp-content\/uploads\/sites\/625\/Pilt-2-Valgesoo-valli-puhastamine-DSC_8910-300x199.jpg 300w, https:\/\/sisu.ut.ee\/wp-content\/uploads\/sites\/625\/Pilt-2-Valgesoo-valli-puhastamine-DSC_8910-768x509.jpg 768w, https:\/\/sisu.ut.ee\/wp-content\/uploads\/sites\/625\/Pilt-2-Valgesoo-valli-puhastamine-DSC_8910-1536x1017.jpg 1536w, https:\/\/sisu.ut.ee\/wp-content\/uploads\/sites\/625\/Pilt-2-Valgesoo-valli-puhastamine-DSC_8910-2048x1356.jpg 2048w, https:\/\/sisu.ut.ee\/wp-content\/uploads\/sites\/625\/Pilt-2-Valgesoo-valli-puhastamine-DSC_8910-1920x1272.jpg 1920w\" sizes=\"auto, (max-width: 1024px) 100vw, 1024px\"><\/figure>\n\n\n\n<p>Valgesoo linnam\u00e4e vallist l\u00e4bi l\u00fckatud teekoha profiili puhastamine. Foto Heiki Valk<\/p>\n\n\n\n<figure class=\"wp-block-image size-large is-resized\"><img loading=\"lazy\" decoding=\"async\" width=\"678\" height=\"1024\" src=\"https:\/\/sisu.ut.ee\/wp-content\/uploads\/sites\/625\/Pil-3.-Valgseoo-platooserv-DSC_9408-678x1024.jpg\" alt=\"\" class=\"wp-image-423\" style=\"width:521px;height:auto\" srcset=\"https:\/\/sisu.ut.ee\/wp-content\/uploads\/sites\/625\/Pil-3.-Valgseoo-platooserv-DSC_9408-678x1024.jpg 678w, https:\/\/sisu.ut.ee\/wp-content\/uploads\/sites\/625\/Pil-3.-Valgseoo-platooserv-DSC_9408-199x300.jpg 199w, https:\/\/sisu.ut.ee\/wp-content\/uploads\/sites\/625\/Pil-3.-Valgseoo-platooserv-DSC_9408-768x1160.jpg 768w, https:\/\/sisu.ut.ee\/wp-content\/uploads\/sites\/625\/Pil-3.-Valgseoo-platooserv-DSC_9408-1017x1536.jpg 1017w, https:\/\/sisu.ut.ee\/wp-content\/uploads\/sites\/625\/Pil-3.-Valgseoo-platooserv-DSC_9408-1356x2048.jpg 1356w, https:\/\/sisu.ut.ee\/wp-content\/uploads\/sites\/625\/Pil-3.-Valgseoo-platooserv-DSC_9408-1920x2899.jpg 1920w, https:\/\/sisu.ut.ee\/wp-content\/uploads\/sites\/625\/Pil-3.-Valgseoo-platooserv-DSC_9408-scaled.jpg 1696w\" sizes=\"auto, (max-width: 678px) 100vw, 678px\"><\/figure>\n\n\n\n<p>Valgesoo linnam\u00e4e \u00f5ueplatoo serva tehtud kaevandis paljandusid p\u00f5lenud kaitsetara tukid ja varisemisel tekkinud s\u00f6ekiht. Foto Heiki Valk<br><\/p>\n","protected":false},"excerpt":{"rendered":"<p>Heiki Valk, Andres VindiTartu \u00dclikool Valgesoo linnam\u00e4gi (\u00f5ueala suurus ligi 2000 ruutmeetrit) asub Akste k\u00fcla l\u00f5unapiiri l\u00e4hedal Ahja j\u00f5e \u00fcrgoru kaldal ja on piiratud \u00fcrgoru suubuvate uhtorgudega. Linnust \u00fchendas kaldaplatooga vaid kitsas m\u00f5ne meetri laiune maakael, millest on risti l\u00e4bi &#8230;<\/p>\n","protected":false},"author":798,"featured_media":0,"parent":0,"menu_order":0,"comment_status":"closed","ping_status":"closed","template":"","meta":{"_acf_changed":false,"inline_featured_image":false,"footnotes":""},"class_list":["post-247","page","type-page","status-publish","hentry"],"acf":[],"_links":{"self":[{"href":"https:\/\/sisu.ut.ee\/esterra\/wp-json\/wp\/v2\/pages\/247","targetHints":{"allow":["GET"]}}],"collection":[{"href":"https:\/\/sisu.ut.ee\/esterra\/wp-json\/wp\/v2\/pages"}],"about":[{"href":"https:\/\/sisu.ut.ee\/esterra\/wp-json\/wp\/v2\/types\/page"}],"author":[{"embeddable":true,"href":"https:\/\/sisu.ut.ee\/esterra\/wp-json\/wp\/v2\/users\/798"}],"replies":[{"embeddable":true,"href":"https:\/\/sisu.ut.ee\/esterra\/wp-json\/wp\/v2\/comments?post=247"}],"version-history":[{"count":4,"href":"https:\/\/sisu.ut.ee\/esterra\/wp-json\/wp\/v2\/pages\/247\/revisions"}],"predecessor-version":[{"id":486,"href":"https:\/\/sisu.ut.ee\/esterra\/wp-json\/wp\/v2\/pages\/247\/revisions\/486"}],"wp:attachment":[{"href":"https:\/\/sisu.ut.ee\/esterra\/wp-json\/wp\/v2\/media?parent=247"}],"curies":[{"name":"wp","href":"https:\/\/api.w.org\/{rel}","templated":true}]}}