{"id":245,"date":"2025-02-28T12:37:02","date_gmt":"2025-02-28T10:37:02","guid":{"rendered":"https:\/\/sisu.ut.ee\/esterra\/?page_id=245"},"modified":"2025-03-07T13:33:35","modified_gmt":"2025-03-07T11:33:35","slug":"puhikula-kostrimae-linnamagi","status":"publish","type":"page","link":"https:\/\/sisu.ut.ee\/esterra\/puhikula-kostrimae-linnamagi\/","title":{"rendered":"P\u00fchik\u00fcla K\u00f6strim\u00e4e linnam\u00e4gi"},"content":{"rendered":"<figure class=\"wp-block-image size-full\"><img loading=\"lazy\" decoding=\"async\" width=\"738\" height=\"510\" src=\"https:\/\/sisu.ut.ee\/wp-content\/uploads\/sites\/625\/Pilt-1.-Capture-1.jpg\" alt=\"\" class=\"wp-image-367\" srcset=\"https:\/\/sisu.ut.ee\/wp-content\/uploads\/sites\/625\/Pilt-1.-Capture-1.jpg 738w, https:\/\/sisu.ut.ee\/wp-content\/uploads\/sites\/625\/Pilt-1.-Capture-1-300x207.jpg 300w\" sizes=\"auto, (max-width: 738px) 100vw, 738px\"><\/figure>\n\n\n\n<p>Kaevandid P\u00fchik\u00fcla linnam\u00e4el.<\/p>\n\n\n\n<figure class=\"wp-block-image size-large is-resized\"><img loading=\"lazy\" decoding=\"async\" width=\"678\" height=\"1024\" src=\"https:\/\/sisu.ut.ee\/wp-content\/uploads\/sites\/625\/DSC_8140-678x1024.jpg\" alt=\"\" class=\"wp-image-376\" style=\"width:900px;height:auto\" srcset=\"https:\/\/sisu.ut.ee\/wp-content\/uploads\/sites\/625\/DSC_8140-678x1024.jpg 678w, https:\/\/sisu.ut.ee\/wp-content\/uploads\/sites\/625\/DSC_8140-199x300.jpg 199w, https:\/\/sisu.ut.ee\/wp-content\/uploads\/sites\/625\/DSC_8140-768x1160.jpg 768w, https:\/\/sisu.ut.ee\/wp-content\/uploads\/sites\/625\/DSC_8140-1017x1536.jpg 1017w, https:\/\/sisu.ut.ee\/wp-content\/uploads\/sites\/625\/DSC_8140-1356x2048.jpg 1356w, https:\/\/sisu.ut.ee\/wp-content\/uploads\/sites\/625\/DSC_8140-1920x2899.jpg 1920w, https:\/\/sisu.ut.ee\/wp-content\/uploads\/sites\/625\/DSC_8140-scaled.jpg 1696w\" sizes=\"auto, (max-width: 678px) 100vw, 678px\"><\/figure>\n\n\n\n<p>Kaevand I p\u00f5lenud kaitsetara postiauguga. Foto Heiki Valk<\/p>\n\n\n\n<figure class=\"wp-block-image size-large\"><img loading=\"lazy\" decoding=\"async\" width=\"1024\" height=\"678\" src=\"https:\/\/sisu.ut.ee\/wp-content\/uploads\/sites\/625\/DSC_8355-1024x678.jpg\" alt=\"\" class=\"wp-image-373\" srcset=\"https:\/\/sisu.ut.ee\/wp-content\/uploads\/sites\/625\/DSC_8355-1024x678.jpg 1024w, https:\/\/sisu.ut.ee\/wp-content\/uploads\/sites\/625\/DSC_8355-300x199.jpg 300w, https:\/\/sisu.ut.ee\/wp-content\/uploads\/sites\/625\/DSC_8355-768x509.jpg 768w, https:\/\/sisu.ut.ee\/wp-content\/uploads\/sites\/625\/DSC_8355-1536x1017.jpg 1536w, https:\/\/sisu.ut.ee\/wp-content\/uploads\/sites\/625\/DSC_8355-2048x1356.jpg 2048w, https:\/\/sisu.ut.ee\/wp-content\/uploads\/sites\/625\/DSC_8355-1920x1272.jpg 1920w\" sizes=\"auto, (max-width: 1024px) 100vw, 1024px\"><\/figure>\n\n\n\n<p>Kaevand II tukkide ja l\u00f5hki p\u00f5lenud ahjukiviga. Foto Heiki Valk<\/p>\n\n\n\n<figure class=\"wp-block-image size-large is-resized\"><img loading=\"lazy\" decoding=\"async\" width=\"1024\" height=\"678\" src=\"https:\/\/sisu.ut.ee\/wp-content\/uploads\/sites\/625\/DSC_8130-1024x678.jpg\" alt=\"\" class=\"wp-image-375\" style=\"width:1021px;height:auto\" srcset=\"https:\/\/sisu.ut.ee\/wp-content\/uploads\/sites\/625\/DSC_8130-1024x678.jpg 1024w, https:\/\/sisu.ut.ee\/wp-content\/uploads\/sites\/625\/DSC_8130-300x199.jpg 300w, https:\/\/sisu.ut.ee\/wp-content\/uploads\/sites\/625\/DSC_8130-768x509.jpg 768w, https:\/\/sisu.ut.ee\/wp-content\/uploads\/sites\/625\/DSC_8130-1536x1017.jpg 1536w, https:\/\/sisu.ut.ee\/wp-content\/uploads\/sites\/625\/DSC_8130-2048x1356.jpg 2048w, https:\/\/sisu.ut.ee\/wp-content\/uploads\/sites\/625\/DSC_8130-1920x1272.jpg 1920w\" sizes=\"auto, (max-width: 1024px) 100vw, 1024px\"><\/figure>\n\n\n\n<p>L\u00f5unapaus vihma ajal. Foto Heiki Valk<\/p>\n","protected":false},"excerpt":{"rendered":"<p>Kaevandid P\u00fchik\u00fcla linnam\u00e4el. Kaevand I p\u00f5lenud kaitsetara postiauguga. Foto Heiki Valk Kaevand II tukkide ja l\u00f5hki p\u00f5lenud ahjukiviga. Foto Heiki Valk L\u00f5unapaus vihma ajal. Foto Heiki Valk<\/p>\n","protected":false},"author":798,"featured_media":0,"parent":0,"menu_order":0,"comment_status":"closed","ping_status":"closed","template":"","meta":{"_acf_changed":false,"inline_featured_image":false,"footnotes":""},"class_list":["post-245","page","type-page","status-publish","hentry"],"acf":[],"_links":{"self":[{"href":"https:\/\/sisu.ut.ee\/esterra\/wp-json\/wp\/v2\/pages\/245","targetHints":{"allow":["GET"]}}],"collection":[{"href":"https:\/\/sisu.ut.ee\/esterra\/wp-json\/wp\/v2\/pages"}],"about":[{"href":"https:\/\/sisu.ut.ee\/esterra\/wp-json\/wp\/v2\/types\/page"}],"author":[{"embeddable":true,"href":"https:\/\/sisu.ut.ee\/esterra\/wp-json\/wp\/v2\/users\/798"}],"replies":[{"embeddable":true,"href":"https:\/\/sisu.ut.ee\/esterra\/wp-json\/wp\/v2\/comments?post=245"}],"version-history":[{"count":4,"href":"https:\/\/sisu.ut.ee\/esterra\/wp-json\/wp\/v2\/pages\/245\/revisions"}],"predecessor-version":[{"id":593,"href":"https:\/\/sisu.ut.ee\/esterra\/wp-json\/wp\/v2\/pages\/245\/revisions\/593"}],"wp:attachment":[{"href":"https:\/\/sisu.ut.ee\/esterra\/wp-json\/wp\/v2\/media?parent=245"}],"curies":[{"name":"wp","href":"https:\/\/api.w.org\/{rel}","templated":true}]}}