{"id":239,"date":"2025-02-28T12:35:27","date_gmt":"2025-02-28T10:35:27","guid":{"rendered":"https:\/\/sisu.ut.ee\/esterra\/?page_id=239"},"modified":"2025-03-07T13:17:25","modified_gmt":"2025-03-07T11:17:25","slug":"viljandi-suusahuppemagi","status":"publish","type":"page","link":"https:\/\/sisu.ut.ee\/esterra\/viljandi-suusahuppemagi\/","title":{"rendered":"Viljandi Suusah\u00fcppem\u00e4gi"},"content":{"rendered":"<p><strong>V\u00e4ljakaevamised Viljandi Suusah\u00fcppem\u00e4el<\/strong><\/p>\n\n\n\n<p>Heiki Valk<\/p>\n\n\n\n<p>Tartu \u00dclikool<\/p>\n\n\n\n<p>Varasemad kaevamised Viljandi Suusah\u00fcppem\u00e4el toimusid aastatel 1999, 2001\u20132002 ja 2005\u20132007 ning andsid alust arvata, et Viljandi 1223. aasta piiramise ajal paiknesid seal kiviheitemasinad, mille alusplatvormideks oli kokku kuhjatud l\u00e4hedusest v\u00f5etud pinnast. Need kaevamised t\u00f5id p\u00e4evavalgele Viljandi vanimast maja j\u00e4\u00e4nused.  Tules h\u00e4vinud hoone palgi k\u00fcljest leitud sakslaste ammunooleots osutas h\u00e4vingule 13. sajandi vallutuss\u00f5dade ajal.<\/p>\n\n\n\n<p>2023. aasta v\u00e4lit\u00f6\u00f6de eesm\u00e4rk oli kaevata l\u00e4bi viimane osa Suusah\u00fcppem\u00e4e laest. Kaevamised (32m<sup>2<\/sup>) kinnitasid varasemat teadmist. M\u00e4ttakihi alt tuli v\u00e4lja mujalt toodud t\u00e4itepinnas \u2013 osalt muld, osalt aga kusagil l\u00e4hedal asunud asulakoha kultuurkiht. Pinnas sisaldas 12. sajandi \u2013 13. sajandi alguse savin\u00f5ukilde ja m\u00f5ningaid metallist esemeid: leiti sirp, tuleraud, hoburauds\u00f5led, noa- ja nooleotsad, r\u00f5ivastust kaunistanud spiraaltorukesed (pilt). Hilisemal ajal on m\u00e4elael pinnast segatud ja \u00fchtlase kihina laiali aetud. Kaks 18. sajandi keskpaiga dengat viitavad m\u00f5isapargi rajamise aegsetele, kuni 30 cm s\u00fcgavuseni ulatuvad uuemad klaasikillud aga suusah\u00fcppem\u00e4ega seotud mullat\u00f6\u00f6dele.<\/p>\n\n\n\n<p>Sarnaselt eelmistele kaevamistele tuli ka n\u00fc\u00fcd \u00f5hukese mullakihi alt p\u00e4evavalgele mitmes suuruses kive. Paljud neist olid p\u00f5lenud koldekivid, m\u00f5ned suuremad p\u00e4rinevad muinasasula ahjudest. Kive oli varasemate aastatega v\u00f5rreldes rohkem ja need katsid kaevandit suhteliselt \u00fchtlase kihina. Kuna kivid ei olnud \u00fcksteisega seotud ja nende juures ei leidunud ka sideainet, siis v\u00f5isid need olla m\u00f5eldud piiramismasinate alla v\u00e4rskelt kokku tassitud \u00a0pinnase tihendamiseks.<\/p>\n\n\n\n<p>Kaevamised n\u00e4itasid, et p\u00e4rast muinasaja l\u00f5pul toimunud tulekahju, milles h\u00e4visid k\u00fcnkal asunud hooned, on m\u00e4e pealispinda Valuoja poolsel k\u00fcljel v\u00e4hemalt 3 meetri v\u00f5rra laiendatud. Selgus ka, et enne t\u00e4itepinnase toomist on k\u00fcnka servas tehtud v\u00e4iksemaid mullat\u00f6id. V\u00f5imalik, et n\u00f5lvalt leitud suuremad, kuni 40\u201350 cm l\u00e4bim\u00f5\u00f5duga maakivid on sinna viidud m\u00e4ele toodud t\u00e4itepinnase piiritlemiseks, et see m\u00e4est alla ei vajuks. M\u00e4elt, t\u00e4itepinnase ja selles oleva kivikihi leiti ka ligi 70 cm v\u00f5rra maapinda s\u00fcvendatud ja ligi 90 cm l\u00e4bim\u00f5\u00f5duga postiauk. Selle p\u00f5hjas olnud loomaluust tehtud radios\u00fcsinikuproov andis tulemuseks aastate 1175\u20131273 vahemiku. T\u00f5en\u00e4oliselt on see post toestanud v\u00f5i fikseerinud kiviheitemasinat.<\/p>\n\n\n\n<p>N\u00fc\u00fcd seisab ees \u201esuure pildi\u201c kokkupanek. P\u00e4rast Suusah\u00fcppem\u00e4el toimunud uurimist\u00f6\u00f6de l\u00f5ppu \u2013 l\u00e4bi kaevamata j\u00e4\u00e4b vaid suure tamme \u00fcmbruses olev pinnas \u2013 on v\u00f5imalik kokku v\u00f5tta k\u00f5igi varasemate v\u00e4lit\u00f6\u00f6de tulemused ning teha \u00fcldistusi 800 aasta taguste s\u00fcndmuste kohta.<\/p>\n\n\n\n<figure class=\"wp-block-image size-large is-resized\"><img loading=\"lazy\" decoding=\"async\" width=\"678\" height=\"1024\" src=\"https:\/\/sisu.ut.ee\/wp-content\/uploads\/sites\/625\/Pilt-1.-Kaevamised-678x1024.jpg\" alt=\"\" class=\"wp-image-468\" style=\"width:797px;height:auto\" srcset=\"https:\/\/sisu.ut.ee\/wp-content\/uploads\/sites\/625\/Pilt-1.-Kaevamised-678x1024.jpg 678w, https:\/\/sisu.ut.ee\/wp-content\/uploads\/sites\/625\/Pilt-1.-Kaevamised-199x300.jpg 199w, https:\/\/sisu.ut.ee\/wp-content\/uploads\/sites\/625\/Pilt-1.-Kaevamised-768x1160.jpg 768w, https:\/\/sisu.ut.ee\/wp-content\/uploads\/sites\/625\/Pilt-1.-Kaevamised-1017x1536.jpg 1017w, https:\/\/sisu.ut.ee\/wp-content\/uploads\/sites\/625\/Pilt-1.-Kaevamised-1356x2048.jpg 1356w, https:\/\/sisu.ut.ee\/wp-content\/uploads\/sites\/625\/Pilt-1.-Kaevamised-1920x2899.jpg 1920w, https:\/\/sisu.ut.ee\/wp-content\/uploads\/sites\/625\/Pilt-1.-Kaevamised-scaled.jpg 1696w\" sizes=\"auto, (max-width: 678px) 100vw, 678px\"><\/figure>\n\n\n\n<p>Kaevamised Viljandi Suusah\u00fcppem\u00e4el: Foto: Heiki Valk.<\/p>\n\n\n\n<figure class=\"wp-block-image size-large is-resized\"><img loading=\"lazy\" decoding=\"async\" width=\"1024\" height=\"678\" src=\"https:\/\/sisu.ut.ee\/wp-content\/uploads\/sites\/625\/Fig.-4a.-Postiauk-pooleldi-avatud-A-DSC_0371-1024x678.jpg\" alt=\"\" class=\"wp-image-472\" style=\"width:796px;height:auto\" srcset=\"https:\/\/sisu.ut.ee\/wp-content\/uploads\/sites\/625\/Fig.-4a.-Postiauk-pooleldi-avatud-A-DSC_0371-1024x678.jpg 1024w, https:\/\/sisu.ut.ee\/wp-content\/uploads\/sites\/625\/Fig.-4a.-Postiauk-pooleldi-avatud-A-DSC_0371-300x199.jpg 300w, https:\/\/sisu.ut.ee\/wp-content\/uploads\/sites\/625\/Fig.-4a.-Postiauk-pooleldi-avatud-A-DSC_0371-768x509.jpg 768w, https:\/\/sisu.ut.ee\/wp-content\/uploads\/sites\/625\/Fig.-4a.-Postiauk-pooleldi-avatud-A-DSC_0371-1536x1017.jpg 1536w, https:\/\/sisu.ut.ee\/wp-content\/uploads\/sites\/625\/Fig.-4a.-Postiauk-pooleldi-avatud-A-DSC_0371-2048x1356.jpg 2048w, https:\/\/sisu.ut.ee\/wp-content\/uploads\/sites\/625\/Fig.-4a.-Postiauk-pooleldi-avatud-A-DSC_0371-1920x1272.jpg 1920w\" sizes=\"auto, (max-width: 1024px) 100vw, 1024px\"><\/figure>\n\n\n\n<p>Poolenisti avatud postiauk kividest ja pinnasest t\u00e4itekihi all. Foto Heiki Valk<\/p>\n\n\n\n<figure class=\"wp-block-image size-large is-resized\"><img loading=\"lazy\" decoding=\"async\" width=\"1024\" height=\"678\" src=\"https:\/\/sisu.ut.ee\/wp-content\/uploads\/sites\/625\/Fig.-4b-Postiauk-suurendada-valja.-DSC_1199-1024x678.jpg\" alt=\"\" class=\"wp-image-469\" style=\"width:790px;height:auto\" srcset=\"https:\/\/sisu.ut.ee\/wp-content\/uploads\/sites\/625\/Fig.-4b-Postiauk-suurendada-valja.-DSC_1199-1024x678.jpg 1024w, https:\/\/sisu.ut.ee\/wp-content\/uploads\/sites\/625\/Fig.-4b-Postiauk-suurendada-valja.-DSC_1199-300x199.jpg 300w, https:\/\/sisu.ut.ee\/wp-content\/uploads\/sites\/625\/Fig.-4b-Postiauk-suurendada-valja.-DSC_1199-768x509.jpg 768w, https:\/\/sisu.ut.ee\/wp-content\/uploads\/sites\/625\/Fig.-4b-Postiauk-suurendada-valja.-DSC_1199-1536x1017.jpg 1536w, https:\/\/sisu.ut.ee\/wp-content\/uploads\/sites\/625\/Fig.-4b-Postiauk-suurendada-valja.-DSC_1199-2048x1356.jpg 2048w, https:\/\/sisu.ut.ee\/wp-content\/uploads\/sites\/625\/Fig.-4b-Postiauk-suurendada-valja.-DSC_1199-1920x1272.jpg 1920w\" sizes=\"auto, (max-width: 1024px) 100vw, 1024px\"><\/figure>\n\n\n\n<p>Postiauk Viljandi Suusah\u00fcppem\u00e4e kaevandis. Foto: Heiki Valk<\/p>\n\n\n\n<figure class=\"wp-block-image size-large is-resized\"><img loading=\"lazy\" decoding=\"async\" width=\"2560\" height=\"1707\" src=\"https:\/\/sisu.ut.ee\/wp-content\/uploads\/sites\/625\/Fig.-8.-EhtedIMG_6615-edited-1-scaled.jpg\" alt=\"\" class=\"wp-image-562\" style=\"width:794px;height:auto\" srcset=\"https:\/\/sisu.ut.ee\/wp-content\/uploads\/sites\/625\/Fig.-8.-EhtedIMG_6615-edited-1-scaled.jpg 2560w, https:\/\/sisu.ut.ee\/wp-content\/uploads\/sites\/625\/Fig.-8.-EhtedIMG_6615-edited-1-300x200.jpg 300w, https:\/\/sisu.ut.ee\/wp-content\/uploads\/sites\/625\/Fig.-8.-EhtedIMG_6615-edited-1-1024x683.jpg 1024w, https:\/\/sisu.ut.ee\/wp-content\/uploads\/sites\/625\/Fig.-8.-EhtedIMG_6615-edited-1-768x512.jpg 768w, https:\/\/sisu.ut.ee\/wp-content\/uploads\/sites\/625\/Fig.-8.-EhtedIMG_6615-edited-1-1536x1024.jpg 1536w, https:\/\/sisu.ut.ee\/wp-content\/uploads\/sites\/625\/Fig.-8.-EhtedIMG_6615-edited-1-2048x1365.jpg 2048w, https:\/\/sisu.ut.ee\/wp-content\/uploads\/sites\/625\/Fig.-8.-EhtedIMG_6615-edited-1-1920x1280.jpg 1920w\" sizes=\"auto, (max-width: 2560px) 100vw, 2560px\"><\/figure>\n\n\n\n<p>Ehteid Viljandi Suusah\u00fcppem\u00e4elt.<\/p>\n\n\n\n<figure class=\"wp-block-image size-large is-resized\"><img loading=\"lazy\" decoding=\"async\" width=\"2560\" height=\"1707\" src=\"https:\/\/sisu.ut.ee\/wp-content\/uploads\/sites\/625\/Fig.-11.-Luuripatsid-ja-kedrad-IMG_6618-edited-1-scaled.jpg\" alt=\"\" class=\"wp-image-565\" style=\"width:800px;height:auto\" srcset=\"https:\/\/sisu.ut.ee\/wp-content\/uploads\/sites\/625\/Fig.-11.-Luuripatsid-ja-kedrad-IMG_6618-edited-1-scaled.jpg 2560w, https:\/\/sisu.ut.ee\/wp-content\/uploads\/sites\/625\/Fig.-11.-Luuripatsid-ja-kedrad-IMG_6618-edited-1-300x200.jpg 300w, https:\/\/sisu.ut.ee\/wp-content\/uploads\/sites\/625\/Fig.-11.-Luuripatsid-ja-kedrad-IMG_6618-edited-1-1024x683.jpg 1024w, https:\/\/sisu.ut.ee\/wp-content\/uploads\/sites\/625\/Fig.-11.-Luuripatsid-ja-kedrad-IMG_6618-edited-1-768x512.jpg 768w, https:\/\/sisu.ut.ee\/wp-content\/uploads\/sites\/625\/Fig.-11.-Luuripatsid-ja-kedrad-IMG_6618-edited-1-1536x1024.jpg 1536w, https:\/\/sisu.ut.ee\/wp-content\/uploads\/sites\/625\/Fig.-11.-Luuripatsid-ja-kedrad-IMG_6618-edited-1-2048x1365.jpg 2048w, https:\/\/sisu.ut.ee\/wp-content\/uploads\/sites\/625\/Fig.-11.-Luuripatsid-ja-kedrad-IMG_6618-edited-1-1920x1280.jpg 1920w\" sizes=\"auto, (max-width: 2560px) 100vw, 2560px\"><\/figure>\n\n\n\n<p>Luust ripatsid, k\u00e4ev\u00f5ru ja v\u00e4rtnakedrad Viljandi Suusah\u00fcppem\u00e4elt.<\/p>\n\n\n\n<figure class=\"wp-block-image size-large is-resized\"><img loading=\"lazy\" decoding=\"async\" width=\"1024\" height=\"683\" src=\"https:\/\/sisu.ut.ee\/wp-content\/uploads\/sites\/625\/Fig.-6.-Savinoukillud-10-IMG_6626-1024x683.jpg\" alt=\"\" class=\"wp-image-477\" style=\"width:802px;height:auto\" srcset=\"https:\/\/sisu.ut.ee\/wp-content\/uploads\/sites\/625\/Fig.-6.-Savinoukillud-10-IMG_6626-1024x683.jpg 1024w, https:\/\/sisu.ut.ee\/wp-content\/uploads\/sites\/625\/Fig.-6.-Savinoukillud-10-IMG_6626-300x200.jpg 300w, https:\/\/sisu.ut.ee\/wp-content\/uploads\/sites\/625\/Fig.-6.-Savinoukillud-10-IMG_6626-768x512.jpg 768w, https:\/\/sisu.ut.ee\/wp-content\/uploads\/sites\/625\/Fig.-6.-Savinoukillud-10-IMG_6626-1536x1024.jpg 1536w, https:\/\/sisu.ut.ee\/wp-content\/uploads\/sites\/625\/Fig.-6.-Savinoukillud-10-IMG_6626-2048x1365.jpg 2048w, https:\/\/sisu.ut.ee\/wp-content\/uploads\/sites\/625\/Fig.-6.-Savinoukillud-10-IMG_6626-1920x1280.jpg 1920w\" sizes=\"auto, (max-width: 1024px) 100vw, 1024px\"><\/figure>\n\n\n\n<p>Savin\u00f5ukilde Viljandi Suusah\u00fcppem\u00e4elt.<\/p>\n","protected":false},"excerpt":{"rendered":"<p>V\u00e4ljakaevamised Viljandi Suusah\u00fcppem\u00e4el Heiki Valk Tartu \u00dclikool Varasemad kaevamised Viljandi Suusah\u00fcppem\u00e4el toimusid aastatel 1999, 2001\u20132002 ja 2005\u20132007 ning andsid alust arvata, et Viljandi 1223. aasta piiramise ajal paiknesid seal kiviheitemasinad, mille alusplatvormideks oli kokku kuhjatud l\u00e4hedusest v\u00f5etud pinnast. Need kaevamised &#8230;<\/p>\n","protected":false},"author":798,"featured_media":0,"parent":0,"menu_order":0,"comment_status":"closed","ping_status":"closed","template":"","meta":{"_acf_changed":false,"inline_featured_image":false,"footnotes":""},"class_list":["post-239","page","type-page","status-publish","hentry"],"acf":[],"_links":{"self":[{"href":"https:\/\/sisu.ut.ee\/esterra\/wp-json\/wp\/v2\/pages\/239","targetHints":{"allow":["GET"]}}],"collection":[{"href":"https:\/\/sisu.ut.ee\/esterra\/wp-json\/wp\/v2\/pages"}],"about":[{"href":"https:\/\/sisu.ut.ee\/esterra\/wp-json\/wp\/v2\/types\/page"}],"author":[{"embeddable":true,"href":"https:\/\/sisu.ut.ee\/esterra\/wp-json\/wp\/v2\/users\/798"}],"replies":[{"embeddable":true,"href":"https:\/\/sisu.ut.ee\/esterra\/wp-json\/wp\/v2\/comments?post=239"}],"version-history":[{"count":9,"href":"https:\/\/sisu.ut.ee\/esterra\/wp-json\/wp\/v2\/pages\/239\/revisions"}],"predecessor-version":[{"id":581,"href":"https:\/\/sisu.ut.ee\/esterra\/wp-json\/wp\/v2\/pages\/239\/revisions\/581"}],"wp:attachment":[{"href":"https:\/\/sisu.ut.ee\/esterra\/wp-json\/wp\/v2\/media?parent=239"}],"curies":[{"name":"wp","href":"https:\/\/api.w.org\/{rel}","templated":true}]}}