{"id":237,"date":"2025-02-28T12:34:37","date_gmt":"2025-02-28T10:34:37","guid":{"rendered":"https:\/\/sisu.ut.ee\/esterra\/?page_id=237"},"modified":"2025-03-07T13:16:13","modified_gmt":"2025-03-07T11:16:13","slug":"vatla-maalinn","status":"publish","type":"page","link":"https:\/\/sisu.ut.ee\/esterra\/vatla-maalinn\/","title":{"rendered":"Vatla maalinn"},"content":{"rendered":"<p>VATLA MAALINN<\/p>\n\n\n\n<p>Proovikaevamised Vatla maalinnas<\/p>\n\n\n\n<p>Heiki Valk<\/p>\n\n\n\n<p>Tartu \u00dclikool<\/p>\n\n\n\n<p>Vatla maalinn asub L\u00e4\u00e4nemaal Karuse kihelkonnas. See sarnaneb Saaremaa ringvall-linnustega, kuid on v\u00e4iksem ning v\u00f5is suuruse p\u00f5hjal otsustades olla \u00fche muinaskihelkonna kants. Kuigi linnusekohta on arheoloogiliselt pisut uuritud enne 1895. aasta \u00fclevenemaalist Riia arheoloogiakongressi, on selle, nagu teistegi L\u00e4\u00e4nemaa muinaslinnuste kohta v\u00e4ga v\u00e4he teada. Vatla maalinna proovikaevamiste eesm\u00e4rgiks oli t\u00e4psustada muistise vanust. R\u00f5huasetus oli k\u00fcsimusel, kas linnuses elati ka p\u00e4rast L\u00e4\u00e4nemaa alistamist ja ristimist 1220. aastate algupoolel.<\/p>\n\n\n\n<p>\u00dcks kaevand tehti linnuse\u00f5ue l\u00f5unaserva\u00a0 (pilt 1), teine k\u00f5rge idapoolse valli harjale. \u00d5uekaevandis oli 30\u201335 cm paksune kultuurkiht valdavalt l\u00e4bi k\u00fcntud, kuid selle alaosast leiti 12.\u201313. sajandi odaots (pilt 2). V\u00e4ga j\u00e4medat kivipurdu sisaldavad savin\u00f5ukillud kultuurkihi p\u00f5hjast v\u00f5iksid p\u00e4rineda kas pronksiajast, varasest v\u00f5i vanemast rauaajast \u2013 samast ajast kui lohukivid linnuse l\u00e4hikonnas. Need varased leiud neemiku tipust lubavad arvata, et juba tollel ajal oli tegemist kindlustatud paigaga.<\/p>\n\n\n\n<p>Valli harjale tehtud 3 x 1 meetri m\u00f5\u00f5tmetega tran\u0161eed (pilt 3) kaevati 40 cm s\u00fcgavuseni. Selgus, et vall on tehtud pae- ja raudkividest, mille peale on tasanduseks ja t\u00e4iteks toodud mulda, sealhulgas ka muinasasula kultuurkihti. Viimasest andsid tunnistust p\u00f5lenud kivid ja \u00fcksikud savin\u00f5ukillud. Vallikivide hulk kasvas iga korrisega. Ligi 30 sentimeetri s\u00fcgavuselt leitud s\u00f6estunud kasetoht pakub v\u00f5imalust kindlaks teha valli hilisema ehitus- ja kasutusj\u00e4rgu aega.<\/p>\n\n\n\n<figure class=\"wp-block-image size-large\"><img loading=\"lazy\" decoding=\"async\" width=\"1024\" height=\"724\" src=\"https:\/\/sisu.ut.ee\/wp-content\/uploads\/sites\/625\/Fig.-3.Vatla-kaevandid_ortofoto_MR-1024x724.png\" alt=\"\" class=\"wp-image-349\" srcset=\"https:\/\/sisu.ut.ee\/wp-content\/uploads\/sites\/625\/Fig.-3.Vatla-kaevandid_ortofoto_MR-1024x724.png 1024w, https:\/\/sisu.ut.ee\/wp-content\/uploads\/sites\/625\/Fig.-3.Vatla-kaevandid_ortofoto_MR-300x212.png 300w, https:\/\/sisu.ut.ee\/wp-content\/uploads\/sites\/625\/Fig.-3.Vatla-kaevandid_ortofoto_MR-768x543.png 768w, https:\/\/sisu.ut.ee\/wp-content\/uploads\/sites\/625\/Fig.-3.Vatla-kaevandid_ortofoto_MR-1536x1086.png 1536w, https:\/\/sisu.ut.ee\/wp-content\/uploads\/sites\/625\/Fig.-3.Vatla-kaevandid_ortofoto_MR-2048x1448.png 2048w, https:\/\/sisu.ut.ee\/wp-content\/uploads\/sites\/625\/Fig.-3.Vatla-kaevandid_ortofoto_MR-1920x1358.png 1920w\" sizes=\"auto, (max-width: 1024px) 100vw, 1024px\"><\/figure>\n\n\n\n<p>Kaevandid Vatla maalinna \u00f5el (roheline) ja vallil (kollane).<\/p>\n\n\n\n<figure class=\"wp-block-image size-large\"><img loading=\"lazy\" decoding=\"async\" width=\"1024\" height=\"678\" src=\"https:\/\/sisu.ut.ee\/wp-content\/uploads\/sites\/625\/DSC_1380-1024x678.jpg\" alt=\"\" class=\"wp-image-343\" srcset=\"https:\/\/sisu.ut.ee\/wp-content\/uploads\/sites\/625\/DSC_1380-1024x678.jpg 1024w, https:\/\/sisu.ut.ee\/wp-content\/uploads\/sites\/625\/DSC_1380-300x199.jpg 300w, https:\/\/sisu.ut.ee\/wp-content\/uploads\/sites\/625\/DSC_1380-768x509.jpg 768w, https:\/\/sisu.ut.ee\/wp-content\/uploads\/sites\/625\/DSC_1380-1536x1017.jpg 1536w, https:\/\/sisu.ut.ee\/wp-content\/uploads\/sites\/625\/DSC_1380-2048x1356.jpg 2048w, https:\/\/sisu.ut.ee\/wp-content\/uploads\/sites\/625\/DSC_1380-1920x1272.jpg 1920w\" sizes=\"auto, (max-width: 1024px) 100vw, 1024px\"><\/figure>\n\n\n\n<p>Kaevand Vatla maalinna \u00f5uel. Foto HeikI Valk.<\/p>\n\n\n\n<figure class=\"wp-block-image size-large\"><img loading=\"lazy\" decoding=\"async\" width=\"1024\" height=\"683\" src=\"https:\/\/sisu.ut.ee\/wp-content\/uploads\/sites\/625\/Fig.-6.-Odaots-IMG_8626-1024x683.jpg\" alt=\"\" class=\"wp-image-348\" srcset=\"https:\/\/sisu.ut.ee\/wp-content\/uploads\/sites\/625\/Fig.-6.-Odaots-IMG_8626-1024x683.jpg 1024w, https:\/\/sisu.ut.ee\/wp-content\/uploads\/sites\/625\/Fig.-6.-Odaots-IMG_8626-300x200.jpg 300w, https:\/\/sisu.ut.ee\/wp-content\/uploads\/sites\/625\/Fig.-6.-Odaots-IMG_8626-768x512.jpg 768w, https:\/\/sisu.ut.ee\/wp-content\/uploads\/sites\/625\/Fig.-6.-Odaots-IMG_8626-1536x1024.jpg 1536w, https:\/\/sisu.ut.ee\/wp-content\/uploads\/sites\/625\/Fig.-6.-Odaots-IMG_8626-2048x1365.jpg 2048w, https:\/\/sisu.ut.ee\/wp-content\/uploads\/sites\/625\/Fig.-6.-Odaots-IMG_8626-1920x1280.jpg 1920w\" sizes=\"auto, (max-width: 1024px) 100vw, 1024px\"><\/figure>\n\n\n\n<p>\u00a0Odaots Vatla maailinna \u00f5uelt. Foto Heiki Valk<\/p>\n\n\n\n<figure class=\"wp-block-image size-large\"><img loading=\"lazy\" decoding=\"async\" width=\"1024\" height=\"678\" src=\"https:\/\/sisu.ut.ee\/wp-content\/uploads\/sites\/625\/DSC_1362-1024x678.jpg\" alt=\"\" class=\"wp-image-346\" srcset=\"https:\/\/sisu.ut.ee\/wp-content\/uploads\/sites\/625\/DSC_1362-1024x678.jpg 1024w, https:\/\/sisu.ut.ee\/wp-content\/uploads\/sites\/625\/DSC_1362-300x199.jpg 300w, https:\/\/sisu.ut.ee\/wp-content\/uploads\/sites\/625\/DSC_1362-768x509.jpg 768w, https:\/\/sisu.ut.ee\/wp-content\/uploads\/sites\/625\/DSC_1362-1536x1017.jpg 1536w, https:\/\/sisu.ut.ee\/wp-content\/uploads\/sites\/625\/DSC_1362-2048x1356.jpg 2048w, https:\/\/sisu.ut.ee\/wp-content\/uploads\/sites\/625\/DSC_1362-1920x1272.jpg 1920w\" sizes=\"auto, (max-width: 1024px) 100vw, 1024px\"><\/figure>\n\n\n\n<p>Vallikivid Vatla maalinna valli harjale tehtud kaevandis. Foto HeikI <a>Valk<\/a><\/p>\n\n\n\n<hr class=\"wp-block-separator has-alpha-channel-opacity\">\n\n\n\n<p><a id=\"_msocom_1\"><\/a><\/p>\n\n\n\n<p><\/p>\n","protected":false},"excerpt":{"rendered":"<p>VATLA MAALINN Proovikaevamised Vatla maalinnas Heiki Valk Tartu \u00dclikool Vatla maalinn asub L\u00e4\u00e4nemaal Karuse kihelkonnas. See sarnaneb Saaremaa ringvall-linnustega, kuid on v\u00e4iksem ning v\u00f5is suuruse p\u00f5hjal otsustades olla \u00fche muinaskihelkonna kants. Kuigi linnusekohta on arheoloogiliselt pisut uuritud enne 1895. aasta &#8230;<\/p>\n","protected":false},"author":798,"featured_media":0,"parent":0,"menu_order":0,"comment_status":"closed","ping_status":"closed","template":"","meta":{"_acf_changed":false,"inline_featured_image":false,"footnotes":""},"class_list":["post-237","page","type-page","status-publish","hentry"],"acf":[],"_links":{"self":[{"href":"https:\/\/sisu.ut.ee\/esterra\/wp-json\/wp\/v2\/pages\/237","targetHints":{"allow":["GET"]}}],"collection":[{"href":"https:\/\/sisu.ut.ee\/esterra\/wp-json\/wp\/v2\/pages"}],"about":[{"href":"https:\/\/sisu.ut.ee\/esterra\/wp-json\/wp\/v2\/types\/page"}],"author":[{"embeddable":true,"href":"https:\/\/sisu.ut.ee\/esterra\/wp-json\/wp\/v2\/users\/798"}],"replies":[{"embeddable":true,"href":"https:\/\/sisu.ut.ee\/esterra\/wp-json\/wp\/v2\/comments?post=237"}],"version-history":[{"count":5,"href":"https:\/\/sisu.ut.ee\/esterra\/wp-json\/wp\/v2\/pages\/237\/revisions"}],"predecessor-version":[{"id":580,"href":"https:\/\/sisu.ut.ee\/esterra\/wp-json\/wp\/v2\/pages\/237\/revisions\/580"}],"wp:attachment":[{"href":"https:\/\/sisu.ut.ee\/esterra\/wp-json\/wp\/v2\/media?parent=237"}],"curies":[{"name":"wp","href":"https:\/\/api.w.org\/{rel}","templated":true}]}}