{"id":235,"date":"2025-02-28T12:34:16","date_gmt":"2025-02-28T10:34:16","guid":{"rendered":"https:\/\/sisu.ut.ee\/esterra\/?page_id=235"},"modified":"2025-03-07T13:14:36","modified_gmt":"2025-03-07T11:14:36","slug":"saastna-kabel","status":"publish","type":"page","link":"https:\/\/sisu.ut.ee\/esterra\/saastna-kabel\/","title":{"rendered":"Saastna kabel"},"content":{"rendered":"<p>Heiki Valk, Tartu \u00dclikool<\/p>\n\n\n\n<p>2023. aasta suvel j\u00e4tkusid koost\u00f6\u00f6s sihtasutusega L\u00e4\u00e4nemaa Muuseumid ja projektiga \u201eNidarosist Novgorodi\u201c aasta varem alanud kaevamised L\u00e4\u00e4nemaal Saastna kabeli varemetes. Aasta varem oli l\u00e4bi kaevatud p\u00fcha Olavi kabeli idaots ja v\u00e4lja puhastatud selle alusm\u00fc\u00fcride j\u00e4\u00e4nused ning alustatud l\u00e4\u00e4neotsa v\u00e4lisk\u00fclje lahtikaevamist varingurusudest.<\/p>\n\n\n\n<p>Uuel hooajal laiendati eelmisel aastal kabeli idaotsa tehtud kaevandit p\u00f5hja poole, kuhu j\u00e4tkusid arvukad ohvrim\u00fcndid. Selgus, et seal on olnud v\u00e4ike k\u00f5rvalruum, kus oli silmapaistvalt palju 16.-17. sajandi ohvrim\u00fcnte. T\u00f5en\u00e4oliselt on siin asunud k\u00f5rvalaltar. Kabelivare l\u00e4\u00e4neotsa v\u00e4lisk\u00fclje keskel puhastati v\u00e4lja l\u00e4\u00e4neseinast eenduv nelinurkne u 1,5 x 2 m m\u00f5\u00f5tmetega  m\u00fc\u00fcriosa \u2013 n\u00e4htavasti tugipiilari p\u00f5hi. Sai selgeks, et hoone l\u00e4\u00e4nek\u00fcljel ust ei olnud. M\u00fcndileidude p\u00f5hjal on kivikabel ehitatud 14. ja 15. sajandi vahetuse paiku. Esialgne oletus, et ehk on kabel rajatud 12. v\u00f5i 13. sajandil, kinnitust ei leidnud.<\/p>\n\n\n\n<p>Kabeli l\u00f5unak\u00fcljele transhees tuli n\u00e4htavale k\u00fcmmekond luustikku 16.-17. sajandist. Kabelivaremetesse oli n\u00e4htavasti P\u00f5hjas\u00f5ja ajal maetud mees, kelle mittetalupoeglikule staatusest andsid tunnistust saabaste raudpandlad, klaaskaunistustega n\u00f6\u00f6bid ja n\u00e4pitsprillid.<\/p>\n\n\n\n<figure class=\"wp-block-image size-large\"><img loading=\"lazy\" decoding=\"async\" width=\"1024\" height=\"678\" src=\"https:\/\/sisu.ut.ee\/wp-content\/uploads\/sites\/625\/DSC_2943-1024x678.jpg\" alt=\"\" class=\"wp-image-362\" srcset=\"https:\/\/sisu.ut.ee\/wp-content\/uploads\/sites\/625\/DSC_2943-1024x678.jpg 1024w, https:\/\/sisu.ut.ee\/wp-content\/uploads\/sites\/625\/DSC_2943-300x199.jpg 300w, https:\/\/sisu.ut.ee\/wp-content\/uploads\/sites\/625\/DSC_2943-768x509.jpg 768w, https:\/\/sisu.ut.ee\/wp-content\/uploads\/sites\/625\/DSC_2943-1536x1017.jpg 1536w, https:\/\/sisu.ut.ee\/wp-content\/uploads\/sites\/625\/DSC_2943-2048x1356.jpg 2048w, https:\/\/sisu.ut.ee\/wp-content\/uploads\/sites\/625\/DSC_2943-1920x1272.jpg 1920w\" sizes=\"auto, (max-width: 1024px) 100vw, 1024px\"><\/figure>\n\n\n\n<p>Kaevamised Saastna kabeli varemetes<\/p>\n\n\n\n<figure class=\"wp-block-image size-large\"><img loading=\"lazy\" decoding=\"async\" width=\"1024\" height=\"678\" src=\"https:\/\/sisu.ut.ee\/wp-content\/uploads\/sites\/625\/DSC_0637-1024x678.jpg\" alt=\"\" class=\"wp-image-359\" srcset=\"https:\/\/sisu.ut.ee\/wp-content\/uploads\/sites\/625\/DSC_0637-1024x678.jpg 1024w, https:\/\/sisu.ut.ee\/wp-content\/uploads\/sites\/625\/DSC_0637-300x199.jpg 300w, https:\/\/sisu.ut.ee\/wp-content\/uploads\/sites\/625\/DSC_0637-768x509.jpg 768w, https:\/\/sisu.ut.ee\/wp-content\/uploads\/sites\/625\/DSC_0637-1536x1017.jpg 1536w, https:\/\/sisu.ut.ee\/wp-content\/uploads\/sites\/625\/DSC_0637-2048x1356.jpg 2048w, https:\/\/sisu.ut.ee\/wp-content\/uploads\/sites\/625\/DSC_0637-1920x1272.jpg 1920w\" sizes=\"auto, (max-width: 1024px) 100vw, 1024px\"><\/figure>\n\n\n\n<p>Kabeli l\u00e4\u00e4neotsas avastatud kividest laotis.<\/p>\n\n\n\n<figure class=\"wp-block-image size-large\"><img loading=\"lazy\" decoding=\"async\" width=\"1024\" height=\"678\" src=\"https:\/\/sisu.ut.ee\/wp-content\/uploads\/sites\/625\/DSC_0968-1024x678.jpg\" alt=\"\" class=\"wp-image-355\" srcset=\"https:\/\/sisu.ut.ee\/wp-content\/uploads\/sites\/625\/DSC_0968-1024x678.jpg 1024w, https:\/\/sisu.ut.ee\/wp-content\/uploads\/sites\/625\/DSC_0968-300x199.jpg 300w, https:\/\/sisu.ut.ee\/wp-content\/uploads\/sites\/625\/DSC_0968-768x509.jpg 768w, https:\/\/sisu.ut.ee\/wp-content\/uploads\/sites\/625\/DSC_0968-1536x1017.jpg 1536w, https:\/\/sisu.ut.ee\/wp-content\/uploads\/sites\/625\/DSC_0968-2048x1356.jpg 2048w, https:\/\/sisu.ut.ee\/wp-content\/uploads\/sites\/625\/DSC_0968-1920x1272.jpg 1920w\" sizes=\"auto, (max-width: 1024px) 100vw, 1024px\"><\/figure>\n\n\n\n<p>Kaevamised Saastna kabeli varemetes.<\/p>\n\n\n\n<figure class=\"wp-block-image size-large is-resized\"><img loading=\"lazy\" decoding=\"async\" width=\"1024\" height=\"678\" src=\"https:\/\/sisu.ut.ee\/wp-content\/uploads\/sites\/625\/DSC_3296-1024x678.jpg\" alt=\"\" class=\"wp-image-356\" style=\"width:1029px;height:auto\" srcset=\"https:\/\/sisu.ut.ee\/wp-content\/uploads\/sites\/625\/DSC_3296-1024x678.jpg 1024w, https:\/\/sisu.ut.ee\/wp-content\/uploads\/sites\/625\/DSC_3296-300x199.jpg 300w, https:\/\/sisu.ut.ee\/wp-content\/uploads\/sites\/625\/DSC_3296-768x509.jpg 768w, https:\/\/sisu.ut.ee\/wp-content\/uploads\/sites\/625\/DSC_3296-1536x1017.jpg 1536w, https:\/\/sisu.ut.ee\/wp-content\/uploads\/sites\/625\/DSC_3296-2048x1356.jpg 2048w, https:\/\/sisu.ut.ee\/wp-content\/uploads\/sites\/625\/DSC_3296-1920x1272.jpg 1920w\" sizes=\"auto, (max-width: 1024px) 100vw, 1024px\"><\/figure>\n\n\n\n<p>Teabep\u00e4ev Saastna kabeli asukohas.<\/p>\n","protected":false},"excerpt":{"rendered":"<p>Heiki Valk, Tartu \u00dclikool 2023. aasta suvel j\u00e4tkusid koost\u00f6\u00f6s sihtasutusega L\u00e4\u00e4nemaa Muuseumid ja projektiga \u201eNidarosist Novgorodi\u201c aasta varem alanud kaevamised L\u00e4\u00e4nemaal Saastna kabeli varemetes. Aasta varem oli l\u00e4bi kaevatud p\u00fcha Olavi kabeli idaots ja v\u00e4lja puhastatud selle alusm\u00fc\u00fcride j\u00e4\u00e4nused ning &#8230;<\/p>\n","protected":false},"author":798,"featured_media":0,"parent":0,"menu_order":0,"comment_status":"closed","ping_status":"closed","template":"","meta":{"_acf_changed":false,"inline_featured_image":false,"footnotes":""},"class_list":["post-235","page","type-page","status-publish","hentry"],"acf":[],"_links":{"self":[{"href":"https:\/\/sisu.ut.ee\/esterra\/wp-json\/wp\/v2\/pages\/235","targetHints":{"allow":["GET"]}}],"collection":[{"href":"https:\/\/sisu.ut.ee\/esterra\/wp-json\/wp\/v2\/pages"}],"about":[{"href":"https:\/\/sisu.ut.ee\/esterra\/wp-json\/wp\/v2\/types\/page"}],"author":[{"embeddable":true,"href":"https:\/\/sisu.ut.ee\/esterra\/wp-json\/wp\/v2\/users\/798"}],"replies":[{"embeddable":true,"href":"https:\/\/sisu.ut.ee\/esterra\/wp-json\/wp\/v2\/comments?post=235"}],"version-history":[{"count":6,"href":"https:\/\/sisu.ut.ee\/esterra\/wp-json\/wp\/v2\/pages\/235\/revisions"}],"predecessor-version":[{"id":578,"href":"https:\/\/sisu.ut.ee\/esterra\/wp-json\/wp\/v2\/pages\/235\/revisions\/578"}],"wp:attachment":[{"href":"https:\/\/sisu.ut.ee\/esterra\/wp-json\/wp\/v2\/media?parent=235"}],"curies":[{"name":"wp","href":"https:\/\/api.w.org\/{rel}","templated":true}]}}