{"id":233,"date":"2025-02-28T12:33:58","date_gmt":"2025-02-28T10:33:58","guid":{"rendered":"https:\/\/sisu.ut.ee\/esterra\/?page_id=233"},"modified":"2025-02-28T16:56:12","modified_gmt":"2025-02-28T14:56:12","slug":"rosma-linnamagi","status":"publish","type":"page","link":"https:\/\/sisu.ut.ee\/esterra\/rosma-linnamagi\/","title":{"rendered":"Rosma linnam\u00e4gi"},"content":{"rendered":"<p>P\u00f5lenud viljahoidla Rosma linnam\u00e4el<\/p>\n\n\n\n<p>Margarita Gadal\u0161ina, Heiki Valk<\/p>\n\n\n\n<p>Tartu \u00dclikool<\/p>\n\n\n\n<p>P\u00f5lva l\u00e4histel asuva Rosma linnam\u00e4e p\u00f5hjapoolses otsas asub enam kui k\u00fcmne meetrise l\u00e4bim\u00f5\u00f5duga ja kuni meetri s\u00fcgavune lohk, mida pikka aega peeti kaevukohaks. Paiga uurimist alustati 2022. aastal. Siis selgus, et tegemist on hoopis m\u00e4elael olevasse n\u00f5lvasse s\u00fcvendatud hoone asemega.<\/p>\n\n\n\n<p>Uuringud j\u00e4tkusid 2023. ja 2024 aastal. Selgus, et hoone on olnud umbes 50 ruutmeetri suurune ja selle p\u00f5hi j\u00e4i maapinnast kuni 1,3 meetri s\u00fcgavusele. V\u00e4lja puhastati \u00a0ehitise ligi 7,4 meetri pikkune l\u00e4\u00e4nesein, edelanurk ja osa l\u00f5unaseina (pilt 1). Hoone oli ehitatud 3\u20134 sentimeetri paksustest ja kuni 20 sentimeetri laiustest kisklaudadest (pilt 2), katusealuse palgirea peened palgid olid seotud koerakaelatapiga (pilt 3). P\u00f5lenud savit\u00fckid lubavad arvata, et hoone seinad olid osalt m\u00e4\u00e4ritud saviga. Arvatavasti oli ehitis laastukatusega \u2013 sellele viitavad mitmed p\u00f5lenud laastude kogumid.<\/p>\n\n\n\n<p>Hoone p\u00f5hja katvas n\u00f5giliiva kihis oli rohkesti p\u00f5lenud vilja. P\u00e4rast pesemist ja kuivatamist oli kergeid s\u00f6estunud rukki- ja odrateri kokku ligi 3 kilo. Kuna p\u00f5lenud vilja sisaldav s\u00f6ekiht oli v\u00e4ga eba\u00fchtlasel s\u00fcgavustel, on ehitisel ilmselt olnud kas kisklaudadest v\u00f5i \u00fcmaratest lattidest p\u00f5rand. \u00d5huvahe maapinnaga oli vajalik selleks, et arvatavasti kottides olnud vili ei l\u00e4heks niiskuse t\u00f5ttu hallitama. Hoone sisemusest ei saadud \u00fchtegi selle kasutusajast p\u00e4rinevat leidu. S\u00f5elumisel leiti vaid k\u00e4sitsi tehtud savin\u00f5ude kilde, mis p\u00e4rinesid varasemast ajast ja olid s\u00fcvendisse \u00fcmbrusest varisenud erosiooni toimel.<\/p>\n\n\n\n<p>Viljahoidla on linnusest tunduvalt hilisem. \u00dchest viljaterast ja \u00fche tuki v\u00e4listest aastar\u00f5ngastest tehtud proovi \u00fchisosa j\u00e4\u00e4b aastate 1306\u20131326 v\u00f5i 1352\u20131394 vahemikku. V\u00f5imalik, et tegemist on talupoegade maksuviljaga, mida toodi m\u00e4ele vana traditsiooni kohaselt ka veel kaua p\u00e4rast linnuse h\u00e4vimist. Kuna vilja leidus laiguti, eripaksuses kogumitena, j\u00e4i mulje, et suurem osa sellest oli j\u00f5utud tulest v\u00e4lja viia. N\u00e4htavasti oli vili lahtistes kottides ja kotid \u00fcsna t\u00e4is, mist\u00f5ttu arvestatav kogus vilja pudenes maha.<\/p>\n\n\n\n<p>Vili oli seisnud hoones piisavalt kaua selleks, et ligi t\u00f5mmata hiiri. Hoone alt leiti kolm s\u00f6estunud viljaga t\u00e4idetud hiireauku, kuid v\u00e4ikesed targad loomad olid n\u00e4htavasti osanud end h\u00e4vingust p\u00e4\u00e4sta.<\/p>\n\n\n\n<p>Lisaks tehti 2024. aastal m\u00e4ele kolm v\u00e4iksemat kaevandit, lootuses leida 13. sajandi vallutuss\u00f5dade ajast p\u00e4rit asustusj\u00e4lgi \u2013 ilmselt just sellel ajal on tehtud suuri mullat\u00f6id \u2013 n\u00f5lvu j\u00e4rsumaks kaevatud ja ehitatud singvall \u00fcmber m\u00e4e serva. Kusagilt ei \u00f5nnestunud leida \u00fchtegi sellest ajastust p\u00e4rinevat savin\u00f5ukildu. Kilde k\u00fcll liivast v\u00e4lja s\u00f5eluti, kuid need p\u00e4rinevad viikingiajast v\u00f5i on veelgi varasemad. Ka negatiivne tulemus on tulemus: ilmselt on linnus olnud kasutusel nii l\u00fchikest aega, et seda pole j\u00f5utud kasutama hakata. Pole v\u00f5imatu, et see h\u00e4vis tules juba enne t\u00e4ielikku valmimist.<\/p>\n\n\n\n<figure class=\"wp-block-image size-large\"><img loading=\"lazy\" decoding=\"async\" width=\"678\" height=\"1024\" src=\"https:\/\/sisu.ut.ee\/wp-content\/uploads\/sites\/625\/Pilt-1.-Hoone-uldvaade.DSC_5230-678x1024.jpg\" alt=\"\" class=\"wp-image-291\" srcset=\"https:\/\/sisu.ut.ee\/wp-content\/uploads\/sites\/625\/Pilt-1.-Hoone-uldvaade.DSC_5230-678x1024.jpg 678w, https:\/\/sisu.ut.ee\/wp-content\/uploads\/sites\/625\/Pilt-1.-Hoone-uldvaade.DSC_5230-199x300.jpg 199w, https:\/\/sisu.ut.ee\/wp-content\/uploads\/sites\/625\/Pilt-1.-Hoone-uldvaade.DSC_5230-768x1160.jpg 768w, https:\/\/sisu.ut.ee\/wp-content\/uploads\/sites\/625\/Pilt-1.-Hoone-uldvaade.DSC_5230-1017x1536.jpg 1017w, https:\/\/sisu.ut.ee\/wp-content\/uploads\/sites\/625\/Pilt-1.-Hoone-uldvaade.DSC_5230-1356x2048.jpg 1356w, https:\/\/sisu.ut.ee\/wp-content\/uploads\/sites\/625\/Pilt-1.-Hoone-uldvaade.DSC_5230-1920x2899.jpg 1920w, https:\/\/sisu.ut.ee\/wp-content\/uploads\/sites\/625\/Pilt-1.-Hoone-uldvaade.DSC_5230-scaled.jpg 1696w\" sizes=\"auto, (max-width: 678px) 100vw, 678px\"><\/figure>\n\n\n\n<p>Pilt 1. P\u00f5lenud hoone j\u00e4\u00e4nused Rosma linnam\u00e4el. Foto: Heiki Valk<\/p>\n\n\n\n<figure class=\"wp-block-image size-large\"><img loading=\"lazy\" decoding=\"async\" width=\"1024\" height=\"678\" src=\"https:\/\/sisu.ut.ee\/wp-content\/uploads\/sites\/625\/Pilt-2.-Koerakael.-DSC_7496-1024x678.jpg\" alt=\"\" class=\"wp-image-293\" srcset=\"https:\/\/sisu.ut.ee\/wp-content\/uploads\/sites\/625\/Pilt-2.-Koerakael.-DSC_7496-1024x678.jpg 1024w, https:\/\/sisu.ut.ee\/wp-content\/uploads\/sites\/625\/Pilt-2.-Koerakael.-DSC_7496-300x199.jpg 300w, https:\/\/sisu.ut.ee\/wp-content\/uploads\/sites\/625\/Pilt-2.-Koerakael.-DSC_7496-768x509.jpg 768w, https:\/\/sisu.ut.ee\/wp-content\/uploads\/sites\/625\/Pilt-2.-Koerakael.-DSC_7496-1536x1017.jpg 1536w, https:\/\/sisu.ut.ee\/wp-content\/uploads\/sites\/625\/Pilt-2.-Koerakael.-DSC_7496-2048x1356.jpg 2048w, https:\/\/sisu.ut.ee\/wp-content\/uploads\/sites\/625\/Pilt-2.-Koerakael.-DSC_7496-1920x1272.jpg 1920w\" sizes=\"auto, (max-width: 1024px) 100vw, 1024px\"><\/figure>\n\n\n\n<p>Pilt 2. \u201cKoerakaelaga\u201d seotud \u00fclemised palgid hoone edelanurgas. Foto: Heiki Valk<\/p>\n\n\n\n<figure class=\"wp-block-image size-large\"><img loading=\"lazy\" decoding=\"async\" width=\"1024\" height=\"678\" src=\"https:\/\/sisu.ut.ee\/wp-content\/uploads\/sites\/625\/Pilt-3.-KisklauadDSC_5245-1024x678.jpg\" alt=\"\" class=\"wp-image-297\" srcset=\"https:\/\/sisu.ut.ee\/wp-content\/uploads\/sites\/625\/Pilt-3.-KisklauadDSC_5245-1024x678.jpg 1024w, https:\/\/sisu.ut.ee\/wp-content\/uploads\/sites\/625\/Pilt-3.-KisklauadDSC_5245-300x199.jpg 300w, https:\/\/sisu.ut.ee\/wp-content\/uploads\/sites\/625\/Pilt-3.-KisklauadDSC_5245-768x509.jpg 768w, https:\/\/sisu.ut.ee\/wp-content\/uploads\/sites\/625\/Pilt-3.-KisklauadDSC_5245-1536x1017.jpg 1536w, https:\/\/sisu.ut.ee\/wp-content\/uploads\/sites\/625\/Pilt-3.-KisklauadDSC_5245-2048x1356.jpg 2048w, https:\/\/sisu.ut.ee\/wp-content\/uploads\/sites\/625\/Pilt-3.-KisklauadDSC_5245-1920x1272.jpg 1920w\" sizes=\"auto, (max-width: 1024px) 100vw, 1024px\"><\/figure>\n\n\n\n<p>Pilt 3. Hoone seinteks olnud kisklaudade j\u00e4\u00e4nused. Foto: Heiki Valk<\/p>\n\n\n\n<figure class=\"wp-block-image size-large is-resized\"><img loading=\"lazy\" decoding=\"async\" width=\"1024\" height=\"678\" src=\"https:\/\/sisu.ut.ee\/wp-content\/uploads\/sites\/625\/Hiire-viljavarud-DSC_7168-1024x678.jpg\" alt=\"\" class=\"wp-image-299\" style=\"width:1268px;height:auto\" srcset=\"https:\/\/sisu.ut.ee\/wp-content\/uploads\/sites\/625\/Hiire-viljavarud-DSC_7168-1024x678.jpg 1024w, https:\/\/sisu.ut.ee\/wp-content\/uploads\/sites\/625\/Hiire-viljavarud-DSC_7168-300x199.jpg 300w, https:\/\/sisu.ut.ee\/wp-content\/uploads\/sites\/625\/Hiire-viljavarud-DSC_7168-768x509.jpg 768w, https:\/\/sisu.ut.ee\/wp-content\/uploads\/sites\/625\/Hiire-viljavarud-DSC_7168-1536x1017.jpg 1536w, https:\/\/sisu.ut.ee\/wp-content\/uploads\/sites\/625\/Hiire-viljavarud-DSC_7168-2048x1356.jpg 2048w, https:\/\/sisu.ut.ee\/wp-content\/uploads\/sites\/625\/Hiire-viljavarud-DSC_7168-1920x1272.jpg 1920w\" sizes=\"auto, (max-width: 1024px) 100vw, 1024px\"><\/figure>\n\n\n\n<p>Pilt 4. P\u00f5lenud vili hiireaugus hoone p\u00f5randa all. Foto: Heiki Valk<\/p>\n\n\n\n<figure class=\"wp-block-image size-large is-resized\"><img loading=\"lazy\" decoding=\"async\" width=\"1024\" height=\"678\" src=\"https:\/\/sisu.ut.ee\/wp-content\/uploads\/sites\/625\/DSC_9730-1024x678.jpg\" alt=\"\" class=\"wp-image-303\" style=\"width:1268px;height:auto\" srcset=\"https:\/\/sisu.ut.ee\/wp-content\/uploads\/sites\/625\/DSC_9730-1024x678.jpg 1024w, https:\/\/sisu.ut.ee\/wp-content\/uploads\/sites\/625\/DSC_9730-300x199.jpg 300w, https:\/\/sisu.ut.ee\/wp-content\/uploads\/sites\/625\/DSC_9730-768x509.jpg 768w, https:\/\/sisu.ut.ee\/wp-content\/uploads\/sites\/625\/DSC_9730-1536x1017.jpg 1536w, https:\/\/sisu.ut.ee\/wp-content\/uploads\/sites\/625\/DSC_9730-2048x1356.jpg 2048w, https:\/\/sisu.ut.ee\/wp-content\/uploads\/sites\/625\/DSC_9730-1920x1272.jpg 1920w\" sizes=\"auto, (max-width: 1024px) 100vw, 1024px\"><\/figure>\n\n\n\n<p>Proovikaevand linnuse v\u00e4ravakohti \u00fchendava tee \u00e4\u00e4res. Foto Heiki Valk<\/p>\n\n\n\n<figure class=\"wp-block-image size-large\"><img loading=\"lazy\" decoding=\"async\" width=\"1024\" height=\"678\" src=\"https:\/\/sisu.ut.ee\/wp-content\/uploads\/sites\/625\/DSC_3615-1024x678.jpg\" alt=\"\" class=\"wp-image-306\" srcset=\"https:\/\/sisu.ut.ee\/wp-content\/uploads\/sites\/625\/DSC_3615-1024x678.jpg 1024w, https:\/\/sisu.ut.ee\/wp-content\/uploads\/sites\/625\/DSC_3615-300x199.jpg 300w, https:\/\/sisu.ut.ee\/wp-content\/uploads\/sites\/625\/DSC_3615-768x509.jpg 768w, https:\/\/sisu.ut.ee\/wp-content\/uploads\/sites\/625\/DSC_3615-1536x1017.jpg 1536w, https:\/\/sisu.ut.ee\/wp-content\/uploads\/sites\/625\/DSC_3615-2048x1356.jpg 2048w, https:\/\/sisu.ut.ee\/wp-content\/uploads\/sites\/625\/DSC_3615-1920x1272.jpg 1920w\" sizes=\"auto, (max-width: 1024px) 100vw, 1024px\"><\/figure>\n\n\n\n<p>Kaevand linnuse p\u00f5hjapoolses otsas. Foto Heiki Valk<\/p>\n","protected":false},"excerpt":{"rendered":"<p>P\u00f5lenud viljahoidla Rosma linnam\u00e4el Margarita Gadal\u0161ina, Heiki Valk Tartu \u00dclikool P\u00f5lva l\u00e4histel asuva Rosma linnam\u00e4e p\u00f5hjapoolses otsas asub enam kui k\u00fcmne meetrise l\u00e4bim\u00f5\u00f5duga ja kuni meetri s\u00fcgavune lohk, mida pikka aega peeti kaevukohaks. Paiga uurimist alustati 2022. aastal. Siis selgus, &#8230;<\/p>\n","protected":false},"author":798,"featured_media":0,"parent":0,"menu_order":0,"comment_status":"closed","ping_status":"closed","template":"","meta":{"_acf_changed":false,"inline_featured_image":false,"footnotes":""},"class_list":["post-233","page","type-page","status-publish","hentry"],"acf":[],"_links":{"self":[{"href":"https:\/\/sisu.ut.ee\/esterra\/wp-json\/wp\/v2\/pages\/233","targetHints":{"allow":["GET"]}}],"collection":[{"href":"https:\/\/sisu.ut.ee\/esterra\/wp-json\/wp\/v2\/pages"}],"about":[{"href":"https:\/\/sisu.ut.ee\/esterra\/wp-json\/wp\/v2\/types\/page"}],"author":[{"embeddable":true,"href":"https:\/\/sisu.ut.ee\/esterra\/wp-json\/wp\/v2\/users\/798"}],"replies":[{"embeddable":true,"href":"https:\/\/sisu.ut.ee\/esterra\/wp-json\/wp\/v2\/comments?post=233"}],"version-history":[{"count":13,"href":"https:\/\/sisu.ut.ee\/esterra\/wp-json\/wp\/v2\/pages\/233\/revisions"}],"predecessor-version":[{"id":310,"href":"https:\/\/sisu.ut.ee\/esterra\/wp-json\/wp\/v2\/pages\/233\/revisions\/310"}],"wp:attachment":[{"href":"https:\/\/sisu.ut.ee\/esterra\/wp-json\/wp\/v2\/media?parent=233"}],"curies":[{"name":"wp","href":"https:\/\/api.w.org\/{rel}","templated":true}]}}