{"id":21,"date":"2024-04-04T08:38:14","date_gmt":"2024-04-04T05:38:14","guid":{"rendered":"https:\/\/sisu.ut.ee\/esterra\/avaleht\/"},"modified":"2025-06-16T00:50:26","modified_gmt":"2025-06-15T21:50:26","slug":"avaleht","status":"publish","type":"page","link":"https:\/\/sisu.ut.ee\/esterra\/","title":{"rendered":"Avaleht"},"content":{"rendered":"<p dir=\"ltr\"><b id=\"docs-internal-guid-c7080e7a-7fff-5f2d-6825-c51b4111d667\">Eesti 12.\u201314. sajandil: kohalik \u00fchiskond, traditsioonid ja kultuur muutuste ajastul<\/b><\/p>\n<p dir=\"ltr\"><b id=\"docs-internal-guid-c7080e7a-7fff-5f2d-6825-c51b4111d667\">Arheoloogilistel, kirjalikel ja visuaalsetel allikatel p\u00f5hinev interdistsiplinaarne projekt uurib Eesti ajalugu \u00fcleminekul muinasajast keskaega, keskendudes eestlaste ajaloole 12.\u201314. sajandil. Vaatluse all on kohaliku \u00fchiskonna, traditsioonide ja kultuuri j\u00e4rjepidevus enne ja p\u00e4rast vallutust, aga ka vallutusj\u00e4rgsete muutuste iseloom, ulatus, kiirus ja l\u00e4htekohad. Uurimisk\u00fcsimused h\u00f5lmavad:\u00a0<\/b><\/p>\n<p dir=\"ltr\"><b id=\"docs-internal-guid-c7080e7a-7fff-5f2d-6825-c51b4111d667\">1) \u00fchiskonda ja v\u00f5imu (eesti soost vasallid),\u00a0<\/b><\/p>\n<p dir=\"ltr\"><b id=\"docs-internal-guid-c7080e7a-7fff-5f2d-6825-c51b4111d667\">2) asustust ja keskusi (linnused ja k\u00fclad, vasallilinnuste ja linnade teke),\u00a0<\/b><\/p>\n<p dir=\"ltr\"><b id=\"docs-internal-guid-c7080e7a-7fff-5f2d-6825-c51b4111d667\">3) k\u00e4sit\u00f6\u00f6d (muinastraditsioonide p\u00fcsimine),\u00a0<\/b><\/p>\n<p dir=\"ltr\"><b id=\"docs-internal-guid-c7080e7a-7fff-5f2d-6825-c51b4111d667\">4) rahvastiku ajalugu ja etnilisi kontakte (eestlased linnades, vana DNA uuringud, olustiku kajastused inimluudel),\u00a0<\/b><\/p>\n<p dir=\"ltr\"><b id=\"docs-internal-guid-c7080e7a-7fff-5f2d-6825-c51b4111d667\">5) kultuuri ja usundit (kalmistud, kirikud, kabelid, looduslikud p\u00fchapaigad).\u00a0<\/b><\/p>\n<p dir=\"ltr\"><b id=\"docs-internal-guid-c7080e7a-7fff-5f2d-6825-c51b4111d667\">Toimuvad arheoloogilised v\u00e4litood v\u00f5tmet\u00e4hendusega muististel. K\u00e4sitlemist leiavad Eesti sisesed piirkondlikud erinevused, eesk\u00e4tt meresidusate maakondade ja sisemaa vahel. Projekti eesm\u00e4rk on saada uusi teadmisi eestlaste ja Eesti ajaloost suurte muutuste ajastul, samuti kohaliku rahva osast keskaegse Liivimaa kujunemisloos.<\/b><\/p>\n<p dir=\"ltr\"><strong> Projekti akron\u00fc\u00fcm Esterra tuleneb s\u00f5nadest <em>Estonia<\/em> ja <em>terra. <\/em>Viimane t\u00e4hendab ladina keeles \u201cmaad\u201d. <\/strong><\/p>\n<p><img loading=\"lazy\" decoding=\"async\" class=\"wp-image-24 aligncenter\" src=\"https:\/\/sisu.ut.ee\/wp-content\/uploads\/sites\/625\/esterra_logo_rgb_hall_punane-231x300.png\" alt=\"\" width=\"247\" height=\"320\" srcset=\"https:\/\/sisu.ut.ee\/wp-content\/uploads\/sites\/625\/esterra_logo_rgb_hall_punane-231x300.png 231w, https:\/\/sisu.ut.ee\/wp-content\/uploads\/sites\/625\/esterra_logo_rgb_hall_punane-788x1024.png 788w, https:\/\/sisu.ut.ee\/wp-content\/uploads\/sites\/625\/esterra_logo_rgb_hall_punane-768x998.png 768w, https:\/\/sisu.ut.ee\/wp-content\/uploads\/sites\/625\/esterra_logo_rgb_hall_punane.png 1181w\" sizes=\"auto, (max-width: 247px) 100vw, 247px\"><\/p>\n\n\n<figure class=\"wp-block-gallery has-nested-images columns-3 is-cropped wp-block-gallery-1 is-layout-flex wp-block-gallery-is-layout-flex\"><\/figure>\n","protected":false},"excerpt":{"rendered":"<p>Eesti 12.\u201314. sajandil: kohalik \u00fchiskond, traditsioonid ja kultuur muutuste ajastul Arheoloogilistel, kirjalikel ja visuaalsetel allikatel p\u00f5hinev interdistsiplinaarne projekt uurib Eesti ajalugu \u00fcleminekul muinasajast keskaega, keskendudes eestlaste ajaloole 12.\u201314. sajandil. Vaatluse all on kohaliku \u00fchiskonna, traditsioonide ja kultuuri j\u00e4rjepidevus enne ja &#8230;<\/p>\n","protected":false},"author":312,"featured_media":0,"parent":0,"menu_order":0,"comment_status":"closed","ping_status":"closed","template":"","meta":{"_acf_changed":false,"inline_featured_image":false,"footnotes":""},"class_list":["post-21","page","type-page","status-publish","hentry"],"acf":[],"_links":{"self":[{"href":"https:\/\/sisu.ut.ee\/esterra\/wp-json\/wp\/v2\/pages\/21","targetHints":{"allow":["GET"]}}],"collection":[{"href":"https:\/\/sisu.ut.ee\/esterra\/wp-json\/wp\/v2\/pages"}],"about":[{"href":"https:\/\/sisu.ut.ee\/esterra\/wp-json\/wp\/v2\/types\/page"}],"author":[{"embeddable":true,"href":"https:\/\/sisu.ut.ee\/esterra\/wp-json\/wp\/v2\/users\/312"}],"replies":[{"embeddable":true,"href":"https:\/\/sisu.ut.ee\/esterra\/wp-json\/wp\/v2\/comments?post=21"}],"version-history":[{"count":6,"href":"https:\/\/sisu.ut.ee\/esterra\/wp-json\/wp\/v2\/pages\/21\/revisions"}],"predecessor-version":[{"id":688,"href":"https:\/\/sisu.ut.ee\/esterra\/wp-json\/wp\/v2\/pages\/21\/revisions\/688"}],"wp:attachment":[{"href":"https:\/\/sisu.ut.ee\/esterra\/wp-json\/wp\/v2\/media?parent=21"}],"curies":[{"name":"wp","href":"https:\/\/api.w.org\/{rel}","templated":true}]}}