{"id":18,"date":"2024-04-04T08:38:14","date_gmt":"2024-04-04T05:38:14","guid":{"rendered":"https:\/\/sisu.ut.ee\/esterra\/jooksvad-tegemised-0\/"},"modified":"2025-02-28T16:07:55","modified_gmt":"2025-02-28T14:07:55","slug":"jooksvad-tegemised-0","status":"publish","type":"page","link":"https:\/\/sisu.ut.ee\/esterra\/jooksvad-tegemised-0\/","title":{"rendered":"Ajalookonverents &#8220;Eesti 1200: oma v\u00f5i v\u00f5\u00f5ras&#8221; Eesti Ajaloomuuseumis 4.-5. novembril 2023"},"content":{"rendered":"<h2 class=\"wp-block-heading\"><\/h2>\n\n\n\n<div data-wp-interactive=\"core\/file\" class=\"wp-block-file\"><object data-wp-bind--hidden=\"!state.hasPdfPreview\" hidden class=\"wp-block-file__embed\" data=\"https:\/\/sisu.ut.ee\/wp-content\/uploads\/sites\/625\/konverentsi_kava_A25mm.pdf\" type=\"application\/pdf\" style=\"width:100%;height:600px\" aria-label=\"Lisa konverentsi_kava_A2+5mm.\"><\/object><a id=\"wp-block-file--media-4dab94ee-317c-4465-8178-11ff6fb18f12\" href=\"https:\/\/sisu.ut.ee\/wp-content\/uploads\/sites\/625\/konverentsi_kava_A25mm.pdf\">konverentsi_kava_A2+5mm<\/a><a href=\"https:\/\/sisu.ut.ee\/wp-content\/uploads\/sites\/625\/konverentsi_kava_A25mm.pdf\" class=\"wp-block-file__button wp-element-button\" download aria-describedby=\"wp-block-file--media-4dab94ee-317c-4465-8178-11ff6fb18f12\">Laadi alla<\/a><\/div>\n\n\n\n<p>Konverents on j\u00e4relvaadatav YouTube\u2019ist: <a href=\"https:\/\/www.youtube.com\/playlist?list=PL0TRwA5kpmF5Rgesx_39YlZbK6ZMlFS0f\">https:\/\/www.youtube.com\/playlist?list=PL0TRwA5kpmF5Rgesx_39YlZbK6ZMlFS0f<\/a><\/p>\n","protected":false},"excerpt":{"rendered":"<p>Konverents on j\u00e4relvaadatav YouTube\u2019ist: https:\/\/www.youtube.com\/playlist?list=PL0TRwA5kpmF5Rgesx_39YlZbK6ZMlFS0f<\/p>\n","protected":false},"author":312,"featured_media":0,"parent":0,"menu_order":0,"comment_status":"closed","ping_status":"closed","template":"","meta":{"_acf_changed":false,"inline_featured_image":false,"footnotes":""},"class_list":["post-18","page","type-page","status-publish","hentry"],"acf":[],"_links":{"self":[{"href":"https:\/\/sisu.ut.ee\/esterra\/wp-json\/wp\/v2\/pages\/18","targetHints":{"allow":["GET"]}}],"collection":[{"href":"https:\/\/sisu.ut.ee\/esterra\/wp-json\/wp\/v2\/pages"}],"about":[{"href":"https:\/\/sisu.ut.ee\/esterra\/wp-json\/wp\/v2\/types\/page"}],"author":[{"embeddable":true,"href":"https:\/\/sisu.ut.ee\/esterra\/wp-json\/wp\/v2\/users\/312"}],"replies":[{"embeddable":true,"href":"https:\/\/sisu.ut.ee\/esterra\/wp-json\/wp\/v2\/comments?post=18"}],"version-history":[{"count":5,"href":"https:\/\/sisu.ut.ee\/esterra\/wp-json\/wp\/v2\/pages\/18\/revisions"}],"predecessor-version":[{"id":286,"href":"https:\/\/sisu.ut.ee\/esterra\/wp-json\/wp\/v2\/pages\/18\/revisions\/286"}],"wp:attachment":[{"href":"https:\/\/sisu.ut.ee\/esterra\/wp-json\/wp\/v2\/media?parent=18"}],"curies":[{"name":"wp","href":"https:\/\/api.w.org\/{rel}","templated":true}]}}