{"id":146,"date":"2025-02-27T16:10:46","date_gmt":"2025-02-27T14:10:46","guid":{"rendered":"https:\/\/sisu.ut.ee\/esterra\/?page_id=146"},"modified":"2025-02-28T12:52:26","modified_gmt":"2025-02-28T10:52:26","slug":"ridala-tubrilinn","status":"publish","type":"page","link":"https:\/\/sisu.ut.ee\/esterra\/ridala-tubrilinn\/","title":{"rendered":"Ridala Tubrilinn"},"content":{"rendered":"<p><a><\/a><strong>Kaevamised Ridala Tubrilinna linnusekohas<\/strong><\/p>\n\n\n\n<p>Lisanna-Lee Leiman, Heiki Valk, Tartu \u00dclikool<\/p>\n\n\n\n<p>Ridala Tubrilinn ehk Tubrim\u00e4gi asub L\u00e4\u00e4nemaal Ridala kirikust ligi kilomeetri kaugusel Saanika k\u00fcla maal. V\u00e4ikese, vaid ligi 1000 ruutmeetri suuruse ja v\u00e4ga tugevasti l\u00f5hutud maalinna ringvall on juba 19. sajandil peaaegu t\u00e4iesti ehituskivideks \u00e4ra viidud. Tegemist v\u00f5iks olla L\u00e4ti Henriku kroonikas mainitud Maianpata\/Maianpathe linnusega.<\/p>\n\n\n\n<p>2024. aastal tehti m\u00e4ele kaks kaevandit. L\u00f5unapoolne kaevand kulges l\u00e4bi \u00f5ueala, valli ja selle v\u00e4lisjalami. Vall oli tehtud suurtest, enamasti rohkem kui 50sentimeetrise l\u00e4bim\u00f5\u00f5duga kividest, mille vahel oli t\u00e4iteks mulda ja v\u00e4iksemaid kive. Valli v\u00e4lisjalamil kultuurkihti ei olnud.<\/p>\n\n\n\n<p><a><\/a>P\u00f5hjapoolsest kaevandist valli v\u00e4lisk\u00fcljel avastati ahi, mis on L\u00e4\u00e4nemaal \u00fcks vanemaid. Maakividest ahi oli umbes 1,15 meetri pikkune ja peaaegu meetrilaiune, k\u00fcttekambri m\u00f5\u00f5dud olid 80 \u00d7 60 sentimeetrit. Sellest kavandist leiti veel valliga enamasti risti olevaid tukke, mis v\u00f5isid olla sinna varisenud valli varju ehitatud ja ahjuga maja lae v\u00f5i katuse p\u00f5lemisel.<\/p>\n\n\n\n<p>M\u00f5lemast kaevandist saadi s\u00f5elumisel vaid loomaluid ja savin\u00f5ukilde. Viimased p\u00e4rinevad peamiselt k\u00e4sitsi tehtud n\u00f5udest, kuid veidi leidus ka muinasaja l\u00f5pule viitavat kedrakeraamikat. Radios\u00fcsinikudateeringud n\u00e4itavad, et maja p\u00e4rineb 12. sajandi keskpaiga ja 13. sajandi keskpaiga vahemikust.<\/p>\n\n\n\n<figure class=\"wp-block-gallery has-nested-images columns-default is-cropped wp-block-gallery-1 is-layout-flex wp-block-gallery-is-layout-flex\">\n<figure class=\"wp-block-image size-large is-style-default\"><img loading=\"lazy\" decoding=\"async\" width=\"1024\" height=\"678\" data-id=\"207\" src=\"https:\/\/sisu.ut.ee\/wp-content\/uploads\/sites\/625\/DSC_4498-1024x678.jpg\" alt=\"\" class=\"wp-image-207\" srcset=\"https:\/\/sisu.ut.ee\/wp-content\/uploads\/sites\/625\/DSC_4498-1024x678.jpg 1024w, https:\/\/sisu.ut.ee\/wp-content\/uploads\/sites\/625\/DSC_4498-300x199.jpg 300w, https:\/\/sisu.ut.ee\/wp-content\/uploads\/sites\/625\/DSC_4498-768x509.jpg 768w, https:\/\/sisu.ut.ee\/wp-content\/uploads\/sites\/625\/DSC_4498-1536x1017.jpg 1536w, https:\/\/sisu.ut.ee\/wp-content\/uploads\/sites\/625\/DSC_4498-2048x1356.jpg 2048w, https:\/\/sisu.ut.ee\/wp-content\/uploads\/sites\/625\/DSC_4498-1920x1272.jpg 1920w\" sizes=\"auto, (max-width: 1024px) 100vw, 1024px\"><\/figure>\n\n\n\n<figure class=\"wp-block-image size-large\"><img loading=\"lazy\" decoding=\"async\" width=\"1024\" height=\"678\" data-id=\"187\" src=\"https:\/\/sisu.ut.ee\/wp-content\/uploads\/sites\/625\/DSC_6032-1024x678.jpg\" alt=\"\" class=\"wp-image-187\" srcset=\"https:\/\/sisu.ut.ee\/wp-content\/uploads\/sites\/625\/DSC_6032-1024x678.jpg 1024w, https:\/\/sisu.ut.ee\/wp-content\/uploads\/sites\/625\/DSC_6032-300x199.jpg 300w, https:\/\/sisu.ut.ee\/wp-content\/uploads\/sites\/625\/DSC_6032-768x509.jpg 768w, https:\/\/sisu.ut.ee\/wp-content\/uploads\/sites\/625\/DSC_6032-1536x1017.jpg 1536w, https:\/\/sisu.ut.ee\/wp-content\/uploads\/sites\/625\/DSC_6032-2048x1356.jpg 2048w, https:\/\/sisu.ut.ee\/wp-content\/uploads\/sites\/625\/DSC_6032-1920x1272.jpg 1920w\" sizes=\"auto, (max-width: 1024px) 100vw, 1024px\"><\/figure>\n\n\n\n<figure class=\"wp-block-image size-large\"><img loading=\"lazy\" decoding=\"async\" width=\"1024\" height=\"678\" data-id=\"191\" src=\"https:\/\/sisu.ut.ee\/wp-content\/uploads\/sites\/625\/DSC_7167-1024x678.jpg\" alt=\"\" class=\"wp-image-191\" srcset=\"https:\/\/sisu.ut.ee\/wp-content\/uploads\/sites\/625\/DSC_7167-1024x678.jpg 1024w, https:\/\/sisu.ut.ee\/wp-content\/uploads\/sites\/625\/DSC_7167-300x199.jpg 300w, https:\/\/sisu.ut.ee\/wp-content\/uploads\/sites\/625\/DSC_7167-768x509.jpg 768w, https:\/\/sisu.ut.ee\/wp-content\/uploads\/sites\/625\/DSC_7167-1536x1017.jpg 1536w, https:\/\/sisu.ut.ee\/wp-content\/uploads\/sites\/625\/DSC_7167-2048x1356.jpg 2048w, https:\/\/sisu.ut.ee\/wp-content\/uploads\/sites\/625\/DSC_7167-1920x1272.jpg 1920w\" sizes=\"auto, (max-width: 1024px) 100vw, 1024px\"><\/figure>\n\n\n\n<figure class=\"wp-block-image size-large\"><img loading=\"lazy\" decoding=\"async\" width=\"1024\" height=\"678\" data-id=\"230\" src=\"https:\/\/sisu.ut.ee\/wp-content\/uploads\/sites\/625\/Pilt-4-Ridala-N-kaevandDSC_7364-1024x678.jpg\" alt=\"\" class=\"wp-image-230\" srcset=\"https:\/\/sisu.ut.ee\/wp-content\/uploads\/sites\/625\/Pilt-4-Ridala-N-kaevandDSC_7364-1024x678.jpg 1024w, https:\/\/sisu.ut.ee\/wp-content\/uploads\/sites\/625\/Pilt-4-Ridala-N-kaevandDSC_7364-300x199.jpg 300w, https:\/\/sisu.ut.ee\/wp-content\/uploads\/sites\/625\/Pilt-4-Ridala-N-kaevandDSC_7364-768x509.jpg 768w, https:\/\/sisu.ut.ee\/wp-content\/uploads\/sites\/625\/Pilt-4-Ridala-N-kaevandDSC_7364-1536x1017.jpg 1536w, https:\/\/sisu.ut.ee\/wp-content\/uploads\/sites\/625\/Pilt-4-Ridala-N-kaevandDSC_7364-2048x1356.jpg 2048w, https:\/\/sisu.ut.ee\/wp-content\/uploads\/sites\/625\/Pilt-4-Ridala-N-kaevandDSC_7364-1920x1272.jpg 1920w\" sizes=\"auto, (max-width: 1024px) 100vw, 1024px\"><\/figure>\n\n\n\n<figure class=\"wp-block-image size-large\"><img loading=\"lazy\" decoding=\"async\" width=\"1024\" height=\"678\" data-id=\"202\" src=\"https:\/\/sisu.ut.ee\/wp-content\/uploads\/sites\/625\/DSC_4823-1024x678.jpg\" alt=\"\" class=\"wp-image-202\" srcset=\"https:\/\/sisu.ut.ee\/wp-content\/uploads\/sites\/625\/DSC_4823-1024x678.jpg 1024w, https:\/\/sisu.ut.ee\/wp-content\/uploads\/sites\/625\/DSC_4823-300x199.jpg 300w, https:\/\/sisu.ut.ee\/wp-content\/uploads\/sites\/625\/DSC_4823-768x509.jpg 768w, https:\/\/sisu.ut.ee\/wp-content\/uploads\/sites\/625\/DSC_4823-1536x1017.jpg 1536w, https:\/\/sisu.ut.ee\/wp-content\/uploads\/sites\/625\/DSC_4823-2048x1356.jpg 2048w, https:\/\/sisu.ut.ee\/wp-content\/uploads\/sites\/625\/DSC_4823-1920x1272.jpg 1920w\" sizes=\"auto, (max-width: 1024px) 100vw, 1024px\"><\/figure>\n\n\n\n<figure class=\"wp-block-image size-large\"><img loading=\"lazy\" decoding=\"async\" width=\"1024\" height=\"678\" data-id=\"182\" src=\"https:\/\/sisu.ut.ee\/wp-content\/uploads\/sites\/625\/DSC_5531-1024x678.jpg\" alt=\"\" class=\"wp-image-182\" srcset=\"https:\/\/sisu.ut.ee\/wp-content\/uploads\/sites\/625\/DSC_5531-1024x678.jpg 1024w, https:\/\/sisu.ut.ee\/wp-content\/uploads\/sites\/625\/DSC_5531-300x199.jpg 300w, https:\/\/sisu.ut.ee\/wp-content\/uploads\/sites\/625\/DSC_5531-768x509.jpg 768w, https:\/\/sisu.ut.ee\/wp-content\/uploads\/sites\/625\/DSC_5531-1536x1017.jpg 1536w, https:\/\/sisu.ut.ee\/wp-content\/uploads\/sites\/625\/DSC_5531-2048x1356.jpg 2048w, https:\/\/sisu.ut.ee\/wp-content\/uploads\/sites\/625\/DSC_5531-1920x1272.jpg 1920w\" sizes=\"auto, (max-width: 1024px) 100vw, 1024px\"><\/figure>\n\n\n\n<figure class=\"wp-block-image size-large is-resized\"><img loading=\"lazy\" decoding=\"async\" width=\"678\" height=\"1024\" data-id=\"204\" src=\"https:\/\/sisu.ut.ee\/wp-content\/uploads\/sites\/625\/DSC_5513-678x1024.jpg\" alt=\"\" class=\"wp-image-204\" style=\"width:411px;height:auto\" srcset=\"https:\/\/sisu.ut.ee\/wp-content\/uploads\/sites\/625\/DSC_5513-678x1024.jpg 678w, https:\/\/sisu.ut.ee\/wp-content\/uploads\/sites\/625\/DSC_5513-199x300.jpg 199w, https:\/\/sisu.ut.ee\/wp-content\/uploads\/sites\/625\/DSC_5513-768x1160.jpg 768w, https:\/\/sisu.ut.ee\/wp-content\/uploads\/sites\/625\/DSC_5513-1017x1536.jpg 1017w, https:\/\/sisu.ut.ee\/wp-content\/uploads\/sites\/625\/DSC_5513-1356x2048.jpg 1356w, https:\/\/sisu.ut.ee\/wp-content\/uploads\/sites\/625\/DSC_5513-1920x2899.jpg 1920w, https:\/\/sisu.ut.ee\/wp-content\/uploads\/sites\/625\/DSC_5513-scaled.jpg 1696w\" sizes=\"auto, (max-width: 678px) 100vw, 678px\"><\/figure>\n\n\n\n<figure class=\"wp-block-image size-large\"><img loading=\"lazy\" decoding=\"async\" width=\"1024\" height=\"678\" data-id=\"176\" src=\"https:\/\/sisu.ut.ee\/wp-content\/uploads\/sites\/625\/DSC_6251-1024x678.jpg\" alt=\"\" class=\"wp-image-176\" srcset=\"https:\/\/sisu.ut.ee\/wp-content\/uploads\/sites\/625\/DSC_6251-1024x678.jpg 1024w, https:\/\/sisu.ut.ee\/wp-content\/uploads\/sites\/625\/DSC_6251-300x199.jpg 300w, https:\/\/sisu.ut.ee\/wp-content\/uploads\/sites\/625\/DSC_6251-768x509.jpg 768w, https:\/\/sisu.ut.ee\/wp-content\/uploads\/sites\/625\/DSC_6251-1536x1017.jpg 1536w, https:\/\/sisu.ut.ee\/wp-content\/uploads\/sites\/625\/DSC_6251-2048x1356.jpg 2048w, https:\/\/sisu.ut.ee\/wp-content\/uploads\/sites\/625\/DSC_6251-1920x1272.jpg 1920w\" sizes=\"auto, (max-width: 1024px) 100vw, 1024px\"><\/figure>\n<\/figure>\n","protected":false},"excerpt":{"rendered":"<p>Kaevamised Ridala Tubrilinna linnusekohas Lisanna-Lee Leiman, Heiki Valk, Tartu \u00dclikool Ridala Tubrilinn ehk Tubrim\u00e4gi asub L\u00e4\u00e4nemaal Ridala kirikust ligi kilomeetri kaugusel Saanika k\u00fcla maal. V\u00e4ikese, vaid ligi 1000 ruutmeetri suuruse ja v\u00e4ga tugevasti l\u00f5hutud maalinna ringvall on juba 19. sajandil &#8230;<\/p>\n","protected":false},"author":798,"featured_media":0,"parent":0,"menu_order":0,"comment_status":"closed","ping_status":"closed","template":"","meta":{"_acf_changed":false,"inline_featured_image":false,"footnotes":""},"class_list":["post-146","page","type-page","status-publish","hentry"],"acf":[],"_links":{"self":[{"href":"https:\/\/sisu.ut.ee\/esterra\/wp-json\/wp\/v2\/pages\/146","targetHints":{"allow":["GET"]}}],"collection":[{"href":"https:\/\/sisu.ut.ee\/esterra\/wp-json\/wp\/v2\/pages"}],"about":[{"href":"https:\/\/sisu.ut.ee\/esterra\/wp-json\/wp\/v2\/types\/page"}],"author":[{"embeddable":true,"href":"https:\/\/sisu.ut.ee\/esterra\/wp-json\/wp\/v2\/users\/798"}],"replies":[{"embeddable":true,"href":"https:\/\/sisu.ut.ee\/esterra\/wp-json\/wp\/v2\/comments?post=146"}],"version-history":[{"count":18,"href":"https:\/\/sisu.ut.ee\/esterra\/wp-json\/wp\/v2\/pages\/146\/revisions"}],"predecessor-version":[{"id":260,"href":"https:\/\/sisu.ut.ee\/esterra\/wp-json\/wp\/v2\/pages\/146\/revisions\/260"}],"wp:attachment":[{"href":"https:\/\/sisu.ut.ee\/esterra\/wp-json\/wp\/v2\/media?parent=146"}],"curies":[{"name":"wp","href":"https:\/\/api.w.org\/{rel}","templated":true}]}}