{"id":8,"date":"2024-04-03T23:11:48","date_gmt":"2024-04-03T20:11:48","guid":{"rendered":"https:\/\/sisu.ut.ee\/ester\/teemaotsing-sona-ja-liitotsing\/"},"modified":"2024-10-08T17:22:11","modified_gmt":"2024-10-08T14:22:11","slug":"teemaotsing-sona-ja-liitotsing","status":"publish","type":"page","link":"https:\/\/sisu.ut.ee\/ester\/teemaotsing-sona-ja-liitotsing\/","title":{"rendered":"Teemaotsing. S\u00f5na- ja liitotsing"},"content":{"rendered":"<h3>S\u00f5naotsing<\/h3>\n<p>See on k\u00f5ige laiem v\u00f5imalus mingi teema kohta kirjandust otsida. Sisestatud s\u00f5na v\u00f5i fraasi otsitakse nii autorite, pealkirjade, m\u00e4rks\u00f5nade kui ka m\u00e4rkuste hulgast. Selle otsinguga saate leida ka teoseid, mille kirjetele pole m\u00e4rks\u00f5nu lisatud. Samuti saab sisestada otsinguks v\u00f5\u00f5rkeelseid s\u00f5nu, mille j\u00e4rgi saab leida neid s\u00f5nu sisaldavate pealkirjadega raamatuid. Kataloogi avalehel on alati vaikimisi ees s\u00f5naotsing.<\/p>\n<p><\/p><div class=\"accordion mb-3\">\n        <div class=\"accordion-item accordion-item--white\">\n        <h2 class=\"accordion-header\" id=\"accordion-69d5b14b41808-heading\">\n            <button class=\"accordion-button collapsed\" type=\"button\" data-bs-toggle=\"collapse\" data-bs-target=\"#accordion-69d5b14b41808-collapse\" aria-expanded=\"true\" aria-controls=\"accordion-69d5b14b41808-collapse\">E-kataloogi avaleht <\/button>\n        <\/h2>\n        <div id=\"accordion-69d5b14b41808-collapse\" class=\"accordion-collapse collapse\" aria-labelledby=\"accordion-69d5b14b41808-heading\">\n            <div class=\"accordion-body\"><img loading=\"lazy\" decoding=\"async\" width=\"909\" height=\"219\" class=\"alignnone wp-image-25\" title=\"2015-08-12_13_02_17-e-kataloog_ester.png\" src=\"https:\/\/sisu.ut.ee\/wp-content\/uploads\/sites\/31\/2015-08-12_13_02_17-e-kataloog_ester-1.png\" alt=\"2015-08-12_13_02_17-e-kataloog_ester.png\" srcset=\"https:\/\/sisu.ut.ee\/wp-content\/uploads\/sites\/31\/2015-08-12_13_02_17-e-kataloog_ester-1.png 909w, https:\/\/sisu.ut.ee\/wp-content\/uploads\/sites\/31\/2015-08-12_13_02_17-e-kataloog_ester-1-300x72.png 300w, https:\/\/sisu.ut.ee\/wp-content\/uploads\/sites\/31\/2015-08-12_13_02_17-e-kataloog_ester-1-768x185.png 768w\" sizes=\"auto, (max-width: 909px) 100vw, 909px\"><\/div>\n        <\/div>\n        <\/div>\n    <\/div>\n<p><img loading=\"lazy\" decoding=\"async\" width=\"909\" height=\"219\" class=\"alignnone wp-image-23\" title=\"2015-08-12_13_02_17-e-kataloog_ester.png\" src=\"https:\/\/sisu.ut.ee\/wp-content\/uploads\/sites\/31\/2015-08-12_13_02_17-e-kataloog_ester.png\" alt=\"2015-08-12_13_02_17-e-kataloog_ester.png\" srcset=\"https:\/\/sisu.ut.ee\/wp-content\/uploads\/sites\/31\/2015-08-12_13_02_17-e-kataloog_ester.png 909w, https:\/\/sisu.ut.ee\/wp-content\/uploads\/sites\/31\/2015-08-12_13_02_17-e-kataloog_ester-300x72.png 300w, https:\/\/sisu.ut.ee\/wp-content\/uploads\/sites\/31\/2015-08-12_13_02_17-e-kataloog_ester-768x185.png 768w\" sizes=\"auto, (max-width: 909px) 100vw, 909px\"><\/p>\n<p><em style=\"line-height: 1.6em;\">Kataloogi avaleht. Valitud on s\u00f5naotsing.<\/em><\/p>\n<p>Sisestatud s\u00f5nu otsitakse k\u00f5igepealt kui fraasi \u00a0ja seej\u00e4rel operaatoriga AND, st otsitakse kirjeid, kus k\u00f5ik s\u00f5nad esinevad. Tulemused j\u00e4rjestatakse relevantsuse j\u00e4rgi, fraasiotsinguga leitud tulemused on eespool.\u00a0T\u00e4pse fraasi\u00a0otsinguks tuleb see panna jutum\u00e4rkidesse.<\/p>\n<p>Vt ka \u00a0<strong>p\u00e4ringu koostamise kohta<\/strong> lisaks <a href=\"https:\/\/sisu.ut.ee\/otsing\/paringu-koostamine\/\" target=\"_blank\" rel=\"noopener\">https:\/\/sisu.ut.ee\/otsing\/paringu-koostamine\/<\/a><\/p>\n<table class=\"table table-hover\" style=\"width: 100%; background-color: #c9ecd7;\" border=\"0\">\n<tbody>\n<tr>\n<td>Kui otsing operaatoriga AND tulemusi ei anna, asendatakse see automaatselt operaatoriga OR ja leitakse k\u00f5ik kirjed, kus v\u00e4hemalt \u00fcks otsis\u00f5na esineb.\u00a0 Kui p\u00e4ringut muudetakse, siis kuvatakse otsitulemuste lehe alguses ka vastav teade. Pange otsinguid tehes alati t\u00e4hele, kuidas p\u00e4ring toimib.<\/td>\n<\/tr>\n<\/tbody>\n<\/table>\n<p>Kui olete \u00fchendanud s\u00f5nad operaatoriga AND, siis peavad k\u00f5ik s\u00f5nad ka leitud kirjetes esinema. Kui see nii ei ole, esineb nt ainult \u00fcks otsis\u00f5na, siis on p\u00e4ringut muudetud ja otsing on toimunud operaatoriga OR ning tulemusi ei saa pidada relevantseteks.<\/p>\n<p>S\u00f5naotsinguks v\u00f5ib valida erinevaid m\u00e4rks\u00f5nu, s\u00f5nu pealkirjadest, autoreid, toimetajaid jne. N\u00e4iteks kui soovite leida bakalaureuset\u00f6id v\u00f5i magistrit\u00f6id mingil teemal, sisestage otsinguv\u00e4ljale m\u00e4rks\u00f5na bakalaureuset\u00f6\u00f6d v\u00f5i magistrit\u00f6\u00f6d ja sisu kirjeldav(ad) s\u00f5na(d).<\/p>\n<p>S\u00f5naotsingut on soovitav kasutada ka siis, kui otsite kindlat raamatut, kuid ei tea t\u00e4pset pealkirja. Proovige teada olevate s\u00f5nade j\u00e4rgi \u00fcksk\u00f5ik millises j\u00e4rjekorras. Otsingule v\u00f5ite lisada ka autori nime.<\/p>\n<p>N\u00e4iteks otsime materjali Eesti ohustatud looma- ja taimeliikide kohta. Sisestame s\u00f5naotsingusse vabas j\u00e4rjestuses s\u00f5nad: ohustatud liigid eesti.<\/p>\n<p><img loading=\"lazy\" decoding=\"async\" width=\"981\" height=\"653\" class=\"alignnone wp-image-26\" title=\"_2014-08-11_16-07-28_0_2.png\" src=\"https:\/\/sisu.ut.ee\/wp-content\/uploads\/sites\/31\/2014-08-11_16-07-28_0_2.png\" alt=\"_2014-08-11_16-07-28_0_2.png\" srcset=\"https:\/\/sisu.ut.ee\/wp-content\/uploads\/sites\/31\/2014-08-11_16-07-28_0_2.png 981w, https:\/\/sisu.ut.ee\/wp-content\/uploads\/sites\/31\/2014-08-11_16-07-28_0_2-300x200.png 300w, https:\/\/sisu.ut.ee\/wp-content\/uploads\/sites\/31\/2014-08-11_16-07-28_0_2-768x511.png 768w\" sizes=\"auto, (max-width: 981px) 100vw, 981px\"><\/p>\n<p><em>S\u00f5naotsingu tulemused.<\/em><\/p>\n<p>Pange t\u00e4hele, kuidas otsingutulemused on j\u00e4rjestatud. Antud otsingus on need j\u00e4rjestatud relevantsuse j\u00e4rgi, kuid v\u00f5imalik on reastada ka t\u00e4hestikuliselt v\u00f5i ilmumisaasta j\u00e4rgi. Otsingukasti all on see alati kirjas.<\/p>\n<h3><strong>Liitotsing<\/strong><\/h3>\n<p>Liitotsing (valik kataloogi avalehel otsinguakna paremas servas) v\u00f5imaldab teha t\u00e4psemat otsingut. Saate m\u00e4\u00e4rata, millisel kirje v\u00e4ljal otsis\u00f5na peab esinema (nt autor, pealkiri, m\u00e4rks\u00f5na) ja valida tunnuseid, mille j\u00e4rgi otsingut piirata (keel, teaviku laad, kirjastus, eksemplari asukoht, ilmumisaasta).<\/p>\n<table class=\"table table-hover\" style=\"width: 100%; background-color: #c9ecd7;\" border=\"0\">\n<tbody>\n<tr>\n<td><span style=\"line-height: 1.6em;\" data-mce-mark=\"1\">Liitotsingu vormis tuleb operaatoriga OR \u00fchendatud s\u00f5nad sisestada \u00fchele reale ja read \u00fchendada operaatoriga JA ( AND).<\/span><\/td>\n<\/tr>\n<\/tbody>\n<\/table>\n<p><em style=\"line-height: 1.6em;\"><img loading=\"lazy\" decoding=\"async\" width=\"939\" height=\"643\" class=\"alignnone wp-image-24\" style=\"border: 1px solid black;\" title=\"2015-08-12_14_57_28-e-kataloog_ester.png\" src=\"https:\/\/sisu.ut.ee\/wp-content\/uploads\/sites\/31\/2015-08-12_14_57_28-e-kataloog_ester.png\" alt=\"2015-08-12_14_57_28-e-kataloog_ester.png\" srcset=\"https:\/\/sisu.ut.ee\/wp-content\/uploads\/sites\/31\/2015-08-12_14_57_28-e-kataloog_ester.png 939w, https:\/\/sisu.ut.ee\/wp-content\/uploads\/sites\/31\/2015-08-12_14_57_28-e-kataloog_ester-300x205.png 300w, https:\/\/sisu.ut.ee\/wp-content\/uploads\/sites\/31\/2015-08-12_14_57_28-e-kataloog_ester-768x526.png 768w\" sizes=\"auto, (max-width: 939px) 100vw, 939px\"><\/em><\/p>\n<p><em style=\"line-height: 1.6em;\">Liitotsingu v\u00f5imalused.<\/em><\/p>\n<table class=\"table table-hover\" style=\"background-color: #c9ecd7;\" border=\"0\">\n<tbody>\n<tr>\n<td>P\u00f6\u00f6rake t\u00e4helepanu sellele, \u00a0kuidas leida sama s\u00f5na erinevaid vorme. Kasutage t\u00e4rni * s\u00f5na l\u00f5ppude asendamiseks. Kui kasutate otsingul Eesti m\u00e4rks\u00f5nastikust v\u00f5etud m\u00e4rks\u00f5nu t\u00e4pselt sellises vormis nagu m\u00e4rks\u00f5nastikus, pole t\u00e4rn vajalik.<\/td>\n<\/tr>\n<\/tbody>\n<\/table>\n<p><strong>\u00a0<\/strong><\/p>\n","protected":false},"excerpt":{"rendered":"<p>S\u00f5naotsing See on k\u00f5ige laiem v\u00f5imalus mingi teema kohta kirjandust otsida. Sisestatud s\u00f5na v\u00f5i fraasi otsitakse nii autorite, pealkirjade, m\u00e4rks\u00f5nade kui ka m\u00e4rkuste hulgast. Selle otsinguga saate leida ka teoseid, mille kirjetele pole m\u00e4rks\u00f5nu lisatud. Samuti saab sisestada otsinguks v\u00f5\u00f5rkeelseid &#8230;<\/p>\n","protected":false},"author":5,"featured_media":0,"parent":0,"menu_order":0,"comment_status":"closed","ping_status":"closed","template":"","meta":{"_acf_changed":false,"inline_featured_image":false,"footnotes":""},"class_list":["post-8","page","type-page","status-publish","hentry"],"acf":[],"_links":{"self":[{"href":"https:\/\/sisu.ut.ee\/ester\/wp-json\/wp\/v2\/pages\/8","targetHints":{"allow":["GET"]}}],"collection":[{"href":"https:\/\/sisu.ut.ee\/ester\/wp-json\/wp\/v2\/pages"}],"about":[{"href":"https:\/\/sisu.ut.ee\/ester\/wp-json\/wp\/v2\/types\/page"}],"author":[{"embeddable":true,"href":"https:\/\/sisu.ut.ee\/ester\/wp-json\/wp\/v2\/users\/5"}],"replies":[{"embeddable":true,"href":"https:\/\/sisu.ut.ee\/ester\/wp-json\/wp\/v2\/comments?post=8"}],"version-history":[{"count":2,"href":"https:\/\/sisu.ut.ee\/ester\/wp-json\/wp\/v2\/pages\/8\/revisions"}],"predecessor-version":[{"id":137,"href":"https:\/\/sisu.ut.ee\/ester\/wp-json\/wp\/v2\/pages\/8\/revisions\/137"}],"wp:attachment":[{"href":"https:\/\/sisu.ut.ee\/ester\/wp-json\/wp\/v2\/media?parent=8"}],"curies":[{"name":"wp","href":"https:\/\/api.w.org\/{rel}","templated":true}]}}