{"id":6,"date":"2024-04-03T23:11:48","date_gmt":"2024-04-03T20:11:48","guid":{"rendered":"https:\/\/sisu.ut.ee\/ester\/otsing-pealkirja-jargi\/"},"modified":"2024-04-03T23:12:05","modified_gmt":"2024-04-03T20:12:05","slug":"otsing-pealkirja-jargi","status":"publish","type":"page","link":"https:\/\/sisu.ut.ee\/ester\/otsing-pealkirja-jargi\/","title":{"rendered":"Otsing pealkirja j\u00e4rgi"},"content":{"rendered":"<p>\n\t<span data-mce-mark=\"1\"><span data-mce-mark=\"1\">Kui te otsite kindlat raamatut ja teate selle pealkirja, valige otsinguv\u00f5imalus PEALKIRI.<\/span><br><span data-mce-mark=\"1\"><strong>Sisestage pealkirja esimene s\u00f5na\u00a0<\/strong>v\u00f5i pealkirja algus. N\u00e4iteks kui sisestate otsingusse pealkirja\u00a0<em>M\u00e4lum\u00e4ng<\/em>, ei leita raamatut\u00a0<em>Euroopa m\u00e4lum\u00e4ng, <\/em>sest selle pealkirja esimene s\u00f5na on hoopis Euroopa.\u00a0<\/span><\/span><br><span data-mce-mark=\"1\">Artikliga algavaid v\u00f5\u00f5rkeelseid pealkirju on soovitav otsida nii artikliga kui ka ilma.\u00a0<\/span>\n<\/p>\n<p>\n\t<span data-mce-mark=\"1\"><span data-mce-mark=\"1\">Otsime Tartu \u00dclikooli raamatukogudest \u00f5pikut pealkirjaga <em>Sotsioloogia<\/em> ning sisestame pealkirja otsinguv\u00e4ljale s\u00f5na <em>sotsioloogia.<\/em>\u00a0Kataloogi osaks valime <em>Tartu \u00dclikooli raamatukogud<\/em>.<\/span><\/span>\n<\/p>\n<p>\n\t<img loading=\"lazy\" decoding=\"async\" width=\"881\" height=\"496\" class=\"alignnone wp-image-22\" src=\"https:\/\/sisu.ut.ee\/wp-content\/uploads\/sites\/31\/2020-06-15_14_45_57-window.png\" title=\"2020-06-15_14_45_57-window.png\" alt=\"ff\" srcset=\"https:\/\/sisu.ut.ee\/wp-content\/uploads\/sites\/31\/2020-06-15_14_45_57-window.png 881w, https:\/\/sisu.ut.ee\/wp-content\/uploads\/sites\/31\/2020-06-15_14_45_57-window-300x169.png 300w, https:\/\/sisu.ut.ee\/wp-content\/uploads\/sites\/31\/2020-06-15_14_45_57-window-768x432.png 768w\" sizes=\"auto, (max-width: 881px) 100vw, 881px\">\n<\/p>\n<p>\n\t<em style=\"line-height: 1.6em\">Otsing pealkirja j\u00e4rgi.<\/em>\n<\/p>\n<p>\n\t<span data-mce-mark=\"1\"><span data-mce-mark=\"1\">Leitakse s\u00f5naga sotsioloogia algavad pealkirjad ning 4\u00a0nimetust, mille pealkiri on <em>Sotsioloogia<\/em>. Nende kirjete n\u00e4gemiseks kl\u00f5psame esimesel real s\u00f5nal sotsioloogia<\/span><\/span><span data-mce-mark=\"1\"><span data-mce-mark=\"1\">. Saame j\u00e4rgmised tulemused:<\/span><\/span>\n<\/p>\n<p>\n\t<img loading=\"lazy\" decoding=\"async\" width=\"843\" height=\"464\" class=\"alignnone wp-image-21\" src=\"https:\/\/sisu.ut.ee\/wp-content\/uploads\/sites\/31\/2020-06-15_14_42_26-window.png\" title=\"2020-06-15_14_42_26-window.png\" alt=\"ff\" srcset=\"https:\/\/sisu.ut.ee\/wp-content\/uploads\/sites\/31\/2020-06-15_14_42_26-window.png 843w, https:\/\/sisu.ut.ee\/wp-content\/uploads\/sites\/31\/2020-06-15_14_42_26-window-300x165.png 300w, https:\/\/sisu.ut.ee\/wp-content\/uploads\/sites\/31\/2020-06-15_14_42_26-window-768x423.png 768w\" sizes=\"auto, (max-width: 843px) 100vw, 843px\"><em id=\"__mceDel\"><span data-mce-mark=\"1\"><span data-mce-mark=\"1\"><em style=\"line-height: 1.6em\">Pealkirjaotsingu tulemused (15.06.20).<\/em><\/span><\/span><\/em>\n<\/p>\n<p>\n\t<span data-mce-mark=\"1\"><span data-mce-mark=\"1\">Esimene\u00a0on otsitava raamatu kirje. \u00a0All on kohe n\u00e4ha ka raamatukogud, kus see \u00f5pik on olemas. Raamatukogu l\u00fchendil kl\u00f5psates n\u00e4ete raamatukogu t\u00e4isnime, T\u00dcR all on ka v\u00e4lja toodud \u00fclikooli erialaraamatukogud. \u00a0<\/span><\/span>\n<\/p>\n<p>\n\t<span data-mce-mark=\"1\"><span data-mce-mark=\"1\">Kirje avamiseks ja raamatute asukoha leidmiseks kl\u00f5psame veelkord esimesel pealkirjal <em>Sotsioloogia<\/em>. Siis on n\u00e4ha k\u00f5ik eksemplarid ja nende asukohad. Vt ka selle \u00f5ppematerjali punkti <em>E-kataloogi kirje, andmed asukoha kohta.<\/em><\/span><\/span>\n<\/p>\n<p>\n\t<span data-mce-mark=\"1\">Kui te ei tea raamatu t\u00e4pset pealkirja, kuid teate m\u00f5nda pealkirjas esinevat s\u00f5na, valige otsinguv\u00e4ljaks S\u00d5NA.\u00a0<\/span><\/p>\n","protected":false},"excerpt":{"rendered":"<p>Kui te otsite kindlat raamatut ja teate selle pealkirja, valige otsinguv\u00f5imalus PEALKIRI.Sisestage pealkirja esimene s\u00f5na\u00a0v\u00f5i pealkirja algus. N\u00e4iteks kui sisestate otsingusse pealkirja\u00a0M\u00e4lum\u00e4ng, ei leita raamatut\u00a0Euroopa m\u00e4lum\u00e4ng, sest selle pealkirja esimene s\u00f5na on hoopis Euroopa.\u00a0Artikliga algavaid v\u00f5\u00f5rkeelseid pealkirju on soovitav otsida &#8230;<\/p>\n","protected":false},"author":5,"featured_media":0,"parent":0,"menu_order":0,"comment_status":"closed","ping_status":"closed","template":"","meta":{"_acf_changed":false,"inline_featured_image":false,"footnotes":""},"class_list":["post-6","page","type-page","status-publish","hentry"],"acf":[],"_links":{"self":[{"href":"https:\/\/sisu.ut.ee\/ester\/wp-json\/wp\/v2\/pages\/6","targetHints":{"allow":["GET"]}}],"collection":[{"href":"https:\/\/sisu.ut.ee\/ester\/wp-json\/wp\/v2\/pages"}],"about":[{"href":"https:\/\/sisu.ut.ee\/ester\/wp-json\/wp\/v2\/types\/page"}],"author":[{"embeddable":true,"href":"https:\/\/sisu.ut.ee\/ester\/wp-json\/wp\/v2\/users\/5"}],"replies":[{"embeddable":true,"href":"https:\/\/sisu.ut.ee\/ester\/wp-json\/wp\/v2\/comments?post=6"}],"version-history":[{"count":1,"href":"https:\/\/sisu.ut.ee\/ester\/wp-json\/wp\/v2\/pages\/6\/revisions"}],"predecessor-version":[{"id":126,"href":"https:\/\/sisu.ut.ee\/ester\/wp-json\/wp\/v2\/pages\/6\/revisions\/126"}],"wp:attachment":[{"href":"https:\/\/sisu.ut.ee\/ester\/wp-json\/wp\/v2\/media?parent=6"}],"curies":[{"name":"wp","href":"https:\/\/api.w.org\/{rel}","templated":true}]}}