{"id":3,"date":"2024-04-03T23:11:47","date_gmt":"2024-04-03T20:11:47","guid":{"rendered":"https:\/\/sisu.ut.ee\/ester\/avaleht\/"},"modified":"2025-04-28T21:54:18","modified_gmt":"2025-04-28T18:54:18","slug":"avaleht","status":"publish","type":"page","link":"https:\/\/sisu.ut.ee\/ester\/","title":{"rendered":"Kataloogi tutvustus"},"content":{"rendered":"<p><strong style=\"line-height: 1.6em;\">E-kataloog ESTER <\/strong><a style=\"line-height: 1.6em;\" href=\"https:\/\/www.ester.ee\" target=\"_blank\" rel=\"noopener\">https:\/\/www.ester.ee<\/a><strong style=\"line-height: 1.6em;\">\u00a0<\/strong>sisaldab andmeid raamatukogudes leiduvate raamatute, ajakirjade, ajalehtede, nootide, kaartide, heli- ja videosalvestiste ning muude v\u00e4ljaannete kohta, v\u00f5imaldades leida nende t\u00e4pse asukoha raamatukogus. E-kataloog ESTER on Eesti suuremate raamatukogude \u00fchine kataloog. Kl\u00f5psates kataloogi avalehel <em>T\u00e4ielik kataloog<\/em>, kuvatakse k\u00f5ik ESTERis kajastuvad raamatukogud ning saate v\u00f5imaluse valida, millises kataloogi osas soovite otsingut teha.<\/p>\n<p><\/p><div class=\"accordion mb-3\">\n        <div class=\"accordion-item accordion-item--white\">\n        <h2 class=\"accordion-header\" id=\"accordion-69d5822776a77-heading\">\n            <button class=\"accordion-button collapsed\" type=\"button\" data-bs-toggle=\"collapse\" data-bs-target=\"#accordion-69d5822776a77-collapse\" aria-expanded=\"true\" aria-controls=\"accordion-69d5822776a77-collapse\"><span style=\"color: #b98d45;\" data-mce-mark=\"1\">KATALOOGI OSA VALIMINE<\/span><\/button>\n        <\/h2>\n        <div id=\"accordion-69d5822776a77-collapse\" class=\"accordion-collapse collapse\" aria-labelledby=\"accordion-69d5822776a77-heading\">\n            <div class=\"accordion-body\"><img loading=\"lazy\" decoding=\"async\" class=\"alignnone size-full wp-image-139\" src=\"https:\/\/sisu.ut.ee\/wp-content\/uploads\/sites\/31\/koik-rkd.png\" alt=\"\" width=\"922\" height=\"639\" srcset=\"https:\/\/sisu.ut.ee\/wp-content\/uploads\/sites\/31\/koik-rkd.png 922w, https:\/\/sisu.ut.ee\/wp-content\/uploads\/sites\/31\/koik-rkd-300x208.png 300w, https:\/\/sisu.ut.ee\/wp-content\/uploads\/sites\/31\/koik-rkd-768x532.png 768w\" sizes=\"auto, (max-width: 922px) 100vw, 922px\">\n<p><\/p><\/div>\n        <\/div>\n        <\/div>\n    <\/div>\n<p><img loading=\"lazy\" decoding=\"async\" width=\"954\" height=\"480\" class=\"alignnone wp-image-16\" title=\"2015-08-13_11_12_04-e-kataloog_ester.png\" src=\"https:\/\/sisu.ut.ee\/wp-content\/uploads\/sites\/31\/2015-08-13_11_12_04-e-kataloog_ester.png\" alt=\"2015-08-13_11_12_04-e-kataloog_ester.png\" srcset=\"https:\/\/sisu.ut.ee\/wp-content\/uploads\/sites\/31\/2015-08-13_11_12_04-e-kataloog_ester.png 954w, https:\/\/sisu.ut.ee\/wp-content\/uploads\/sites\/31\/2015-08-13_11_12_04-e-kataloog_ester-300x151.png 300w, https:\/\/sisu.ut.ee\/wp-content\/uploads\/sites\/31\/2015-08-13_11_12_04-e-kataloog_ester-768x386.png 768w\" sizes=\"auto, (max-width: 954px) 100vw, 954px\"><\/p>\n<p><em style=\"line-height: 1.6em;\">Kataloogi avaleht.<\/em><\/p>\n<p><strong style=\"line-height: 1.6em;\">ESTERis ei ole artikleid.\u00a0<\/strong><span style=\"line-height: 1.6em;\">Neid leiate Eesti artiklite andmebaasist ISE<\/span><a style=\"line-height: 1.6em;\" href=\"http:\/\/ise.elnet.ee\/\" target=\"_blank\" rel=\"noopener\"> http:\/\/ise.elnet.ee\/<\/a>\u00a0ja andmebaasist DIGAR Eesti artiklid\u00a0<a href=\"https:\/\/dea.digar.ee\/\" target=\"_blank\" rel=\"noopener\">https:\/\/dea.digar.ee\/<\/a>.<\/p>\n<p><span style=\"line-height: 1.6em;\" data-mce-mark=\"1\">E-kataloog ESTER v\u00f5imaldab:\u00a0<\/span><\/p>\n<p>* leida raamatute ja muude v\u00e4ljaannete t\u00e4pne asukoht raamatukogus<br>\n* n\u00e4ha, kas raamat on kohal v\u00f5i v\u00e4lja laenutatud<br>\n* hoidlas asuvat kirjandust elektrooniliselt tellida<br>\n* n\u00e4ha laenut\u00e4htaega ning oma laenutusi vaadata<br>\n* laenut\u00e4htaega pikendada<br>\n* v\u00e4lja laenutatud raamatutele end j\u00e4rjekorda panna.<\/p>\n","protected":false},"excerpt":{"rendered":"<p>E-kataloog ESTER https:\/\/www.ester.ee\u00a0sisaldab andmeid raamatukogudes leiduvate raamatute, ajakirjade, ajalehtede, nootide, kaartide, heli- ja videosalvestiste ning muude v\u00e4ljaannete kohta, v\u00f5imaldades leida nende t\u00e4pse asukoha raamatukogus. E-kataloog ESTER on Eesti suuremate raamatukogude \u00fchine kataloog. Kl\u00f5psates kataloogi avalehel T\u00e4ielik kataloog, kuvatakse k\u00f5ik ESTERis &#8230;<\/p>\n","protected":false},"author":5,"featured_media":0,"parent":0,"menu_order":0,"comment_status":"closed","ping_status":"closed","template":"","meta":{"_acf_changed":false,"inline_featured_image":false,"footnotes":""},"class_list":["post-3","page","type-page","status-publish","hentry"],"acf":[],"_links":{"self":[{"href":"https:\/\/sisu.ut.ee\/ester\/wp-json\/wp\/v2\/pages\/3","targetHints":{"allow":["GET"]}}],"collection":[{"href":"https:\/\/sisu.ut.ee\/ester\/wp-json\/wp\/v2\/pages"}],"about":[{"href":"https:\/\/sisu.ut.ee\/ester\/wp-json\/wp\/v2\/types\/page"}],"author":[{"embeddable":true,"href":"https:\/\/sisu.ut.ee\/ester\/wp-json\/wp\/v2\/users\/5"}],"replies":[{"embeddable":true,"href":"https:\/\/sisu.ut.ee\/ester\/wp-json\/wp\/v2\/comments?post=3"}],"version-history":[{"count":2,"href":"https:\/\/sisu.ut.ee\/ester\/wp-json\/wp\/v2\/pages\/3\/revisions"}],"predecessor-version":[{"id":140,"href":"https:\/\/sisu.ut.ee\/ester\/wp-json\/wp\/v2\/pages\/3\/revisions\/140"}],"wp:attachment":[{"href":"https:\/\/sisu.ut.ee\/ester\/wp-json\/wp\/v2\/media?parent=3"}],"curies":[{"name":"wp","href":"https:\/\/api.w.org\/{rel}","templated":true}]}}