{"id":13,"date":"2024-04-03T23:11:48","date_gmt":"2024-04-03T20:11:48","guid":{"rendered":"https:\/\/sisu.ut.ee\/ester\/teemaotsing-otsing-marksona-jargi-0\/"},"modified":"2025-09-30T13:59:56","modified_gmt":"2025-09-30T10:59:56","slug":"teemaotsing-otsing-marksona-jargi-0","status":"publish","type":"page","link":"https:\/\/sisu.ut.ee\/ester\/teemaotsing-otsing-marksona-jargi-0\/","title":{"rendered":"Teemaotsing. Otsing m\u00e4rks\u00f5na j\u00e4rgi"},"content":{"rendered":"<p>Valige otsinguv\u00f5imalus M\u00c4RKS\u00d5NA. \u00a0Nii saate otsida kirjandust oma teema kohta selle sisu kirjeldavate m\u00e4rks\u00f5nade abil. <strong>M\u00e4rks\u00f5na<\/strong>\u00a0(ingl k\u00a0<em>subject heading, descriptor<\/em>) on s\u00f5na, millega kirjeldatakse raamatute, artiklite, heliplaatide, filmide jms sisu. Mingi m\u00f5iste v\u00e4ljendamiseks on valitud \u00fcks s\u00f5na, mille alla on koondatud k\u00f5ik samasisulised dokumendid. \u00a0M\u00e4rks\u00f5na ise ei pruugigi kirjeldatavas tekstis esineda.\u00a0M\u00e4rks\u00f5nad v\u00f5etakse\u00a0<strong>Eesti m\u00e4rks\u00f5nastikust <\/strong>EMS)\u00a0<a title=\"ems\" href=\"http:\/\/ems.elnet.ee\/\" target=\"_blank\" rel=\"noopener\">http:\/\/ems.elnet.ee<\/a>. M\u00e4rks\u00f5nad on eestikeelsed, ingliskeelsete vastetega.<\/p>\n<p>M\u00e4rks\u00f5nastikust leiate ideid, milliste s\u00f5nade j\u00e4rgi otsingut teha, et saada v\u00f5imalikult palju ja t\u00e4pseid tulemusi. Eesti m\u00e4rks\u00f5nastiku kasutamist vaadake \u00f5ppematerjalist <em>Infootsingu p\u00f5him\u00f5tted\u00a0 <a href=\"https:\/\/sisu.ut.ee\/otsing\/marksonastik-eesti-marksonastiku-kasutamine\/\" target=\"_blank\" rel=\"noopener\">https:\/\/sisu.ut.ee\/otsing\/marksonastik-eesti-marksonastiku-kasutamine\/\u00a0<\/a> \u00a0 \u00a0 <\/em><\/p>\n<p><img loading=\"lazy\" decoding=\"async\" width=\"951\" height=\"407\" class=\"alignnone wp-image-38\" title=\"e-kataloog_ester_-_google_chrome_2014-07-11_10-18-34.png\" src=\"https:\/\/sisu.ut.ee\/wp-content\/uploads\/sites\/31\/e-kataloog_ester_-_google_chrome_2014-07-11_10-18-34.png\" alt=\"e-kataloog_ester_-_google_chrome_2014-07-11_10-18-34.png\" srcset=\"https:\/\/sisu.ut.ee\/wp-content\/uploads\/sites\/31\/e-kataloog_ester_-_google_chrome_2014-07-11_10-18-34.png 951w, https:\/\/sisu.ut.ee\/wp-content\/uploads\/sites\/31\/e-kataloog_ester_-_google_chrome_2014-07-11_10-18-34-300x128.png 300w, https:\/\/sisu.ut.ee\/wp-content\/uploads\/sites\/31\/e-kataloog_ester_-_google_chrome_2014-07-11_10-18-34-768x329.png 768w\" sizes=\"auto, (max-width: 951px) 100vw, 951px\"><\/p>\n<p><em style=\"line-height: 1.6em;\">Valitud on m\u00e4rks\u00f5naotsing.\u00a0<\/em><\/p>\n<p>Sobivat m\u00e4rks\u00f5na v\u00f5ib otsida ka kataloogi abil. Kui olete ESTERis valinud m\u00e4rks\u00f5naotsingu, sisestage\u00a0otsingusse\u00a0oma teemat kirjeldava s\u00f5na algus. Teile kuvatakse ESTERis kasutatavate m\u00e4rks\u00f5nade loetelu.\u00a0Kui teie sisestatud s\u00f5na ei ole m\u00e4rks\u00f5nana kasutusel, juhatatakse teid kasutusel oleva termini juurde. Kui sellise s\u00f5naga algavat m\u00e4rks\u00f5na ei ole ja ei ole ka viidet kasutusel oleva m\u00e4rks\u00f5na kohta, siis pakutakse v\u00f5imalust teha sama s\u00f5naga s\u00f5naotsing. Selle kohta vt j\u00e4rgmise peat\u00fckist.<\/p>\n<p>N\u00e4iteks sisestame sobiva m\u00e4rks\u00f5na leidmiseks s\u00f5na\u00a0<em>haridus<\/em>. Kuvatakse loetelu selle algusega m\u00e4rks\u00f5nadest.<\/p>\n<p><img loading=\"lazy\" decoding=\"async\" width=\"966\" height=\"729\" class=\"alignnone wp-image-41\" style=\"border: 1px solid black;\" title=\"2015-08-12_12_52_47-2014-08-21_10_30_37-e-kataloog_ester_tu_rk-d.png\" src=\"https:\/\/sisu.ut.ee\/wp-content\/uploads\/sites\/31\/2015-08-12_12_52_47-2014-08-21_10_30_37-e-kataloog_ester_tu_rk-d.png\" alt=\"2015-08-12_12_52_47-2014-08-21_10_30_37-e-kataloog_ester_tu_rk-d.png\" srcset=\"https:\/\/sisu.ut.ee\/wp-content\/uploads\/sites\/31\/2015-08-12_12_52_47-2014-08-21_10_30_37-e-kataloog_ester_tu_rk-d.png 966w, https:\/\/sisu.ut.ee\/wp-content\/uploads\/sites\/31\/2015-08-12_12_52_47-2014-08-21_10_30_37-e-kataloog_ester_tu_rk-d-300x226.png 300w, https:\/\/sisu.ut.ee\/wp-content\/uploads\/sites\/31\/2015-08-12_12_52_47-2014-08-21_10_30_37-e-kataloog_ester_tu_rk-d-768x580.png 768w\" sizes=\"auto, (max-width: 966px) 100vw, 966px\"><\/p>\n<p><em style=\"line-height: 1.6em;\">M\u00e4rks\u00f5naotsing.<\/em><\/p>\n<p>Kui kl\u00f5psate otsingutulemustes 7. real lingil\u00a0<em style=\"line-height: 1.6em;\">Haridusajalugu \u2014 7<\/em><em style=\"line-height: 1.6em;\">\u00a0viidet seotud m\u00e4rks\u00f5nadele<\/em>, n\u00e4ete selle m\u00e4rks\u00f5na kitsamaid ja laiemaid m\u00e4rks\u00f5nu.<\/p>\n<p>Kl\u00f5psates m\u00e4rks\u00f5nal\u00a0<em>haridusajalugu<\/em>, n\u00e4ete k\u00f5iki kirjeid, milles see s\u00f5na on m\u00e4rks\u00f5naks pandud.<\/p>\n<p><img loading=\"lazy\" decoding=\"async\" width=\"867\" height=\"662\" class=\"alignnone wp-image-39\" style=\"border: 1px solid black;\" title=\"2014-08-21_12_43_07-e-kataloog_ester_tu_rk-d.png\" src=\"https:\/\/sisu.ut.ee\/wp-content\/uploads\/sites\/31\/2014-08-21_12_43_07-e-kataloog_ester_tu_rk-d.png\" alt=\"2014-08-21_12_43_07-e-kataloog_ester_tu_rk-d.png\" srcset=\"https:\/\/sisu.ut.ee\/wp-content\/uploads\/sites\/31\/2014-08-21_12_43_07-e-kataloog_ester_tu_rk-d.png 867w, https:\/\/sisu.ut.ee\/wp-content\/uploads\/sites\/31\/2014-08-21_12_43_07-e-kataloog_ester_tu_rk-d-300x229.png 300w, https:\/\/sisu.ut.ee\/wp-content\/uploads\/sites\/31\/2014-08-21_12_43_07-e-kataloog_ester_tu_rk-d-768x586.png 768w\" sizes=\"auto, (max-width: 867px) 100vw, 867px\"><\/p>\n<p><em>M\u00e4rks\u00f5naotsingu tulemused.<\/em><\/p>\n<p>Kirjed kuvatakse t\u00e4hestikulises j\u00e4rjekorras.\u00a0\u00a0<strong>Otsingutulemusi on v\u00f5imalik t\u00e4psustada mitmete tunnuste j\u00e4rgi<\/strong> (ilmumisaasta, teaviku laad, keel, kirjastus, eksemplari asukoht, s\u00f5nad pealkirjas, autori ja m\u00e4rks\u00f5na v\u00e4ljal).\u00a0 Selleks kl\u00f5psake otsingutulemuste lehel \u00fclaosas paremal nupule <strong><em>T\u00e4psusta<\/em><\/strong><strong><em style=\"line-height: 1.6em;\">\u00a0otsingut<\/em><\/strong><strong><em>.<\/em><\/strong> N\u00e4ete j\u00e4rgmisi v\u00f5imalusi:<\/p>\n<p><img loading=\"lazy\" decoding=\"async\" class=\"alignnone size-full wp-image-146\" src=\"https:\/\/sisu.ut.ee\/wp-content\/uploads\/sites\/31\/Screenshot-2025-09-30-135043.png\" alt=\"\" width=\"965\" height=\"624\" srcset=\"https:\/\/sisu.ut.ee\/wp-content\/uploads\/sites\/31\/Screenshot-2025-09-30-135043.png 965w, https:\/\/sisu.ut.ee\/wp-content\/uploads\/sites\/31\/Screenshot-2025-09-30-135043-300x194.png 300w, https:\/\/sisu.ut.ee\/wp-content\/uploads\/sites\/31\/Screenshot-2025-09-30-135043-768x497.png 768w\" sizes=\"auto, (max-width: 965px) 100vw, 965px\"><\/p>\n<p><em>Otsingu t\u00e4psustamine.<\/em><\/p>\n<p>Samad v\u00f5imalused on ka siis, kui olete otsinud autori v\u00f5i pealkirja j\u00e4rgi.<br>\nKorraga saab otsida vaid \u00fche m\u00e4rks\u00f5na j\u00e4rgi. Teise m\u00e4rks\u00f5na lisamiseks tuleb peale otsingut kasutada nuppu <strong><em>T\u00e4psusta otsingut<\/em><\/strong> ning valida piiramiseks m\u00e4rks\u00f5na v\u00e4li.\u00a0Korraga mitme m\u00e4rks\u00f5na j\u00e4rgi otsimist v\u00f5imaldab s\u00f5naotsing (vt j\u00e4rgmine peat\u00fckk).<\/p>\n<p>Kirjetele lisatud m\u00e4rks\u00f5nu n\u00e4ete, kui kl\u00f5psate pealkirjal ja valite t\u00e4iskirje.<br>\nPaljudele vanematele teavikutele ei ole veel j\u00f5utud m\u00e4rks\u00f5nu lisada. Seet\u00f5ttu pole kindel, et m\u00e4rks\u00f5na j\u00e4rgi otsides tulevad v\u00e4lja k\u00f5ik teemakohased raamatud. Kasutage lisaks ka s\u00f5naotsingut.<\/p>\n<p>Et leida kirjandust m\u00f5ne isiku v\u00f5i organisatsiooni kohta, tuleb samuti kasutada m\u00e4rks\u00f5naotsingut. Sisestage kindlasti perekonnanimi enne.<\/p>\n","protected":false},"excerpt":{"rendered":"<p>Valige otsinguv\u00f5imalus M\u00c4RKS\u00d5NA. \u00a0Nii saate otsida kirjandust oma teema kohta selle sisu kirjeldavate m\u00e4rks\u00f5nade abil. M\u00e4rks\u00f5na\u00a0(ingl k\u00a0subject heading, descriptor) on s\u00f5na, millega kirjeldatakse raamatute, artiklite, heliplaatide, filmide jms sisu. Mingi m\u00f5iste v\u00e4ljendamiseks on valitud \u00fcks s\u00f5na, mille alla on koondatud &#8230;<\/p>\n","protected":false},"author":5,"featured_media":0,"parent":0,"menu_order":0,"comment_status":"closed","ping_status":"closed","template":"","meta":{"_acf_changed":false,"inline_featured_image":false,"footnotes":""},"class_list":["post-13","page","type-page","status-publish","hentry"],"acf":[],"_links":{"self":[{"href":"https:\/\/sisu.ut.ee\/ester\/wp-json\/wp\/v2\/pages\/13","targetHints":{"allow":["GET"]}}],"collection":[{"href":"https:\/\/sisu.ut.ee\/ester\/wp-json\/wp\/v2\/pages"}],"about":[{"href":"https:\/\/sisu.ut.ee\/ester\/wp-json\/wp\/v2\/types\/page"}],"author":[{"embeddable":true,"href":"https:\/\/sisu.ut.ee\/ester\/wp-json\/wp\/v2\/users\/5"}],"replies":[{"embeddable":true,"href":"https:\/\/sisu.ut.ee\/ester\/wp-json\/wp\/v2\/comments?post=13"}],"version-history":[{"count":5,"href":"https:\/\/sisu.ut.ee\/ester\/wp-json\/wp\/v2\/pages\/13\/revisions"}],"predecessor-version":[{"id":151,"href":"https:\/\/sisu.ut.ee\/ester\/wp-json\/wp\/v2\/pages\/13\/revisions\/151"}],"wp:attachment":[{"href":"https:\/\/sisu.ut.ee\/ester\/wp-json\/wp\/v2\/media?parent=13"}],"curies":[{"name":"wp","href":"https:\/\/api.w.org\/{rel}","templated":true}]}}