{"id":11,"date":"2024-04-03T23:11:48","date_gmt":"2024-04-03T20:11:48","guid":{"rendered":"https:\/\/sisu.ut.ee\/ester\/otsing-autori-jargi-0\/"},"modified":"2024-04-03T23:12:05","modified_gmt":"2024-04-03T20:12:05","slug":"otsing-autori-jargi-0","status":"publish","type":"page","link":"https:\/\/sisu.ut.ee\/ester\/otsing-autori-jargi-0\/","title":{"rendered":"Otsing autori j\u00e4rgi"},"content":{"rendered":"<p>\n\tAutori j\u00e4rgi otsitakse siis, kui on teada teose autori,\u00a0koostaja, toimetaja, t\u00f5lkija, illustreerija v\u00f5i esitaja\u00a0nimi.\n<\/p>\n<p>\n\t<img loading=\"lazy\" decoding=\"async\" width=\"896\" height=\"391\" class=\"alignnone wp-image-35\" src=\"https:\/\/sisu.ut.ee\/wp-content\/uploads\/sites\/31\/2022-08-29_12_40_01-e-kataloog_ester.png\" title=\"2022-08-29_12_40_01-e-kataloog_ester.png\" alt=\"s\" srcset=\"https:\/\/sisu.ut.ee\/wp-content\/uploads\/sites\/31\/2022-08-29_12_40_01-e-kataloog_ester.png 896w, https:\/\/sisu.ut.ee\/wp-content\/uploads\/sites\/31\/2022-08-29_12_40_01-e-kataloog_ester-300x131.png 300w, https:\/\/sisu.ut.ee\/wp-content\/uploads\/sites\/31\/2022-08-29_12_40_01-e-kataloog_ester-768x335.png 768w\" sizes=\"auto, (max-width: 896px) 100vw, 896px\">\n<\/p>\n<p>\n\t<strong>K\u00f5igepealt tuleb sisestada autori perekonnanimi\u00a0<\/strong>ja alles seej\u00e4rel eesnimi v\u00f5i eesnime esit\u00e4ht, kui te neid teate.\n<\/p>\n<p>\n\tAutori nime j\u00e4rgi otsides tuleb k\u00f5igepealt loetelu autori rollidega (koostaja, toimetaja, juhendaja jne). Autori poolt kirjutatud t\u00f6\u00f6d on paigutatud autori nime alla, kuhu ei ole\u00a0\u00fchtegi rolli lisatud v\u00f5i on rolli nimetuseks \u201cautor\u201d.\n<\/p>\n<p>\n\t<img loading=\"lazy\" decoding=\"async\" width=\"955\" height=\"638\" class=\"alignnone wp-image-34\" src=\"https:\/\/sisu.ut.ee\/wp-content\/uploads\/sites\/31\/2022-08-29_12_34_03-e-kataloog_ester_tu_rk-d.png\" title=\"2022-08-29_12_34_03-e-kataloog_ester_tu_rk-d.png\" alt=\"c\" srcset=\"https:\/\/sisu.ut.ee\/wp-content\/uploads\/sites\/31\/2022-08-29_12_34_03-e-kataloog_ester_tu_rk-d.png 955w, https:\/\/sisu.ut.ee\/wp-content\/uploads\/sites\/31\/2022-08-29_12_34_03-e-kataloog_ester_tu_rk-d-300x200.png 300w, https:\/\/sisu.ut.ee\/wp-content\/uploads\/sites\/31\/2022-08-29_12_34_03-e-kataloog_ester_tu_rk-d-768x513.png 768w\" sizes=\"auto, (max-width: 955px) 100vw, 955px\">\n<\/p>\n<p>\n\t\u00a0\n<\/p>\n<p>\n\t<em style=\"line-height: 1.6em\">Otsing autori j\u00e4rgi.<\/em>\n<\/p>\n<p>\n\tMarju Lauristini kirjutatud raamatud leiate nr 1 ja 2 all.\n<\/p>\n<div>\n\tNB! Kui otsite m\u00f5ne\u00a0<strong>isiku kohta<\/strong>\u00a0kirjutatud raamatuid, tuleb sisestada perekonnanimi M\u00c4RKS\u00d5NA v\u00e4ljale.\n<\/div>\n","protected":false},"excerpt":{"rendered":"<p>Autori j\u00e4rgi otsitakse siis, kui on teada teose autori,\u00a0koostaja, toimetaja, t\u00f5lkija, illustreerija v\u00f5i esitaja\u00a0nimi. K\u00f5igepealt tuleb sisestada autori perekonnanimi\u00a0ja alles seej\u00e4rel eesnimi v\u00f5i eesnime esit\u00e4ht, kui te neid teate. Autori nime j\u00e4rgi otsides tuleb k\u00f5igepealt loetelu autori rollidega (koostaja, toimetaja, &#8230;<\/p>\n","protected":false},"author":5,"featured_media":0,"parent":0,"menu_order":0,"comment_status":"closed","ping_status":"closed","template":"","meta":{"_acf_changed":false,"inline_featured_image":false,"footnotes":""},"class_list":["post-11","page","type-page","status-publish","hentry"],"acf":[],"_links":{"self":[{"href":"https:\/\/sisu.ut.ee\/ester\/wp-json\/wp\/v2\/pages\/11","targetHints":{"allow":["GET"]}}],"collection":[{"href":"https:\/\/sisu.ut.ee\/ester\/wp-json\/wp\/v2\/pages"}],"about":[{"href":"https:\/\/sisu.ut.ee\/ester\/wp-json\/wp\/v2\/types\/page"}],"author":[{"embeddable":true,"href":"https:\/\/sisu.ut.ee\/ester\/wp-json\/wp\/v2\/users\/5"}],"replies":[{"embeddable":true,"href":"https:\/\/sisu.ut.ee\/ester\/wp-json\/wp\/v2\/comments?post=11"}],"version-history":[{"count":1,"href":"https:\/\/sisu.ut.ee\/ester\/wp-json\/wp\/v2\/pages\/11\/revisions"}],"predecessor-version":[{"id":121,"href":"https:\/\/sisu.ut.ee\/ester\/wp-json\/wp\/v2\/pages\/11\/revisions\/121"}],"wp:attachment":[{"href":"https:\/\/sisu.ut.ee\/ester\/wp-json\/wp\/v2\/media?parent=11"}],"curies":[{"name":"wp","href":"https:\/\/api.w.org\/{rel}","templated":true}]}}