{"id":10,"date":"2024-04-03T23:11:48","date_gmt":"2024-04-03T20:11:48","guid":{"rendered":"https:\/\/sisu.ut.ee\/ester\/e-kataloogi-kirje-andmed-asukoha-kohta-0\/"},"modified":"2024-04-03T23:12:05","modified_gmt":"2024-04-03T20:12:05","slug":"e-kataloogi-kirje-andmed-asukoha-kohta-0","status":"publish","type":"page","link":"https:\/\/sisu.ut.ee\/ester\/e-kataloogi-kirje-andmed-asukoha-kohta-0\/","title":{"rendered":"E-kataloogi kirje. Andmed asukoha kohta"},"content":{"rendered":"<p>\n\tVaatame, mida saame e-kataloogist teada v\u00e4ljaande asukoha kohta. Otsime kataloogist v\u00e4lja Endel Tulvingu raamatu \u201cM\u00e4lu\u201d ning kl\u00f5psame pealkirjal.\n<\/p>\n<p>\n\tKl\u00f5psates pealkirjal n\u00e4ete tabelis raamatu eksemplaride asukohti. Asukohad on erinevad raamatukogud, kuid ka erinevad hoidlad ja saalid \u00fche raamatukogu piires. Kui asukoht algab l\u00fchendiga T\u00dcR, siis asub teavik Tartu \u00dclikooli raamatukogu peamajas Struve tn, kui asukoht algab l\u00fchendiga T\u00dc, siis on tegemist m\u00f5ne \u00fclikooli erialaraamatukoguga.<br>Kui eksemplare on rohkem, tuleb k\u00f5ikide eksemplaride n\u00e4gemiseks kl\u00f5psata keskmise akna allosas olevale nupule <strong>Vaata k\u00f5iki eksemplare<\/strong> v\u00f5i vali aastak\u00e4ik\/k\u00f6ide.\u00a0<\/p>\n<p>Igale eksemplarile vastab \u00fcks rida. N\u00e4ete iga eksemplari asukohta, kohaviita ja infot, kas raamat on laenutatav ning millal on laenutatud raamatu tagastamise t\u00e4htaeg. Kataloogist saadud informatsiooni alusel leiate raamatu lugemissaali avariiulilt.\u00a0\n<\/p>\n<p>\n\t<img loading=\"lazy\" decoding=\"async\" width=\"691\" height=\"593\" class=\"alignnone wp-image-31\" src=\"https:\/\/sisu.ut.ee\/wp-content\/uploads\/sites\/31\/2020-10-04_17_53_51-window.png\" title=\"2020-10-04_17_53_51-window.png\" alt=\"ff\" srcset=\"https:\/\/sisu.ut.ee\/wp-content\/uploads\/sites\/31\/2020-10-04_17_53_51-window.png 691w, https:\/\/sisu.ut.ee\/wp-content\/uploads\/sites\/31\/2020-10-04_17_53_51-window-300x257.png 300w\" sizes=\"auto, (max-width: 691px) 100vw, 691px\">\n<\/p>\n<p>\n\t<em>E-kataloogi kirje.<\/em>\n<\/p>\n<p>\n\t<span data-mce-mark=\"1\">Kl\u00f5psates linki\u00a0<\/span><strong style=\"line-height: 1.6em\">T\u00e4iskirje\u00a0<\/strong><span data-mce-mark=\"1\">n\u00e4ete ka raamatu lehek\u00fclgede arvu, t\u00f5lkijate, toimetajate ja teiste autorite nimesid ning m\u00e4rks\u00f5nu. Lisainfo lingi alt leiate n\u00e4iteks k\u00f5ikide CD-plaatide sisu koos ja muusikapalade autorite ja pealkirjadega ning k\u00e4sikirjade, fotode, arhiivide kirjeldusi.<\/span>\n<\/p>\n<p>\n\t<img loading=\"lazy\" decoding=\"async\" width=\"799\" height=\"531\" class=\"alignnone wp-image-29\" style=\"width: 799px;height: 531px\" src=\"https:\/\/sisu.ut.ee\/wp-content\/uploads\/sites\/31\/e-kataloog_ester_tu_rk-d_-_google_chrome_2014-08-11_16-23-14.png\" title=\"e-kataloog_ester_tu_rk-d_-_google_chrome_2014-08-11_16-23-14.png\" alt=\"e-kataloog_ester_tu_rk-d_-_google_chrome_2014-08-11_16-23-14.png\" srcset=\"https:\/\/sisu.ut.ee\/wp-content\/uploads\/sites\/31\/e-kataloog_ester_tu_rk-d_-_google_chrome_2014-08-11_16-23-14.png 799w, https:\/\/sisu.ut.ee\/wp-content\/uploads\/sites\/31\/e-kataloog_ester_tu_rk-d_-_google_chrome_2014-08-11_16-23-14-300x199.png 300w, https:\/\/sisu.ut.ee\/wp-content\/uploads\/sites\/31\/e-kataloog_ester_tu_rk-d_-_google_chrome_2014-08-11_16-23-14-768x510.png 768w\" sizes=\"auto, (max-width: 799px) 100vw, 799px\">\n<\/p>\n<p>\n\t<em style=\"line-height: 1.6em\">N\u00e4ide CD-plaadi kirjest.<\/em><\/p>\n","protected":false},"excerpt":{"rendered":"<p>Vaatame, mida saame e-kataloogist teada v\u00e4ljaande asukoha kohta. Otsime kataloogist v\u00e4lja Endel Tulvingu raamatu \u201cM\u00e4lu\u201d ning kl\u00f5psame pealkirjal. Kl\u00f5psates pealkirjal n\u00e4ete tabelis raamatu eksemplaride asukohti. Asukohad on erinevad raamatukogud, kuid ka erinevad hoidlad ja saalid \u00fche raamatukogu piires. Kui asukoht &#8230;<\/p>\n","protected":false},"author":5,"featured_media":0,"parent":0,"menu_order":0,"comment_status":"closed","ping_status":"closed","template":"","meta":{"_acf_changed":false,"inline_featured_image":false,"footnotes":""},"class_list":["post-10","page","type-page","status-publish","hentry"],"acf":[],"_links":{"self":[{"href":"https:\/\/sisu.ut.ee\/ester\/wp-json\/wp\/v2\/pages\/10","targetHints":{"allow":["GET"]}}],"collection":[{"href":"https:\/\/sisu.ut.ee\/ester\/wp-json\/wp\/v2\/pages"}],"about":[{"href":"https:\/\/sisu.ut.ee\/ester\/wp-json\/wp\/v2\/types\/page"}],"author":[{"embeddable":true,"href":"https:\/\/sisu.ut.ee\/ester\/wp-json\/wp\/v2\/users\/5"}],"replies":[{"embeddable":true,"href":"https:\/\/sisu.ut.ee\/ester\/wp-json\/wp\/v2\/comments?post=10"}],"version-history":[{"count":1,"href":"https:\/\/sisu.ut.ee\/ester\/wp-json\/wp\/v2\/pages\/10\/revisions"}],"predecessor-version":[{"id":122,"href":"https:\/\/sisu.ut.ee\/ester\/wp-json\/wp\/v2\/pages\/10\/revisions\/122"}],"wp:attachment":[{"href":"https:\/\/sisu.ut.ee\/ester\/wp-json\/wp\/v2\/media?parent=10"}],"curies":[{"name":"wp","href":"https:\/\/api.w.org\/{rel}","templated":true}]}}