{"id":446,"date":"2025-01-29T13:01:45","date_gmt":"2025-01-29T11:01:45","guid":{"rendered":"https:\/\/sisu.ut.ee\/estcan\/?page_id=446"},"modified":"2026-04-28T14:26:23","modified_gmt":"2026-04-28T11:26:23","slug":"pediatric-palliative-care","status":"publish","type":"page","link":"https:\/\/sisu.ut.ee\/estcan\/et\/pediatric-palliative-care\/","title":{"rendered":"Hope4Kids\u00a0"},"content":{"rendered":"<p><\/p>\n\n\n\n<figure class=\"wp-block-image size-large is-resized\"><img loading=\"lazy\" decoding=\"async\" width=\"1024\" height=\"120\" src=\"https:\/\/sisu.ut.ee\/wp-content\/uploads\/sites\/845\/HOPE4kIDS-Logo-2-1024x120.jpg\" alt=\"\" class=\"wp-image-2154\" style=\"width:350px;height:auto\" srcset=\"https:\/\/sisu.ut.ee\/wp-content\/uploads\/sites\/845\/HOPE4kIDS-Logo-2-1024x120.jpg 1024w, https:\/\/sisu.ut.ee\/wp-content\/uploads\/sites\/845\/HOPE4kIDS-Logo-2-300x35.jpg 300w, https:\/\/sisu.ut.ee\/wp-content\/uploads\/sites\/845\/HOPE4kIDS-Logo-2-768x90.jpg 768w, https:\/\/sisu.ut.ee\/wp-content\/uploads\/sites\/845\/HOPE4kIDS-Logo-2.jpg 1779w\" sizes=\"auto, (max-width: 1024px) 100vw, 1024px\"><\/figure>\n\n\n\n<p><\/p>\n\n\n\n<p>\u00dchisalgatus\u00a0\u201eHope4Kids \u2013\u00a0terviklik\u00a0onkoloogiline\u00a0palliatiivravi\u00a0Euroopa\u00a0lastele\u201c on\u00a0suunatud\u00a0laste\u00a0palliatiivravi\u00a0\u00a0\u00a0tugevdamisele\u00a0ja\u00a0\u00fchtlustamisele\u00a0k\u00f5ikide\u00a0eluohtlike\u00a0v\u00f5i\u00a0eluiga\u00a0l\u00fchendavate\u00a0haigustega\u00a0laste\u00a0jaoks\u00a0Euroopas.\u00a0\u00a0\u00a0\u00a0<\/p>\n\n\n\n<p>Euroopas\u00a0elab\u00a0palju\u00a0lapsi,\u00a0kellel\u00a0on\u00a0rasked,\u00a0keerulised\u00a0v\u00f5i\u00a0haruldased\u00a0kroonilised\u00a0haigused, mis\u00a0m\u00f5jutavad\u00a0oluliselt\u00a0nende\u00a0elukvaliteeti\u00a0ja\u00a0v\u00f5ivad\u00a0paljudel\u00a0juhtudel\u00a0l\u00fchendada\u00a0eluiga.\u00a0 Laste\u00a0palliatiivravi\u00a0ei\u00a0piirdu\u00a0ainult\u00a0elu\u00a0l\u00f5pu\u00a0raviga\u00a0\u2013 see on\u00a0aktiivne\u00a0ja\u00a0terviklik\u00a0l\u00e4henemisviis,\u00a0mida\u00a0saab\u00a0pakkuda\u00a0alates\u00a0diagnoosimise\u00a0hetkest,\u00a0s\u00f5ltumata\u00a0haiguse\u00a0t\u00fc\u00fcbist\u00a0v\u00f5i\u00a0staadiumist,\u00a0ning\u00a0koos\u00a0haigusp\u00f5histe\u00a0v\u00f5i\u00a0elu\u00a0pikendavate\u00a0ravidega.\u00a0<\/p>\n\n\n\n<p><\/p>\n\n\n\n<p>Laste\u00a0palliatiivravi\u00a0eesm\u00e4rk\u00a0on\u00a0ennetada\u00a0ja\u00a0leevendada\u00a0kannatusi\u00a0t\u00f5husa\u00a0valu\u00a0ja\u00a0muude\u00a0vaevavate\u00a0s\u00fcmptomite\u00a0ravimise\u00a0kaudu,\u00a0samuti\u00a0pakkuda\u00a0ps\u00fchholoogilist,\u00a0sotsiaalset\u00a0ja\u00a0vaimset\u00a0tuge\u00a0lastele\u00a0ja\u00a0nende\u00a0peredele.\u00a0\u00a0<\/p>\n\n\n\n<p>Juurdep\u00e4\u00e4s spetsialiseeritud\u00a0laste palliatiivravile\u00a0on Euroopas endiselt eba\u00fchtlane ning hooldus integreeritakse\u00a0tavap\u00e4rasesse lastearstiabi teenuste pakkumisse\u00a0sageli liiga hilja v\u00f5i ebapiisavalt\u00a0. Selle tulemusena\u00a0v\u00f5ivad\u00a0lapsed, nende pered ja\u00a0lastega tegelevad spetsialistid\u00a0kogeda\u00a0sageli\u00a0katkendlikku\u00a0hooldust. Hope4Kids\u00a0tegeleb nende v\u00e4ljakutsetega\u00a0\u00a0tervikliku ja koordineeritud l\u00e4henemise abil.\u00a0\u00a0Projekti peamised v\u00e4ljundid\u00a0h\u00f5lmavad\u00a0laste palliatiivravi\u00a0kaardistamist\u00a0Euroopas; \u00fchtlustatud, t\u00f5endusp\u00f5histe suuniste v\u00e4ljat\u00f6\u00f6tamist; nelja pilootprojekti\u00a0rakendamist ja hindamist enam kui 17.\u00a0uuringukeskuses; ning haridus- ja koolitusprogrammide v\u00e4ljat\u00f6\u00f6tamist tervishoiut\u00f6\u00f6tajatele, vanematele ja\u00a0teistele\u00a0toetavatele t\u00e4iskasvanutele,\u00a0n\u00e4iteks\u00a0\u00f5petajatele. Hope4Kids loob ka Euroopa\u00a0laste palliatiivravi\u00a0spetsialistide v\u00f5rgustiku ja teeb koost\u00f6\u00f6d teiste Euroopa projektidega. \u00a0\u00a0<\/p>\n\n\n\n<p>Hope4Kids\u00a0projekt\u00a0kestab\u00a04\u00a0aastat\u00a0ja\u00a0seda\u00a0koordineerib\u00a0Hollandi\u00a0Princes\u00a0M\u00e1xima\u00a0laste\u00a0onkoloogiakeskus.\u00a0Algatus\u00a0p\u00f5hineb\u00a0enam\u00a0kui\u00a050\u00a0partneri\u00a0ja\u00a0\u00fcle\u00a070\u00a0organisatsiooni\u00a0koost\u00f6\u00f6l\u00a023\u00a0Euroopa\u00a0riigist. Selle\u00a0koost\u00f6\u00f6\u00a0kaudu\u00a0tegeleb\u00a0Hope4Kids\u00a0ebav\u00f5rdsusega\u00a0laste palliatiivravi\u00a0k\u00e4ttesaadavuses,\u00a0hoolduse\u00a0kvaliteedis\u00a0ja\u00a0tervishoius\u00fcsteemidesse\u00a0integreerimisel.\u00a0L\u00f5ppkokkuv\u00f5ttes\u00a0tagab\u00a0projekt, et\u00a0igal\u00a0lapsel\u00a0ja\u00a0perel\u00a0oleks\u00a0\u00f5igeaegne\u00a0juurdep\u00e4\u00e4s\u00a0kvaliteetsele\u00a0palliatiivravile\u00a0s\u00f5ltumata\u00a0elukohast.<\/p>\n\n\n\n<p><\/p>\n\n\n\n<p>Projekti kestus: 10.2025-10.2029<\/p>\n\n\n\n<p>Partnerid Eestis:\u00a0Tartu \u00dclikooli Kliinikum, Tallinna Lastehaigla, Eesti v\u00e4hit\u00f5rje v\u00f5rgustik (Tartu \u00dclikool)<\/p>\n\n\n\n<p>ESTCAN poolne kontaktisik: Mari-Leen P\u00e4rn, <a href=\"mailto:mari-leen.parn@ut.ee\" target=\"_blank\" rel=\"noreferrer noopener\">mari-leen.parn@ut.ee<\/a>\u00a0\u00a0<\/p>\n","protected":false},"excerpt":{"rendered":"<p>\u00dchisalgatus\u00a0\u201eHope4Kids \u2013\u00a0terviklik\u00a0onkoloogiline\u00a0palliatiivravi\u00a0Euroopa\u00a0lastele\u201c on\u00a0suunatud\u00a0laste\u00a0palliatiivravi\u00a0\u00a0\u00a0tugevdamisele\u00a0ja\u00a0\u00fchtlustamisele\u00a0k\u00f5ikide\u00a0eluohtlike\u00a0v\u00f5i\u00a0eluiga\u00a0l\u00fchendavate\u00a0haigustega\u00a0laste\u00a0jaoks\u00a0Euroopas.\u00a0\u00a0\u00a0\u00a0 Euroopas\u00a0elab\u00a0palju\u00a0lapsi,\u00a0kellel\u00a0on\u00a0rasked,\u00a0keerulised\u00a0v\u00f5i\u00a0haruldased\u00a0kroonilised\u00a0haigused, mis\u00a0m\u00f5jutavad\u00a0oluliselt\u00a0nende\u00a0elukvaliteeti\u00a0ja\u00a0v\u00f5ivad\u00a0paljudel\u00a0juhtudel\u00a0l\u00fchendada\u00a0eluiga.\u00a0 Laste\u00a0palliatiivravi\u00a0ei\u00a0piirdu\u00a0ainult\u00a0elu\u00a0l\u00f5pu\u00a0raviga\u00a0\u2013 see on\u00a0aktiivne\u00a0ja\u00a0terviklik\u00a0l\u00e4henemisviis,\u00a0mida\u00a0saab\u00a0pakkuda\u00a0alates\u00a0diagnoosimise\u00a0hetkest,\u00a0s\u00f5ltumata\u00a0haiguse\u00a0t\u00fc\u00fcbist\u00a0v\u00f5i\u00a0staadiumist,\u00a0ning\u00a0koos\u00a0haigusp\u00f5histe\u00a0v\u00f5i\u00a0elu\u00a0pikendavate\u00a0ravidega.\u00a0 Laste\u00a0palliatiivravi\u00a0eesm\u00e4rk\u00a0on\u00a0ennetada\u00a0ja\u00a0leevendada\u00a0kannatusi\u00a0t\u00f5husa\u00a0valu\u00a0ja\u00a0muude\u00a0vaevavate\u00a0s\u00fcmptomite\u00a0ravimise\u00a0kaudu,\u00a0samuti\u00a0pakkuda\u00a0ps\u00fchholoogilist,\u00a0sotsiaalset\u00a0ja\u00a0vaimset\u00a0tuge\u00a0lastele\u00a0ja\u00a0nende\u00a0peredele.\u00a0\u00a0 Juurdep\u00e4\u00e4s spetsialiseeritud\u00a0laste palliatiivravile\u00a0on Euroopas endiselt eba\u00fchtlane ning hooldus integreeritakse\u00a0tavap\u00e4rasesse lastearstiabi teenuste pakkumisse\u00a0sageli liiga hilja v\u00f5i ebapiisavalt\u00a0. Selle tulemusena\u00a0v\u00f5ivad\u00a0lapsed, nende pered ja\u00a0lastega tegelevad spetsialistid\u00a0kogeda\u00a0sageli\u00a0katkendlikku\u00a0hooldust. Hope4Kids\u00a0tegeleb nende v\u00e4ljakutsetega\u00a0\u00a0tervikliku ja koordineeritud l\u00e4henemise abil.\u00a0\u00a0Projekti peamised &#8230;<\/p>\n","protected":false},"author":703,"featured_media":0,"parent":0,"menu_order":0,"comment_status":"closed","ping_status":"closed","template":"","meta":{"_acf_changed":false,"inline_featured_image":false,"footnotes":""},"class_list":["post-446","page","type-page","status-publish","hentry"],"acf":[],"_links":{"self":[{"href":"https:\/\/sisu.ut.ee\/estcan\/et\/wp-json\/wp\/v2\/pages\/446","targetHints":{"allow":["GET"]}}],"collection":[{"href":"https:\/\/sisu.ut.ee\/estcan\/et\/wp-json\/wp\/v2\/pages"}],"about":[{"href":"https:\/\/sisu.ut.ee\/estcan\/et\/wp-json\/wp\/v2\/types\/page"}],"author":[{"embeddable":true,"href":"https:\/\/sisu.ut.ee\/estcan\/et\/wp-json\/wp\/v2\/users\/703"}],"replies":[{"embeddable":true,"href":"https:\/\/sisu.ut.ee\/estcan\/et\/wp-json\/wp\/v2\/comments?post=446"}],"version-history":[{"count":16,"href":"https:\/\/sisu.ut.ee\/estcan\/et\/wp-json\/wp\/v2\/pages\/446\/revisions"}],"predecessor-version":[{"id":2166,"href":"https:\/\/sisu.ut.ee\/estcan\/et\/wp-json\/wp\/v2\/pages\/446\/revisions\/2166"}],"wp:attachment":[{"href":"https:\/\/sisu.ut.ee\/estcan\/et\/wp-json\/wp\/v2\/media?parent=446"}],"curies":[{"name":"wp","href":"https:\/\/api.w.org\/{rel}","templated":true}]}}