{"id":232,"date":"2024-11-27T14:00:00","date_gmt":"2024-11-27T12:00:00","guid":{"rendered":"https:\/\/sisu.ut.ee\/estcan\/?page_id=232"},"modified":"2025-11-26T14:35:31","modified_gmt":"2025-11-26T12:35:31","slug":"meie-kohta","status":"publish","type":"page","link":"https:\/\/sisu.ut.ee\/estcan\/et\/meie-kohta\/","title":{"rendered":"Meist"},"content":{"rendered":"<p>Eesti v\u00e4hit\u00f5rje v\u00f5rgustik loodi 2024. aastal Sotsiaalministeeriumi algatusel, et parandada v\u00e4hiennetust, varajast avastamist ja ravi ning tugevdada teadus- ja innovatsioonikoost\u00f6\u00f6d Eestis. V\u00f5rgustiku moodustamine sai v\u00f5imalikuks t\u00e4nu Teadus- ja Arendusn\u00f5ukogu poolsele riiklikule rahastusotsusele. Keskuse loomist toetasid 10 partnerorganisatsiooni, sealhulgas tervishoiu-, teadus- ja haridusasutused ning patsientide esindusorganisatsioon.<br><br>Eesti v\u00e4hit\u00f5rje v\u00f5rgustik tegutseb koost\u00f6\u00f6platvormina, mis \u00fchendab erinevad osapooled ja sektorid, et tagada teadusp\u00f5hised ja koordineeritud lahendused v\u00e4hit\u00f5rjes. Keskus osaleb rahvusvahelistes teadus- ja innovatsiooniprojektides ning j\u00e4rgib Euroopa parimaid tavasid, et viia Eesti v\u00e4hit\u00f5rje kvaliteet vastavusse rahvusvaheliste standarditega.<br><br>Meie eesm\u00e4rk on parandada v\u00e4hipatsientide raviv\u00f5imalusi, toetada uuenduslike lahenduste kasutuselev\u00f5ttu ning tugevdada koost\u00f6\u00f6d nii riiklikul kui ka rahvusvahelisel tasandil.<\/p>\n\n\n\n<div class=\"wp-block-group is-layout-constrained wp-block-group-is-layout-constrained\"><\/div>\n\n\n\n<figure class=\"wp-block-image aligncenter size-large\"><img loading=\"lazy\" decoding=\"async\" width=\"1024\" height=\"576\" src=\"https:\/\/sisu.ut.ee\/wp-content\/uploads\/sites\/845\/Eesti-Vahikeskuse-asutamise-koosolek-2024-1024x576.png\" alt=\"\" class=\"wp-image-581\" srcset=\"https:\/\/sisu.ut.ee\/wp-content\/uploads\/sites\/845\/Eesti-Vahikeskuse-asutamise-koosolek-2024-1024x576.png 1024w, https:\/\/sisu.ut.ee\/wp-content\/uploads\/sites\/845\/Eesti-Vahikeskuse-asutamise-koosolek-2024-300x169.png 300w, https:\/\/sisu.ut.ee\/wp-content\/uploads\/sites\/845\/Eesti-Vahikeskuse-asutamise-koosolek-2024-768x432.png 768w, https:\/\/sisu.ut.ee\/wp-content\/uploads\/sites\/845\/Eesti-Vahikeskuse-asutamise-koosolek-2024.png 1280w\" sizes=\"auto, (max-width: 1024px) 100vw, 1024px\"><\/figure>\n\n\n<div class=\"posts-list-block my-4\">\n\t\t\t<h2 class=\"section-title h3\">Viimased postitused<\/h2>\n\t\t\t\t\t\t\t\t\t\t\t\t\t\t\t<article class=\"post-2099 post type-post status-publish format-standard has-post-thumbnail hentry category-raportid\">\n  <a href=\"https:\/\/sisu.ut.ee\/estcan\/et\/eesti-vahitorje-tegevuskava-2021-2030-vahehindamise-raport\/\" class=\"article-card--list d-flex flex-row text-black pb-1 mb-1 border-bottom\">\n    <div class=\"w-25 flex-shrink-0\">\n              <img loading=\"lazy\" decoding=\"async\" width=\"150\" height=\"150\" src=\"https:\/\/sisu.ut.ee\/wp-content\/uploads\/sites\/845\/Vahehindamine-150x150.jpeg\" class=\"img-fluid article-card__img wp-post-image\" alt=\"\">\n          <\/div>\n    <div class=\"d-flex flex-column w-100 ms-2\">\n      <h3 class=\"h5 text-sm mb-1\">\u201cEesti v\u00e4hit\u00f5rje tegevuskava 2021-2030\u201d vahehindamise raport<\/h3>\n      <time class=\"post-date d-block mt-auto text-end text-xs w-100\" datetime=\"2026-04-08T06:44:50+00:00\">\n        aprill 8, 2026\n      <\/time>\n    <\/div>\n  <\/a>\n<\/article>\n\t\t\t\t\t\t\t\t\t\t\t<article class=\"post-2092 post type-post status-publish format-standard has-post-thumbnail hentry category-uudised category-uudised-2 category-uudiskiri category-uudiskirjad\">\n  <a href=\"https:\/\/sisu.ut.ee\/estcan\/et\/uudiskiri-marts-2026\/\" class=\"article-card--list d-flex flex-row text-black pb-1 mb-1 border-bottom\">\n    <div class=\"w-25 flex-shrink-0\">\n              <img loading=\"lazy\" decoding=\"async\" width=\"150\" height=\"150\" src=\"https:\/\/sisu.ut.ee\/wp-content\/uploads\/sites\/845\/EUnetCCC-WP4-Pilot-Meeting-in-Tallinn-04.03-1-150x150.jpeg\" class=\"img-fluid article-card__img wp-post-image\" alt=\"\">\n          <\/div>\n    <div class=\"d-flex flex-column w-100 ms-2\">\n      <h3 class=\"h5 text-sm mb-1\">Uudiskiri m\u00e4rts 2026<\/h3>\n      <time class=\"post-date d-block mt-auto text-end text-xs w-100\" datetime=\"2026-04-08T06:28:21+00:00\">\n        aprill 8, 2026\n      <\/time>\n    <\/div>\n  <\/a>\n<\/article>\n\t\t\t\t\t\t\t\t\t\t\t<article class=\"post-2041 post type-post status-publish format-standard has-post-thumbnail hentry category-uritused category-uudised\">\n  <a href=\"https:\/\/sisu.ut.ee\/estcan\/et\/eesti-vahitorje-tegevuskava-2021-2030-tulemuste-tutvustamine\/\" class=\"article-card--list d-flex flex-row text-black pb-1 mb-1 border-bottom\">\n    <div class=\"w-25 flex-shrink-0\">\n              <img loading=\"lazy\" decoding=\"async\" width=\"150\" height=\"150\" src=\"https:\/\/sisu.ut.ee\/wp-content\/uploads\/sites\/845\/VAHEHINDAMISE-TULEMUSED-2-150x150.png\" class=\"img-fluid article-card__img wp-post-image\" alt=\"\">\n          <\/div>\n    <div class=\"d-flex flex-column w-100 ms-2\">\n      <h3 class=\"h5 text-sm mb-1\">Eesti v\u00e4hit\u00f5rje tegevuskava 2021-2030 vahehindamise tulemuste tutvustamine<\/h3>\n      <time class=\"post-date d-block mt-auto text-end text-xs w-100\" datetime=\"2026-03-27T11:27:17+00:00\">\n        m\u00e4rts 27, 2026\n      <\/time>\n    <\/div>\n  <\/a>\n<\/article>\n\t\t\t\t\t\t\t\t\t\t\t<article class=\"post-2061 post type-post status-publish format-standard has-post-thumbnail hentry category-uritused category-uudised\">\n  <a href=\"https:\/\/sisu.ut.ee\/estcan\/et\/eesti-vahieksperdid-alustasid-koikeholmava-vahikeskuse-loomist\/\" class=\"article-card--list d-flex flex-row text-black pb-1 mb-1 border-bottom\">\n    <div class=\"w-25 flex-shrink-0\">\n              <img loading=\"lazy\" decoding=\"async\" width=\"150\" height=\"150\" src=\"https:\/\/sisu.ut.ee\/wp-content\/uploads\/sites\/845\/EUnetCCC-WP4-Pilot-Meeting-in-Tallinn-04.03-150x150.jpeg\" class=\"img-fluid article-card__img wp-post-image\" alt=\"\">\n          <\/div>\n    <div class=\"d-flex flex-column w-100 ms-2\">\n      <h3 class=\"h5 text-sm mb-1\">Eesti v\u00e4hieksperdid alustasid k\u00f5ikeh\u00f5lmava v\u00e4hikeskuse loomist<\/h3>\n      <time class=\"post-date d-block mt-auto text-end text-xs w-100\" datetime=\"2026-03-11T09:03:25+00:00\">\n        m\u00e4rts 11, 2026\n      <\/time>\n    <\/div>\n  <\/a>\n<\/article>\n\t\t\t\t\t\t\t\t\t\t\t<article class=\"post-2028 post type-post status-publish format-standard has-post-thumbnail hentry category-uudised category-uudised-2 category-uudiskiri category-uudiskirjad\">\n  <a href=\"https:\/\/sisu.ut.ee\/estcan\/et\/uudiskiri-veebruar-2026\/\" class=\"article-card--list d-flex flex-row text-black pb-1 mb-1 border-bottom\">\n    <div class=\"w-25 flex-shrink-0\">\n              <img loading=\"lazy\" decoding=\"async\" width=\"150\" height=\"150\" src=\"https:\/\/sisu.ut.ee\/wp-content\/uploads\/sites\/845\/Aastaauhinnad-grupifoto-150x150.jpeg\" class=\"img-fluid article-card__img wp-post-image\" alt=\"\">\n          <\/div>\n    <div class=\"d-flex flex-column w-100 ms-2\">\n      <h3 class=\"h5 text-sm mb-1\">Uudiskiri veebruar 2026<\/h3>\n      <time class=\"post-date d-block mt-auto text-end text-xs w-100\" datetime=\"2026-03-06T14:41:10+00:00\">\n        m\u00e4rts 6, 2026\n      <\/time>\n    <\/div>\n  <\/a>\n<\/article>\n\t\t\t\t\t\t\t\t\t<\/div>\n\n\n\n<h2 class=\"wp-block-heading\"><\/h2>\n","protected":false},"excerpt":{"rendered":"<p>Eesti v\u00e4hit\u00f5rje v\u00f5rgustik loodi 2024. aastal Sotsiaalministeeriumi algatusel, et parandada v\u00e4hiennetust, varajast avastamist ja ravi ning tugevdada teadus- ja innovatsioonikoost\u00f6\u00f6d Eestis. V\u00f5rgustiku moodustamine sai v\u00f5imalikuks t\u00e4nu Teadus- ja Arendusn\u00f5ukogu poolsele riiklikule rahastusotsusele. Keskuse loomist toetasid 10 partnerorganisatsiooni, sealhulgas tervishoiu-, teadus- &#8230;<\/p>\n","protected":false},"author":703,"featured_media":0,"parent":0,"menu_order":0,"comment_status":"closed","ping_status":"closed","template":"","meta":{"_acf_changed":false,"inline_featured_image":false,"footnotes":""},"class_list":["post-232","page","type-page","status-publish","hentry"],"acf":[],"_links":{"self":[{"href":"https:\/\/sisu.ut.ee\/estcan\/et\/wp-json\/wp\/v2\/pages\/232","targetHints":{"allow":["GET"]}}],"collection":[{"href":"https:\/\/sisu.ut.ee\/estcan\/et\/wp-json\/wp\/v2\/pages"}],"about":[{"href":"https:\/\/sisu.ut.ee\/estcan\/et\/wp-json\/wp\/v2\/types\/page"}],"author":[{"embeddable":true,"href":"https:\/\/sisu.ut.ee\/estcan\/et\/wp-json\/wp\/v2\/users\/703"}],"replies":[{"embeddable":true,"href":"https:\/\/sisu.ut.ee\/estcan\/et\/wp-json\/wp\/v2\/comments?post=232"}],"version-history":[{"count":13,"href":"https:\/\/sisu.ut.ee\/estcan\/et\/wp-json\/wp\/v2\/pages\/232\/revisions"}],"predecessor-version":[{"id":1095,"href":"https:\/\/sisu.ut.ee\/estcan\/et\/wp-json\/wp\/v2\/pages\/232\/revisions\/1095"}],"wp:attachment":[{"href":"https:\/\/sisu.ut.ee\/estcan\/et\/wp-json\/wp\/v2\/media?parent=232"}],"curies":[{"name":"wp","href":"https:\/\/api.w.org\/{rel}","templated":true}]}}