{"id":229,"date":"2024-11-06T12:19:55","date_gmt":"2024-11-06T10:19:55","guid":{"rendered":"https:\/\/sisu.ut.ee\/estcan\/?page_id=229"},"modified":"2025-07-08T15:48:53","modified_gmt":"2025-07-08T12:48:53","slug":"avaleht","status":"publish","type":"page","link":"https:\/\/sisu.ut.ee\/estcan\/et\/","title":{"rendered":"Eesti v\u00e4hit\u00f5rje v\u00f5rgustik"},"content":{"rendered":"<p><\/p>\n\n\n\n<p class=\"has-text-align-left is-style-plain has-large-font-size\" style=\"padding-top:0;padding-right:var(--wp--preset--spacing--70);padding-bottom:0;padding-left:var(--wp--preset--spacing--70)\">Koos v\u00e4hi vastu ja tervema Eesti eest!<\/p>\n\n\n\n<p class=\"has-text-align-left is-style-plain has-large-font-size\" style=\"padding-top:0;padding-right:var(--wp--preset--spacing--70);padding-bottom:0;padding-left:var(--wp--preset--spacing--70)\">Eesti v\u00e4hit\u00f5rje v\u00f5rgustik on loodud selleks, et \u00fchendada tervishoiu-, teadus- ja haridusasutused, patsiendiorganisatsioonid ja poliitikakujundajad \u00fchtseks koost\u00f6\u00f6v\u00f5rgustikuks. Meie eesm\u00e4rk on ennetada v\u00e4hki, parandada varajast avastamist ja tagada k\u00f5igile v\u00f5rdne ligip\u00e4\u00e4s kvaliteetsele ravile. T\u00f5endusp\u00f5hine v\u00e4hit\u00f5rje on strateegiline investeering, mis v\u00e4hendab haiguskoormust, tugevdab tervishoius\u00fcsteemi ja parandab patsientide elukvaliteeti.<\/p>\n\n\n\n<p class=\"has-text-align-left is-style-plain has-large-font-size\" style=\"padding-top:0;padding-right:var(--wp--preset--spacing--70);padding-bottom:0;padding-left:var(--wp--preset--spacing--70)\">V\u00e4hk puudutab meid k\u00f5iki \u2013 teadlikkus ja ennetavad meetmed aitavad p\u00e4\u00e4sta elusid. Eesti v\u00e4hit\u00f5rje v\u00f5rgustik t\u00f6\u00f6tab selle nimel, et v\u00e4hipatsientide ja nende l\u00e4hedaste tugis\u00fcsteemid oleksid tugevad ning ravi- ja teadusuuringute v\u00f5imalused Eestis vastaksid Euroopa parimatele tavadele. Koordineeritud koost\u00f6\u00f6 ja patsientide aktiivne kaasamine viivad kiiremate ja t\u00f5husamate lahendusteni.<\/p>\n\n\n<div class=\"posts-full-width-block page-section\">\n\t\t\t<h2 class=\"section-title\">Uudiskiri<\/h2>\n\t\t\t\t\t\t\t\t\t\t\t\t\t\t\t<article class=\"post-2092 post type-post status-publish format-standard has-post-thumbnail hentry category-uudised category-uudised-2 category-uudiskiri category-uudiskirjad\">\n  <div class=\"article-card-full d-flex flex-column border-bottom px-2 pb-2 mb-2\">\n    <div class=\"article-card__categories d-flex flex-wrap fw-bold\">\n      <a href=\"https:\/\/sisu.ut.ee\/estcan\/category\/uudised-2\/\" class=\"\">#uudised<\/a>\n      <a href=\"https:\/\/sisu.ut.ee\/estcan\/et\/category\/uudised\/\" class=\"\">#uudised<\/a>\n      <a href=\"https:\/\/sisu.ut.ee\/estcan\/et\/category\/uudiskiri\/\" class=\"\">#uudiskiri<\/a>\n      <a href=\"https:\/\/sisu.ut.ee\/estcan\/category\/uudiskirjad\/\" class=\"\">#uudiskirjad<\/a>\n      <\/div>\n    <div class=\"d-flex flex-column flex-sm-row \">\n      <a href=\"https:\/\/sisu.ut.ee\/estcan\/et\/uudiskiri-marts-2026\/\" class=\"article-card-full__img-wrap\">\n                  <img loading=\"lazy\" decoding=\"async\" width=\"1024\" height=\"768\" src=\"https:\/\/sisu.ut.ee\/wp-content\/uploads\/sites\/845\/EUnetCCC-WP4-Pilot-Meeting-in-Tallinn-04.03-1-1024x768.jpeg\" class=\"img-fluid article-card-full__img wp-post-image\" alt=\"\" srcset=\"https:\/\/sisu.ut.ee\/wp-content\/uploads\/sites\/845\/EUnetCCC-WP4-Pilot-Meeting-in-Tallinn-04.03-1-1024x768.jpeg 1024w, https:\/\/sisu.ut.ee\/wp-content\/uploads\/sites\/845\/EUnetCCC-WP4-Pilot-Meeting-in-Tallinn-04.03-1-300x225.jpeg 300w, https:\/\/sisu.ut.ee\/wp-content\/uploads\/sites\/845\/EUnetCCC-WP4-Pilot-Meeting-in-Tallinn-04.03-1-768x576.jpeg 768w, https:\/\/sisu.ut.ee\/wp-content\/uploads\/sites\/845\/EUnetCCC-WP4-Pilot-Meeting-in-Tallinn-04.03-1-1920x1440.jpeg 1920w\" sizes=\"auto, (max-width: 1024px) 100vw, 1024px\">\n              <\/a>\n      <div class=\"d-flex flex-column w-100 mt-2 mt-sm-0 ms-sm-2\">\n        <h3 class=\"article-card-full__title h5 mb-1\">Uudiskiri m\u00e4rts 2026<\/h3>\n\n                  <div class=\"article-card-full__excerpt\">\n            <p>Eesti v\u00e4hit\u00f5rje v\u00f5rgustiku m\u00e4rtsikuu uudiskirja loe SIIT.<\/p>\n          <\/div>\n        \n        <a href=\"https:\/\/sisu.ut.ee\/estcan\/et\/uudiskiri-marts-2026\/\" class=\"btn btn-secondary btn-sm mt-2 me-auto\">Loe edasi<\/a>\n\n                  <time class=\"post-date d-block mt-auto pt-2 text-end text-xs w-100\" datetime=\"2026-04-08T06:28:21+00:00\">\n            aprill 8, 2026\n          <\/time>\n              <\/div>\n    <\/div>\n  <\/div>\n<\/article>\n\t\t\t\n\t\t\t\t\t\t<\/div>\n\n\n<div class=\"posts-cards-block page-section\">\n\t\t\t<h2 class=\"section-title\">Uudised<\/h2>\n\t\t\t\t\t\t\t<div class=\"row justify-content-center justify-content-md-start\">\n\t\t\t\t\t\t\t\t\t\t\t\t\t\t<div class=\"col-xs-6 col-md-4 mb-3\">\n\t\t\t\t\t\t\t\t\t\t\t\t\t<article class=\"h-100 post-2092 post type-post status-publish format-standard has-post-thumbnail hentry category-uudised category-uudised-2 category-uudiskiri category-uudiskirjad\">\n  <div class=\"article-card-boxed d-flex flex-column border rounded p-2 h-100\">\n    <div class=\"article-card__categories d-flex flex-wrap fw-bold\">\n      <a href=\"https:\/\/sisu.ut.ee\/estcan\/category\/uudised-2\/\" class=\"\">#uudised<\/a>\n      <a href=\"https:\/\/sisu.ut.ee\/estcan\/et\/category\/uudised\/\" class=\"\">#uudised<\/a>\n      <a href=\"https:\/\/sisu.ut.ee\/estcan\/et\/category\/uudiskiri\/\" class=\"\">#uudiskiri<\/a>\n      <a href=\"https:\/\/sisu.ut.ee\/estcan\/category\/uudiskirjad\/\" class=\"\">#uudiskirjad<\/a>\n      <\/div>\n    <a href=\"https:\/\/sisu.ut.ee\/estcan\/et\/uudiskiri-marts-2026\/\" class=\"aspect-ratio-16-9\">\n              <img loading=\"lazy\" decoding=\"async\" width=\"1024\" height=\"768\" src=\"https:\/\/sisu.ut.ee\/wp-content\/uploads\/sites\/845\/EUnetCCC-WP4-Pilot-Meeting-in-Tallinn-04.03-1-1024x768.jpeg\" class=\"img-fluid mb-2 wp-post-image\" alt=\"\" srcset=\"https:\/\/sisu.ut.ee\/wp-content\/uploads\/sites\/845\/EUnetCCC-WP4-Pilot-Meeting-in-Tallinn-04.03-1-1024x768.jpeg 1024w, https:\/\/sisu.ut.ee\/wp-content\/uploads\/sites\/845\/EUnetCCC-WP4-Pilot-Meeting-in-Tallinn-04.03-1-300x225.jpeg 300w, https:\/\/sisu.ut.ee\/wp-content\/uploads\/sites\/845\/EUnetCCC-WP4-Pilot-Meeting-in-Tallinn-04.03-1-768x576.jpeg 768w, https:\/\/sisu.ut.ee\/wp-content\/uploads\/sites\/845\/EUnetCCC-WP4-Pilot-Meeting-in-Tallinn-04.03-1-1920x1440.jpeg 1920w\" sizes=\"auto, (max-width: 1024px) 100vw, 1024px\">\n          <\/a>\n\n    <h3 class=\"h5 mb-1\">Uudiskiri m\u00e4rts 2026<\/h3>\n\n          <div class=\"article-card-boxed__excerpt\">\n        <p>Eesti v\u00e4hit\u00f5rje v\u00f5rgustiku m\u00e4rtsikuu uudiskirja loe SIIT.<\/p>\n      <\/div>\n    \n    <a href=\"https:\/\/sisu.ut.ee\/estcan\/et\/uudiskiri-marts-2026\/\" class=\"btn btn-secondary btn-sm mt-auto mb-2 me-auto\">Loe edasi<\/a>\n\n          <div class=\"d-flex justify-space-between text-xs\">\n                  <div class=\"dropdown\">\n  <button class=\"btn btn-share border-0 p-0\" type=\"button\" data-bs-toggle=\"dropdown\" aria-expanded=\"false\" data-bs-offset=\"0,12\">Jaga<\/button>\n  <div class=\"dropdown-menu\">\n    <div class=\"d-flex flex-wrap gap-1\">\n              <a href=\"https:\/\/www.addtoany.com\/add_to\/facebook?linkurl=https%3A%2F%2Fsisu.ut.ee%2Festcan%2Fet%2F&amp;linkname=Eesti%20v%C3%A4hit%C3%B5rje%20v%C3%B5rgustik\" class=\"btn-share-icon btn-share-icon--facebook\" target=\"_blank\" rel=\"nofollow\">Facebook<\/a>\n              <a href=\"https:\/\/www.addtoany.com\/add_to\/twitter?linkurl=https%3A%2F%2Fsisu.ut.ee%2Festcan%2Fet%2F&amp;linkname=Eesti%20v%C3%A4hit%C3%B5rje%20v%C3%B5rgustik\" class=\"btn-share-icon btn-share-icon--twitter\" target=\"_blank\" rel=\"nofollow\">Twitter<\/a>\n              <a href=\"https:\/\/www.addtoany.com\/add_to\/facebook_messenger?linkurl=https%3A%2F%2Fsisu.ut.ee%2Festcan%2Fet%2F&amp;linkname=Eesti%20v%C3%A4hit%C3%B5rje%20v%C3%B5rgustik\" class=\"btn-share-icon btn-share-icon--messenger\" target=\"_blank\" rel=\"nofollow\">Messenger<\/a>\n              <a href=\"https:\/\/www.addtoany.com\/add_to\/email?linkurl=https%3A%2F%2Fsisu.ut.ee%2Festcan%2Fet%2F&amp;linkname=Eesti%20v%C3%A4hit%C3%B5rje%20v%C3%B5rgustik\" class=\"btn-share-icon btn-share-icon--email\" target=\"_blank\" rel=\"nofollow\">E-post<\/a>\n          <\/div>\n\n    <div class=\"w-100\">\n      <a href=\"https:\/\/www.addtoany.com\/share#url=https%3A%2F%2Fsisu.ut.ee%2Festcan%2Fet%2F&amp;title=Eesti%20v%C3%A4hit%C3%B5rje%20v%C3%B5rgustik\" class=\"btn-share-icon btn-share-icon--more text-black text-xs\" target=\"_blank\">Rohkem\u2026<\/a>\n    <\/div>\n  <\/div>\n<\/div>\n        \n                  <time class=\"post-date\" datetime=\"2026-04-08T06:28:21+00:00\">\n            aprill 8, 2026\n          <\/time>\n              <\/div>\n      <\/div>\n<\/article>\n\t\t\t\t\t\t\t\t\t\t\t<\/div>\n\t\t\t\t\t\t\t\t\t\t\t\t\t\t<div class=\"col-xs-6 col-md-4 mb-3\">\n\t\t\t\t\t\t\t\t\t\t\t\t\t<article class=\"h-100 post-2041 post type-post status-publish format-standard has-post-thumbnail hentry category-uritused category-uudised\">\n  <div class=\"article-card-boxed d-flex flex-column border rounded p-2 h-100\">\n    <div class=\"article-card__categories d-flex flex-wrap fw-bold\">\n      <a href=\"https:\/\/sisu.ut.ee\/estcan\/et\/category\/uritused\/\" class=\"\">#\u00fcritused<\/a>\n      <a href=\"https:\/\/sisu.ut.ee\/estcan\/et\/category\/uudised\/\" class=\"\">#uudised<\/a>\n      <\/div>\n    <a href=\"https:\/\/sisu.ut.ee\/estcan\/et\/eesti-vahitorje-tegevuskava-2021-2030-tulemuste-tutvustamine\/\" class=\"aspect-ratio-16-9\">\n              <img loading=\"lazy\" decoding=\"async\" width=\"422\" height=\"232\" src=\"https:\/\/sisu.ut.ee\/wp-content\/uploads\/sites\/845\/VAHEHINDAMISE-TULEMUSED-2.png\" class=\"img-fluid mb-2 wp-post-image\" alt=\"\" srcset=\"https:\/\/sisu.ut.ee\/wp-content\/uploads\/sites\/845\/VAHEHINDAMISE-TULEMUSED-2.png 422w, https:\/\/sisu.ut.ee\/wp-content\/uploads\/sites\/845\/VAHEHINDAMISE-TULEMUSED-2-300x165.png 300w\" sizes=\"auto, (max-width: 422px) 100vw, 422px\">\n          <\/a>\n\n    <h3 class=\"h5 mb-1\">Eesti v\u00e4hit\u00f5rje tegevuskava 2021-2030 vahehindamise tulemuste tutvustamine<\/h3>\n\n          <div class=\"article-card-boxed__excerpt\">\n        <p>Aeg: 8. aprillil 2026\u00a0kell 13.00\u201317.15\u00a0Toimumiskoht: Tornisaal (8. korrus), Eesti Rahvusraamatukogu, Tallinn, T\u00f5nism\u00e4gi 2. \u00dcritusel tutvustati \u201cEesti v\u00e4hit\u00f5rje tegevuskava 2021-2030\u2033 vahehindamise raportit. Lisamatejalid: P\u00e4eva fookuses oli j\u00e4rgmise\u00a0viie aasta v\u00e4hit\u00f5rje prioriteetide arutelu koos v\u00f5imalike \u00fchiste tegevussuundade ja edasiste sammudega, et toetada tegevuskava \u2026<\/p>\n      <\/div>\n    \n    <a href=\"https:\/\/sisu.ut.ee\/estcan\/et\/eesti-vahitorje-tegevuskava-2021-2030-tulemuste-tutvustamine\/\" class=\"btn btn-secondary btn-sm mt-auto mb-2 me-auto\">Loe edasi<\/a>\n\n          <div class=\"d-flex justify-space-between text-xs\">\n                  <div class=\"dropdown\">\n  <button class=\"btn btn-share border-0 p-0\" type=\"button\" data-bs-toggle=\"dropdown\" aria-expanded=\"false\" data-bs-offset=\"0,12\">Jaga<\/button>\n  <div class=\"dropdown-menu\">\n    <div class=\"d-flex flex-wrap gap-1\">\n              <a href=\"https:\/\/www.addtoany.com\/add_to\/facebook?linkurl=https%3A%2F%2Fsisu.ut.ee%2Festcan%2Fet%2F&amp;linkname=Eesti%20v%C3%A4hit%C3%B5rje%20v%C3%B5rgustik\" class=\"btn-share-icon btn-share-icon--facebook\" target=\"_blank\" rel=\"nofollow\">Facebook<\/a>\n              <a href=\"https:\/\/www.addtoany.com\/add_to\/twitter?linkurl=https%3A%2F%2Fsisu.ut.ee%2Festcan%2Fet%2F&amp;linkname=Eesti%20v%C3%A4hit%C3%B5rje%20v%C3%B5rgustik\" class=\"btn-share-icon btn-share-icon--twitter\" target=\"_blank\" rel=\"nofollow\">Twitter<\/a>\n              <a href=\"https:\/\/www.addtoany.com\/add_to\/facebook_messenger?linkurl=https%3A%2F%2Fsisu.ut.ee%2Festcan%2Fet%2F&amp;linkname=Eesti%20v%C3%A4hit%C3%B5rje%20v%C3%B5rgustik\" class=\"btn-share-icon btn-share-icon--messenger\" target=\"_blank\" rel=\"nofollow\">Messenger<\/a>\n              <a href=\"https:\/\/www.addtoany.com\/add_to\/email?linkurl=https%3A%2F%2Fsisu.ut.ee%2Festcan%2Fet%2F&amp;linkname=Eesti%20v%C3%A4hit%C3%B5rje%20v%C3%B5rgustik\" class=\"btn-share-icon btn-share-icon--email\" target=\"_blank\" rel=\"nofollow\">E-post<\/a>\n          <\/div>\n\n    <div class=\"w-100\">\n      <a href=\"https:\/\/www.addtoany.com\/share#url=https%3A%2F%2Fsisu.ut.ee%2Festcan%2Fet%2F&amp;title=Eesti%20v%C3%A4hit%C3%B5rje%20v%C3%B5rgustik\" class=\"btn-share-icon btn-share-icon--more text-black text-xs\" target=\"_blank\">Rohkem\u2026<\/a>\n    <\/div>\n  <\/div>\n<\/div>\n        \n                  <time class=\"post-date\" datetime=\"2026-03-27T11:27:17+00:00\">\n            m\u00e4rts 27, 2026\n          <\/time>\n              <\/div>\n      <\/div>\n<\/article>\n\t\t\t\t\t\t\t\t\t\t\t<\/div>\n\t\t\t\t\t\t\t\t\t\t\t\t\t\t<div class=\"col-xs-6 col-md-4 mb-3\">\n\t\t\t\t\t\t\t\t\t\t\t\t\t<article class=\"h-100 post-2061 post type-post status-publish format-standard has-post-thumbnail hentry category-uritused category-uudised\">\n  <div class=\"article-card-boxed d-flex flex-column border rounded p-2 h-100\">\n    <div class=\"article-card__categories d-flex flex-wrap fw-bold\">\n      <a href=\"https:\/\/sisu.ut.ee\/estcan\/et\/category\/uritused\/\" class=\"\">#\u00fcritused<\/a>\n      <a href=\"https:\/\/sisu.ut.ee\/estcan\/et\/category\/uudised\/\" class=\"\">#uudised<\/a>\n      <\/div>\n    <a href=\"https:\/\/sisu.ut.ee\/estcan\/et\/eesti-vahieksperdid-alustasid-koikeholmava-vahikeskuse-loomist\/\" class=\"aspect-ratio-16-9\">\n              <img loading=\"lazy\" decoding=\"async\" width=\"1024\" height=\"768\" src=\"https:\/\/sisu.ut.ee\/wp-content\/uploads\/sites\/845\/EUnetCCC-WP4-Pilot-Meeting-in-Tallinn-04.03-1024x768.jpeg\" class=\"img-fluid mb-2 wp-post-image\" alt=\"\" srcset=\"https:\/\/sisu.ut.ee\/wp-content\/uploads\/sites\/845\/EUnetCCC-WP4-Pilot-Meeting-in-Tallinn-04.03-1024x768.jpeg 1024w, https:\/\/sisu.ut.ee\/wp-content\/uploads\/sites\/845\/EUnetCCC-WP4-Pilot-Meeting-in-Tallinn-04.03-300x225.jpeg 300w, https:\/\/sisu.ut.ee\/wp-content\/uploads\/sites\/845\/EUnetCCC-WP4-Pilot-Meeting-in-Tallinn-04.03-768x576.jpeg 768w, https:\/\/sisu.ut.ee\/wp-content\/uploads\/sites\/845\/EUnetCCC-WP4-Pilot-Meeting-in-Tallinn-04.03-1920x1440.jpeg 1920w\" sizes=\"auto, (max-width: 1024px) 100vw, 1024px\">\n          <\/a>\n\n    <h3 class=\"h5 mb-1\">Eesti v\u00e4hieksperdid alustasid k\u00f5ikeh\u00f5lmava v\u00e4hikeskuse loomist<\/h3>\n\n          <div class=\"article-card-boxed__excerpt\">\n        <p>Tallinnas kogunesid Eesti ja rahvusvahelised eksperdid, et anda avastart Euroopa Liidu suurprojekti EUnetCCC (European Network of Comprehensive Cancer Centres) piloodile, mille eesm\u00e4rk on rajada Eestisse k\u00f5ikeh\u00f5lmav v\u00e4hikeskus \u2013 tipptasemel ravi-, teadus- ja \u00f5ppekooslus, mis \u00fchlustab ja t\u00f5stab v\u00e4hiravi kvaliteeti kogu \u2026<\/p>\n      <\/div>\n    \n    <a href=\"https:\/\/sisu.ut.ee\/estcan\/et\/eesti-vahieksperdid-alustasid-koikeholmava-vahikeskuse-loomist\/\" class=\"btn btn-secondary btn-sm mt-auto mb-2 me-auto\">Loe edasi<\/a>\n\n          <div class=\"d-flex justify-space-between text-xs\">\n                  <div class=\"dropdown\">\n  <button class=\"btn btn-share border-0 p-0\" type=\"button\" data-bs-toggle=\"dropdown\" aria-expanded=\"false\" data-bs-offset=\"0,12\">Jaga<\/button>\n  <div class=\"dropdown-menu\">\n    <div class=\"d-flex flex-wrap gap-1\">\n              <a href=\"https:\/\/www.addtoany.com\/add_to\/facebook?linkurl=https%3A%2F%2Fsisu.ut.ee%2Festcan%2Fet%2F&amp;linkname=Eesti%20v%C3%A4hit%C3%B5rje%20v%C3%B5rgustik\" class=\"btn-share-icon btn-share-icon--facebook\" target=\"_blank\" rel=\"nofollow\">Facebook<\/a>\n              <a href=\"https:\/\/www.addtoany.com\/add_to\/twitter?linkurl=https%3A%2F%2Fsisu.ut.ee%2Festcan%2Fet%2F&amp;linkname=Eesti%20v%C3%A4hit%C3%B5rje%20v%C3%B5rgustik\" class=\"btn-share-icon btn-share-icon--twitter\" target=\"_blank\" rel=\"nofollow\">Twitter<\/a>\n              <a href=\"https:\/\/www.addtoany.com\/add_to\/facebook_messenger?linkurl=https%3A%2F%2Fsisu.ut.ee%2Festcan%2Fet%2F&amp;linkname=Eesti%20v%C3%A4hit%C3%B5rje%20v%C3%B5rgustik\" class=\"btn-share-icon btn-share-icon--messenger\" target=\"_blank\" rel=\"nofollow\">Messenger<\/a>\n              <a href=\"https:\/\/www.addtoany.com\/add_to\/email?linkurl=https%3A%2F%2Fsisu.ut.ee%2Festcan%2Fet%2F&amp;linkname=Eesti%20v%C3%A4hit%C3%B5rje%20v%C3%B5rgustik\" class=\"btn-share-icon btn-share-icon--email\" target=\"_blank\" rel=\"nofollow\">E-post<\/a>\n          <\/div>\n\n    <div class=\"w-100\">\n      <a href=\"https:\/\/www.addtoany.com\/share#url=https%3A%2F%2Fsisu.ut.ee%2Festcan%2Fet%2F&amp;title=Eesti%20v%C3%A4hit%C3%B5rje%20v%C3%B5rgustik\" class=\"btn-share-icon btn-share-icon--more text-black text-xs\" target=\"_blank\">Rohkem\u2026<\/a>\n    <\/div>\n  <\/div>\n<\/div>\n        \n                  <time class=\"post-date\" datetime=\"2026-03-11T09:03:25+00:00\">\n            m\u00e4rts 11, 2026\n          <\/time>\n              <\/div>\n      <\/div>\n<\/article>\n\t\t\t\t\t\t\t\t\t\t\t<\/div>\n\t\t\t\t\t\t\t<\/div>\n\t\t\t\t\t\t<\/div>\n\n\n\n<div class=\"wp-block-group is-nowrap is-layout-flex wp-container-core-group-is-layout-ad2f72ca wp-block-group-is-layout-flex\">\n<div class=\"wp-block-columns is-layout-flex wp-container-core-columns-is-layout-9d6595d7 wp-block-columns-is-layout-flex\">\n<div class=\"wp-block-column is-layout-flow wp-block-column-is-layout-flow\">\n<figure class=\"wp-block-image size-full\"><img loading=\"lazy\" decoding=\"async\" width=\"407\" height=\"173\" src=\"https:\/\/sisu.ut.ee\/wp-content\/uploads\/sites\/845\/ITK-2.png\" alt=\"\" class=\"wp-image-189\" srcset=\"https:\/\/sisu.ut.ee\/wp-content\/uploads\/sites\/845\/ITK-2.png 407w, https:\/\/sisu.ut.ee\/wp-content\/uploads\/sites\/845\/ITK-2-300x128.png 300w\" sizes=\"auto, (max-width: 407px) 100vw, 407px\"><\/figure>\n<\/div>\n\n\n\n<div class=\"wp-block-column is-layout-flow wp-block-column-is-layout-flow\">\n<figure class=\"wp-block-image size-full\"><img loading=\"lazy\" decoding=\"async\" width=\"475\" height=\"120\" src=\"https:\/\/sisu.ut.ee\/wp-content\/uploads\/sites\/845\/tervisekassa-1.png\" alt=\"\" class=\"wp-image-191\" srcset=\"https:\/\/sisu.ut.ee\/wp-content\/uploads\/sites\/845\/tervisekassa-1.png 475w, https:\/\/sisu.ut.ee\/wp-content\/uploads\/sites\/845\/tervisekassa-1-300x76.png 300w\" sizes=\"auto, (max-width: 475px) 100vw, 475px\"><\/figure>\n<\/div>\n<\/div>\n\n\n\n<figure class=\"wp-block-image size-full\"><img loading=\"lazy\" decoding=\"async\" width=\"300\" height=\"102\" src=\"https:\/\/sisu.ut.ee\/wp-content\/uploads\/sites\/845\/tlh-1.png\" alt=\"\" class=\"wp-image-193\"><\/figure>\n\n\n\n<figure class=\"wp-block-image size-full\"><img loading=\"lazy\" decoding=\"async\" width=\"354\" height=\"197\" src=\"https:\/\/sisu.ut.ee\/wp-content\/uploads\/sites\/845\/taltech.png\" alt=\"\" class=\"wp-image-195\" srcset=\"https:\/\/sisu.ut.ee\/wp-content\/uploads\/sites\/845\/taltech.png 354w, https:\/\/sisu.ut.ee\/wp-content\/uploads\/sites\/845\/taltech-300x167.png 300w\" sizes=\"auto, (max-width: 354px) 100vw, 354px\"><\/figure>\n\n\n\n<figure class=\"wp-block-image size-full is-resized\"><img loading=\"lazy\" decoding=\"async\" width=\"1181\" height=\"744\" src=\"https:\/\/sisu.ut.ee\/wp-content\/uploads\/sites\/845\/TEVV_logo_2019_NEW.png\" alt=\"\" class=\"wp-image-1157\" style=\"width:200px\" srcset=\"https:\/\/sisu.ut.ee\/wp-content\/uploads\/sites\/845\/TEVV_logo_2019_NEW.png 1181w, https:\/\/sisu.ut.ee\/wp-content\/uploads\/sites\/845\/TEVV_logo_2019_NEW-300x189.png 300w, https:\/\/sisu.ut.ee\/wp-content\/uploads\/sites\/845\/TEVV_logo_2019_NEW-1024x645.png 1024w, https:\/\/sisu.ut.ee\/wp-content\/uploads\/sites\/845\/TEVV_logo_2019_NEW-768x484.png 768w\" sizes=\"auto, (max-width: 1181px) 100vw, 1181px\"><\/figure>\n<\/div>\n\n\n\n<div class=\"wp-block-group is-nowrap is-layout-flex wp-container-core-group-is-layout-ad2f72ca wp-block-group-is-layout-flex\">\n<figure class=\"wp-block-image size-full\"><img loading=\"lazy\" decoding=\"async\" width=\"262\" height=\"120\" src=\"https:\/\/sisu.ut.ee\/wp-content\/uploads\/sites\/845\/perh-2.png\" alt=\"\" class=\"wp-image-128\"><\/figure>\n\n\n\n<figure class=\"wp-block-image size-full\"><img loading=\"lazy\" decoding=\"async\" width=\"256\" height=\"109\" src=\"https:\/\/sisu.ut.ee\/wp-content\/uploads\/sites\/845\/tai-1.png\" alt=\"\" class=\"wp-image-109\"><\/figure>\n\n\n\n<figure class=\"wp-block-image size-full wp-container-content-69bc4bdf\"><img loading=\"lazy\" decoding=\"async\" width=\"388\" height=\"112\" src=\"https:\/\/sisu.ut.ee\/wp-content\/uploads\/sites\/845\/SOM-1.png\" alt=\"\" class=\"wp-image-108\" srcset=\"https:\/\/sisu.ut.ee\/wp-content\/uploads\/sites\/845\/SOM-1.png 388w, https:\/\/sisu.ut.ee\/wp-content\/uploads\/sites\/845\/SOM-1-300x87.png 300w\" sizes=\"auto, (max-width: 388px) 100vw, 388px\"><\/figure>\n\n\n\n<figure class=\"wp-block-image size-full is-resized\"><img loading=\"lazy\" decoding=\"async\" width=\"394\" height=\"90\" src=\"https:\/\/sisu.ut.ee\/wp-content\/uploads\/sites\/845\/TUK-1.png\" alt=\"\" class=\"wp-image-110\" style=\"width:377px;height:auto\" srcset=\"https:\/\/sisu.ut.ee\/wp-content\/uploads\/sites\/845\/TUK-1.png 394w, https:\/\/sisu.ut.ee\/wp-content\/uploads\/sites\/845\/TUK-1-300x69.png 300w\" sizes=\"auto, (max-width: 394px) 100vw, 394px\"><\/figure>\n\n\n\n<figure class=\"wp-block-image size-full is-resized\"><img loading=\"lazy\" decoding=\"async\" width=\"804\" height=\"813\" src=\"https:\/\/sisu.ut.ee\/wp-content\/uploads\/sites\/845\/ut-2.png\" alt=\"\" class=\"wp-image-221\" style=\"width:100px\" srcset=\"https:\/\/sisu.ut.ee\/wp-content\/uploads\/sites\/845\/ut-2.png 804w, https:\/\/sisu.ut.ee\/wp-content\/uploads\/sites\/845\/ut-2-297x300.png 297w, https:\/\/sisu.ut.ee\/wp-content\/uploads\/sites\/845\/ut-2-768x777.png 768w\" sizes=\"auto, (max-width: 804px) 100vw, 804px\"><\/figure>\n<\/div>\n","protected":false},"excerpt":{"rendered":"<p>Koos v\u00e4hi vastu ja tervema Eesti eest! Eesti v\u00e4hit\u00f5rje v\u00f5rgustik on loodud selleks, et \u00fchendada tervishoiu-, teadus- ja haridusasutused, patsiendiorganisatsioonid ja poliitikakujundajad \u00fchtseks koost\u00f6\u00f6v\u00f5rgustikuks. Meie eesm\u00e4rk on ennetada v\u00e4hki, parandada varajast avastamist ja tagada k\u00f5igile v\u00f5rdne ligip\u00e4\u00e4s kvaliteetsele ravile. T\u00f5endusp\u00f5hine &#8230;<\/p>\n","protected":false},"author":703,"featured_media":0,"parent":0,"menu_order":0,"comment_status":"closed","ping_status":"closed","template":"","meta":{"_acf_changed":false,"inline_featured_image":false,"footnotes":""},"class_list":["post-229","page","type-page","status-publish","hentry"],"acf":[],"_links":{"self":[{"href":"https:\/\/sisu.ut.ee\/estcan\/et\/wp-json\/wp\/v2\/pages\/229","targetHints":{"allow":["GET"]}}],"collection":[{"href":"https:\/\/sisu.ut.ee\/estcan\/et\/wp-json\/wp\/v2\/pages"}],"about":[{"href":"https:\/\/sisu.ut.ee\/estcan\/et\/wp-json\/wp\/v2\/types\/page"}],"author":[{"embeddable":true,"href":"https:\/\/sisu.ut.ee\/estcan\/et\/wp-json\/wp\/v2\/users\/703"}],"replies":[{"embeddable":true,"href":"https:\/\/sisu.ut.ee\/estcan\/et\/wp-json\/wp\/v2\/comments?post=229"}],"version-history":[{"count":17,"href":"https:\/\/sisu.ut.ee\/estcan\/et\/wp-json\/wp\/v2\/pages\/229\/revisions"}],"predecessor-version":[{"id":1505,"href":"https:\/\/sisu.ut.ee\/estcan\/et\/wp-json\/wp\/v2\/pages\/229\/revisions\/1505"}],"wp:attachment":[{"href":"https:\/\/sisu.ut.ee\/estcan\/et\/wp-json\/wp\/v2\/media?parent=229"}],"curies":[{"name":"wp","href":"https:\/\/api.w.org\/{rel}","templated":true}]}}