{"id":1822,"date":"2025-12-09T14:26:19","date_gmt":"2025-12-09T12:26:19","guid":{"rendered":"https:\/\/sisu.ut.ee\/estcan\/?page_id=1822"},"modified":"2025-12-16T11:35:12","modified_gmt":"2025-12-16T09:35:12","slug":"arutelud","status":"publish","type":"page","link":"https:\/\/sisu.ut.ee\/estcan\/et\/arutelud\/","title":{"rendered":"Arutelud"},"content":{"rendered":"<p>Siin on j\u00e4rele kuulatavad ja j\u00e4rele vaadatavad arutelud, mis on toimunud Eesti v\u00e4hit\u00f5rje v\u00f5rgustiku osalusel:<\/p>\n\n\n\n<p><strong>05.detsembril 2025 v\u00e4hipatsientide ja nende l\u00e4hedaste teabep\u00e4ev<\/strong> <strong>\u201c<a href=\"https:\/\/tartuulikool-my.sharepoint.com\/:v:\/g\/personal\/mvarendi_ut_ee\/IQCib7-OzDCZQKlrwokZN4KbASukZVRk0UYZYD4amTdKqDY?e=o18nnH&amp;nav=eyJyZWZlcnJhbEluZm8iOnsicmVmZXJyYWxBcHAiOiJTdHJlYW1XZWJBcHAiLCJyZWZlcnJhbFZpZXciOiJTaGFyZURpYWxvZy1MaW5rIiwicmVmZXJyYWxBcHBQbGF0Zm9ybSI6IldlYiIsInJlZmVycmFsTW9kZSI6InZpZXcifX0%3D\">Eesti v\u00e4hit\u00f5rje hetkeseisust<\/a>\u201c<\/strong><\/p>\n\n\n\n<figure class=\"wp-block-image size-large\"><img loading=\"lazy\" decoding=\"async\" width=\"1024\" height=\"683\" src=\"https:\/\/sisu.ut.ee\/wp-content\/uploads\/sites\/845\/made-pt-teabepaev-1024x683.jpg\" alt=\"\" class=\"wp-image-1876\" srcset=\"https:\/\/sisu.ut.ee\/wp-content\/uploads\/sites\/845\/made-pt-teabepaev-1024x683.jpg 1024w, https:\/\/sisu.ut.ee\/wp-content\/uploads\/sites\/845\/made-pt-teabepaev-300x200.jpg 300w, https:\/\/sisu.ut.ee\/wp-content\/uploads\/sites\/845\/made-pt-teabepaev-768x513.jpg 768w, https:\/\/sisu.ut.ee\/wp-content\/uploads\/sites\/845\/made-pt-teabepaev.jpg 1536w\" sizes=\"auto, (max-width: 1024px) 100vw, 1024px\"><\/figure>\n\n\n\n<p>P\u00e4ev oli jagatud kolmeks teemaplokiks:<\/p>\n\n\n\n<p>Esimeses osas andsid <strong>Made Bambus<\/strong> (SoM), <strong>Mari-Leen P\u00e4rn<\/strong> (ESTCAN), <strong>Kaire Innos<\/strong> (TAI) ja <strong>Maria Suurna<\/strong> (Tervisekassa)\u00a0\u00fclevaade v\u00e4hit\u00f5rje hetkeseisust. Teemasid modereeris <strong>Vahur Valvere<\/strong>.<\/p>\n\n\n\n<p>Teine teemaplokk oli p\u00fchendatud v\u00e4hipatsientide teekondadele. Patsiendikeskse raviteekonna retsepti tutvustasid<strong> Liina P\u00e4\u00e4bo<\/strong> (T\u00dcK) ja <strong>Siiri Rannama<\/strong> (Saaremaa v\u00e4hi\u00fching). Teemat modereeris <strong>Helis Pokker<\/strong> ning arutelus vestles kaasa <strong>Kristin Kuusk<\/strong> Tervisekassast.\u00a0<\/p>\n\n\n\n<p>V\u00e4hipatsientide ootused, \u00f5igused ja kohustused teemadel v\u00f5tsid s\u00f5na <strong>Annika Uudelepp<\/strong> (Tuleva juhatuse liige), <strong>Ulvi Vinter<\/strong>\u00a0(Viljandi Haigla), <strong>Merike V\u00e4rik<\/strong> (Eesti v\u00e4hiliit). Modereeris <strong>Vahur Valvere<\/strong>.\u00a0<\/p>\n\n\n\n<p class=\"has-text-align-center\">\u2014\u2014\u2014\u2014\u2014\u2014\u2014<\/p>\n\n\n\n<p><strong>25.novembril 2025 Tartu \u00dclikooli Kestliku Arengu Keskuse vestlus\u00f5htu \u201c<a href=\"https:\/\/uttv.ee\/naita?id=39317\">Patsiendiorganisatsioonid Eestis \u2013 kuhu edasi?<\/a>\u201d <\/strong><\/p>\n\n\n\n<figure class=\"wp-block-image size-large\"><img loading=\"lazy\" decoding=\"async\" width=\"1024\" height=\"738\" src=\"https:\/\/sisu.ut.ee\/wp-content\/uploads\/sites\/845\/Kestliku-arengu-keskuse-arutelu-II-1024x738.jpg\" alt=\"\" class=\"wp-image-1852\" srcset=\"https:\/\/sisu.ut.ee\/wp-content\/uploads\/sites\/845\/Kestliku-arengu-keskuse-arutelu-II-1024x738.jpg 1024w, https:\/\/sisu.ut.ee\/wp-content\/uploads\/sites\/845\/Kestliku-arengu-keskuse-arutelu-II-300x216.jpg 300w, https:\/\/sisu.ut.ee\/wp-content\/uploads\/sites\/845\/Kestliku-arengu-keskuse-arutelu-II-768x554.jpg 768w, https:\/\/sisu.ut.ee\/wp-content\/uploads\/sites\/845\/Kestliku-arengu-keskuse-arutelu-II.jpg 1440w\" sizes=\"auto, (max-width: 1024px) 100vw, 1024px\"><\/figure>\n\n\n\n<p>Moderaator:<strong> Mari-Leen P\u00e4rn<\/strong><\/p>\n\n\n\n<p>Arutlevad: <strong>Annika Oja<\/strong> (Eesti Patsientide Liidu juhatuse liige ja tegevjuht), <strong>Liis Sannik<\/strong> (Eesti V\u00e4hiliidu projektijuht), <strong>Kristel Leif <\/strong>(MT\u00dc Onkoloogika juhatuse liige) ja <strong>Made Bambus<\/strong> (Sotsiaalministeeriumi n\u00f5unik). <\/p>\n\n\n\n<p>\u00dcks v\u00e4ike v\u00e4ljav\u00f5te arutelust: <strong>Made Bambus<\/strong>: \u201cT\u00e4nap\u00e4eval ei olegi v\u00f5imalik ette kujutada sotsiaal- v\u00f5i tervishoiuteenuste loomist sihtr\u00fchma ehk patsiente kaasamata. Patsiendiorganisatsioonid ei esinda ainult oma liikmeid, vaid aitavad kujundada ka \u00f5iglasemat ja tervemat \u00fchiskonda. Samas on \u00fchiskond veidi h\u00e4das inimkeskse tervishoiu m\u00f5testamise ja t\u00f5husa kaasamise m\u00f5istmisega.\u201d<\/p>\n\n\n\n<p class=\"has-text-align-center\">\u2014\u2014\u2014\u2014\u2014\u2014\u2013<\/p>\n\n\n\n<p><strong>09.augustil 2025 Paide Arvamusfestivalil aruteluala \u201cAusalt v\u00e4hist\u201d viies arutelu<\/strong> <strong>\u201c<a href=\"https:\/\/www.youtube.com\/watch?v=poT0sBUqaNk&amp;t=1968s\">V\u00e4hidiagnoos \u2013 l\u00f5pp v\u00f5i uus algus?<\/a>\u201c<\/strong><\/p>\n\n\n\n<figure class=\"wp-block-image size-large\"><img loading=\"lazy\" decoding=\"async\" width=\"1024\" height=\"549\" src=\"https:\/\/sisu.ut.ee\/wp-content\/uploads\/sites\/845\/Kuvatommis-2025-12-09-150801-1024x549.png\" alt=\"\" class=\"wp-image-1847\" srcset=\"https:\/\/sisu.ut.ee\/wp-content\/uploads\/sites\/845\/Kuvatommis-2025-12-09-150801-1024x549.png 1024w, https:\/\/sisu.ut.ee\/wp-content\/uploads\/sites\/845\/Kuvatommis-2025-12-09-150801-300x161.png 300w, https:\/\/sisu.ut.ee\/wp-content\/uploads\/sites\/845\/Kuvatommis-2025-12-09-150801-768x412.png 768w, https:\/\/sisu.ut.ee\/wp-content\/uploads\/sites\/845\/Kuvatommis-2025-12-09-150801.png 1286w\" sizes=\"auto, (max-width: 1024px) 100vw, 1024px\"><\/figure>\n\n\n\n<p>Moderaator:\u00a0<strong>Kadi Jaanisoo-Kuld\u00a0<\/strong>\u00a0<\/p>\n\n\n\n<p><strong>Arutlevad:<\/strong>\u00a0\u00a0<strong>Inna Narro-Taimsaare<\/strong>\u00a0(Ida-Tallinna Keskhaigla ja P\u00f5hja-Eesti Regionaalhaigla kliiniline ps\u00fchholoog),\u00a0<strong>Kadri Putnik<\/strong>\u00a0(P\u00f5hja-Eesti Regionaalhaigla onkoloog),\u00a0\u00a0<strong>Pille Retter<\/strong>\u00a0(patsient, raamatu \u201cMa valin elu\u201d autor) ja\u00a0<strong>Antero Kevin Leedu\u00a0<\/strong>(patsiendikogemusega start-up tootejuht).<\/p>\n\n\n\n<p>\u00dcks v\u00e4ike v\u00e4ljav\u00f5te arutelust:\u00a0<strong>Pille Retter:<\/strong>\u00a0\u201cNo alguses v\u00f5ib olla oli see, et ma ei saanud nagu v\u00e4ga ennast nii v\u00e4lja r\u00e4\u00e4kida, nagu ma oleksin tahtnud. Ja tegelikult seda kohtab v\u00e4ga palju. Sest et mingi hetk, kui ma selle v\u00f5itlusetermini endas\u00a0\u00e4ra hekseldasin, siis tuligi t\u00e4pselt see tunne, et aga ma tahangi r\u00e4\u00e4kida sellest, ka sellest surma temaatikast. Ja sul ei ole sellest kellegagi r\u00e4\u00e4kida, sest l\u00e4hedased\u2026\u00a0nemad on omakorda kriisis, hirmud ja t\u00fc\u00fcpiline lause\u2026Sa ei hakka ju\u00a0veel surema ja \u00e4ra r\u00e4\u00e4gi, \u00e4ra kutsu kurja kaela.\u201d<\/p>\n\n\n\n<p class=\"has-text-align-center\">\u2014\u2014\u2014\u2014\u2014\u2014-<\/p>\n\n\n\n<p><strong>09.augustil 2025 Paide Arvamusfestivalil aruteluala \u201cAusalt v\u00e4hist\u201d neljas arutelu<\/strong> <strong>\u201c<a href=\"https:\/\/www.youtube.com\/watch?v=6iFheqWh1uc&amp;t=2s\">T\u00f5endusp\u00f5hine, t\u00e4iend- ja alternatiivmeditsiin v\u00e4hiravis \u2013 kust jookseb piir?<\/a>\u201c<\/strong><\/p>\n\n\n\n<figure class=\"wp-block-image size-large\"><img loading=\"lazy\" decoding=\"async\" width=\"1024\" height=\"578\" src=\"https:\/\/sisu.ut.ee\/wp-content\/uploads\/sites\/845\/Kuvatommis-2025-12-09-150533-1024x578.png\" alt=\"\" class=\"wp-image-1845\" srcset=\"https:\/\/sisu.ut.ee\/wp-content\/uploads\/sites\/845\/Kuvatommis-2025-12-09-150533-1024x578.png 1024w, https:\/\/sisu.ut.ee\/wp-content\/uploads\/sites\/845\/Kuvatommis-2025-12-09-150533-300x169.png 300w, https:\/\/sisu.ut.ee\/wp-content\/uploads\/sites\/845\/Kuvatommis-2025-12-09-150533-768x434.png 768w, https:\/\/sisu.ut.ee\/wp-content\/uploads\/sites\/845\/Kuvatommis-2025-12-09-150533.png 1293w\" sizes=\"auto, (max-width: 1024px) 100vw, 1024px\"><\/figure>\n\n\n\n<p>Moderaator:\u00a0<strong>Urmas Vaino<\/strong>\u00a0\u00a0<\/p>\n\n\n\n<p><strong>Arutlevad:<\/strong>\u00a0\u00a0<strong>Vahur Valvere<\/strong>\u00a0(P\u00f5hja-Eesti Regionaalhaigla onkoloog-\u00fclemarst, Eesti V\u00e4hiliidu president),\u00a0\u00a0<strong>Olev Poolamets<\/strong>\u00a0(Tartu \u00dclikooli Kliinikumi meestearst, sowa rigpa praktika viljeleja, budismis\u00f5ber),\u00a0<strong>Kertu Chaffraix<\/strong>\u00a0(\u00f5endustausta ja isikliku haiguskogemusega holistiline tervise coach) ja\u00a0<strong>Marko Uibu<\/strong>\u00a0(Tartu \u00dclikooli sotsiaalse innovatsiooni kaasprofessor).\u00a0<\/p>\n\n\n\n<p>\u00dcks v\u00e4ike v\u00e4ljav\u00f5te arutelust:\u00a0<strong>Vahur Valvere:<\/strong>\u00a0\u201cT\u00f5endusp\u00f5hise meditsiini kolmas komponent on patsient, mis on \u00fclit\u00e4htis ja millele viimastel aastatel v\u00e4ga palju t\u00e4helepanu p\u00f6\u00f6ratakse. Patsient, tema informeeritud n\u00f5usolek. Tema tahe v\u00e4hi aktiivravis osaleda, v\u00f5rdv\u00e4\u00e4rse partnerina. Patsient, kes annab oma ravi, eriti elukvaliteedi osas, pidevat tagasisidet raviarstile ja kogu ravimeeskonnale. See on \u00e4\u00e4rmiselt oluline ja need k\u00f5ik komponendid peavad tegelikult olema olemas. Siis me saame liikuda v\u00e4\u00e4rtusp\u00f5hise meditsiini poole ja v\u00e4\u00e4rtusp\u00f5hisus veelkord, t\u00e4hendab seda, et see on kliiniline v\u00e4\u00e4rtus, mida m\u00f5\u00f5detakse\u00a0n\u00e4iteks piltdiagnostika meetodil haige elulemuse pikenemise v\u00f5i retsitiivperioodi pikenemisega. See on t\u00f5endusp\u00f5hisus, selline kliiniline pool ja see patsiendi pool, see elukvaliteedi pool, see on sama t\u00e4htis. Nad moodustavadki selle v\u00e4\u00e4rtusp\u00f5hise kasu.\u201d<\/p>\n\n\n\n<p class=\"has-text-align-center\">\u2014\u2014\u2014\u2014\u2014\u2014-<\/p>\n\n\n\n<p><strong>09.augustil 2025 Paide Arvamusfestivalil aruteluala \u201cAusalt v\u00e4hist\u201d kolmas arutelu<\/strong> <strong>\u201c<a href=\"https:\/\/www.youtube.com\/watch?v=kOcbSVPpvV8&amp;t=4s\">V\u00e4hiravimite k\u00e4ttesaadavus \u2013 kas ja kelle lahendada?<\/a>\u201c<\/strong><\/p>\n\n\n\n<figure class=\"wp-block-image size-large\"><img loading=\"lazy\" decoding=\"async\" width=\"1024\" height=\"564\" src=\"https:\/\/sisu.ut.ee\/wp-content\/uploads\/sites\/845\/Kuvatommis-2025-12-09-150206-1024x564.png\" alt=\"\" class=\"wp-image-1843\" srcset=\"https:\/\/sisu.ut.ee\/wp-content\/uploads\/sites\/845\/Kuvatommis-2025-12-09-150206-1024x564.png 1024w, https:\/\/sisu.ut.ee\/wp-content\/uploads\/sites\/845\/Kuvatommis-2025-12-09-150206-300x165.png 300w, https:\/\/sisu.ut.ee\/wp-content\/uploads\/sites\/845\/Kuvatommis-2025-12-09-150206-768x423.png 768w, https:\/\/sisu.ut.ee\/wp-content\/uploads\/sites\/845\/Kuvatommis-2025-12-09-150206.png 1281w\" sizes=\"auto, (max-width: 1024px) 100vw, 1024px\"><\/figure>\n\n\n\n<p>Moderaator:\u00a0<strong>Kristel Leif\u00a0<\/strong>\u00a0<\/p>\n\n\n\n<p><strong>Arutlevad:\u00a0<\/strong>\u00a0<strong>Marko T\u00e4hnas<\/strong>\u00a0(Tervisekassa ravimite ja teenuste rahastamisportfelli juht),\u00a0<strong>Katrin Kuusem\u00e4e<\/strong>\u00a0(riigikogu liige),\u00a0<strong>Ain Kaare<\/strong>\u00a0(Tartu \u00dclikooli Kliinikumi hematoloogia-onkoloogia kliiniku juhataja),\u00a0<strong>Marika Lepaste<\/strong>\u00a0(Ravimitootjate Liidu market access t\u00f6\u00f6grupi juht) ja\u00a0<strong>Margit Saar-Kraavi\u00a0<\/strong>(V\u00e4hiravifond \u201cKingitud Elu\u201d tegevjuht).<\/p>\n\n\n\n<p>\u00dcks k\u00fcsimus, mille\u00a0<strong>Kristel Leif<\/strong>\u00a0osalejatele arutleda andis: \u201cMeil on solidaarne tervishoid. Mida see\u00a0t\u00e4hendab ja mis on selle plussid ja miinused? Ja kas\u00a0tuleb \u00fcldse k\u00f5ne alla, et meie tervishoid ei oleks solidaarne ja kuidas me\u00a0sinna j\u00f5uaksime?\u00a0Mida see endaga kaasa tooks?\u201d<\/p>\n\n\n\n<p class=\"has-text-align-center\">\u2014\u2014\u2014\u2014\u2014\u2014-<\/p>\n\n\n\n<p><strong>09.augustil 2025 Paide Arvamusfestivalil aruteluala \u201cAusalt v\u00e4hist\u201d teine arutelu<\/strong> <strong>\u201c<a href=\"https:\/\/www.youtube.com\/watch?v=wCGlDomWZFs&amp;t=3s\">Koos v\u00e4hiteekonnal: kes toetab l\u00e4hedasi?<\/a>\u201c<\/strong><\/p>\n\n\n\n<figure class=\"wp-block-image size-large\"><img loading=\"lazy\" decoding=\"async\" width=\"1024\" height=\"577\" src=\"https:\/\/sisu.ut.ee\/wp-content\/uploads\/sites\/845\/Kuvatommis-2025-12-09-145716-1024x577.png\" alt=\"\" class=\"wp-image-1839\" srcset=\"https:\/\/sisu.ut.ee\/wp-content\/uploads\/sites\/845\/Kuvatommis-2025-12-09-145716-1024x577.png 1024w, https:\/\/sisu.ut.ee\/wp-content\/uploads\/sites\/845\/Kuvatommis-2025-12-09-145716-300x169.png 300w, https:\/\/sisu.ut.ee\/wp-content\/uploads\/sites\/845\/Kuvatommis-2025-12-09-145716-768x433.png 768w, https:\/\/sisu.ut.ee\/wp-content\/uploads\/sites\/845\/Kuvatommis-2025-12-09-145716.png 1288w\" sizes=\"auto, (max-width: 1024px) 100vw, 1024px\"><\/figure>\n\n\n\n<p>Moderaator:\u00a0<strong>Tuuli Seinberg<\/strong>\u00a0\u00a0<\/p>\n\n\n\n<p><strong>Arutlevad:\u00a0<\/strong>\u00a0<strong>Pille Sillaste<\/strong>\u00a0(P\u00f5hja-Eesti Regionaalhaigla palliatiivravi keskuse juhataja),\u00a0<strong>Made Bambus<\/strong>\u00a0(Sotsiaalministeeriumi v\u00e4hit\u00f5rje n\u00f5unik),\u00a0<strong>Marianne Sepp<\/strong>\u00a0(MT\u00dc Eesti V\u00e4hihaigete Laste Vanemate Liit\u00a0liige, kogemusn\u00f5ustaja, v\u00e4hilapse ema),\u00a0<strong>Mauri Dorbek<\/strong>\u00a0(raamatu \u201cMa tahan, ma suudan, ma v\u00f5in\u201d autor) ja\u00a0<strong>Karl P\u00e4rjam\u00e4e<\/strong>\u00a0(patsiendikogemusega kiropraktik, personaaltreener).\u00a0<\/p>\n\n\n\n<p>\u00dcks v\u00e4ike v\u00e4ljav\u00f5te arutelust:\u00a0<strong>Mauri Dorbek:<\/strong>\u00a0\u201cMa \u00fctleks niimoodi, et meie puhul, esiteks, meil oli pere tugevalt abis\u00a0ja see aitas meid. Aga ma ise \u00fctleks niimoodi, et mul ei ole ka mingit h\u00e4bi k\u00fcsida abi, et mul on t\u00e4iesti \u00fckstapuha, mis see vastus on, kui kaalukausil on kellegi elu\u2026\u00a0mul ei ole h\u00e4bi k\u00e4skida kellegil midagi teha v\u00f5i paluda v\u00f5i mis iganes\u2026Ma arvan, et\u00a0kindlasti on k\u00fcsimus ka inimeses v\u00f5i\u00a0l\u00e4hikonnas, kes ta k\u00f5rval on, et kas nad on ise piisavalt julged ja avatud sellel teemal. Me ei saagi eeldada, et k\u00f5ik meie s\u00f5brad v\u00f5i kaasa arvatud isegi v\u00e4ga l\u00e4hedal olevad inimesed meid m\u00f5istavad ja on kohe abi pakkumas, et ka v\u00e4ga l\u00e4hedal seisvad inimesed suudavad ennast lukku m\u00f5elda, nad ei oska k\u00e4ituda, nad arvavadki, et mis ma seal l\u00e4hen segama, et inimene ise annab m\u00e4rku ja kui vastaspool on selline, kes m\u00e4rku ei anna, siis ei saa lihtsalt kokku \u00fcksteisega, et siin puhul tasub lihtsalt olla egoist elu nimel.\u201d<\/p>\n\n\n\n<p class=\"has-text-align-center\">\u2014\u2014\u2014\u2014\u2014\u2014-<\/p>\n\n\n\n<p><strong>09.augustil 2025 Paide Arvamusfestivalil aruteluala \u201cAusalt v\u00e4hist\u201d esimene arutelu \u201c<a href=\"https:\/\/www.youtube.com\/watch?v=c0501JWTpJw&amp;t=3s\">V\u00e4hiennetus: me teame, kuid ei tegutse<\/a>\u201d <\/strong><\/p>\n\n\n\n<figure class=\"wp-block-image size-large\"><img loading=\"lazy\" decoding=\"async\" width=\"1024\" height=\"533\" src=\"https:\/\/sisu.ut.ee\/wp-content\/uploads\/sites\/845\/Kuvatommis-2025-12-09-144927-1024x533.png\" alt=\"\" class=\"wp-image-1835\" srcset=\"https:\/\/sisu.ut.ee\/wp-content\/uploads\/sites\/845\/Kuvatommis-2025-12-09-144927-1024x533.png 1024w, https:\/\/sisu.ut.ee\/wp-content\/uploads\/sites\/845\/Kuvatommis-2025-12-09-144927-300x156.png 300w, https:\/\/sisu.ut.ee\/wp-content\/uploads\/sites\/845\/Kuvatommis-2025-12-09-144927-768x400.png 768w, https:\/\/sisu.ut.ee\/wp-content\/uploads\/sites\/845\/Kuvatommis-2025-12-09-144927.png 1279w\" sizes=\"auto, (max-width: 1024px) 100vw, 1024px\"><\/figure>\n\n\n\n<p>Moderaator:\u00a0<strong>Kadi Lubi\u00a0<\/strong>\u00a0<\/p>\n\n\n\n<p><strong>Arutlevad:\u00a0<\/strong>\u00a0<strong>Keiu Paapsi<\/strong>\u00a0(Tervise Arengu Instituudi teadur),\u00a0<strong>Andero Uusberg<\/strong>\u00a0(Tartu \u00dclikooli afektiivps\u00fchholoogia professor, k\u00e4itumisteadlane),\u00a0<strong>Liisianne Kruusim\u00e4gi\u00a0<\/strong>(patsiendikogemusega tervise coach) ja\u00a0<strong>Indrek Lillem\u00e4gi<\/strong>\u00a0(haridustegelane, Pelgulinna riigig\u00fcmnaasiumi juht).\u00a0<\/p>\n\n\n\n<p>\u00dcks v\u00e4ike v\u00e4ljav\u00f5te arutelust:\u00a0<strong>Andero Uusberg<\/strong>: \u201cN\u00e4iteks \u00fcks\u00a0selline konkreetne k\u00e4itumine ja n\u00e4ide \u2013 elustiil. Elustiili puhul saame\u00a0lihtsalt viidata tagasi\u00a0sellele, et kui ma neid valikuid teen \u00fchel hetkel oma elus, eks ole, et ma sain s\u00f5pradega kokku, me kuidagi leppisime kokku, et me saame baaris kokku, n\u00e4iteks, eks ju. Mul on n\u00fc\u00fcd k\u00fcsimus, kas ma v\u00f5tan selle alkoholijoogi v\u00f5i ei v\u00f5ta, eks ju. Et siis \u00fchel ps\u00fchholoogiliselt tervel inimesel sellel hetkel ei k\u00e4i peast l\u00e4bi see, et mul on n\u00fc\u00fcd see v\u00e4hiennetus, mul on see\u00a0<em>task listis<\/em>, ma pidin t\u00e4na v\u00e4hki ennetama, et mul on see t\u00e4na veel tegemata. S\u00f5brad, ma ei v\u00f5ta teiega\u2026 Siin on lihtsalt olemuslik vastuolu selle nagu abstraktse kauge tagaj\u00e4rje ja sellise igap\u00e4evase otsustamise vahel\u2026.\u201d<\/p>\n\n\n\n<p class=\"has-text-align-center\">\u2014\u2014\u2014\u2014\u2014\u2014-<\/p>\n\n\n\n<p><\/p>\n","protected":false},"excerpt":{"rendered":"<p>Siin on j\u00e4rele kuulatavad ja j\u00e4rele vaadatavad arutelud, mis on toimunud Eesti v\u00e4hit\u00f5rje v\u00f5rgustiku osalusel: 05.detsembril 2025 v\u00e4hipatsientide ja nende l\u00e4hedaste teabep\u00e4ev \u201cEesti v\u00e4hit\u00f5rje hetkeseisust\u201c P\u00e4ev oli jagatud kolmeks teemaplokiks: Esimeses osas andsid Made Bambus (SoM), Mari-Leen P\u00e4rn (ESTCAN), Kaire &#8230;<\/p>\n","protected":false},"author":835,"featured_media":0,"parent":0,"menu_order":0,"comment_status":"closed","ping_status":"closed","template":"","meta":{"_acf_changed":false,"inline_featured_image":false,"footnotes":""},"class_list":["post-1822","page","type-page","status-publish","hentry"],"acf":[],"_links":{"self":[{"href":"https:\/\/sisu.ut.ee\/estcan\/et\/wp-json\/wp\/v2\/pages\/1822","targetHints":{"allow":["GET"]}}],"collection":[{"href":"https:\/\/sisu.ut.ee\/estcan\/et\/wp-json\/wp\/v2\/pages"}],"about":[{"href":"https:\/\/sisu.ut.ee\/estcan\/et\/wp-json\/wp\/v2\/types\/page"}],"author":[{"embeddable":true,"href":"https:\/\/sisu.ut.ee\/estcan\/et\/wp-json\/wp\/v2\/users\/835"}],"replies":[{"embeddable":true,"href":"https:\/\/sisu.ut.ee\/estcan\/et\/wp-json\/wp\/v2\/comments?post=1822"}],"version-history":[{"count":8,"href":"https:\/\/sisu.ut.ee\/estcan\/et\/wp-json\/wp\/v2\/pages\/1822\/revisions"}],"predecessor-version":[{"id":1880,"href":"https:\/\/sisu.ut.ee\/estcan\/et\/wp-json\/wp\/v2\/pages\/1822\/revisions\/1880"}],"wp:attachment":[{"href":"https:\/\/sisu.ut.ee\/estcan\/et\/wp-json\/wp\/v2\/media?parent=1822"}],"curies":[{"name":"wp","href":"https:\/\/api.w.org\/{rel}","templated":true}]}}