{"id":1764,"date":"2025-10-29T11:01:57","date_gmt":"2025-10-29T09:01:57","guid":{"rendered":"https:\/\/sisu.ut.ee\/estcan\/?page_id=1764"},"modified":"2026-04-20T12:59:46","modified_gmt":"2026-04-20T09:59:46","slug":"vahidiagnoosiga-patsientide-infovajaduse-uuring","status":"publish","type":"page","link":"https:\/\/sisu.ut.ee\/estcan\/et\/patsiendile\/vahidiagnoosiga-patsientide-infovajaduse-uuring\/","title":{"rendered":"V\u00e4hidiagnoosiga patsientide infovajaduse uuring"},"content":{"rendered":"<p><\/p>\n\n\n\n<p><\/p>\n\n\n\n<p>2025. a s\u00fcgisel toimus Eesti v\u00f5hit\u00f5rje v\u00f5rgustiku eestvedamisel v\u00e4hidiagnoosiga t\u00e4iskasvanud patsientide infovajaduse k\u00fcsitlusuuring, mille k\u00e4igus uuriti, millist infot Eesti v\u00e4hidiagnoosiga t\u00e4iskasvanud patsiendid vajavad ja iseseisvalt otsivad v\u00f5i saavad. Uuringu tulemusi kasutame hindamaks v\u00e4hidiagnoosiga patsientide jaoks olemasoleva informatsiooni ja infoallikate sobivust<\/p>\n\n\n\n<p><\/p>\n\n\n\n<p>K\u00fcsitluse kaasuurijad lisaks olid lisaks j\u00e4rgmistest asutustest: Tartu \u00dclikooli Kliinikum, Ida-Tallinna Keskhaigla, P\u00f5hja-Eesti Regionaalhaigla, Narva haigla, Ida-Viru Keskhaigla, Kuressaare haigla, Tallinna Tehnika\u00fclikool, Tartu Tervishoiu K\u00f5rgkool, Saaremaa v\u00e4hi\u00fching ja Onkoloogika. <\/p>\n\n\n\n<p><\/p>\n\n\n\n<p><strong>K\u00fcsitlus on l\u00f5ppenud ja 2026.a varakevadel on k\u00e4imas tulemuste anal\u00fc\u00fcsimine. <\/strong><\/p>\n\n\n\n<p><\/p>\n","protected":false},"excerpt":{"rendered":"<p>2025. a s\u00fcgisel toimus Eesti v\u00f5hit\u00f5rje v\u00f5rgustiku eestvedamisel v\u00e4hidiagnoosiga t\u00e4iskasvanud patsientide infovajaduse k\u00fcsitlusuuring, mille k\u00e4igus uuriti, millist infot Eesti v\u00e4hidiagnoosiga t\u00e4iskasvanud patsiendid vajavad ja iseseisvalt otsivad v\u00f5i saavad. Uuringu tulemusi kasutame hindamaks v\u00e4hidiagnoosiga patsientide jaoks olemasoleva informatsiooni ja infoallikate sobivust &#8230;<\/p>\n","protected":false},"author":835,"featured_media":0,"parent":484,"menu_order":0,"comment_status":"closed","ping_status":"closed","template":"","meta":{"_acf_changed":false,"inline_featured_image":false,"footnotes":""},"class_list":["post-1764","page","type-page","status-publish","hentry"],"acf":[],"_links":{"self":[{"href":"https:\/\/sisu.ut.ee\/estcan\/et\/wp-json\/wp\/v2\/pages\/1764","targetHints":{"allow":["GET"]}}],"collection":[{"href":"https:\/\/sisu.ut.ee\/estcan\/et\/wp-json\/wp\/v2\/pages"}],"about":[{"href":"https:\/\/sisu.ut.ee\/estcan\/et\/wp-json\/wp\/v2\/types\/page"}],"author":[{"embeddable":true,"href":"https:\/\/sisu.ut.ee\/estcan\/et\/wp-json\/wp\/v2\/users\/835"}],"replies":[{"embeddable":true,"href":"https:\/\/sisu.ut.ee\/estcan\/et\/wp-json\/wp\/v2\/comments?post=1764"}],"version-history":[{"count":3,"href":"https:\/\/sisu.ut.ee\/estcan\/et\/wp-json\/wp\/v2\/pages\/1764\/revisions"}],"predecessor-version":[{"id":2124,"href":"https:\/\/sisu.ut.ee\/estcan\/et\/wp-json\/wp\/v2\/pages\/1764\/revisions\/2124"}],"up":[{"embeddable":true,"href":"https:\/\/sisu.ut.ee\/estcan\/et\/wp-json\/wp\/v2\/pages\/484"}],"wp:attachment":[{"href":"https:\/\/sisu.ut.ee\/estcan\/et\/wp-json\/wp\/v2\/media?parent=1764"}],"curies":[{"name":"wp","href":"https:\/\/api.w.org\/{rel}","templated":true}]}}