{"id":1750,"date":"2025-10-28T16:31:47","date_gmt":"2025-10-28T14:31:47","guid":{"rendered":"https:\/\/sisu.ut.ee\/estcan\/?page_id=1750"},"modified":"2025-10-29T10:54:24","modified_gmt":"2025-10-29T08:54:24","slug":"prs-uuring","status":"publish","type":"page","link":"https:\/\/sisu.ut.ee\/estcan\/et\/patsiendile\/prs-uuring\/","title":{"rendered":"Rakendusuuring &#8211; PRS"},"content":{"rendered":"<p><strong>Personaliseeritud rinnav\u00e4hi s\u00f5eluuring: geneetilisel riskil p\u00f5hinev s\u00f5eluuring<\/strong><\/p>\n\n\n\n<p><strong>Septembrist novembrini 2025 on esimesel tuhande viiesajal 40-aastasel naisel v\u00f5imalus osaleda rinnav\u00e4hi s\u00f5eluuringu rakendusuuringus, mis p\u00f5hineb geneetilise riski hindamisel.<\/strong><\/p>\n\n\n\n<p>Kui tavaliselt on rinnav\u00e4hi s\u00f5eluuring k\u00e4ttesaadav naistele alates 50. eluaastast, siis n\u00fc\u00fcd soovivad Eesti v\u00e4hit\u00f5rje v\u00f5rgustik ESTCAN, Tartu \u00dclikool, Tartu \u00dclikooli Kliinikum ja Tervisekassa muuta uuringu k\u00e4ttesaadavaks ka noorematele naistele, kellel on k\u00f5rgem geneetiline risk rinnav\u00e4hki haigestumiseks.<\/p>\n\n\n\n<p>Seet\u00f5ttu alustatakse 2025. aasta s\u00fcgisel Eestis nutikama, geeniandmetel p\u00f5hineva rinnav\u00e4hi s\u00f5eluuringu rakendusuuringuga, mille eesm\u00e4rk on testida kogu protsessi esialgu v\u00e4iksema hulga naiste peal, et 2026. aastal saaks pakkuda pol\u00fcgeense riskiskooril (PRS) p\u00f5hinevat s\u00f5eluuringut juba k\u00f5igile 40-aastastele naistele Eestis.\u00a0<strong>T\u00e4navune rakendusuuring ongi ettevalmistus rinnav\u00e4hi personaliseeritud s\u00f5eluuringu k\u00e4ivitamiseks j\u00e4rgmisel aastal.<\/strong><\/p>\n\n\n\n<h3 class=\"wp-block-heading\">Mis on PRS-uuring?<\/h3>\n\n\n\n<p>Valdavalt on vanus \u00fclemaailmselt levinuimv kriteerium s\u00f5eluuringusse kaasamiseks, kuid on h\u00e4sti teada, et on ka teisi riskifaktoreid, mis v\u00f5ivad t\u00f5sta v\u00e4hki haigestumise riski. Sellised tegurid on n\u00e4iteks alkohol, v\u00e4hene liikumine, \u00fclekaalulisus ning perekondlik v\u00e4hirisk, mis v\u00f5ib t\u00f5en\u00e4osust elu jooksul v\u00e4hki haigestuda t\u00f5sta kuni 70%.<\/p>\n\n\n\n<p>Geneetikat kasutatakse rinnav\u00e4hi ennetuses juba \u00fcsna laialdaselt, kuid seni on keskendutud perekondlikele juhtumitele, kus rinna- ja munasarjajuhtumeid on \u00fches suguv\u00f5sas palju ja noores eas. Selliseid riske nimetatakse \u00fcksikgeeni riskideks.<\/p>\n\n\n\n<p>On v\u00f5imalik hinnata aga ka statistilist geneetilist riski, kombineerides palju v\u00e4ikse toimega geenimarkereid kokku \u2013 seda nimetataksegi pol\u00fcgeenseks riskiks. Pol\u00fcgeenne risk on teadusuuringute kohaselt \u00fcks eraldiseisev v\u00e4hitekke riskifaktor lisaks keskkondlikele jm teguritele.<\/p>\n\n\n\n<p>Pol\u00fcgeense riski skoori (PRS) arvutamine v\u00f5imaldab leida naisi, kellel on juba 40-aastaselt rinnav\u00e4hki haigestumiseks sarnane risk nagu keskmisel 50-aastasel naisel. Kui risk on sarnane, siis on vanusest olenemata \u00f5igustatud pakkuda ka neile mammograafia s\u00f5eluuringus osalemist.<\/p>\n\n\n\n<h3 class=\"wp-block-heading\">Rakendusuuringust<\/h3>\n\n\n\n<p>Eesti v\u00e4hit\u00f5rje v\u00f5rgustik ESTCAN koost\u00f6\u00f6s Tervisekassa, Tartu \u00dclikooli ja Tartu \u00dclikooli Kliinikumiga soovib pakkuda nutikamat rinnav\u00e4hi s\u00f5eluuringut juba 40-aastastele naistele l\u00e4bi rakendusuuringu, mis p\u00f5hineb pol\u00fcgeensel riskiskooril (PRS).<\/p>\n\n\n\n<p><strong>Uuring algab septembri keskel ning osaleda on v\u00f5imalik 2025. aasta novembri l\u00f5puni.\u00a0<\/strong>Uuringus osalemine on visiiditasuta.<\/p>\n\n\n\n<p><strong>Kutsed saadetakse juhuvalimi alusel 1550 naisele neljas maakonnas<\/strong>: Tartumaal, Harjumaal, P\u00e4rnumaal ja Ida-Virumaal. Naistel on v\u00f5imalik p\u00f6\u00f6rduda nendes maakondades kas Tartu \u00dclikooli Kliinikumi, Ida-Tallinna Keskhaigla, P\u00f5hja-Eesti Regionaalhaigla, P\u00e4rnu Haigla v\u00f5i Ida-Viru Keskhaigla rinnakabinetti n\u00f5ustamiseks ja vereproovi andmiseks.<\/p>\n\n\n\n<p>PRS tulemuse alusel m\u00e4\u00e4ratakse naistele personaalne j\u00e4lgimine, mis k\u00f5rge riski korral h\u00f5lmab varajasemat mammograafia uuringut ning madala riski korral s\u00f5eluuringusse kutsumist, kui naine saab 50-aastaseks, nagu senine tava on olnud.<\/p>\n\n\n\n<h4 class=\"wp-block-heading\">Mille j\u00e4rgi naisi uuringusse kaasatakse?<\/h4>\n\n\n\n<p>Sissearvamise kriteeriumid:<\/p>\n\n\n\n<ol class=\"wp-block-list\">\n<li>naissugu;<\/li>\n\n\n\n<li>vanus 40 eluaastat (s\u00fcndinud aastal 1985);<\/li>\n\n\n\n<li>Rahvastikuregistri j\u00e4rgne elukoht Harjumaa, Tartumaa, P\u00e4rnumaa v\u00f5i Ida-Virumaa.<\/li>\n<\/ol>\n\n\n\n<p>V\u00e4ljaarvamise kriteeriumid:<\/p>\n\n\n\n<ol class=\"wp-block-list\">\n<li>viimase viie aasta jooksul diagnoositud rinnav\u00e4hk;<\/li>\n\n\n\n<li>uuringukutse saamise ajal rinnav\u00e4hi kahtlus (s.t diagnoos kinnitamisel);<\/li>\n\n\n\n<li>ravikindlustuse puudumine.<br>\u00a0<\/li>\n<\/ol>\n\n\n\n<h3 class=\"wp-block-heading\">Kuidas toimida, kui saad kutse uuringus osalemiseks?<\/h3>\n\n\n\n<ol class=\"wp-block-list\">\n<li>Esimene asi on broneerida endale aeg rinnakabinetti n\u00f5ustamiseks sinule l\u00e4himas uuringukeskuses. Pilootprojekti raames saab uuringul osaleda Tartu \u00dclikooli Kliinikumis, Ida-Tallinna Keskhaiglas, P\u00f5hja-Eesti Regionaalhaiglas, P\u00e4rnu Haiglas v\u00f5i Ida-Viru Keskhaiglas.<\/li>\n\n\n\n<li>Uuringu k\u00e4igus k\u00fcsitleb sind \u00e4mmaemand ja v\u00f5etakse vereproov, mille p\u00f5hjal arvutatakse sinu personaalne PRS. Tulemused on hiljem n\u00e4htavad Terviseportaali sisse logides.<\/li>\n\n\n\n<li>\u00c4mmaemanda vastuv\u00f5tul t\u00e4idad ka perekondliku v\u00e4hiriski k\u00fcsimustiku, mille alusel v\u00f5ib \u00e4mmaemand suunata sind meditsiinigeneetiku vastuv\u00f5tule.<\/li>\n\n\n\n<li>Kui saad vastuseks k\u00f5rge geneetilise riskiskoori, siis v\u00f5tab sind k\u00fcsitlenud \u00e4mmaemand sinuga \u00fchendust, teatab tulemuse ja paneb mammograafia aja. Kui sul on k\u00fcsimusi ja vajad n\u00f5ustamist, siis pakub \u00e4mmaemand vastuv\u00f5tuaja telefoni teel n\u00f5ustamiseks.<\/li>\n\n\n\n<li>S\u00f5ltumata PRS-tulemusest on k\u00f5igil soovi korral v\u00f5imalik minna uuringuj\u00e4rgsele n\u00f5ustamisele. Selleks tuleb helistada samasse uuringukeskusesse, kus k\u00e4isid esmasel n\u00f5ustamisel. Kontaktinfo leiad uuringu kutsest.<\/li>\n<\/ol>\n\n\n\n<h3 class=\"wp-block-heading\">Mis saab edasi p\u00e4rast uuringus osalemist?<\/h3>\n\n\n\n<p><strong>Kui sinu geneetiline riskiskoor oli m\u00f5\u00f5dukalt k\u00f5rgenenud<\/strong>, antakse sulle saatekiri mammograafia uuringul osalemiseks. P\u00e4rast esmast mammograafiat soovitame kahe aasta p\u00e4rast taas rinnakabinetti vastuv\u00f5tule tulla. Siis tuleks aja broneerimisel \u00f6elda, et oled j\u00e4lgimisel, sest sul on k\u00f5rgenenud rinnav\u00e4hi geneetiline risk.<\/p>\n\n\n\n<p><strong>Kui sinu geneetiline riskiskoor oli madal<\/strong>, ei vaja sa edasist j\u00e4lgimist ning sind kaasatakse riiklikku s\u00f5eluuringu sihtgruppi, kui saad 50-aastaseks.<\/p>\n\n\n\n<p>Kui rakendusuuring on edukas ja k\u00e4ivitub riiklik teenus, siis hakatakse saatma kutseid k\u00f5igile 40-aastastele naistele tuvastamaks, kellel on m\u00f5\u00f5dukalt k\u00f5rgegenud PRS, et nad saaksid k\u00e4ia mammograafias juba enne 50-aastaseks saamist.<\/p>\n\n\n\n<p>Lisainfo: Eesti v\u00e4hit\u00f5rje v\u00f5rgustiku personaalmeditsiin onkoloogias juht Anni Lepland, anni.lepland@ut.ee <\/p>\n\n\n\n<p><\/p>\n","protected":false},"excerpt":{"rendered":"<p>Personaliseeritud rinnav\u00e4hi s\u00f5eluuring: geneetilisel riskil p\u00f5hinev s\u00f5eluuring Septembrist novembrini 2025 on esimesel tuhande viiesajal 40-aastasel naisel v\u00f5imalus osaleda rinnav\u00e4hi s\u00f5eluuringu rakendusuuringus, mis p\u00f5hineb geneetilise riski hindamisel. Kui tavaliselt on rinnav\u00e4hi s\u00f5eluuring k\u00e4ttesaadav naistele alates 50. eluaastast, siis n\u00fc\u00fcd soovivad Eesti &#8230;<\/p>\n","protected":false},"author":835,"featured_media":1756,"parent":484,"menu_order":0,"comment_status":"closed","ping_status":"closed","template":"","meta":{"_acf_changed":false,"inline_featured_image":false,"footnotes":""},"class_list":["post-1750","page","type-page","status-publish","has-post-thumbnail","hentry"],"acf":[],"_links":{"self":[{"href":"https:\/\/sisu.ut.ee\/estcan\/et\/wp-json\/wp\/v2\/pages\/1750","targetHints":{"allow":["GET"]}}],"collection":[{"href":"https:\/\/sisu.ut.ee\/estcan\/et\/wp-json\/wp\/v2\/pages"}],"about":[{"href":"https:\/\/sisu.ut.ee\/estcan\/et\/wp-json\/wp\/v2\/types\/page"}],"author":[{"embeddable":true,"href":"https:\/\/sisu.ut.ee\/estcan\/et\/wp-json\/wp\/v2\/users\/835"}],"replies":[{"embeddable":true,"href":"https:\/\/sisu.ut.ee\/estcan\/et\/wp-json\/wp\/v2\/comments?post=1750"}],"version-history":[{"count":3,"href":"https:\/\/sisu.ut.ee\/estcan\/et\/wp-json\/wp\/v2\/pages\/1750\/revisions"}],"predecessor-version":[{"id":1759,"href":"https:\/\/sisu.ut.ee\/estcan\/et\/wp-json\/wp\/v2\/pages\/1750\/revisions\/1759"}],"up":[{"embeddable":true,"href":"https:\/\/sisu.ut.ee\/estcan\/et\/wp-json\/wp\/v2\/pages\/484"}],"wp:featuredmedia":[{"embeddable":true,"href":"https:\/\/sisu.ut.ee\/estcan\/et\/wp-json\/wp\/v2\/media\/1756"}],"wp:attachment":[{"href":"https:\/\/sisu.ut.ee\/estcan\/et\/wp-json\/wp\/v2\/media?parent=1750"}],"curies":[{"name":"wp","href":"https:\/\/api.w.org\/{rel}","templated":true}]}}