{"id":33,"date":"2024-04-04T04:34:24","date_gmt":"2024-04-04T01:34:24","guid":{"rendered":"https:\/\/sisu.ut.ee\/esta\/avaleht\/"},"modified":"2024-04-04T04:34:31","modified_gmt":"2024-04-04T01:34:31","slug":"avaleht","status":"publish","type":"page","link":"https:\/\/sisu.ut.ee\/esta\/","title":{"rendered":"Avaleht"},"content":{"rendered":"<table class=\"table table-hover\" align=\"center\" border=\"0\" style=\"width: 100%\">\n<tbody>\n<tr>\n<td align=\"center\" class=\"style17\" valign=\"middle\">\n\t\t\t\t<strong><img loading=\"lazy\" decoding=\"async\" height=\"142\" src=\"https:\/\/sisu.ut.ee\/wp-content\/uploads\/sites\/294\/esta-logo.png\" width=\"357\"><\/strong>\n\t\t\t<\/td>\n<td align=\"right\" class=\"os-main-nestar\">\n<table class=\"table table-hover\" align=\"right\" bgcolor=\"#B5DBFF\" border=\"0\" style=\"width: 75%\">\n<tbody>\n<tr valign=\"middle\">\n<td align=\"center\" class=\"style21\">\n\t\t\t\t\t\t\t\t\u00a0\n\t\t\t\t\t\t\t<\/td>\n<td align=\"right\" class=\"style9\">\n\t\t\t\t\t\t\t\t<strong><a data-url=\"https:\/\/nesstar.ut.ee\/webview\" href=\"https:\/\/nesstar.ut.ee\/webview\" target=\"_blank\" title=\"\" rel=\"noopener\">NESSTAR \u2013 otsi ja anal\u00fc\u00fcsi andmeid <em>on-line<\/em><\/a><\/strong>\n\t\t\t\t\t\t\t<\/td>\n<\/tr>\n<tr>\n\t\t\t\t\t\t<\/tr>\n<\/tbody>\n<\/table>\n<\/td>\n<\/tr>\n<tr>\n<td align=\"center\" class=\"os-main-img\" valign=\"middle\">\n\t\t\t\t\u00a0\n\t\t\t<\/td>\n<td align=\"right\">\n<table class=\"table table-hover\" border=\"0\" style=\"width: 100%\">\n<tbody>\n<tr>\n<td align=\"right\" class=\"style9\">\n\t\t\t\t\t\t\t\t<a href=\"https:\/\/sisu.ut.ee\/esta\/tutvustus\">Andmearhiivi tutvustus<\/a>\n\t\t\t\t\t\t\t<\/td>\n<\/tr>\n<tr>\n<td align=\"right\" class=\"style9\">\n\t\t\t\t\t\t\t\t<a href=\"https:\/\/sisu.ut.ee\/esta\/andmearhiivi-statuut\" target=\"_blank\" rel=\"noopener\">Andmearhiivi statuut<\/a>\n\t\t\t\t\t\t\t<\/td>\n<\/tr>\n<tr>\n<td align=\"right\" class=\"style9\">\n\t\t\t\t\t\t\t\t<a href=\"https:\/\/sisu.ut.ee\/esta\/kontakt\">Kontaktinfo<\/a>\n\t\t\t\t\t\t\t<\/td>\n<\/tr>\n<tr>\n<td align=\"right\" class=\"style9\">\n\t\t\t\t\t\t\t\t<a href=\"http:\/\/www.cessda.org\/Consortium\" target=\"_blank\" rel=\"noopener\">CESSDA organisatsioonid<\/a>\n\t\t\t\t\t\t\t<\/td>\n<\/tr>\n<tr>\n<td align=\"right\" class=\"style9\">\n\t\t\t\t\t\t\t\t<a href=\"https:\/\/sisu.ut.ee\/esta\/esso-online-ajakiri\">ESSO \u2013 online ajakiri<\/a>\n\t\t\t\t\t\t\t<\/td>\n<\/tr>\n<tr>\n<td align=\"right\" class=\"style21\">\n<p>\n\t\t\t\t\t\t\t\t\t\u00a0\n\t\t\t\t\t\t\t\t<\/p>\n<p>\n\t\t\t\t\t\t\t\t\t<strong>TEMAATILISED ANDMEBAASID<\/strong>\n\t\t\t\t\t\t\t\t<\/p>\n<\/td>\n<\/tr>\n<tr>\n<td align=\"right\" class=\"style9\">\n\t\t\t\t\t\t\t\t<a href=\"http:\/\/www2.sotsioloogia.ee\/esta\/rihu_database.html\" target=\"_blank\" rel=\"noopener\"><span style=\"color: #000000\"><strong>A.<\/strong><\/span>\u00a0K\u00f5rgharidusuuringute andmebaas 2000-2009<\/a>\n\t\t\t\t\t\t\t<\/td>\n<\/tr>\n<tr>\n<td align=\"right\" class=\"style9\">\n\t\t\t\t\t\t\t\t<a href=\"http:\/\/www2.sotsioloogia.ee\/estadb\/\" target=\"_blank\" rel=\"noopener\"><span style=\"color: #000000\"><strong>B.<\/strong><\/span>\u00a0Eesti vanemad sotsiaaluuringud<\/a>\n\t\t\t\t\t\t\t<\/td>\n<\/tr>\n<tr>\n<td align=\"right\" class=\"style21\">\n<p>\n\t\t\t\t\t\t\t\t\t<span style=\"color: #000000\"><strong>C.\u00a0<\/strong><\/span><a href=\"http:\/\/www2.sotsioloogia.ee\/vana\/data\" target=\"_blank\" rel=\"noopener\">Eestis 1996-2002 l\u00e4bi viidud empiirilised sotsiaaluuringud<\/a>\n\t\t\t\t\t\t\t\t<\/p>\n<p>\n\t\t\t\t\t\t\t\t\t<strong>ESTA LEPINGUTE N\u00c4IDISED<\/strong>\n\t\t\t\t\t\t\t\t<\/p>\n<\/td>\n<\/tr>\n<tr>\n<td align=\"right\" class=\"style9\">\n\t\t\t\t\t\t\t\t<strong>A.<\/strong><a href=\"https:\/\/sisu.ut.ee\/esta\/kasutamislepingu-n%C3%A4idis\" target=\"_blank\" rel=\"noopener\">\u00a0Kasutamisleping<\/a>\n\t\t\t\t\t\t\t<\/td>\n<\/tr>\n<tr>\n<td align=\"right\" class=\"style9\">\n\t\t\t\t\t\t\t\t<strong>B.<\/strong>\u00a0<a href=\"https:\/\/sisu.ut.ee\/esta\/talletamislepingu-n%C3%A4idis\" target=\"_blank\" rel=\"noopener\">Talletamisleping<\/a>\n\t\t\t\t\t\t\t<\/td>\n<\/tr>\n<tr>\n<td align=\"right\" class=\"style9\">\n\t\t\t\t\t\t\t\t<strong>C.<\/strong>\u00a0<a href=\"https:\/\/sisu.ut.ee\/esta\/taotlus\" target=\"_blank\" rel=\"noopener\">Taotluse vorm<\/a>\n\t\t\t\t\t\t\t<\/td>\n<\/tr>\n<tr>\n<td align=\"right\" class=\"style9\">\n\t\t\t\t\t\t\t\t<strong><span data-mce-mark=\"1\">D.<\/span><span data-mce-mark=\"1\">\u00a0<\/span><\/strong><a href=\"https:\/\/sisu.ut.ee\/esta\/konfidentsiaalsuskohustus\" target=\"_blank\" rel=\"noopener\">Konfidentsiaalsuskohustus<\/a>\n\t\t\t\t\t\t\t<\/td>\n<\/tr>\n<tr>\n<td align=\"right\" class=\"style9\">\n\t\t\t\t\t\t\t\t\u00a0\n\t\t\t\t\t\t\t<\/td>\n<\/tr>\n<tr>\n<td align=\"right\" class=\"style9\">\n\t\t\t\t\t\t\t\t<a class=\"style19\" href=\"http:\/\/www2.sotsioloogia.ee\/esta\/uurimused.html\" target=\"_blank\" rel=\"noopener\">ANNA INFOT TEHTUD UURINGUST<\/a>\n\t\t\t\t\t\t\t<\/td>\n<\/tr>\n<tr>\n<td align=\"right\" class=\"style9\">\n\t\t\t\t\t\t\t\t<a class=\"style19\" href=\"http:\/\/www2.sotsioloogia.ee\/esta\/publikatsioonid.html\" target=\"_blank\" rel=\"noopener\">ANNA INFOT PUBLIKATSIOONIST\/ANAL\u00dc\u00dcSIST<\/a>\n\t\t\t\t\t\t\t<\/td>\n<\/tr>\n<\/tbody>\n<\/table>\n<\/td>\n<\/tr>\n<\/tbody>\n<\/table>\n<p align=\"center\" class=\"style20\">\n\t<span style=\"color:#ff0000\"><i>NB! ESTA tegevus on l\u00f5petamisel. T\u00e4iendav info veebilehel kajastatud uuringute ja nende andmetele ligip\u00e4\u00e4suv\u00f5imaluste kohta socarch@psych.ut.ee, +372 51 25 925<\/i><\/span><\/p>\n","protected":false},"excerpt":{"rendered":"<p>\u00a0 NESSTAR \u2013 otsi ja anal\u00fc\u00fcsi andmeid on-line \u00a0 Andmearhiivi tutvustus Andmearhiivi statuut Kontaktinfo CESSDA organisatsioonid ESSO \u2013 online ajakiri \u00a0 TEMAATILISED ANDMEBAASID A.\u00a0K\u00f5rgharidusuuringute andmebaas 2000-2009 B.\u00a0Eesti vanemad sotsiaaluuringud C.\u00a0Eestis 1996-2002 l\u00e4bi viidud empiirilised sotsiaaluuringud ESTA LEPINGUTE N\u00c4IDISED A.\u00a0Kasutamisleping B.\u00a0Talletamisleping &#8230;<\/p>\n","protected":false},"author":158,"featured_media":0,"parent":0,"menu_order":0,"comment_status":"closed","ping_status":"closed","template":"","meta":{"_acf_changed":false,"inline_featured_image":false,"footnotes":""},"class_list":["post-33","page","type-page","status-publish","hentry"],"acf":[],"_links":{"self":[{"href":"https:\/\/sisu.ut.ee\/esta\/wp-json\/wp\/v2\/pages\/33","targetHints":{"allow":["GET"]}}],"collection":[{"href":"https:\/\/sisu.ut.ee\/esta\/wp-json\/wp\/v2\/pages"}],"about":[{"href":"https:\/\/sisu.ut.ee\/esta\/wp-json\/wp\/v2\/types\/page"}],"author":[{"embeddable":true,"href":"https:\/\/sisu.ut.ee\/esta\/wp-json\/wp\/v2\/users\/158"}],"replies":[{"embeddable":true,"href":"https:\/\/sisu.ut.ee\/esta\/wp-json\/wp\/v2\/comments?post=33"}],"version-history":[{"count":1,"href":"https:\/\/sisu.ut.ee\/esta\/wp-json\/wp\/v2\/pages\/33\/revisions"}],"predecessor-version":[{"id":72,"href":"https:\/\/sisu.ut.ee\/esta\/wp-json\/wp\/v2\/pages\/33\/revisions\/72"}],"wp:attachment":[{"href":"https:\/\/sisu.ut.ee\/esta\/wp-json\/wp\/v2\/media?parent=33"}],"curies":[{"name":"wp","href":"https:\/\/api.w.org\/{rel}","templated":true}]}}