{"id":32,"date":"2024-04-04T04:34:24","date_gmt":"2024-04-04T01:34:24","guid":{"rendered":"https:\/\/sisu.ut.ee\/esta\/esta-poolt-vahendatavad-uuringuandmed-1996-2018\/"},"modified":"2024-04-04T04:34:31","modified_gmt":"2024-04-04T01:34:31","slug":"esta-poolt-vahendatavad-uuringuandmed-1996-2018","status":"publish","type":"page","link":"https:\/\/sisu.ut.ee\/esta\/esta-poolt-vahendatavad-uuringuandmed-1996-2018\/","title":{"rendered":"ESTA poolt vahendatavad uuringuandmeid 1996-2018"},"content":{"rendered":"<p>Tabelis olevate uuringute andmetele ligip\u00e4\u00e4su taotlemiseks palun v\u00f5tta \u00fchendust aadressil socarch@psych.ut.ee<\/p>\n<p>Nimekiri t\u00e4ieneb jooksvalt<\/p>\n<p>T\u00e4iendavalt vaata uuringute ja nende kasutusv\u00f5imaluste kohta infot men\u00fc\u00fcjaotuse \u201cAndmestike kaardistus\u201d alt\u00a0<\/p>\n<table class=\"table table-hover\" style=\"width: 1666px\" border=\"0\" cellpadding=\"0\" cellspacing=\"0\">\n<tbody>\n<tr>\n<td class=\"xl65\">Uuring<\/td>\n<td class=\"xl66\">Sisu<\/td>\n<td class=\"xl65\">Andmete kogumise aeg<\/td>\n<td class=\"xl65\">Andmete k\u00e4ttesaadavus<\/td>\n<td class=\"xl65\">Kontakt, info uuringu kohta<\/td>\n<td class=\"xl65\">Allikad<\/td>\n<\/tr>\n<tr>\n<td class=\"xl67\">Eesti koolinoor 1996-1998<\/td>\n<td class=\"xl68\">J\u00fcri Saarniidu poolt teostatud mastaapne eri koolit\u00fc\u00fcpides \u00f5ppivate koolinoorte uuring<\/td>\n<td class=\"xl67\">1996-1998 (\u00fcle 8000 vastanu)<\/td>\n<td class=\"xl67\">Andmete kasutusv\u00f5imalused vajavad t\u00e4psustamist<\/td>\n<td class=\"xl67\">Rein Murakas<\/td>\n<td class=\"xl71\"><span style=\"text-decoration: underline\" data-mce-mark=\"1\">\u00a0<\/span><\/td>\n<\/tr>\n<tr>\n<td class=\"xl67\">Tartu ettev\u00f5tlusuuringud<\/td>\n<td class=\"xl68\">Aastatel 1998-2010 viidi Tartus l\u00e4bi 6 ettev\u00f5tlusuuringut, mille raames k\u00fcsitleti linna ettev\u00f5tlusega seotud vajadustest ja probleemidest \u00fclevaate saamiseks ettev\u00f5tete juhte. Uuringute kokkuv\u00f5tted (va 1998) on k\u00e4ttesaadavad tr\u00fckiv\u00e4ljaannetena (vt ESTER).<\/td>\n<td class=\"xl67\">1998, 2000, 2002, 2004, 2006, 2010<\/td>\n<td class=\"xl67\">Andmeid on v\u00f5imalik kasutada Tartu linnavalitsuse loal.<\/td>\n<td class=\"xl67\">Rein Murakas<\/td>\n<td class=\"xl69\">\u00a0<\/td>\n<\/tr>\n<tr>\n<td class=\"xl67\">Uuring \u201cRiigikaitse ja avalik arvamus\u201d 2000-2018<\/td>\n<td class=\"xl68\">Andmestik riigikaitsega seotud arvamuste kohta, mis koosneb 43st alamandmestikust. Kaetud ajavahemik alates 2000, andmeid lisandub jooksvalt.<\/td>\n<td class=\"xl67\">2000-2018<\/td>\n<td class=\"xl67\">Andmete omanik on Kaitseministeerium. Andmetele ligip\u00e4\u00e4su on v\u00f5imalik taotleda l\u00e4bi Eesti Sotsiaalteadusliku Andmearhiivi vastavalt Tartu \u00dclikooli poolt s\u00f5lmitud lepingule.<\/td>\n<td class=\"xl67\">Rein Murakas, Tiia-Triin Truusa, Juhan Kivir\u00e4hk<\/td>\n<td class=\"xl69\">https:\/\/www.yti.ut.ee\/sites\/default\/files\/aki\/riigikaitse_ja_avalik_arvamus_-_kusitluste_sisu_ja_ulesehitus_v1.01.pdf<\/td>\n<\/tr>\n<tr>\n<td class=\"xl67\">Tallinna ja naaberomavalitsuste elamualade uuring<\/td>\n<td class=\"xl68\">Rahulolu elamistingimustega, eluasemeprobleemid<\/td>\n<td class=\"xl67\">2006 (1334+273 naaberomavalitsustes)<\/td>\n<td class=\"xl67\">Andmeid on v\u00f5imalik kasutada Tallinna Linnavalitsuse loal<\/td>\n<td class=\"xl67\">J\u00fcri K\u00f5re<\/td>\n<td class=\"xl73\">https:\/\/uuringud.tallinn.ee\/file_download\/210<\/td>\n<\/tr>\n<tr>\n<td class=\"xl67\">Teadlaste mobiilsus Eestis ja seda m\u00f5jutavad tegurid<\/td>\n<td class=\"xl68\">\u00a0<\/td>\n<td class=\"xl67\">2006 (194 vastanut pluss fookusgrupid)<\/td>\n<td class=\"xl67\">Andmeid on v\u00f5imalik kasutada SA Archimedes loal<\/td>\n<td class=\"xl67\">Rein Murakas<\/td>\n<td class=\"xl71\">http:\/\/www2.archimedes.ee\/mobiilsus\/Teadlasmobiilsus_2006_et.pdf<\/td>\n<\/tr>\n<tr>\n<td class=\"xl67\">Tartu ja tartlased 2008<\/td>\n<td class=\"xl68\">Tartu linna elanike rahulolu linnaelu erinevate valdkondadega<\/td>\n<td class=\"xl67\">2008 (1718 vastust)<\/td>\n<td class=\"xl67\">Andmeid on v\u00f5imalik kasutada Tartu linnavalitsuse loal.<\/td>\n<td class=\"xl67\">Kontakt T\u00dcs: Rein Murakas.<\/td>\n<td class=\"xl71\"><a href=\"https:\/\/www.tartu.ee\/sites\/default\/files\/research_import\/2018-02\/Aruanne.pdf\">https:\/\/www.tartu.ee\/sites\/default\/files\/research_import\/2018-02\/Aruanne.pdf<\/a><\/td>\n<\/tr>\n<tr>\n<td class=\"xl72\"> Noosoot\u00f6\u00f6-alaste p\u00e4devuste ja noosoot\u00f6\u00f6tajate koolitusvajaduste uuring<\/td>\n<td class=\"xl68\">Uuringu viis 2009-2010 l\u00e4bi sotsioloogia ja sotsiaalpoliitika instituut SA Archimedes tellimusel.<\/td>\n<td class=\"xl67\">2010 (511 noorsoot\u00f6\u00f6tajat, 280 noorsoot\u00f6\u00f6tajate t\u00f6\u00f6andjat + 4 noorsoot\u00f6\u00f6tajate fookusgruppi)<\/td>\n<td class=\"xl67\">Noorsoot\u00f6\u00f6tajate k\u00fcsitlusuuringu andmeid on v\u00f5imalik kasutada SA Archimedese noorteagentuuri loal<\/td>\n<td class=\"xl67\">Kontakt T\u00dcs: Rein Murakas.<\/td>\n<td class=\"xl71\"><a href=\"https:\/\/www.hm.ee\/sites\/default\/files\/uuringud\/noorsootoos_osalevate_noorte_rahulolu_noorsootooga_loppraport_2018a.pdf\">https:\/\/www.hm.ee\/sites\/default\/files\/uuringud\/noorsootoos_osalevate_noorte_rahulolu_noorsootooga_loppraport_2018a.pdf<\/a><\/td>\n<\/tr>\n<tr>\n<td class=\"xl67\">Puuetega tallinlaste kodust toimetulekut k\u00e4sitlev sotsiaaluuring<\/td>\n<td class=\"xl68\">Puudega inimeste toimetulekuprobleemid Tallinnas<\/td>\n<td class=\"xl67\">2010 (814 vastust, lisks intervjuud)<\/td>\n<td class=\"xl67\">Andmeid on v\u00f5imalik kasutada Tallinna Linnavalitsuse loal, tegemist on senistiivsete andmetega<\/td>\n<td class=\"xl67\">J\u00fcri K\u00f5re<\/td>\n<td class=\"xl71\"><a href=\"https:\/\/uuringud.tallinnlv.ee\/uuring\/vaata\/2010\/Puuetega-tallinlaste-kodust-toimetulekut-kasitlev-sotsiaaluuring\">https:\/\/uuringud.tallinnlv.ee\/uuring\/vaata\/2010\/Puuetega-tallinlaste-kodust-toimetulekut-kasitlev-sotsiaaluuring<\/a><\/td>\n<\/tr>\n<tr>\n<td class=\"xl67\">Finantsalane kirjaoskus eesti elanike seas<\/td>\n<td class=\"xl68\">Selgitada eesti elanikkonna finantsalase kirjaoskuse ja finantsalase k\u00e4itumise p\u00f5hijooned. Osa OECD rahvusvahelisest v\u00f5rdlusuuringust<\/td>\n<td class=\"xl67\">2010 (993 vastanut) Faktum ja Ariko<\/td>\n<td class=\"xl67\">Andmeid on v\u00f5imalik kasutada Rahandusministeeriumi loal<\/td>\n<td class=\"xl67\">Kontakt: Rein Murakas<\/td>\n<td class=\"xl71\"><a href=\"https:\/\/www.minuraha.ee\/public\/Finantskirjaoskuse_uuring.pdf\">https:\/\/www.minuraha.ee\/public\/Finantskirjaoskuse_uuring.pdf<\/a><\/td>\n<\/tr>\n<tr>\n<td class=\"xl67\">Finantskirjaoskuse ja finantsalaste teenuste alase teadlikkuse uuring<\/td>\n<td class=\"xl68\">M\u00f5\u00f5ta finantskirjaoskuse taset kitsamates elanikkonna segmentides<\/td>\n<td class=\"xl67\">2012 (1513 vastanut) Saar Poll<\/td>\n<td class=\"xl67\">Andmeid on v\u00f5imalik kasutada Riigikantselei loal<\/td>\n<td class=\"xl67\">Kontakt: Rein Murakas<\/td>\n<td class=\"xl71\"><a href=\"https:\/\/www.minuraha.ee\/public\/Finantskirjaoskus_ARUANNE.pdf\">https:\/\/www.minuraha.ee\/public\/Finantskirjaoskus_ARUANNE.pdf<\/a><\/td>\n<\/tr>\n<tr>\n<td class=\"xl70\">Rahvusvahelise uurimisprojekti \u201cYouth in Europe\/Planet Youth\u201d eesti andmete kollektsioon<\/td>\n<td class=\"xl68\">Noorte riskik\u00e4itumise ja selle p\u00f5hjuste kirjeldamisele ning\u00a0 uurimistulemustel p\u00f5hinevate ennetusmeetmete (kohalike omavalitsuste tasandil) v\u00e4ljat\u00f6\u00f6tamisele keskendunud projekt. Islandil algasid uuringud 1998, rahvusvaheliselt 2006, Eestis (Tallinnas) 2012. Uuritav kontingent: 15-16 aastased noored. Seotud institutsioonid: \u00fchiskonnateaduste instituut, Tallinna ja Tartu linnavalitsused, ICSRA (Icelandic Centre for Social Research and Analysis)<\/td>\n<td class=\"xl68\">2012-2016 Eesti andmed: Tallinn 2012 (2931 vastanut), 2014 (3538 vastanut sh \u00fcldhariduskool 2971), 2016 (2998 vastanut, sh \u00fcldhariduskool 2462); Tartu 2014 (1344 vastanut \u00fcldhariduskoolis), 2016 (1382 vastanut \u00fcldhariduskoolis). V\u00f5imalik taotleda rahvusvahelisi v\u00f5rdlusandmeid alates 2006.<\/td>\n<td class=\"xl70\">Andmed on kasutatavad Tallinna ja Tartu kohalike omavalitsuste loal. V\u00f5imalik rahvusvaheline v\u00f5rdlus ja \u00fchispublikatsioonid kokkuleppel v\u00e4lispartneritega.<\/td>\n<td class=\"xl70\">Rein Murakas<\/td>\n<td class=\"xl70\">Info projekti kui terviku kohta: https:\/\/planetyouth.community\/<\/td>\n<\/tr>\n<tr>\n<td class=\"xl67\">Finantsalase kirjaoskuse uuring eesti elanike seas<\/td>\n<td class=\"xl68\">\u00a0M\u00f5\u00f5ta Eesti elanike finantskirjaoskuse ja finantsteenuste alast teadlikkust. V\u00f5rrelda tulemusi 2010 ja 2012 l\u00e4biviidud uuringutega.<\/td>\n<td class=\"xl67\">2015 (1137 vastanut) Saar Poll<\/td>\n<td class=\"xl67\">Andmeid on v\u00f5imalik kasutada Rahandusministeeriumi loal<\/td>\n<td class=\"xl67\">Kontakt: Rein Murakas<\/td>\n<td class=\"xl71\"><a href=\"http:\/\/www.saarpoll.ee\/UserFiles\/File\/Finantskirjaoskus_2015_ARUANNE_FINAL.pdf\">http:\/\/www.saarpoll.ee\/UserFiles\/File\/Finantskirjaoskus_2015_ARUANNE_FINAL.pdf<\/a><\/td>\n<\/tr>\n<tr>\n<td class=\"xl70\">Eesti meeste ja naiste uuringud, \u00fchine anal\u00fc\u00fcs<\/td>\n<td class=\"xl68\">Eesti meeste uuringu ja Eesti naiste tervise uuringu andmed<\/td>\n<td class=\"xl70\">2015 (2056 meest, 2413 naist), v\u00f5imalus uuringuid koos anal\u00fc\u00fcsida \u00fchiste tunnuste p\u00f5hjal\u00a0<\/td>\n<td class=\"xl70\">Andmete kasutamine vajab eraldi kokkuleppeid (meeeesteuuringu tellija Riigikantselei, teostaja RAKE); Naiste tervise uuring toetatud programmi TerVE raames Eesti Teadusagentuuri poolt, teostaja T\u00dc arstiteaduskond ja TAI)<\/td>\n<td class=\"xl70\">Mare Ainsaar, Helle Karro (arstiteaduskond)<\/td>\n<td class=\"xl70\">https:\/\/skytte.ut.ee\/sites\/default\/files\/ec\/meeste_uuring_2014_kokkuvote.pdf, https:\/\/sisu.ut.ee\/naisteterviseuuring\/avaleht-0<\/td>\n<\/tr>\n<tr>\n<td class=\"xl70\">Tartu noorte vaba aja uuring<\/td>\n<td class=\"xl68\">\u00d5pilaste ja lapsevanemate rahulolu vaba aja tegevustega<\/td>\n<td class=\"xl68\">2015 (2153 \u00f5pilast 3.-12. klassist, 783 lapsevanemat)<\/td>\n<td class=\"xl70\">Andmed on kasutatavad Tartu linnavalitsuse loal<\/td>\n<td class=\"xl70\">Rein Murakas<\/td>\n<td class=\"xl71\"><span style=\"text-decoration: underline\" data-mce-mark=\"1\">\u00a0<\/span><\/td>\n<\/tr>\n<tr>\n<td class=\"xl70\">Tartu \u00f5petajate uuring<\/td>\n<td class=\"xl68\">Tartu \u00fcldhariduskoolide \u00f5petajate t\u00f6\u00f6ga rahulolu, probleemid ja arenguv\u00f5imalused\u00a0<\/td>\n<td class=\"xl68\">2015 (595 vastanut)<\/td>\n<td class=\"xl70\">Andmed on kasutatavad Tartu linnavalitsuse loal<\/td>\n<td class=\"xl70\">Rein Murakas<\/td>\n<td class=\"xl71\"><span style=\"text-decoration: underline\" data-mce-mark=\"1\">\u00a0<\/span><\/td>\n<\/tr>\n<tr>\n<td class=\"xl70\">Tartu lasteaia\u00f5petajate uuring<\/td>\n<td class=\"xl68\">Lasteaia\u00f5petajate t\u00f6\u00f6ga rahulolu. Teostatud Hiie P\u00e4ri magistrit\u00f6\u00f6 raames koost\u00f6\u00f6s Tartu linnavalitsusega. Andmekogumine veebik\u00fcsitlusega<\/td>\n<td class=\"xl68\">2016 (419 vastanut)<\/td>\n<td class=\"xl70\">Andmed on kasutatavad Tartu linnavalitsuse loal<\/td>\n<td class=\"xl70\">Rein Murakas, Hiie P\u00e4ri<\/td>\n<td class=\"xl71\"><a href=\"https:\/\/dspace.ut.ee\/bitstream\/handle\/10062\/57566\/pari_hiie_ma%20.pdf?sequence=1&amp;isAllowed=y\">https:\/\/dspace.ut.ee\/bitstream\/handle\/10062\/57566\/pari_hiie_ma%20.pdf?sequence=1&amp;isAllowed=y<\/a><\/td>\n<\/tr>\n<tr>\n<td class=\"xl67\">CATCH-EyoU<\/td>\n<td class=\"xl68\">Horizon 2020 projekt. Kodanikuaktiivsuse kujundamine koos Euroopa noortega: poliitikad, praktikad, v\u00e4ljakutsed ja lahendused. Projekti rahvusvaheline kodulehek\u00fclg: http:\/\/www.catcheyou.eu\/ Kvantitatiivsete andmete kogumiseks viidi l\u00e4bi noorte longituudne veebik\u00fcsitlus koos pilootuuringuga<\/td>\n<td class=\"xl69\">2016-2017<\/td>\n<td class=\"xl67\">Andmed on k\u00e4ttesaadavad OpenAire, Zenodo ja datadoi.ut.ee repositooriumidest. Andmestike avatud kasutamisele on kehtestatud ajaline embargo kuni 30.06.2023, kuid kasutamissoove on v\u00f5imalik edastada nii repositooriumide kaudu ESTAle kui ka Eesti uurimisr\u00fchma juhile Veronika Kalmusele<\/td>\n<td class=\"xl67\">Veronika Kalmus<\/td>\n<td class=\"xl67\">Wave 1: http:\/\/dx.doi.org\/10.15155\/repos-6 Wave 2: doi:10.5281\/zenodo.1409417 Wave 1&amp;2 longitudinal: doi:10.5281\/zenodo.1409433 Wave 1 pilot: doi:10.5281\/zenodo.1409441<\/td>\n<\/tr>\n<tr>\n<td class=\"xl67\">Uuring \u201cNoorte osalemine noorsoot\u00f6\u00f6s\u201d<\/td>\n<td class=\"xl68\">Uuringu viis 2017-2018 Haridus- ja Teadusministeeriumi tellimusel l\u00e4bi T\u00dc \u00fchiskonnateaduste instituut. Teostati eri vanuses \u00f5pilaste veebik\u00fcsitlused ning fookusgrupiintervjuud.<\/td>\n<td class=\"xl67\">2016-2017 (3147 noort, 1218 lastevanemat, lisaks 9 fookusgruppi ja 3 intervjuud noorte ning 3 fookusgruppi lastevanematega)<\/td>\n<td class=\"xl67\">Andmeid on v\u00f5imalik kasutada Haridus- ja Teadusministeeriumi loal. Fookusgrupiintervjuude originaalsalvestused kujutavad endast k\u00f5rge konfidentsiaalsusastmega materjali.<\/td>\n<td class=\"xl67\">Kontakt T\u00dcs: Rein Murakas.<\/td>\n<td class=\"xl71\"><a href=\"https:\/\/www.hm.ee\/sites\/default\/files\/uuringud\/noorsootoos_osalevate_noorte_rahulolu_noorsootooga_loppraport_2018a.pdf\">https:\/\/www.hm.ee\/sites\/default\/files\/uuringud\/noorsootoos_osalevate_noorte_rahulolu_noorsootooga_loppraport_2018a.pdf<\/a><\/td>\n<\/tr>\n<tr>\n<td class=\"xl70\">Ajateenijate longituudse kompleksuuringu andmestikud<\/td>\n<td class=\"xl68\">Eesm\u00e4rk on k\u00e4ivitada j\u00e4rjepidev riigikaitselist inimressurssi monitooriv uuring, h\u00f5lmata tulevikus\u00a0 uuritavate ringi kogu riigikaitsega seotud inimressurss \u2013 ajateenijad, reserv, tegevv\u00e4elased, Kaitseliit. Hetkel (alates 2016) on Kaitsev\u00e4es alustatud ajateenijate k\u00fcsitlusega. Noorte hoiakud, v\u00e4\u00e4rtused, suhtumine ajateenistusse ja tervise- ning f\u00fc\u00fcsilise v\u00f5imekuse profiil on hetkel k\u00f5ige kriitilisema teadmisvajadusega. 2017. a kevadel toimus esimene reservv\u00e4elaste uuring. Longituudne l\u00e4henemine v\u00f5imaldab j\u00e4lgida hoiakute d\u00fcnaamikat teenistuse erinevatel etappidel. Teostajad: SJKK (Strateegilise J\u00e4tkusuutlikkuse Kompetentsikeskus), \u00fchiskonnateaduste instituut; Kaitsev\u00e4e \u00dchendatud \u00d5ppeasutused, Tervise Arengu Instituut<\/td>\n<td class=\"xl70\">2016-2017 pilootuuring (3 longituudset etappi, kokku 3175 kirjet\/vastanut); 2017-2018 ajateenistusse kutsutud (2 longituudset etappi, 3054 kirjet\/vastanut); 2018 ajateenistusse kutsutud (1. etapi andmekogumine k\u00e4imas, juulikutsest 1484 vastanut)<\/td>\n<td class=\"xl70\">Kasutamiseks tuleb taotleda luba ja allkirjastada konfidentsiaalsuskohustus.<\/td>\n<td class=\"xl70\">Tiia-Triin Truusa, Kairi Kasearu, Kairi Talves (KV\u00dc\u00d5A), Rein Murakas (andmed)<\/td>\n<td class=\"xl70\">Infot: http:\/\/www.yti.ut.ee\/sites\/default\/files\/aki\/ajateenijate_kompleksuuringu_metodoloogiline_ulevaade.pdf; https:\/\/www.yti.ut.ee\/et\/strateegilise-jatkusuutlikkuse-kompetentsikeskus<\/td>\n<\/tr>\n<\/tbody>\n<\/table>\n","protected":false},"excerpt":{"rendered":"<p>Tabelis olevate uuringute andmetele ligip\u00e4\u00e4su taotlemiseks palun v\u00f5tta \u00fchendust aadressil socarch@psych.ut.ee Nimekiri t\u00e4ieneb jooksvalt T\u00e4iendavalt vaata uuringute ja nende kasutusv\u00f5imaluste kohta infot men\u00fc\u00fcjaotuse \u201cAndmestike kaardistus\u201d alt\u00a0 Uuring Sisu Andmete kogumise aeg Andmete k\u00e4ttesaadavus Kontakt, info uuringu kohta Allikad Eesti koolinoor &#8230;<\/p>\n","protected":false},"author":158,"featured_media":0,"parent":0,"menu_order":0,"comment_status":"closed","ping_status":"closed","template":"","meta":{"_acf_changed":false,"inline_featured_image":false,"footnotes":""},"class_list":["post-32","page","type-page","status-publish","hentry"],"acf":[],"_links":{"self":[{"href":"https:\/\/sisu.ut.ee\/esta\/wp-json\/wp\/v2\/pages\/32","targetHints":{"allow":["GET"]}}],"collection":[{"href":"https:\/\/sisu.ut.ee\/esta\/wp-json\/wp\/v2\/pages"}],"about":[{"href":"https:\/\/sisu.ut.ee\/esta\/wp-json\/wp\/v2\/types\/page"}],"author":[{"embeddable":true,"href":"https:\/\/sisu.ut.ee\/esta\/wp-json\/wp\/v2\/users\/158"}],"replies":[{"embeddable":true,"href":"https:\/\/sisu.ut.ee\/esta\/wp-json\/wp\/v2\/comments?post=32"}],"version-history":[{"count":1,"href":"https:\/\/sisu.ut.ee\/esta\/wp-json\/wp\/v2\/pages\/32\/revisions"}],"predecessor-version":[{"id":73,"href":"https:\/\/sisu.ut.ee\/esta\/wp-json\/wp\/v2\/pages\/32\/revisions\/73"}],"wp:attachment":[{"href":"https:\/\/sisu.ut.ee\/esta\/wp-json\/wp\/v2\/media?parent=32"}],"curies":[{"name":"wp","href":"https:\/\/api.w.org\/{rel}","templated":true}]}}