{"id":30,"date":"2024-04-04T04:34:24","date_gmt":"2024-04-04T01:34:24","guid":{"rendered":"https:\/\/sisu.ut.ee\/esta\/uuringu-riigikaitse-ja-avalik-arvamus-andmed-2000-2018\/"},"modified":"2024-04-04T04:34:31","modified_gmt":"2024-04-04T01:34:31","slug":"uuringu-riigikaitse-ja-avalik-arvamus-andmed-2000-2018","status":"publish","type":"page","link":"https:\/\/sisu.ut.ee\/esta\/uuringu-riigikaitse-ja-avalik-arvamus-andmed-2000-2018\/","title":{"rendered":"Uuringu &#8220;Riigikaitse ja avalik arvamus&#8221; andmed 2000-2018"},"content":{"rendered":"<p>Vastavalt Kaitseministeeriumi ja Tartu \u00dclikooli vahel s\u00f5lmitud lepingule haldab ESTA 2017. aastast ministeeriumi poolt tellitava regulaarse uuringu \u201cRiigikaitse ja avalik arvamus\u201d andmeid. Hetke seisuga on l\u00e4bi viidud 43 alauuringut. K\u00fcsitlust\u00f6\u00f6 l\u00e4biviijateks olid jaanuarist 2000 kuni oktoobrini 2002 Turu-uuringute AS; veebruarist 2003 kuni oktoobrini 2005 Uuringukeskus Faktum; maist 2006 kuni augustini 2011 Turu-uuringute AS; oktoobrist 2011 kuni m\u00e4rtsini 2014 Saar Poll ning alates novembrist 2014 kuni t\u00e4naseni taas Turu-uuringute AS. K\u00f5ikide nende k\u00fcsitluste juures on tegutsenud kas otsese l\u00e4biviijana v\u00f5i konsultandina sotsioloog Juhan Kivir\u00e4hk.<\/p>\n<p>Uuringute andmete kasutamise soovi korral tuleb \u00fchendust v\u00f5tta ESTAga aadressil socarch@psych.ut.ee v\u00f5i telefonil 51 25 925. Taotluse kohta teeb otsuse Kaitseministeerium. Positiivse otsuse j\u00e4rgselt s\u00f5lmib kasutaja ESTAga andmete kasutuslepingu.<\/p>\n<p>Uuringuaruanded on \u00fcleval Kaitseministeeriumi veebilehel:<\/p>\n<p><a href=\"http:\/\/www.kmin.ee\/et\/eesmargid-tegevused\/avalik-arvamus-riigikaitsest\">http:\/\/www.kmin.ee\/et\/eesmargid-tegevused\/avalik-arvamus-riigikaitsest<\/a><\/p>\n<p>Uuringu metoodika ja kajastatud k\u00fcsimuste pikem \u00fclevaade on k\u00e4tte saadav aadressilt:<\/p>\n<p>https:\/\/www.yti.ut.ee\/sites\/default\/files\/aki\/riigikaitse_ja_avalik_arvamus_-_kusitluste_sisu_ja_ulesehitus_v1.01.pdf\u00a0<\/p>\n<p>Uuringute nimekiri:<\/p>\n<p>1.\u00a0\u00a0\u00a0\u00a0\u00a0\u00a0\u00a0\u00a0 Jaanuar 2000 \u2013 Turu-uuringute AS, k\u00fcsitletud 989 respondenti<\/p>\n<p>2.\u00a0\u00a0\u00a0\u00a0\u00a0\u00a0\u00a0\u00a0 Mai 2000 \u2013 Turu-uuringute AS, k\u00fcsitletud 986 respondenti<\/p>\n<p>3.\u00a0\u00a0\u00a0\u00a0\u00a0\u00a0\u00a0\u00a0 Oktoober 2000 \u2013 Turu-uuringute AS, k\u00fcsitletud 1040 respondenti<\/p>\n<p>4.\u00a0\u00a0\u00a0\u00a0\u00a0\u00a0\u00a0\u00a0 Veebruar 2001 \u2013 Turu-uuringute AS, k\u00fcsitletud 988 respondenti<\/p>\n<p>5.\u00a0\u00a0\u00a0\u00a0\u00a0\u00a0\u00a0\u00a0 Juuni 2001 \u2013 Turu-uuringute AS, k\u00fcsitletud 973respondenti<\/p>\n<p>6.\u00a0\u00a0\u00a0\u00a0\u00a0\u00a0\u00a0\u00a0 Oktoober 2001 \u2013 Turu-uuringute AS, k\u00fcsitletud 990 respondenti<\/p>\n<p>7.\u00a0\u00a0\u00a0\u00a0\u00a0\u00a0\u00a0\u00a0 M\u00e4rts 2002 \u2013 Turu-uuringute AS, k\u00fcsitletud 951 respondenti<\/p>\n<p>8.\u00a0\u00a0\u00a0\u00a0\u00a0\u00a0\u00a0\u00a0 Juuni 2002 \u2013 Turu-uuringute AS, k\u00fcsitletud 964 respondenti<\/p>\n<p>9.\u00a0\u00a0\u00a0\u00a0\u00a0\u00a0\u00a0\u00a0 Oktoober 2002 \u2013 Turu-uuringute AS, k\u00fcsitletud 989 respondenti<\/p>\n<p>10.\u00a0\u00a0\u00a0\u00a0\u00a0\u00a0 Veebruar 2003 \u2013 Uuringukeskus Faktum O\u00dc, k\u00fcsitletud 1002 respondenti<\/p>\n<p>11.\u00a0\u00a0\u00a0\u00a0\u00a0\u00a0 Juuni 2003 \u2013 Uuringukeskus Faktum O\u00dc, k\u00fcsitletud 988 respondenti<\/p>\n<p>12.\u00a0\u00a0\u00a0\u00a0\u00a0\u00a0 Oktoober 2003 \u2013 Uuringukeskus Faktum O\u00dc, k\u00fcsitletud 984 respondenti<\/p>\n<p>13.\u00a0\u00a0\u00a0\u00a0\u00a0\u00a0 Veebruar 2004 \u2013 Uuringukeskus Faktum O\u00dc, k\u00fcsitletud 978 respondenti<\/p>\n<p>14.\u00a0\u00a0\u00a0\u00a0\u00a0\u00a0 Juuni 2004 \u2013 Uuringukeskus Faktum O\u00dc, k\u00fcsitletud 975 respondenti<\/p>\n<p>15.\u00a0\u00a0\u00a0\u00a0\u00a0\u00a0 Oktoober 2004 \u2013 Uuringukeskus Faktum O\u00dc, k\u00fcsitletud 969 respondenti<\/p>\n<p>16.\u00a0\u00a0\u00a0\u00a0\u00a0\u00a0 M\u00e4rts 2005 \u2013 Uuringukeskus Faktum O\u00dc, k\u00fcsitletud 965 respondenti<\/p>\n<p>17.\u00a0\u00a0\u00a0\u00a0\u00a0\u00a0 Juuni 2005 \u2013 Uuringukeskus Faktum O\u00dc, k\u00fcsitletud 959 respondenti<\/p>\n<p>18.\u00a0\u00a0\u00a0\u00a0\u00a0\u00a0 Oktoober 2005 \u2013 Uuringukeskus Faktum O\u00dc, k\u00fcsitletud 936 respondenti<\/p>\n<p>19.\u00a0\u00a0\u00a0\u00a0\u00a0\u00a0 Mai 2006 \u2013 Turu-uuringute AS, k\u00fcsitletud 1022 respondenti<\/p>\n<p>20.\u00a0\u00a0\u00a0\u00a0\u00a0\u00a0 September 2006 \u2013 Turu-uuringute AS, k\u00fcsitletud 993 respondenti<\/p>\n<p>21.\u00a0\u00a0\u00a0\u00a0\u00a0\u00a0 Detsember 2006 \u2013 Turu-uuringute AS, k\u00fcsitletud 999 respondenti<\/p>\n<p>22.\u00a0\u00a0\u00a0\u00a0\u00a0\u00a0 Juuni 2007 \u2013 Turu-uuringute AS, k\u00fcsitletud 991 respondenti<\/p>\n<p>23.\u00a0\u00a0\u00a0\u00a0\u00a0\u00a0 Jaanuar 2008 \u2013 Turu-uuringute AS, k\u00fcsitletud 1008 respondenti<\/p>\n<p>24.\u00a0\u00a0\u00a0\u00a0\u00a0\u00a0 August 2008 \u2013 Turu-uuringute AS, k\u00fcsitletud 995 respondenti<\/p>\n<p>25.\u00a0\u00a0\u00a0\u00a0\u00a0\u00a0 Jaanuar 2009 \u2013 Turu-uuringute AS, k\u00fcsitletud 1012 respondenti<\/p>\n<p>26.\u00a0\u00a0\u00a0\u00a0\u00a0\u00a0 Mai 2009 \u2013 Turu-uuringute AS, k\u00fcsitletud 1000 respondenti<\/p>\n<p>27.\u00a0\u00a0\u00a0\u00a0\u00a0\u00a0 Jaanuar 2010 \u2013 Turu-uuringute AS, k\u00fcsitletud 1000 respondenti<\/p>\n<p>28.\u00a0\u00a0\u00a0\u00a0\u00a0\u00a0 September 2010 \u2013 Turu-uuringute AS, k\u00fcsitletud 1000 respondenti<\/p>\n<p>29.\u00a0\u00a0\u00a0\u00a0\u00a0\u00a0 August 2011 \u2013 Turu-uuringute AS, k\u00fcsitletud 1000 respondenti<\/p>\n<p>30.\u00a0\u00a0\u00a0\u00a0\u00a0\u00a0 Oktoober 2011 \u2013 Saar Poll O\u00dc, k\u00fcsitletud 1206 respondenti<\/p>\n<p>31.\u00a0\u00a0\u00a0\u00a0\u00a0\u00a0 M\u00e4rts 2012 \u2013 Saar Poll O\u00dc, k\u00fcsitletud 1200 respondenti<\/p>\n<p>32.\u00a0\u00a0\u00a0\u00a0\u00a0\u00a0 Oktoober 2012 \u2013 Saar Poll O\u00dc, k\u00fcsitletud 1200 respondenti<\/p>\n<p>33.\u00a0\u00a0\u00a0\u00a0\u00a0\u00a0 M\u00e4rts 2013 \u2013 Saar Poll O\u00dc, k\u00fcsitletud 1204 respondenti<\/p>\n<p>34.\u00a0\u00a0\u00a0\u00a0\u00a0\u00a0 Oktoober 2013 \u2013 Saar Poll O\u00dc, k\u00fcsitletud 1204 respondenti<\/p>\n<p>35.\u00a0\u00a0\u00a0\u00a0\u00a0\u00a0 M\u00e4rts 2014 \u2013 Saar Poll O\u00dc, k\u00fcsitletud 1203 respondenti<\/p>\n<p>36.\u00a0\u00a0\u00a0\u00a0\u00a0\u00a0 November 2014 \u2013 Turu-uuringute AS, k\u00fcsitletud 1219 respondenti<\/p>\n<p>37.\u00a0\u00a0\u00a0\u00a0\u00a0\u00a0 M\u00e4rts 2015 \u2013 Turu-uuringute AS, k\u00fcsitletud 1207 respondenti.<\/p>\n<p>38.\u00a0\u00a0\u00a0\u00a0\u00a0\u00a0 Oktoober 2015 \u2013 Turu-uuringute AS, k\u00fcsitletud 1193 respondenti.<\/p>\n<p>39.\u00a0\u00a0\u00a0\u00a0\u00a0\u00a0 M\u00e4rts 2016 \u2013 Turu-uuringute AS, k\u00fcsitletud 1203 respondenti.<\/p>\n<p>40.\u00a0\u00a0\u00a0\u00a0\u00a0\u00a0 Oktoober 2016 \u2013 Turu-uuringute AS, k\u00fcsitletud 1206 respondenti.<\/p>\n<p>41.\u00a0\u00a0\u00a0\u00a0\u00a0\u00a0 M\u00e4rts 2017 \u2013 Turu-uuringute AS, k\u00fcsitletud 1202 respondenti<\/p>\n<p>42.\u00a0\u00a0\u00a0\u00a0\u00a0\u00a0 Oktoober 2017 \u2013 Turu-uuringute AS, k\u00fcsitletud 1201 respondenti<\/p>\n<p>43.\u00a0 \u00a0 \u00a0 \u00a0M\u00e4rts 2018 \u2013 Turu-uuringute AS, k\u00fcsitletud 1201 respondenti<\/p>\n<p><em>Alates 2011 oktoobrist on lisaks tavap\u00e4rasele omnibussi valimile N=1000 kasutusel lisavalim N=200 venekeelsete vastajate jaoks.<\/em><\/p>\n","protected":false},"excerpt":{"rendered":"<p>Vastavalt Kaitseministeeriumi ja Tartu \u00dclikooli vahel s\u00f5lmitud lepingule haldab ESTA 2017. aastast ministeeriumi poolt tellitava regulaarse uuringu \u201cRiigikaitse ja avalik arvamus\u201d andmeid. Hetke seisuga on l\u00e4bi viidud 43 alauuringut. K\u00fcsitlust\u00f6\u00f6 l\u00e4biviijateks olid jaanuarist 2000 kuni oktoobrini 2002 Turu-uuringute AS; veebruarist &#8230;<\/p>\n","protected":false},"author":158,"featured_media":0,"parent":0,"menu_order":0,"comment_status":"closed","ping_status":"closed","template":"","meta":{"_acf_changed":false,"inline_featured_image":false,"footnotes":""},"class_list":["post-30","page","type-page","status-publish","hentry"],"acf":[],"_links":{"self":[{"href":"https:\/\/sisu.ut.ee\/esta\/wp-json\/wp\/v2\/pages\/30","targetHints":{"allow":["GET"]}}],"collection":[{"href":"https:\/\/sisu.ut.ee\/esta\/wp-json\/wp\/v2\/pages"}],"about":[{"href":"https:\/\/sisu.ut.ee\/esta\/wp-json\/wp\/v2\/types\/page"}],"author":[{"embeddable":true,"href":"https:\/\/sisu.ut.ee\/esta\/wp-json\/wp\/v2\/users\/158"}],"replies":[{"embeddable":true,"href":"https:\/\/sisu.ut.ee\/esta\/wp-json\/wp\/v2\/comments?post=30"}],"version-history":[{"count":1,"href":"https:\/\/sisu.ut.ee\/esta\/wp-json\/wp\/v2\/pages\/30\/revisions"}],"predecessor-version":[{"id":75,"href":"https:\/\/sisu.ut.ee\/esta\/wp-json\/wp\/v2\/pages\/30\/revisions\/75"}],"wp:attachment":[{"href":"https:\/\/sisu.ut.ee\/esta\/wp-json\/wp\/v2\/media?parent=30"}],"curies":[{"name":"wp","href":"https:\/\/api.w.org\/{rel}","templated":true}]}}