{"id":29,"date":"2024-04-04T04:34:24","date_gmt":"2024-04-04T01:34:24","guid":{"rendered":"https:\/\/sisu.ut.ee\/esta\/johan-skytte-poliitikauuringute-instituudi-valimisuuringud\/"},"modified":"2024-04-04T04:34:31","modified_gmt":"2024-04-04T01:34:31","slug":"johan-skytte-poliitikauuringute-instituudi-valimisuuringud","status":"publish","type":"page","link":"https:\/\/sisu.ut.ee\/esta\/johan-skytte-poliitikauuringute-instituudi-valimisuuringud\/","title":{"rendered":"Johan Skytte poliitikauuringute instituudi valimisuuringud"},"content":{"rendered":"<p><span data-sheets-value='{\"1\":2,\"2\":\"Veebilehel www.enes.ee on k\u00e4ttesaadavad Eestis valimiste j\u00e4rgselt J. Skytte instituudi poolt l\u00e4bi viidud k\u00fcsitlusuuringute andmed. Andmekogu katab j\u00e4rgmisi valimisi: Riigikogu valimised 2003, 2007, 2011; Euroopa Parlamendi valimised 2004, 2009; KOV valimised 2005, 2009. Iga k\u00fcsitlusuuring h\u00f5lmas ligikaudu tuhandet respondenti. Teemaks on valimisk\u00e4itumine ja laiemalt poliitiline osalus, poliitilised hoiakud ja poliitiline kultuur. \"}' data-sheets-userformat='{\"2\":769,\"3\":[null,0],\"11\":4,\"12\":0}'>Veebilehelt www.enes.ee saab taotleda ligip\u00e4\u00e4su Eestis valimiste j\u00e4rgselt J. Skytte instituudi poolt l\u00e4bi viidud k\u00fcsitlusuuringute andmetele<\/span>.<\/p>\n<p>Andmekogu katab j\u00e4rgmisi valimisi: Riigikogu valimised 2003, 2007, 2011; Euroopa Parlamendi valimised 2004, 2009; KOV valimised 2005, 2009.<\/p>\n<p>Iga k\u00fcsitlusuuring h\u00f5lmas ligikaudu tuhandet respondenti.<\/p>\n<p>Teemaks on valimisk\u00e4itumine ja laiemalt poliitiline osalus, poliitilised hoiakud ja poliitiline kultuur.\u00a0<\/p>\n","protected":false},"excerpt":{"rendered":"<p>Veebilehelt www.enes.ee saab taotleda ligip\u00e4\u00e4su Eestis valimiste j\u00e4rgselt J. Skytte instituudi poolt l\u00e4bi viidud k\u00fcsitlusuuringute andmetele. Andmekogu katab j\u00e4rgmisi valimisi: Riigikogu valimised 2003, 2007, 2011; Euroopa Parlamendi valimised 2004, 2009; KOV valimised 2005, 2009. Iga k\u00fcsitlusuuring h\u00f5lmas ligikaudu tuhandet respondenti. &#8230;<\/p>\n","protected":false},"author":158,"featured_media":0,"parent":0,"menu_order":0,"comment_status":"closed","ping_status":"closed","template":"","meta":{"_acf_changed":false,"inline_featured_image":false,"footnotes":""},"class_list":["post-29","page","type-page","status-publish","hentry"],"acf":[],"_links":{"self":[{"href":"https:\/\/sisu.ut.ee\/esta\/wp-json\/wp\/v2\/pages\/29","targetHints":{"allow":["GET"]}}],"collection":[{"href":"https:\/\/sisu.ut.ee\/esta\/wp-json\/wp\/v2\/pages"}],"about":[{"href":"https:\/\/sisu.ut.ee\/esta\/wp-json\/wp\/v2\/types\/page"}],"author":[{"embeddable":true,"href":"https:\/\/sisu.ut.ee\/esta\/wp-json\/wp\/v2\/users\/158"}],"replies":[{"embeddable":true,"href":"https:\/\/sisu.ut.ee\/esta\/wp-json\/wp\/v2\/comments?post=29"}],"version-history":[{"count":1,"href":"https:\/\/sisu.ut.ee\/esta\/wp-json\/wp\/v2\/pages\/29\/revisions"}],"predecessor-version":[{"id":76,"href":"https:\/\/sisu.ut.ee\/esta\/wp-json\/wp\/v2\/pages\/29\/revisions\/76"}],"wp:attachment":[{"href":"https:\/\/sisu.ut.ee\/esta\/wp-json\/wp\/v2\/media?parent=29"}],"curies":[{"name":"wp","href":"https:\/\/api.w.org\/{rel}","templated":true}]}}