{"id":28,"date":"2024-04-04T04:34:24","date_gmt":"2024-04-04T01:34:24","guid":{"rendered":"https:\/\/sisu.ut.ee\/esta\/meediapaevikud-1979-1994\/"},"modified":"2024-04-04T04:34:32","modified_gmt":"2024-04-04T01:34:32","slug":"meediapaevikud-1979-1994","status":"publish","type":"page","link":"https:\/\/sisu.ut.ee\/esta\/meediapaevikud-1979-1994\/","title":{"rendered":"Meediap\u00e4evikud 1979-1994"},"content":{"rendered":"<p>Allpool loetletud meediap\u00e4evikute andmed on \u00fcle toodud Eesti Raadio Arvutuskeskusest ja kasutatavad SPSSi andmefaili formaadis. Andmete saamiseks palun kontakteeruda\u00a0<a href=\"mailto:socarch@psych.ut.ee\">socarch@psych.ut.ee<\/a><\/p>\n<div class=\"os-table-container\">\n<table class=\"table table-hover\" border=\"0\" cellpadding=\"0\" cellspacing=\"0\">\n<tbody>\n<tr>\n<td colspan=\"6\" valign=\"top\">\n<p align=\"center\"><strong>RAADIO JA TELEVISIOONI P\u00c4EVIKUD<\/strong><\/p>\n<\/td>\n<\/tr>\n<tr>\n<td valign=\"top\">\n<p align=\"center\"><strong>Nr<\/strong>.<\/p>\n<\/td>\n<td valign=\"top\">\n<p align=\"center\"><strong>Aasta<\/strong><\/p>\n<\/td>\n<td valign=\"top\">\n<p align=\"center\"><strong>Resp. arv<\/strong><\/p>\n<\/td>\n<td valign=\"top\">\n<p align=\"center\"><strong>Tunn. arv<\/strong><\/p>\n<\/td>\n<td valign=\"top\">\n<p align=\"center\"><strong>Massiivi(ankeedi)nimi<\/strong><\/p>\n<\/td>\n<td valign=\"top\">\n<p><strong>Kirjeldus<\/strong><\/p>\n<\/td>\n<\/tr>\n<tr>\n<td valign=\"top\">\n<p align=\"center\">1<\/p>\n<\/td>\n<td valign=\"top\">\n<p align=\"center\">1979<\/p>\n<\/td>\n<td valign=\"top\">\n<p align=\"center\">301<\/p>\n<\/td>\n<td valign=\"top\">\n<p align=\"center\">550<\/p>\n<\/td>\n<td valign=\"top\">\n<p align=\"center\">P\u00c4EVIK P1 1979 VENE<\/p>\n<\/td>\n<td valign=\"top\">\n<p>Kontaktid erinevate raadio- ja telekanalitega. Konkreetsete saadete j\u00e4lgimine.<\/p>\n<\/td>\n<\/tr>\n<tr>\n<td valign=\"top\">\n<p align=\"center\">2<\/p>\n<\/td>\n<td valign=\"top\">\n<p align=\"center\">1979<\/p>\n<\/td>\n<td valign=\"top\">\n<p align=\"center\">310<\/p>\n<\/td>\n<td valign=\"top\">\n<p align=\"center\">550<\/p>\n<\/td>\n<td valign=\"top\">\n<p align=\"center\">P\u00c4EVIK P4 1979 VENE<\/p>\n<\/td>\n<td valign=\"top\">\n<p>Kontaktid erinevate raadio- ja telekanalitega. Konkreetsete saadete j\u00e4lgimine.<\/p>\n<\/td>\n<\/tr>\n<tr>\n<td valign=\"top\">\n<p align=\"center\">3<\/p>\n<\/td>\n<td valign=\"top\">\n<p align=\"center\">1978<\/p>\n<\/td>\n<td valign=\"top\">\n<p align=\"center\">297<\/p>\n<\/td>\n<td valign=\"top\">\n<p align=\"center\">550<\/p>\n<\/td>\n<td valign=\"top\">\n<p align=\"center\">P\u00c4EVIK P3 1978 VENE<\/p>\n<\/td>\n<td valign=\"top\">\n<p>Kontaktid erinevate raadio- ja telekanalitega. Konkreetsete saadete j\u00e4lgimine.<\/p>\n<\/td>\n<\/tr>\n<tr>\n<td valign=\"top\">\n<p align=\"center\">4<\/p>\n<\/td>\n<td valign=\"top\">\n<p align=\"center\">1977<\/p>\n<\/td>\n<td valign=\"top\">\n<p align=\"center\">381<\/p>\n<\/td>\n<td valign=\"top\">\n<p align=\"center\">545<\/p>\n<\/td>\n<td valign=\"top\">\n<p align=\"center\">P\u00c4EVIK P4 1977 VENE<\/p>\n<\/td>\n<td valign=\"top\">\n<p>Kontaktid erinevate raadio- ja telekanalitega. Konkreetsete saadete j\u00e4lgimine.<\/p>\n<\/td>\n<\/tr>\n<tr>\n<td valign=\"top\">\n<p align=\"center\">5<\/p>\n<\/td>\n<td valign=\"top\">\n<p align=\"center\">1980<\/p>\n<\/td>\n<td valign=\"top\">\n<p align=\"center\">288<\/p>\n<\/td>\n<td valign=\"top\">\n<p align=\"center\">550<\/p>\n<\/td>\n<td valign=\"top\">\n<p align=\"center\">P\u00c4EVIK P1 1980 VENE<\/p>\n<\/td>\n<td valign=\"top\">\n<p>Kontaktid erinevate raadio- ja telekanalitega. Konkreetsete saadete j\u00e4lgimine.<\/p>\n<\/td>\n<\/tr>\n<tr>\n<td valign=\"top\">\n<p align=\"center\">6<\/p>\n<\/td>\n<td valign=\"top\">\n<p align=\"center\">1980<\/p>\n<\/td>\n<td valign=\"top\">\n<p align=\"center\">277<\/p>\n<\/td>\n<td valign=\"top\">\n<p align=\"center\">550<\/p>\n<\/td>\n<td valign=\"top\">\n<p align=\"center\">P\u00c4EVIK P2 1980 VENE<\/p>\n<\/td>\n<td valign=\"top\">\n<p>Kontaktid erinevate raadio- ja telekanalitega. Konkreetsete saadete j\u00e4lgimine.<\/p>\n<\/td>\n<\/tr>\n<tr>\n<td valign=\"top\">\n<p align=\"center\">7<\/p>\n<\/td>\n<td valign=\"top\">\n<p align=\"center\">1980<\/p>\n<\/td>\n<td valign=\"top\">\n<p align=\"center\">294<\/p>\n<\/td>\n<td valign=\"top\">\n<p align=\"center\">550<\/p>\n<\/td>\n<td valign=\"top\">\n<p align=\"center\">P\u00c4EVIK P4 1980 VENE<\/p>\n<\/td>\n<td valign=\"top\">\n<p>Kontaktid erinevate raadio- ja telekanalitega. Konkreetsete saadete j\u00e4lgimine.<\/p>\n<\/td>\n<\/tr>\n<tr>\n<td valign=\"top\">\n<p align=\"center\">8<\/p>\n<\/td>\n<td valign=\"top\">\n<p align=\"center\">1978<\/p>\n<\/td>\n<td valign=\"top\">\n<p align=\"center\">320<\/p>\n<\/td>\n<td valign=\"top\">\n<p align=\"center\">707<\/p>\n<\/td>\n<td valign=\"top\">\n<p align=\"center\">P\u00c4EVIK P1 1978 VENE<\/p>\n<\/td>\n<td valign=\"top\">\n<p>Kontaktid erinevate raadio- ja telekanalitega. Konkreetsete saadete j\u00e4lgimine.<\/p>\n<\/td>\n<\/tr>\n<tr>\n<td valign=\"top\">\n<p align=\"center\">9<\/p>\n<\/td>\n<td valign=\"top\">\n<p align=\"center\">1984<\/p>\n<\/td>\n<td valign=\"top\">\n<p align=\"center\">456<\/p>\n<\/td>\n<td valign=\"top\">\n<p align=\"center\">599<\/p>\n<\/td>\n<td valign=\"top\">\n<p align=\"center\">P\u00c4EVIK P1 1984 EESTI<\/p>\n<\/td>\n<td valign=\"top\">\n<p>Kontaktid erinevate raadio- ja telekanalitega. Konkreetsete saadete j\u00e4lgimine.<\/p>\n<\/td>\n<\/tr>\n<tr>\n<td valign=\"top\">\n<p align=\"center\">10<\/p>\n<\/td>\n<td valign=\"top\">\n<p align=\"center\">1984<\/p>\n<\/td>\n<td valign=\"top\">\n<p align=\"center\">435<\/p>\n<\/td>\n<td valign=\"top\">\n<p align=\"center\">603<\/p>\n<\/td>\n<td valign=\"top\">\n<p align=\"center\">P\u00c4EVIK P2 1984 EESTI<\/p>\n<\/td>\n<td valign=\"top\">\n<p>Kontaktid erinevate raadio- ja telekanalitega. Konkreetsete saadete j\u00e4lgimine.<\/p>\n<\/td>\n<\/tr>\n<tr>\n<td valign=\"top\">\n<p align=\"center\">11<\/p>\n<\/td>\n<td valign=\"top\">\n<p align=\"center\">1984<\/p>\n<\/td>\n<td valign=\"top\">\n<p align=\"center\">420<\/p>\n<\/td>\n<td valign=\"top\">\n<p align=\"center\">603<\/p>\n<\/td>\n<td valign=\"top\">\n<p align=\"center\">P\u00c4EVIK P3 1984 EESTI<\/p>\n<\/td>\n<td valign=\"top\">\n<p>Kontaktid erinevate raadio- ja telekanalitega. Konkreetsete saadete j\u00e4lgimine.<\/p>\n<\/td>\n<\/tr>\n<tr>\n<td valign=\"top\">\n<p align=\"center\">12<\/p>\n<\/td>\n<td valign=\"top\">\n<p align=\"center\">1984<\/p>\n<\/td>\n<td valign=\"top\">\n<p align=\"center\">480<\/p>\n<\/td>\n<td valign=\"top\">\n<p align=\"center\">603<\/p>\n<\/td>\n<td valign=\"top\">\n<p align=\"center\">P\u00c4EVIK P4 1984 EESTI<\/p>\n<\/td>\n<td valign=\"top\">\n<p>Kontaktid erinevate raadio- ja telekanalitega. Konkreetsete saadete j\u00e4lgimine.<\/p>\n<\/td>\n<\/tr>\n<tr>\n<td valign=\"top\">\n<p align=\"center\">13<\/p>\n<\/td>\n<td valign=\"top\">\n<p align=\"center\">1984<\/p>\n<\/td>\n<td valign=\"top\">\n<p align=\"center\">296<\/p>\n<\/td>\n<td valign=\"top\">\n<p align=\"center\">603<\/p>\n<\/td>\n<td valign=\"top\">\n<p align=\"center\">P\u00c4EVIK P5 1984 VENE<\/p>\n<\/td>\n<td valign=\"top\">\n<p>Kontaktid erinevate raadio- ja telekanalitega. Konkreetsete saadete j\u00e4lgimine.<\/p>\n<\/td>\n<\/tr>\n<tr>\n<td valign=\"top\">\n<p align=\"center\">14<\/p>\n<\/td>\n<td valign=\"top\">\n<p align=\"center\">1984<\/p>\n<\/td>\n<td valign=\"top\">\n<p align=\"center\">300<\/p>\n<\/td>\n<td valign=\"top\">\n<p align=\"center\">603<\/p>\n<\/td>\n<td valign=\"top\">\n<p align=\"center\">P\u00c4EVIK P6 1984 VENE<\/p>\n<\/td>\n<td valign=\"top\">\n<p>Kontaktid erinevate raadio- ja telekanalitega. Konkreetsete saadete j\u00e4lgimine.<\/p>\n<\/td>\n<\/tr>\n<tr>\n<td valign=\"top\">\n<p align=\"center\">15<\/p>\n<\/td>\n<td valign=\"top\">\n<p align=\"center\">1988<\/p>\n<\/td>\n<td valign=\"top\">\n<p align=\"center\">446<\/p>\n<\/td>\n<td valign=\"top\">\n<p align=\"center\">608<\/p>\n<\/td>\n<td valign=\"top\">\n<p align=\"center\">P\u00c4EVIK P1 1988 EESTI<\/p>\n<\/td>\n<td valign=\"top\">\n<p>Kontaktid erinevate raadio- ja telekanalitega. Konkreetsete saadete j\u00e4lgimine.<\/p>\n<\/td>\n<\/tr>\n<tr>\n<td valign=\"top\">\n<p align=\"center\">16<\/p>\n<\/td>\n<td valign=\"top\">\n<p align=\"center\">1988<\/p>\n<\/td>\n<td valign=\"top\">\n<p align=\"center\">378<\/p>\n<\/td>\n<td valign=\"top\">\n<p align=\"center\">654<\/p>\n<\/td>\n<td valign=\"top\">\n<p align=\"center\">P\u00c4EVIK P2 1988 EESTI<\/p>\n<\/td>\n<td valign=\"top\">\n<p>Kontaktid erinevate raadio- ja telekanalitega. Konkreetsete saadete j\u00e4lgimine.<\/p>\n<\/td>\n<\/tr>\n<tr>\n<td valign=\"top\">\n<p align=\"center\">17<\/p>\n<\/td>\n<td valign=\"top\">\n<p align=\"center\">1988<\/p>\n<\/td>\n<td valign=\"top\">\n<p align=\"center\">388<\/p>\n<\/td>\n<td valign=\"top\">\n<p align=\"center\">608<\/p>\n<\/td>\n<td valign=\"top\">\n<p align=\"center\">P\u00c4EVIK P3 1988 EESTI<\/p>\n<\/td>\n<td valign=\"top\">\n<p>Kontaktid erinevate raadio- ja telekanalitega. Konkreetsete saadete j\u00e4lgimine.<\/p>\n<\/td>\n<\/tr>\n<tr>\n<td valign=\"top\">\n<p align=\"center\">18<\/p>\n<\/td>\n<td valign=\"top\">\n<p align=\"center\">1988<\/p>\n<\/td>\n<td valign=\"top\">\n<p align=\"center\">389<\/p>\n<\/td>\n<td valign=\"top\">\n<p align=\"center\">608<\/p>\n<\/td>\n<td valign=\"top\">\n<p align=\"center\">P\u00c4EVIK P4 1988 EESTI<\/p>\n<\/td>\n<td valign=\"top\">\n<p>Kontaktid erinevate raadio- ja telekanalitega. Konkreetsete saadete j\u00e4lgimine.<\/p>\n<\/td>\n<\/tr>\n<tr>\n<td valign=\"top\">\n<p align=\"center\">19<\/p>\n<\/td>\n<td valign=\"top\">\n<p align=\"center\">1988<\/p>\n<\/td>\n<td valign=\"top\">\n<p align=\"center\">231<\/p>\n<\/td>\n<td valign=\"top\">\n<p align=\"center\">654<\/p>\n<\/td>\n<td valign=\"top\">\n<p align=\"center\">P\u00c4EVIK P5 1988 VENE<\/p>\n<\/td>\n<td valign=\"top\">\n<p>Kontaktid erinevate raadio- ja telekanalitega. Konkreetsete saadete j\u00e4lgimine.<\/p>\n<\/td>\n<\/tr>\n<tr>\n<td valign=\"top\">\n<p align=\"center\">20<\/p>\n<\/td>\n<td valign=\"top\">\n<p align=\"center\">1988<\/p>\n<\/td>\n<td valign=\"top\">\n<p align=\"center\">236<\/p>\n<\/td>\n<td valign=\"top\">\n<p align=\"center\">608<\/p>\n<\/td>\n<td valign=\"top\">\n<p align=\"center\">P\u00c4EVIK P6 1988 VENE<\/p>\n<\/td>\n<td valign=\"top\">\n<p>Kontaktid erinevate raadio- ja telekanalitega. Konkreetsete saadete j\u00e4lgimine.<\/p>\n<\/td>\n<\/tr>\n<tr>\n<td valign=\"top\">\n<p align=\"center\">21-22<\/p>\n<\/td>\n<td valign=\"top\">\n<p align=\"center\">1989<\/p>\n<p align=\"center\">1989<\/p>\n<\/td>\n<td valign=\"top\">\n<p align=\"center\">410<\/p>\n<p align=\"center\">420<\/p>\n<\/td>\n<td valign=\"top\">\n<p align=\"center\">608<\/p>\n<p align=\"center\">785<\/p>\n<\/td>\n<td valign=\"top\">\n<p align=\"center\">P\u00c4EVIK (I JA II N\u00c4DAL) 1989 EESTI<\/p>\n<\/td>\n<td valign=\"top\">\n<p>Kontaktid erinevate raadio- ja telekanalitega. Konkreetsete saadete j\u00e4lgimine.<\/p>\n<\/td>\n<\/tr>\n<tr>\n<td valign=\"top\">\n<p align=\"center\">23<\/p>\n<\/td>\n<td valign=\"top\">\n<p align=\"center\">1989<\/p>\n<\/td>\n<td valign=\"top\">\n<p align=\"center\">366<\/p>\n<\/td>\n<td valign=\"top\">\n<p align=\"center\">680<\/p>\n<\/td>\n<td valign=\"top\">\n<p align=\"center\">P\u00c4EVIK 1989 EESTI<\/p>\n<\/td>\n<td valign=\"top\">\n<p>Kontaktid erinevate raadio- ja telekanalitega. Konkreetsete saadete j\u00e4lgimine.<\/p>\n<\/td>\n<\/tr>\n<tr>\n<td valign=\"top\">\n<p align=\"center\">24<\/p>\n<\/td>\n<td valign=\"top\">\n<p align=\"center\">1989<\/p>\n<\/td>\n<td valign=\"top\">\n<p align=\"center\">389<\/p>\n<\/td>\n<td valign=\"top\">\n<p align=\"center\">608<\/p>\n<\/td>\n<td valign=\"top\">\n<p align=\"center\">P\u00c4EVIK 1989 VENE<\/p>\n<\/td>\n<td valign=\"top\">\n<p>Kontaktid erinevate raadio- ja telekanalitega. Konkreetsete saadete j\u00e4lgimine.<\/p>\n<\/td>\n<\/tr>\n<tr>\n<td valign=\"top\">\n<p align=\"center\">25<\/p>\n<\/td>\n<td valign=\"top\">\n<p align=\"center\">1989<\/p>\n<\/td>\n<td valign=\"top\">\n<p align=\"center\">318<\/p>\n<\/td>\n<td valign=\"top\">\n<p align=\"center\">608<\/p>\n<\/td>\n<td valign=\"top\">\n<p align=\"center\">P\u00c4EVIK 1989 EESTI<\/p>\n<\/td>\n<td valign=\"top\">\n<p>Kontaktid erinevate raadio- ja telekanalitega. Konkreetsete saadete j\u00e4lgimine.<\/p>\n<\/td>\n<\/tr>\n<tr>\n<td valign=\"top\">\n<p align=\"center\">26<\/p>\n<\/td>\n<td valign=\"top\">\n<p align=\"center\">1989<\/p>\n<\/td>\n<td valign=\"top\">\n<p align=\"center\">227<\/p>\n<\/td>\n<td valign=\"top\">\n<p align=\"center\">680<\/p>\n<\/td>\n<td valign=\"top\">\n<p align=\"center\">P\u00c4EVIK 1989 VENE<\/p>\n<\/td>\n<td valign=\"top\">\n<p>Kontaktid erinevate raadio- ja telekanalitega. Konkreetsete saadete j\u00e4lgimine.<\/p>\n<\/td>\n<\/tr>\n<tr>\n<td valign=\"top\">\n<p align=\"center\">27<\/p>\n<\/td>\n<td valign=\"top\">\n<p align=\"center\">1990<\/p>\n<\/td>\n<td valign=\"top\">\n<p align=\"center\">371<\/p>\n<\/td>\n<td valign=\"top\">\n<p align=\"center\">654<\/p>\n<\/td>\n<td valign=\"top\">\n<p align=\"center\">P\u00c4EVIK 1990 EESTI<\/p>\n<\/td>\n<td valign=\"top\">\n<p>Kontaktid erinevate raadio- ja telekanalitega. Konkreetsete saadete j\u00e4lgimine.<\/p>\n<\/td>\n<\/tr>\n<tr>\n<td valign=\"top\">\n<p align=\"center\">28<\/p>\n<\/td>\n<td valign=\"top\">\n<p align=\"center\">1990<\/p>\n<\/td>\n<td valign=\"top\">\n<p align=\"center\">309<\/p>\n<\/td>\n<td valign=\"top\">\n<p align=\"center\">608<\/p>\n<\/td>\n<td valign=\"top\">\n<p align=\"center\">P\u00c4EVIK 1990 EESTI<\/p>\n<\/td>\n<td valign=\"top\">\n<p>Kontaktid erinevate raadio- ja telekanalitega. Konkreetsete saadete j\u00e4lgimine.<\/p>\n<\/td>\n<\/tr>\n<tr>\n<td valign=\"top\">\n<p align=\"center\">29<\/p>\n<\/td>\n<td valign=\"top\">\n<p align=\"center\">1990<\/p>\n<\/td>\n<td valign=\"top\">\n<p align=\"center\">341<\/p>\n<\/td>\n<td valign=\"top\">\n<p align=\"center\">638<\/p>\n<\/td>\n<td valign=\"top\">\n<p align=\"center\">P\u00c4EVIK 1990 EESTI<\/p>\n<\/td>\n<td valign=\"top\">\n<p>Kontaktid erinevate raadio- ja telekanalitega. Konkreetsete saadete j\u00e4lgimine.<\/p>\n<\/td>\n<\/tr>\n<tr>\n<td valign=\"top\">\n<p align=\"center\">30<\/p>\n<\/td>\n<td valign=\"top\">\n<p align=\"center\">1990<\/p>\n<\/td>\n<td valign=\"top\">\n<p align=\"center\">326<\/p>\n<\/td>\n<td valign=\"top\">\n<p align=\"center\">608<\/p>\n<\/td>\n<td valign=\"top\">\n<p align=\"center\">P\u00c4EVIK 1990 EESTI<\/p>\n<\/td>\n<td valign=\"top\">\n<p>Kontaktid erinevate raadio- ja telekanalitega. Konkreetsete saadete j\u00e4lgimine.<\/p>\n<\/td>\n<\/tr>\n<tr>\n<td valign=\"top\">\n<p align=\"center\">31<\/p>\n<\/td>\n<td valign=\"top\">\n<p align=\"center\">1990<\/p>\n<\/td>\n<td valign=\"top\">\n<p align=\"center\">202<\/p>\n<\/td>\n<td valign=\"top\">\n<p align=\"center\">608<\/p>\n<\/td>\n<td valign=\"top\">\n<p align=\"center\">P\u00c4EVIK 1990 VENE<\/p>\n<\/td>\n<td valign=\"top\">\n<p>Kontaktid erinevate raadio- ja telekanalitega. Konkreetsete saadete j\u00e4lgimine.<\/p>\n<\/td>\n<\/tr>\n<tr>\n<td valign=\"top\">\n<p align=\"center\">32<\/p>\n<\/td>\n<td valign=\"top\">\n<p align=\"center\">1990<\/p>\n<\/td>\n<td valign=\"top\">\n<p align=\"center\">201<\/p>\n<\/td>\n<td valign=\"top\">\n<p align=\"center\">608<\/p>\n<\/td>\n<td valign=\"top\">\n<p align=\"center\">P\u00c4EVIK 1990<\/p>\n<\/td>\n<td valign=\"top\">\n<p>Kontaktid erinevate raadio- ja telekanalitega. Konkreetsete saadete j\u00e4lgimine.<\/p>\n<\/td>\n<\/tr>\n<tr>\n<td valign=\"top\">\n<p align=\"center\">33<\/p>\n<\/td>\n<td valign=\"top\">\n<p align=\"center\">1990<\/p>\n<\/td>\n<td valign=\"top\">\n<p align=\"center\">184<\/p>\n<\/td>\n<td valign=\"top\">\n<p align=\"center\">608<\/p>\n<\/td>\n<td valign=\"top\">\n<p align=\"center\">P\u00c4EVIK 1990<\/p>\n<\/td>\n<td valign=\"top\">\n<p>Kontaktid erinevate raadio- ja telekanalitega. Konkreetsete saadete j\u00e4lgimine.<\/p>\n<\/td>\n<\/tr>\n<tr>\n<td valign=\"top\">\n<p align=\"center\">34<\/p>\n<\/td>\n<td valign=\"top\">\n<p align=\"center\">1991<\/p>\n<\/td>\n<td valign=\"top\">\n<p align=\"center\">355<\/p>\n<\/td>\n<td valign=\"top\">\n<p align=\"center\">660<\/p>\n<\/td>\n<td valign=\"top\">\n<p align=\"center\">P\u00c4EVIK 1991 EESTI<\/p>\n<\/td>\n<td valign=\"top\">\n<p>Kontaktid erinevate raadio- ja telekanalitega. Konkreetsete saadete j\u00e4lgimine.<\/p>\n<\/td>\n<\/tr>\n<tr>\n<td valign=\"top\">\n<p align=\"center\">35<\/p>\n<\/td>\n<td valign=\"top\">\n<p align=\"center\">1991<\/p>\n<\/td>\n<td valign=\"top\">\n<p align=\"center\">300<\/p>\n<\/td>\n<td valign=\"top\">\n<p align=\"center\">616<\/p>\n<\/td>\n<td valign=\"top\">\n<p align=\"center\">P\u00c4EVIK 1991 VENE<\/p>\n<\/td>\n<td valign=\"top\">\n<p>Kontaktid erinevate raadio- ja telekanalitega. Konkreetsete saadete j\u00e4lgimine.<\/p>\n<\/td>\n<\/tr>\n<tr>\n<td valign=\"top\">\n<p align=\"center\">36<\/p>\n<\/td>\n<td valign=\"top\">\n<p align=\"center\">1991<\/p>\n<\/td>\n<td valign=\"top\">\n<p align=\"center\">306<\/p>\n<\/td>\n<td valign=\"top\">\n<p align=\"center\">616<\/p>\n<\/td>\n<td valign=\"top\">\n<p align=\"center\">P\u00c4EVIK 1991 VENE<\/p>\n<\/td>\n<td valign=\"top\">\n<p>Kontaktid erinevate raadio- ja telekanalitega. Konkreetsete saadete j\u00e4lgimine.<\/p>\n<\/td>\n<\/tr>\n<tr>\n<td valign=\"top\">\n<p align=\"center\">37<\/p>\n<\/td>\n<td valign=\"top\">\n<p align=\"center\">1991<\/p>\n<\/td>\n<td valign=\"top\">\n<p align=\"center\">196<\/p>\n<\/td>\n<td valign=\"top\">\n<p align=\"center\">645<\/p>\n<\/td>\n<td valign=\"top\">\n<p align=\"center\">P\u00c4EVIK 1991<\/p>\n<\/td>\n<td valign=\"top\">\n<p>Kontaktid erinevate raadio- ja telekanalitega. Konkreetsete saadete j\u00e4lgimine.<\/p>\n<\/td>\n<\/tr>\n<tr>\n<td valign=\"top\">\n<p align=\"center\">38<\/p>\n<\/td>\n<td valign=\"top\">\n<p align=\"center\">1991<\/p>\n<\/td>\n<td valign=\"top\">\n<p align=\"center\">140<\/p>\n<\/td>\n<td valign=\"top\">\n<p align=\"center\">616<\/p>\n<\/td>\n<td valign=\"top\">\n<p align=\"center\">P\u00c4EVIK 1991<\/p>\n<\/td>\n<td valign=\"top\">\n<p>Kontaktid erinevate raadio- ja telekanalitega. Konkreetsete saadete j\u00e4lgimine.<\/p>\n<\/td>\n<\/tr>\n<tr>\n<td valign=\"top\">\n<p align=\"center\">39<\/p>\n<\/td>\n<td valign=\"top\">\n<p align=\"center\">1991<\/p>\n<\/td>\n<td valign=\"top\">\n<p align=\"center\">192<\/p>\n<\/td>\n<td valign=\"top\">\n<p align=\"center\">616<\/p>\n<\/td>\n<td valign=\"top\">\n<p align=\"center\">P\u00c4EVIK 1991<\/p>\n<\/td>\n<td valign=\"top\">\n<p>Kontaktid erinevate raadio- ja telekanalitega. Konkreetsete saadete j\u00e4lgimine.<\/p>\n<\/td>\n<\/tr>\n<tr>\n<td valign=\"top\">\n<p align=\"center\">40<\/p>\n<\/td>\n<td valign=\"top\">\n<p align=\"center\">1991<\/p>\n<\/td>\n<td valign=\"top\">\n<p align=\"center\">353<\/p>\n<\/td>\n<td valign=\"top\">\n<p align=\"center\">616<\/p>\n<\/td>\n<td valign=\"top\">\n<p align=\"center\">P\u00c4EVIK 1991<\/p>\n<\/td>\n<td valign=\"top\">\n<p>Kontaktid erinevate raadio- ja telekanalitega. Konkreetsete saadete j\u00e4lgimine.<\/p>\n<\/td>\n<\/tr>\n<tr>\n<td valign=\"top\">\n<p align=\"center\">41<\/p>\n<\/td>\n<td valign=\"top\">\n<p align=\"center\">1991<\/p>\n<\/td>\n<td valign=\"top\">\n<p align=\"center\">365<\/p>\n<\/td>\n<td valign=\"top\">\n<p align=\"center\">616<\/p>\n<\/td>\n<td valign=\"top\">\n<p align=\"center\">P\u00c4EVIK 1991<\/p>\n<\/td>\n<td valign=\"top\">\n<p>Kontaktid erinevate raadio- ja telekanalitega. Konkreetsete saadete j\u00e4lgimine.<\/p>\n<\/td>\n<\/tr>\n<tr>\n<td valign=\"top\">\n<p align=\"center\">42<\/p>\n<\/td>\n<td valign=\"top\">\n<p align=\"center\">1992<\/p>\n<\/td>\n<td valign=\"top\">\n<p align=\"center\">330<\/p>\n<\/td>\n<td valign=\"top\">\n<p align=\"center\">616<\/p>\n<\/td>\n<td valign=\"top\">\n<p align=\"center\">P\u00c4EVIK 1992<\/p>\n<\/td>\n<td valign=\"top\">\n<p>Kontaktid erinevate raadio- ja telekanalitega. Konkreetsete saadete j\u00e4lgimine.<\/p>\n<\/td>\n<\/tr>\n<tr>\n<td valign=\"top\">\n<p align=\"center\">43<\/p>\n<\/td>\n<td valign=\"top\">\n<p align=\"center\">1992<\/p>\n<\/td>\n<td valign=\"top\">\n<p align=\"center\">255<\/p>\n<\/td>\n<td valign=\"top\">\n<p align=\"center\">616<\/p>\n<\/td>\n<td valign=\"top\">\n<p align=\"center\">P\u00c4EVIK 1992<\/p>\n<\/td>\n<td valign=\"top\">\n<p>Kontaktid erinevate raadio- ja telekanalitega. Konkreetsete saadete j\u00e4lgimine.<\/p>\n<\/td>\n<\/tr>\n<tr>\n<td valign=\"top\">\n<p align=\"center\">44<\/p>\n<\/td>\n<td valign=\"top\">\n<p align=\"center\">1992<\/p>\n<\/td>\n<td valign=\"top\">\n<p align=\"center\">270<\/p>\n<\/td>\n<td valign=\"top\">\n<p align=\"center\">616<\/p>\n<\/td>\n<td valign=\"top\">\n<p align=\"center\">P\u00c4EVIK 1992<\/p>\n<\/td>\n<td valign=\"top\">\n<p>Kontaktid erinevate raadio- ja telekanalitega. Konkreetsete saadete j\u00e4lgimine.<\/p>\n<\/td>\n<\/tr>\n<tr>\n<td valign=\"top\">\n<p align=\"center\">45<\/p>\n<\/td>\n<td valign=\"top\">\n<p align=\"center\">1992<\/p>\n<\/td>\n<td valign=\"top\">\n<p align=\"center\">359<\/p>\n<\/td>\n<td valign=\"top\">\n<p align=\"center\">616<\/p>\n<\/td>\n<td valign=\"top\">\n<p align=\"center\">P\u00c4EVIK 1992<\/p>\n<\/td>\n<td valign=\"top\">\n<p>Kontaktid erinevate raadio- ja telekanalitega. Konkreetsete saadete j\u00e4lgimine.<\/p>\n<\/td>\n<\/tr>\n<tr>\n<td valign=\"top\">\n<p align=\"center\">46<\/p>\n<\/td>\n<td valign=\"top\">\n<p align=\"center\">1992<\/p>\n<\/td>\n<td valign=\"top\">\n<p align=\"center\">161<\/p>\n<\/td>\n<td valign=\"top\">\n<p align=\"center\">616<\/p>\n<\/td>\n<td valign=\"top\">\n<p align=\"center\">P\u00c4EVIK 1992<\/p>\n<\/td>\n<td valign=\"top\">\n<p>Kontaktid erinevate raadio- ja telekanalitega. Konkreetsete saadete j\u00e4lgimine.<\/p>\n<\/td>\n<\/tr>\n<tr>\n<td valign=\"top\">\n<p align=\"center\">47<\/p>\n<\/td>\n<td valign=\"top\">\n<p align=\"center\">1992<\/p>\n<\/td>\n<td valign=\"top\">\n<p align=\"center\">115<\/p>\n<\/td>\n<td valign=\"top\">\n<p align=\"center\">616<\/p>\n<\/td>\n<td valign=\"top\">\n<p align=\"center\">P\u00c4EVIK 1992<\/p>\n<\/td>\n<td valign=\"top\">\n<p>Kontaktid erinevate raadio- ja telekanalitega. Konkreetsete saadete j\u00e4lgimine.<\/p>\n<\/td>\n<\/tr>\n<tr>\n<td valign=\"top\">\n<p align=\"center\">48<\/p>\n<\/td>\n<td valign=\"top\">\n<p align=\"center\">1992<\/p>\n<\/td>\n<td valign=\"top\">\n<p align=\"center\">148<\/p>\n<\/td>\n<td valign=\"top\">\n<p align=\"center\">616<\/p>\n<\/td>\n<td valign=\"top\">\n<p align=\"center\">P\u00c4EVIK 1992<\/p>\n<\/td>\n<td valign=\"top\">\n<p>Kontaktid erinevate raadio- ja telekanalitega. Konkreetsete saadete j\u00e4lgimine.<\/p>\n<\/td>\n<\/tr>\n<tr>\n<td valign=\"top\">\n<p align=\"center\">49<\/p>\n<\/td>\n<td valign=\"top\">\n<p align=\"center\">1992<\/p>\n<\/td>\n<td valign=\"top\">\n<p align=\"center\">152<\/p>\n<\/td>\n<td valign=\"top\">\n<p align=\"center\">616<\/p>\n<\/td>\n<td valign=\"top\">\n<p align=\"center\">P\u00c4EVIK 1992<\/p>\n<\/td>\n<td valign=\"top\">\n<p>Kontaktid erinevate raadio- ja telekanalitega. Konkreetsete saadete j\u00e4lgimine.<\/p>\n<\/td>\n<\/tr>\n<tr>\n<td valign=\"top\">\n<p align=\"center\">50<\/p>\n<\/td>\n<td valign=\"top\">\n<p align=\"center\">1993<\/p>\n<\/td>\n<td valign=\"top\">\n<p align=\"center\">198<\/p>\n<\/td>\n<td valign=\"top\">\n<p align=\"center\">807<\/p>\n<\/td>\n<td valign=\"top\">\n<p align=\"center\">P\u00c4EVIK 1993<\/p>\n<\/td>\n<td valign=\"top\">\n<p>Kontaktid erinevate raadio- ja telekanalitega. Konkreetsete saadete j\u00e4lgimine.<\/p>\n<\/td>\n<\/tr>\n<tr>\n<td valign=\"top\">\n<p align=\"center\">51<\/p>\n<\/td>\n<td valign=\"top\">\n<p align=\"center\">1993<\/p>\n<\/td>\n<td valign=\"top\">\n<p align=\"center\">342<\/p>\n<\/td>\n<td valign=\"top\">\n<p align=\"center\">807<\/p>\n<\/td>\n<td valign=\"top\">\n<p align=\"center\">P\u00c4EVIK 1993<\/p>\n<\/td>\n<td valign=\"top\">\n<p>Kontaktid erinevate raadio- ja telekanalitega. Konkreetsete saadete j\u00e4lgimine.<\/p>\n<\/td>\n<\/tr>\n<tr>\n<td valign=\"top\">\n<p align=\"center\">52<\/p>\n<\/td>\n<td valign=\"top\">\n<p align=\"center\">1993<\/p>\n<\/td>\n<td valign=\"top\">\n<p align=\"center\">193<\/p>\n<\/td>\n<td valign=\"top\">\n<p align=\"center\">807<\/p>\n<\/td>\n<td valign=\"top\">\n<p align=\"center\">P\u00c4EVIK 1993<\/p>\n<\/td>\n<td valign=\"top\">\n<p>Kontaktid erinevate raadio- ja telekanalitega. Konkreetsete saadete j\u00e4lgimine.<\/p>\n<\/td>\n<\/tr>\n<tr>\n<td valign=\"top\">\n<p align=\"center\">53<\/p>\n<\/td>\n<td valign=\"top\">\n<p align=\"center\">1994<\/p>\n<\/td>\n<td valign=\"top\">\n<p align=\"center\">239<\/p>\n<\/td>\n<td valign=\"top\">\n<p align=\"center\">807<\/p>\n<\/td>\n<td valign=\"top\">\n<p align=\"center\">P\u00c4EVIK 1994<\/p>\n<\/td>\n<td valign=\"top\">\n<p>Kontaktid erinevate raadio- ja telekanalitega. Konkreetsete saadete j\u00e4lgimine.<\/p>\n<\/td>\n<\/tr>\n<\/tbody>\n<\/table>\n<\/div>\n","protected":false},"excerpt":{"rendered":"<p>Allpool loetletud meediap\u00e4evikute andmed on \u00fcle toodud Eesti Raadio Arvutuskeskusest ja kasutatavad SPSSi andmefaili formaadis. Andmete saamiseks palun kontakteeruda\u00a0socarch@psych.ut.ee RAADIO JA TELEVISIOONI P\u00c4EVIKUD Nr. Aasta Resp. arv Tunn. arv Massiivi(ankeedi)nimi Kirjeldus 1 1979 301 550 P\u00c4EVIK P1 1979 VENE Kontaktid &#8230;<\/p>\n","protected":false},"author":158,"featured_media":0,"parent":0,"menu_order":0,"comment_status":"closed","ping_status":"closed","template":"","meta":{"_acf_changed":false,"inline_featured_image":false,"footnotes":""},"class_list":["post-28","page","type-page","status-publish","hentry"],"acf":[],"_links":{"self":[{"href":"https:\/\/sisu.ut.ee\/esta\/wp-json\/wp\/v2\/pages\/28","targetHints":{"allow":["GET"]}}],"collection":[{"href":"https:\/\/sisu.ut.ee\/esta\/wp-json\/wp\/v2\/pages"}],"about":[{"href":"https:\/\/sisu.ut.ee\/esta\/wp-json\/wp\/v2\/types\/page"}],"author":[{"embeddable":true,"href":"https:\/\/sisu.ut.ee\/esta\/wp-json\/wp\/v2\/users\/158"}],"replies":[{"embeddable":true,"href":"https:\/\/sisu.ut.ee\/esta\/wp-json\/wp\/v2\/comments?post=28"}],"version-history":[{"count":1,"href":"https:\/\/sisu.ut.ee\/esta\/wp-json\/wp\/v2\/pages\/28\/revisions"}],"predecessor-version":[{"id":77,"href":"https:\/\/sisu.ut.ee\/esta\/wp-json\/wp\/v2\/pages\/28\/revisions\/77"}],"wp:attachment":[{"href":"https:\/\/sisu.ut.ee\/esta\/wp-json\/wp\/v2\/media?parent=28"}],"curies":[{"name":"wp","href":"https:\/\/api.w.org\/{rel}","templated":true}]}}