{"id":25,"date":"2024-04-04T04:34:24","date_gmt":"2024-04-04T01:34:24","guid":{"rendered":"https:\/\/sisu.ut.ee\/esta\/majandusteaduskonna-uuringud\/"},"modified":"2024-04-04T04:34:32","modified_gmt":"2024-04-04T01:34:32","slug":"majandusteaduskonna-uuringud","status":"publish","type":"page","link":"https:\/\/sisu.ut.ee\/esta\/majandusteaduskonna-uuringud\/","title":{"rendered":"Majandusteaduskonna uuringud"},"content":{"rendered":"<p>Allpool nimekiri majandusteaduskonna poolt kasutatavatest uuringuandmetest.<\/p>\n<p>Nimekiri t\u00e4ieneb jooksvalt.<\/p>\n<table class=\"table table-hover\" style=\"width: 1729px\" border=\"0\" cellpadding=\"0\" cellspacing=\"0\">\n<tbody>\n<tr>\n<td class=\"xl67\" align=\"left\">Jrk nr<\/td>\n<td class=\"xl67\" align=\"left\">Andmestikuga seotud uuringu nimi<\/td>\n<td class=\"xl67\" align=\"left\">Andmestiku \u00fcldine t\u00fc\u00fcp\u00a0<\/td>\n<td class=\"xl67\" align=\"left\">Andmete kogumise aeg<\/td>\n<td class=\"xl67\" align=\"left\">P\u00f5hisisu, teemaplokid vms<\/td>\n<td class=\"xl67\" align=\"left\">Kelle kohta andmed<\/td>\n<td class=\"xl67\" align=\"left\">Andmete kogumise\/moodustamise meetod\u00a0<\/td>\n<td class=\"xl67\" align=\"left\">Andmete maht\u00a0<\/td>\n<td class=\"xl67\" align=\"left\">Andmestiku formaat<\/td>\n<td class=\"xl67\" align=\"left\">Kelle k\u00e4es, kes saab otsustada ligip\u00e4\u00e4su \u00fcle<\/td>\n<td class=\"xl67\" align=\"left\">M\u00e4rkused<\/td>\n<\/tr>\n<tr>\n<td class=\"xl68\" align=\"right\">1<\/td>\n<td class=\"xl68\" align=\"left\">Eesti Statistikaameti ettev\u00f5tte, toote ja sihturu tasandi v\u00e4liskaubanduse andmed.<\/td>\n<td class=\"xl68\" align=\"left\">Kvantitatiivne<\/td>\n<td class=\"xl68\" align=\"left\">1995-2017<\/td>\n<td class=\"xl68\" align=\"left\">Ettev\u00f5tete kaupade ekspordi ja impordi mahud detailselt 8-kohalise kaubakoodi ja turu l\u00f5ikes<\/td>\n<td class=\"xl68\" align=\"left\">Eesti ettev\u00f5tete \u00fcldkogum<\/td>\n<td class=\"xl68\" align=\"left\">Tollistatistika<\/td>\n<td class=\"xl68\" align=\"left\">Andmefailid on aastate kaupa, faili suurus on 17 MB-347MB.<\/td>\n<td class=\"xl68\" align=\"left\">Stata, SPSS, ASCII tekstifailid<\/td>\n<td class=\"xl68\" align=\"left\">Andmed asuvad Statistikaameti serveris, kasutamine toimub \u00fcle turvalise \u00fchendused. Uue kasutaja lisamiseks tuleb teha lepingu lisa Statistikaametiga. T\u00dc poolne kontaktisik on Jaan Masso, Statistikaameti poolt tuleks huvi korral saata vormikohane taotlus aadressile stat@stat.ee<\/td>\n<td class=\"xl68\" align=\"left\">Andmeid kasutades valminud varasemad teadust\u00f6\u00f6d on toodud aadressil https:\/\/www.stat.ee\/teadustood<\/td>\n<\/tr>\n<tr>\n<td class=\"xl68\" align=\"right\">2<\/td>\n<td class=\"xl68\" align=\"left\">Eesti Panga teenuste v\u00e4liskaubanduse andmed<\/td>\n<td class=\"xl68\" align=\"left\">Kvantitatiivne<\/td>\n<td class=\"xl68\" align=\"left\">2007-2012, 2014-2017<\/td>\n<td class=\"xl68\" align=\"left\">Ettev\u00f5tete teenuste ekspordi ja impordi mahud teenuste detailselt 6-kohalise koodi ja sihtturu l\u00f5ikes<\/td>\n<td class=\"xl68\" align=\"left\">Eesti ettev\u00f5tete \u00fcldkogum<\/td>\n<td class=\"xl68\" align=\"left\">Tollistatistika<\/td>\n<td class=\"xl68\" align=\"left\">Andmefailid aastate kaupa; teenuste eksport\u00f6\u00f6ride maht varieerub \u00fcle aastate vahemikus 3,691 kuni 7,860<\/td>\n<td class=\"xl68\" align=\"left\">Stata, SPSS, ASCII tekstifailid<\/td>\n<td class=\"xl68\" align=\"left\">Andmed asuvad Statistikaameti serveris, kasutamine toimub \u00fcle turvalise \u00fchendused. Uue kasutaja lisamiseks tuleb teha lepingu lisa Statistikaametiga. T\u00dc poolne kontaktisik on Jaan Masso, Statistikaameti poolt tuleks huvi korral saata vormikohane taotlus aadressile stat@stat.ee<\/td>\n<td class=\"xl68\" align=\"left\">Andmeid kasutades valminud varasemad teadust\u00f6\u00f6d on toodud aadressil https:\/\/www.stat.ee\/teadustood<\/td>\n<\/tr>\n<tr>\n<td class=\"xl68\" align=\"right\">3<\/td>\n<td class=\"xl68\" align=\"left\">Eesti ettev\u00f5tete statistilise profiili andmed<\/td>\n<td class=\"xl68\" align=\"left\">Kvantitatiivne<\/td>\n<td class=\"xl68\" align=\"left\">Osanike andmed alates 2005 kuni 2017, muud andmed alates 1995 kuni 2017<\/td>\n<td class=\"xl68\" align=\"left\">\u00d5iguslik vorm, omanikud, tegevusala<\/td>\n<td class=\"xl68\" align=\"left\">Eesti ettev\u00f5tete \u00fcldkogum<\/td>\n<td class=\"xl68\" align=\"left\">Erinevate registrite (nt \u00c4riregister) p\u00f5hjal<\/td>\n<td class=\"xl68\" align=\"left\">Andmefailid aastate kaupa XXX<\/td>\n<td class=\"xl68\" align=\"left\">Stata, SPSS, ASCII tekstifailid<\/td>\n<td class=\"xl68\" align=\"left\">Andmed asuvad Statistikaameti serveris, kasutamine toimub \u00fcle turvalise \u00fchendused. Uue kasutaja lisamiseks tuleb teha lepingu lisa Statistikaametiga. T\u00dc poolne kontaktisik on Jaan Masso, Statistikaameti poolt tuleks huvi korral saata vormikohane taotlus aadressile stat@stat.ee<\/td>\n<td class=\"xl68\" align=\"left\">Andmeid kasutades valminud varasemad teadust\u00f6\u00f6d on toodud aadressil https:\/\/www.stat.ee\/teadustood<\/td>\n<\/tr>\n<tr>\n<td class=\"xl68\" align=\"right\">4<\/td>\n<td class=\"xl68\" align=\"left\">Ettev\u00f5tete innovatsiooniuuring<\/td>\n<td class=\"xl68\" align=\"left\">Kvantitatiivne<\/td>\n<td class=\"xl68\" align=\"left\">1998-2000 (CIS3), 2002-2004 (CIS4), 2006-2008 (CIS2006), 2008-2010 (CIS2008), 2010-2012 (CIS2010)<\/td>\n<td class=\"xl68\" align=\"left\">Info toote, protsessi, turunduse ja organisatsiooniliste innovatsioonide kohta<\/td>\n<td class=\"xl68\" align=\"left\">Eestis registreeritud \u00e4ri\u00fchingute valim<\/td>\n<td class=\"xl68\" align=\"left\">Ettev\u00f5tete k\u00fcsitlusuuring<\/td>\n<td class=\"xl68\" align=\"left\">Andmefailid aastate kaupa, ca 1600 ettev\u00f5tte andmed igas laines<\/td>\n<td class=\"xl68\" align=\"left\">Stata, SPSS, ASCII tekstifailid<\/td>\n<td class=\"xl68\" align=\"left\">Andmed asuvad Statistikaameti serveris, kasutamine toimub \u00fcle turvalise \u00fchendused. Uue kasutaja lisamiseks tuleb teha lepingu lisa Statistikaametiga. T\u00dc poolne kontaktisik on Jaan Masso, Statistikaameti poolt tuleks huvi korral saata vormikohane taotlus aadressile stat@stat.ee<\/td>\n<td class=\"xl68\" align=\"left\">Andmeid kasutades valminud varasemad teadust\u00f6\u00f6d on toodud aadressil https:\/\/www.stat.ee\/teadustood<\/td>\n<\/tr>\n<tr>\n<td class=\"xl68\" align=\"right\">5<\/td>\n<td class=\"xl68\" align=\"left\">Ettev\u00f5tete teadus- ja arendustegevuse uuring<\/td>\n<td class=\"xl68\" align=\"left\">Kvantitatiivne<\/td>\n<td class=\"xl68\" align=\"left\">1998-2017<\/td>\n<td class=\"xl68\" align=\"left\">Teadus-arendustegevuse kulutused ja t\u00f6\u00f6tajad<\/td>\n<td class=\"xl68\" align=\"left\">Eestis registreeritud \u00e4ri\u00fchingute valim<\/td>\n<td class=\"xl68\" align=\"left\">Ettev\u00f5tete k\u00fcsitlusuuring<\/td>\n<td class=\"xl68\" align=\"left\">Andmefailid aastate kaupa, ca 500 ettev\u00f5tte andmed igas laines<\/td>\n<td class=\"xl68\" align=\"left\">Stata, SPSS, ASCII tekstifailid<\/td>\n<td class=\"xl68\" align=\"left\">Andmed asuvad Statistikaameti serveris, kasutamine toimub \u00fcle turvalise \u00fchendused. Uue kasutaja lisamiseks tuleb teha lepingu lisa Statistikaametiga. T\u00dc poolne kontaktisik on Jaan Masso, Statistikaameti poolt tuleks huvi korral saata vormikohane taotlus aadressile stat@stat.ee<\/td>\n<td class=\"xl68\" align=\"left\">Andmeid kasutades valminud varasemad teadust\u00f6\u00f6d on toodud aadressil https:\/\/www.stat.ee\/teadustood<\/td>\n<\/tr>\n<tr>\n<td class=\"xl68\" align=\"right\">6<\/td>\n<td class=\"xl68\" align=\"left\">Eestist v\u00e4ljapoole tehtud otseste v\u00e4lisinvesteeringute andmed<\/td>\n<td class=\"xl68\" align=\"left\">Kvantitatiivne<\/td>\n<td class=\"xl68\" align=\"left\">1995-2017<\/td>\n<td class=\"xl68\" align=\"left\">Eestist v\u00e4ljapoole tehtud v\u00e4lisinvesteeringute rahalised mahud<\/td>\n<td class=\"xl68\" align=\"left\">Eesti \u00e4ri\u00fchingute \u00fcldkogum<\/td>\n<td class=\"xl68\" align=\"left\">Maksebilansi statistika<\/td>\n<td class=\"xl68\" align=\"left\">Andmefailid aastate kaupa<\/td>\n<td class=\"xl68\" align=\"left\">Stata, SPSS, ASCII tekstifailid<\/td>\n<td class=\"xl68\" align=\"left\">Andmed asuvad Statistikaameti serveris, kasutamine toimub \u00fcle turvalise \u00fchendused. Uue kasutaja lisamiseks tuleb teha lepingu lisa Statistikaametiga. T\u00dc poolne kontaktisik on Jaan Masso, Statistikaameti poolt tuleks huvi korral saata vormikohane taotlus aadressile stat@stat.ee<\/td>\n<td class=\"xl68\" align=\"left\">Andmeid kasutades valminud varasemad teadust\u00f6\u00f6d on toodud aadressil https:\/\/www.stat.ee\/teadustood<\/td>\n<\/tr>\n<tr>\n<td class=\"xl68\" align=\"right\">7<\/td>\n<td class=\"xl68\" align=\"left\">Maksu- ja Tolliameti andmed makstud sotsiaalmaksu kohta<\/td>\n<td class=\"xl68\" align=\"left\">Kvantitatiivne<\/td>\n<td class=\"xl68\" align=\"left\">2006-2017<\/td>\n<td class=\"xl68\" align=\"left\">Makstud sotsiaalmaks isikute ja t\u00f6\u00f6andjate (\u00e4ri\u00fchingute vms) kaupa<\/td>\n<td class=\"xl68\" align=\"left\">K\u00f5ik Eesti residendid, kelle eest on makstud sotsiaalmaksu<\/td>\n<td class=\"xl68\" align=\"left\">Maksu- ja Tolliameti TSD deklaratsioonide andmed<\/td>\n<td class=\"xl68\" align=\"left\">Andmefailid aastate kaupa<\/td>\n<td class=\"xl68\" align=\"left\">Stata, SPSS, ASCII tekstifailid<\/td>\n<td class=\"xl68\" align=\"left\">Andmed asuvad Statistikaameti serveris, kasutamine toimub \u00fcle turvalise \u00fchendused. Uue kasutaja lisamiseks tuleb teha lepingu lisa Statistikaametiga. T\u00dc poolne kontaktisik on Jaan Masso, Statistikaameti poolt tuleks huvi korral saata vormikohane taotlus aadressile stat@stat.ee<\/td>\n<td class=\"xl68\" align=\"left\">Andmeid kasutades valminud varasemad teadust\u00f6\u00f6d on toodud aadressil https:\/\/www.stat.ee\/teadustood<\/td>\n<\/tr>\n<tr>\n<td class=\"xl68\" align=\"right\">8<\/td>\n<td class=\"xl68\" align=\"left\">Rahva- ja Eluruumide loendus<\/td>\n<td class=\"xl68\" align=\"left\">Kvantitatiivne<\/td>\n<td class=\"xl68\" align=\"left\">2000, 2011<\/td>\n<td class=\"xl68\" align=\"left\">Demograafilised karakteristikud, haridus, tervis, elamistingimused, t\u00f6\u00f6tamine jne.<\/td>\n<td class=\"xl68\" align=\"left\">Kogu Eesti elanikkond<\/td>\n<td class=\"xl68\" align=\"left\">K\u00fcsitlus<\/td>\n<td class=\"xl68\" align=\"left\">Andmefailid aastate kaupa; eraldi failid indiviiide ja leibkondade kohta<\/td>\n<td class=\"xl68\" align=\"left\">Stata, SPSS, ASCII tekstifailid<\/td>\n<td class=\"xl68\" align=\"left\">Andmed asuvad Statistikaameti serveris, kasutamine toimub \u00fcle turvalise \u00fchendused. Uue kasutaja lisamiseks tuleb teha lepingu lisa Statistikaametiga. T\u00dc poolne kontaktisik on Jaan Masso, Statistikaameti poolt tuleks huvi korral saata vormikohane taotlus aadressile stat@stat.ee<\/td>\n<td class=\"xl68\" align=\"left\">Andmeid kasutades valminud varasemad teadust\u00f6\u00f6d on toodud aadressil https:\/\/www.stat.ee\/teadustood<\/td>\n<\/tr>\n<tr>\n<td class=\"xl68\" align=\"right\">9<\/td>\n<td class=\"xl68\" align=\"left\">Eesti T\u00f6\u00f6j\u00f5uuuringu andmed<\/td>\n<td class=\"xl68\" align=\"left\">Kvantitatiivne<\/td>\n<td class=\"xl68\" align=\"left\">1995-2017<\/td>\n<td class=\"xl68\" align=\"left\">Info inimeste majandusliku aktiivsuse (t\u00f6\u00f6h\u00f5ive, t\u00f6\u00f6tuse) ja t\u00f6\u00f6olude kohta<\/td>\n<td class=\"xl68\" align=\"left\">\u00dcle 15 aasta vanused indiviidid; kvartaalselt valimis ca 4000 indiviidi<\/td>\n<td class=\"xl68\" align=\"left\">K\u00fcsitlus<\/td>\n<td class=\"xl68\" align=\"left\">Andmefailid aastate kaupa; eraldi failid indiviidide ja leibkondade kohta<\/td>\n<td class=\"xl68\" align=\"left\">Stata, SPSS, ASCII tekstifailid<\/td>\n<td class=\"xl68\" align=\"left\">Andmed asuvad Statistikaameti serveris, kasutamine toimub \u00fcle turvalise \u00fchendused. Uue kasutaja lisamiseks tuleb teha lepingu lisa Statistikaametiga. T\u00dc poolne kontaktisik on Jaan Masso, Statistikaameti poolt tuleks huvi korral saata vormikohane taotlus aadressile stat@stat.ee<\/td>\n<td class=\"xl68\" align=\"left\">Andmeid kasutades valminud varasemad teadust\u00f6\u00f6d on toodud aadressil https:\/\/www.stat.ee\/teadustood<\/td>\n<\/tr>\n<tr>\n<td class=\"xl68\" align=\"right\">10<\/td>\n<td class=\"xl68\" align=\"left\">Eesti \u00c4riregistri andmed<\/td>\n<td class=\"xl68\" align=\"left\">Kvantitatiivne<\/td>\n<td class=\"xl68\" align=\"left\">1995-2016<\/td>\n<td class=\"xl68\" align=\"left\">Demograafilised karakteristikud, haridus, tervis, elamistingimused, t\u00f6\u00f6tamine jne.<\/td>\n<td class=\"xl68\" align=\"left\">Eestis registreeritud \u00e4ri\u00fchingute \u00fcdkogum<\/td>\n<td class=\"xl68\" align=\"left\">K\u00fcsitlus<\/td>\n<td class=\"xl68\" align=\"left\">Andmefailid aastate kaupa; eraldi failid indiviiide ja leibkondade kohta<\/td>\n<td class=\"xl68\" align=\"left\">Stata, SPSS, ASCII tekstifailid<\/td>\n<td class=\"xl68\" align=\"left\">Andmed asuvad Statistikaameti serveris, kasutamine toimub \u00fcle turvalise \u00fchendused. Uue kasutaja lisamiseks tuleb teha lepingu lisa Statistikaametiga. T\u00dc poolne kontaktisik on Jaan Masso, Statistikaameti poolt tuleks huvi korral saata vormikohane taotlus aadressile stat@stat.ee<\/td>\n<td class=\"xl68\" align=\"left\">Andmeid kasutades valminud varasemad teadust\u00f6\u00f6d on toodud aadressil https:\/\/www.stat.ee\/teadustood<\/td>\n<\/tr>\n<tr>\n<td class=\"xl68\" align=\"right\">11<\/td>\n<td class=\"xl68\" align=\"left\">CV-Keskuse andmed t\u00f6\u00f6otsijate CV-de kohta<\/td>\n<td class=\"xl68\" align=\"left\">Kvantitatiivne, kvalitatiivne<\/td>\n<td class=\"xl68\" align=\"left\">Erinevad v\u00e4ljav\u00f5ttes alates 2011; katavad t\u00f6\u00f6turu ajalugu suhteliselt h\u00e4sti alates 2000. aastast<\/td>\n<td class=\"xl68\" align=\"left\">T\u00f6\u00f6turu minevik (eelmised t\u00f6\u00f6kohad), deomgraafilised karakteristikud, omandatud hardus ja oskused, info soovitava t\u00f6\u00f6koha kohta<\/td>\n<td class=\"xl68\" align=\"left\">CV Keskuse kaudud t\u00f6\u00f6d otsinud t\u00f6\u00f6otsijad<\/td>\n<td class=\"xl68\" align=\"left\">K\u00fcsitlus<\/td>\n<td class=\"xl68\" align=\"left\">Ca 250 tuhande t\u00f6\u00f6otsija andmed<\/td>\n<td class=\"xl68\" align=\"left\">Exceli failid<\/td>\n<td class=\"xl68\" align=\"left\">T\u00dc poolne kontaktisik on Jaan Masso, T\u00dc majandusteaduskond<\/td>\n<td class=\"xl68\">\u00a0<\/td>\n<\/tr>\n<tr>\n<td class=\"xl68\" align=\"right\">12<\/td>\n<td class=\"xl68\" align=\"left\">Euroopa ettev\u00f5tete andmebaas Amadeus (https:\/\/www.bvdinfo.com\/en-us\/our-products\/company-information\/international-products\/amadeus)<\/td>\n<td class=\"xl68\" align=\"left\">Kvantitatiivne, kvalitatiivne<\/td>\n<td class=\"xl68\" align=\"left\">Enamuse n\u00e4itajate kohta 10 viimase aasta andmed<\/td>\n<td class=\"xl68\" align=\"left\">Ettev\u00f5tete finantsn\u00e4itajad, omanikud, t\u00fctarfirmad, juhatus ja n\u00f5ukogu, \u00fcldinfo<\/td>\n<td class=\"xl68\" align=\"left\">Euroopa ettev\u00f5tted<\/td>\n<td class=\"xl68\" align=\"left\">Erinevad riiklikud registrid<\/td>\n<td class=\"xl68\" align=\"left\">Umbes 21 miljoni Euroopa ettev\u00f5tte andmed<\/td>\n<td class=\"xl68\" align=\"left\">Andmed on ligip\u00e4\u00e4setavad \u00fcle Interneti kasutajakonto abil, kust saab eri p\u00e4ringutega loodud faile (nt Exceli formaadis) maha laadida<\/td>\n<td class=\"xl68\" align=\"left\">Tartu \u00dclikool on ostnud andmetele ligip\u00e4\u00e4suks iga-aastaselt uuenbdatava litsentsi. T\u00dc poolne kontaktisik on Jaan Masso, T\u00dc majandusteaduskond<\/td>\n<td class=\"xl68\">\u00a0<\/td>\n<\/tr>\n<tr>\n<td class=\"xl68\" align=\"right\">13<\/td>\n<td class=\"xl68\" align=\"left\">Euroopa Liidu ettev\u00f5tete innovatsiooniuuring (Community Innovation Survey); vt lisainfo https:\/\/ec.europa.eu\/eurostat\/web\/microdata\/community-innovation-survey<\/td>\n<td class=\"xl68\" align=\"left\">Kvantitatiivne<\/td>\n<td class=\"xl68\" align=\"left\">1998-2000 (CIS3), 2002-2004 (CIS4), 2006-2008 (CIS2006), 2008-2010 (CIS2008), 2010-2012 (CIS2010)<\/td>\n<td class=\"xl68\" align=\"left\">Info toote, protsessi, turunduse ja organisatsiooniliste innovatsioonide kohta<\/td>\n<td class=\"xl68\" align=\"left\">Valitud Euroopa Liidu riikide ettev\u00f5tted<\/td>\n<td class=\"xl68\" align=\"left\">Ettev\u00f5tete k\u00fcsitlusuuring<\/td>\n<td class=\"xl68\" align=\"left\">Ca 500-40000 etev\u00f5tet riigiti<\/td>\n<td class=\"xl68\" align=\"left\">Exceli failid<\/td>\n<td class=\"xl68\" align=\"left\">Andmetele saab taotleda ligip\u00e4\u00e4su Eurostatist. T\u00dc majandusteaduskond on s\u00f5lminud Eurostatiga lepingu andmete kasutamiseks valitud projjektide raames, kontaktisik on Jaan Masso<\/td>\n<td class=\"xl68\">\u00a0<\/td>\n<\/tr>\n<tr>\n<td class=\"xl68\" align=\"right\">14<\/td>\n<td class=\"xl68\" align=\"left\">Euroopa Liidu T\u00f6\u00f6j\u00f5uuuring (https:\/\/ec.europa.eu\/eurostat\/web\/microdata\/european-union-labour-force-survey)<\/td>\n<td class=\"xl68\" align=\"left\">Kvantitatiivne<\/td>\n<td class=\"xl68\" align=\"left\">1983-2017<\/td>\n<td class=\"xl68\" align=\"left\">Info inimeste majandusliku aktiivsuse (t\u00f6\u00f6h\u00f5ive, t\u00f6\u00f6tuse) ja t\u00f6\u00f6olude kohta<\/td>\n<td class=\"xl68\" align=\"left\">\u00dcle 15 aasta vanused indiviidid 28 EL liikmesriigi, 2 kadidaatriigi ja 3 Euroopa Vabakaubandus-assotsiatsiooni riigi kohta<\/td>\n<td class=\"xl68\" align=\"left\">K\u00fcsitlusuuring<\/td>\n<td class=\"xl68\" align=\"left\">Andmefailid aastate kaupa; eraldi failid indiviidide ja leibkondade kohta<\/td>\n<td class=\"xl68\" align=\"left\">Exceli failid<\/td>\n<td class=\"xl68\" align=\"left\">Andmetele saab taotleda ligip\u00e4\u00e4su Eurostatist. T\u00dc majandusteaduskond on s\u00f5lminud Eurostatiga lepingu andmete kasutamiseks valitud projektide raames, kontaktisik on Jaan Masso<\/td>\n<td class=\"xl68\">\u00a0<\/td>\n<\/tr>\n<tr>\n<td class=\"xl68\" align=\"right\">15<\/td>\n<td class=\"xl68\" align=\"left\">Euroopa Liidu Sissetulekute ja Elutingimuste Uuring (European Union Statistics on Income and Living Statisticsm EU-SILC, https:\/\/ec.europa.eu\/eurostat\/web\/microdata\/european-union-statistics-on-income-and-living-conditions)<\/td>\n<td class=\"xl68\" align=\"left\">Kvantitatiivne<\/td>\n<td class=\"xl68\" align=\"left\">2006-2014, vt t\u00e4psemalt Eurostati kodulehelt<\/td>\n<td class=\"xl68\" align=\"left\">Sissetulekud, vaesus, sotsiaalne t\u00f5rjutus, elutingimused<\/td>\n<td class=\"xl68\" align=\"left\">Osa andmeid (sotsiaalne t\u00f5rjutus, eluase) on majapidamiste tasemele, osa infot (t\u00f6\u00f6tamine, haridus, tervis) on \u00fcle 16 aasta vanuste indiviidide kohta<\/td>\n<td class=\"xl68\" align=\"left\">K\u00fcsitlusuuring<\/td>\n<td class=\"xl68\" align=\"left\">Andmefailid uuringu lainete ja riikide kaupa<\/td>\n<td class=\"xl68\" align=\"left\">Exceli failid<\/td>\n<td class=\"xl68\" align=\"left\">Andmetele saab taotleda ligip\u00e4\u00e4su Eurostatist. T\u00dc majandusteaduskond on s\u00f5lminud Eurostatiga lepingu andmete kasutamiseks valitud projjektide raames, kontaktisik on Jaan Masso<\/td>\n<td class=\"xl68\">\u00a0<\/td>\n<\/tr>\n<\/tbody>\n<\/table>\n","protected":false},"excerpt":{"rendered":"<p>Allpool nimekiri majandusteaduskonna poolt kasutatavatest uuringuandmetest. Nimekiri t\u00e4ieneb jooksvalt. Jrk nr Andmestikuga seotud uuringu nimi Andmestiku \u00fcldine t\u00fc\u00fcp\u00a0 Andmete kogumise aeg P\u00f5hisisu, teemaplokid vms Kelle kohta andmed Andmete kogumise\/moodustamise meetod\u00a0 Andmete maht\u00a0 Andmestiku formaat Kelle k\u00e4es, kes saab otsustada ligip\u00e4\u00e4su &#8230;<\/p>\n","protected":false},"author":158,"featured_media":0,"parent":0,"menu_order":0,"comment_status":"closed","ping_status":"closed","template":"","meta":{"_acf_changed":false,"inline_featured_image":false,"footnotes":""},"class_list":["post-25","page","type-page","status-publish","hentry"],"acf":[],"_links":{"self":[{"href":"https:\/\/sisu.ut.ee\/esta\/wp-json\/wp\/v2\/pages\/25","targetHints":{"allow":["GET"]}}],"collection":[{"href":"https:\/\/sisu.ut.ee\/esta\/wp-json\/wp\/v2\/pages"}],"about":[{"href":"https:\/\/sisu.ut.ee\/esta\/wp-json\/wp\/v2\/types\/page"}],"author":[{"embeddable":true,"href":"https:\/\/sisu.ut.ee\/esta\/wp-json\/wp\/v2\/users\/158"}],"replies":[{"embeddable":true,"href":"https:\/\/sisu.ut.ee\/esta\/wp-json\/wp\/v2\/comments?post=25"}],"version-history":[{"count":1,"href":"https:\/\/sisu.ut.ee\/esta\/wp-json\/wp\/v2\/pages\/25\/revisions"}],"predecessor-version":[{"id":80,"href":"https:\/\/sisu.ut.ee\/esta\/wp-json\/wp\/v2\/pages\/25\/revisions\/80"}],"wp:attachment":[{"href":"https:\/\/sisu.ut.ee\/esta\/wp-json\/wp\/v2\/media?parent=25"}],"curies":[{"name":"wp","href":"https:\/\/api.w.org\/{rel}","templated":true}]}}