{"id":14,"date":"2024-04-04T04:34:23","date_gmt":"2024-04-04T01:34:23","guid":{"rendered":"https:\/\/sisu.ut.ee\/esta\/kaarditusest\/"},"modified":"2024-04-04T04:34:32","modified_gmt":"2024-04-04T01:34:32","slug":"kaarditusest","status":"publish","type":"page","link":"https:\/\/sisu.ut.ee\/esta\/kaarditusest\/","title":{"rendered":"Kaardistusest"},"content":{"rendered":"<p>T\u00dc sotsiaalteaduste valdkond on teaduskoost\u00f6\u00f6 arendamise eesm\u00e4rgist l\u00e4htuvalt toetanud valdkonna struktuuri\u00fcksustes kasutatavate andmete kaardistamist.<\/p>\n<p>Allpool leiate info kasutatavatest andmetest struktuuri\u00fcksuste ja projektide l\u00f5ikes, millele on lisatud teave andmetele ligip\u00e4\u00e4su saamise v\u00f5imalustest ning kontaktisikutest.<\/p>\n<p>Kaardistus t\u00e4ieneb jooksvalt.<\/p>\n<p>Head kasutamist!<\/p>\n","protected":false},"excerpt":{"rendered":"<p>T\u00dc sotsiaalteaduste valdkond on teaduskoost\u00f6\u00f6 arendamise eesm\u00e4rgist l\u00e4htuvalt toetanud valdkonna struktuuri\u00fcksustes kasutatavate andmete kaardistamist. Allpool leiate info kasutatavatest andmetest struktuuri\u00fcksuste ja projektide l\u00f5ikes, millele on lisatud teave andmetele ligip\u00e4\u00e4su saamise v\u00f5imalustest ning kontaktisikutest. Kaardistus t\u00e4ieneb jooksvalt. Head kasutamist!<\/p>\n","protected":false},"author":158,"featured_media":0,"parent":0,"menu_order":0,"comment_status":"closed","ping_status":"closed","template":"","meta":{"_acf_changed":false,"inline_featured_image":false,"footnotes":""},"class_list":["post-14","page","type-page","status-publish","hentry"],"acf":[],"_links":{"self":[{"href":"https:\/\/sisu.ut.ee\/esta\/wp-json\/wp\/v2\/pages\/14","targetHints":{"allow":["GET"]}}],"collection":[{"href":"https:\/\/sisu.ut.ee\/esta\/wp-json\/wp\/v2\/pages"}],"about":[{"href":"https:\/\/sisu.ut.ee\/esta\/wp-json\/wp\/v2\/types\/page"}],"author":[{"embeddable":true,"href":"https:\/\/sisu.ut.ee\/esta\/wp-json\/wp\/v2\/users\/158"}],"replies":[{"embeddable":true,"href":"https:\/\/sisu.ut.ee\/esta\/wp-json\/wp\/v2\/comments?post=14"}],"version-history":[{"count":1,"href":"https:\/\/sisu.ut.ee\/esta\/wp-json\/wp\/v2\/pages\/14\/revisions"}],"predecessor-version":[{"id":91,"href":"https:\/\/sisu.ut.ee\/esta\/wp-json\/wp\/v2\/pages\/14\/revisions\/91"}],"wp:attachment":[{"href":"https:\/\/sisu.ut.ee\/esta\/wp-json\/wp\/v2\/media?parent=14"}],"curies":[{"name":"wp","href":"https:\/\/api.w.org\/{rel}","templated":true}]}}