{"id":13,"date":"2024-04-04T04:34:23","date_gmt":"2024-04-04T01:34:23","guid":{"rendered":"https:\/\/sisu.ut.ee\/esta\/uhiskonnateaduste-instituudi-poolt-kasutatavad-andmestikud\/"},"modified":"2024-04-04T04:34:32","modified_gmt":"2024-04-04T01:34:32","slug":"uhiskonnateaduste-instituudi-poolt-kasutatavad-andmestikud","status":"publish","type":"page","link":"https:\/\/sisu.ut.ee\/esta\/uhiskonnateaduste-instituudi-poolt-kasutatavad-andmestikud\/","title":{"rendered":"\u00dchiskonnateaduste instituudi poolt kasutatavad andmestikud"},"content":{"rendered":"<div class=\"os-table-container\">\n<table class=\"table table-hover\" style=\"width: 1666px\" border=\"0\" cellpadding=\"0\" cellspacing=\"0\">\n<tbody>\n<tr>\n<td class=\"xl71\">Uuringu nimi<\/td>\n<td class=\"xl72\">Kirjeldus<\/td>\n<td class=\"xl71\">Andmete kogumise aeg<\/td>\n<td class=\"xl71\">Andmete k\u00e4ttesaadavus<\/td>\n<td class=\"xl71\">Kontakt<\/td>\n<td class=\"xl71\">M\u00e4rkused, info<\/td>\n<\/tr>\n<tr>\n<td class=\"xl64\">Rahvusvahelise uurimisprojekti CATCH-EyoU andmed<\/td>\n<td class=\"xl67\">Horizon 2020 projekt. Kodanikuaktiivsuse kujundamine koos Euroopa noortega: poliitikad, praktikad, v\u00e4ljakutsed ja lahendused. Projekti rahvusvaheline kodulehek\u00fclg: http:\/\/www.catcheyou.eu\/ Kvantitatiivsete andmet kogumiseks viidi l\u00e4bi noorte longituudne veebik\u00fcsitlus koos pilootuuringuga<\/td>\n<td>2016-2017<\/td>\n<td class=\"xl64\">Andmed on k\u00e4ttesaadavad OpenAire, Zenodo ja datadoi.ut.ee repositooriumidest. Andmestike avatud kasutamisele on kehtestatud ajaline embargo, kuid kasutamissoove on v\u00f5imalik edastada nii repositooriumide kaudu kui ka Eesti uurimisr\u00fchma juhile Veronika Kalmusele.<\/td>\n<td class=\"xl64\">Veronika Kalmus<\/td>\n<td>http:\/\/www.catcheyou.eu\/<\/td>\n<\/tr>\n<tr>\n<td class=\"xl68\">EU Kids Online<\/td>\n<td class=\"xl69\">Rahvusvaheline teadlasv\u00f5rgustik EU Kids Online keskendub laste online-praktikatele ning nendega seotud v\u00f5imalustele ja riskidele (nt k\u00fcberkiusamine, interneti liigkasutus, h\u00e4iriv veebisisu, privaatsusriskid jne). Projekti rakenduslikuks v\u00e4ljundiks on poliitikasoovituste andmine eesm\u00e4rgiga edendada laste turvalist internetikasutust ning t\u00f5sta peamiste sihtr\u00fchmade (lapsed, \u00f5petajad, lapsevanemad) teadlikkust. 2010. a uuris v\u00f5rgustik 9-16aastaseid lapsi ja nende vanemaid 25 Euroopa riigis (N=25000). Projekti rahastati Euroopa Komisjoni Turvalisema Interneti Programmist. N\u00fc\u00fcdseks koondab v\u00f5rgustik 39 riiki, k\u00e4imas on kordusuuring, millel on 4 peamist eesm\u00e4rki:<br> (a) laste ja noorte online-tegevuste ajaline v\u00f5rdlus oluliste muutuste v\u00e4ljaselgitamiseks;<br> (b) rahvusvaheline v\u00f5rdlus Euroopa riikide vaheliste sarnasuste ja erinevuste leidmiseks;<br> (c) meediakeskkonnas, sh innovaatiliste meediatehnoloogiate ja \u2013teenuste kasutamises, toimunud muutuste uurimine;<br> (d) oluliste online-kommunikatsiooniga seotud \u00fchiskondlike muutuste ja arengute uurimine (igal riigil on v\u00f5imalik lisada k\u00fcsitlusankeeti uusi v\u00f5rgustiku poolt v\u00e4lja t\u00f6\u00f6tatud valikmooduleid \u2013 nt sotsiaalmeedia roll ekstremismi arengus, e-meditsiin, asjade internet, seksuaalse sisuga veebimaterjalid, digitaalne kodanikuosalus).<\/td>\n<td class=\"xl68\">2010; 2017-2018<\/td>\n<td class=\"xl69\">2010 andmed on tasuta k\u00e4ttesaadavad UK Data Archive\u2019i vahendusel, vajalik kasutajaks registreerumine<\/td>\n<td class=\"xl68\">Veronika Kalmus<\/td>\n<td class=\"xl69\">http:\/\/eukidsonline.ut.ee\/; http:\/\/www.lse.ac.uk\/media@lse\/research\/EUKidsOnline\/Home.aspx<\/td>\n<\/tr>\n<tr>\n<td class=\"xl64\">Children\u2019s Worlds (ISCWeB)<\/td>\n<td class=\"xl67\">See on Rahvusvahelise Lapse Heaoluindikaatorite \u00dchingu (International Society for Child Wellbeing \u2013 ISCI) rahvusvaheline laste heaolu uuring, mille 8-, 10- ja 12aastaste laste andmebaas on tasuta allalaaditav aadressil isciweb.org.\u00a0 Praegu\u00a0 k\u00e4ttesaadav uuringu teise perioodi 18 maa andmestikud 2013\/2014.aastast. K\u00e4imas on kolmanda perioodi andmekogumine, kus on loota\u00a0\u00a0 43 maa andmestikke, mis saavad avalikult tasuta kasutamiseks 2019.aastal.\u00a0 Uuring on originaalne lapse perspektiivi keskne, mis v\u00f5iks huvi pakkuda k\u00f5igile, kes tegelevad nt lapse \u00f5iguste ja heaolu temaatikaga v\u00f5i kes soovivad v\u00e4lja t\u00f6\u00f6tada lastep\u00f5hiseid sotsiaalse heaolu indikaatoreid v\u00f5i kes tegelevad sotsiaaluuringute v\u00f5rdleva metodoloogia arendamisega.<\/td>\n<td class=\"xl65\">2013-<\/td>\n<td class=\"xl65\">Avalikult tasuta k\u00e4ttesaadav<\/td>\n<td class=\"xl65\">Dagmar Kutsar<\/td>\n<td class=\"xl66\"><a href=\"http:\/\/isciweb.org\/\">isciweb.org<\/a><\/td>\n<\/tr>\n<tr>\n<td class=\"xl65\">Rahvusvahelise uurimisprojekti \u201cYouth in Europe\/Planet Youth\u201d eesti andmete kollektsioon<\/td>\n<td class=\"xl67\">Noorte riskik\u00e4itumise ja selle p\u00f5hjuste kirjeldamisele ning\u00a0 uurimistulemustel p\u00f5hinevate ennetusmeetmete (kohalike omavalitsuste tasandil) v\u00e4ljat\u00f6\u00f6tamisele keskendunud projekt. Islandil algasid uuringud 1998, rahvusvaheliselt 2006, Eestis (Tallinnas) 2012. Uuritav kontingent: 15-16 aastased noored. Seotud institutsioonid: \u00fchiskonnateaduste instituut, Tallinna ja Tartu linnavalitsused, ICSRA (Icelandic Centre for Social Research and Analysis)<\/td>\n<td class=\"xl65\">Eesti andmed: Tallinn 2012, 2014, 2016; Tartu 2014, 2016. V\u00f5imalik taotleda rahvusvahelisi v\u00f5rdlusandmeid alates 2006.<\/td>\n<td class=\"xl65\">Andmed on kasutatavad Tallinna ja Tartu kohalike omavalitsuste loal. V\u00f5imalik rahvusvaheline v\u00f5rdlus ja \u00fchispublikatsioonid kokkuleppel v\u00e4lispartneritega.<\/td>\n<td class=\"xl65\">Rein Murakas<\/td>\n<td class=\"xl65\">Info projekti kui terviku kohta: https:\/\/planetyouth.community\/<\/td>\n<\/tr>\n<tr>\n<td class=\"xl65\">Eesti meeste ja naiste uuringud<\/td>\n<td class=\"xl67\">Eesti naiste ja meeste uuringu andmed (T\u00dc \u00fchiskonnateaduste instituut koost\u00f6\u00f6s arstiteaduskonnaga)<\/td>\n<td class=\"xl65\" align=\"right\">2015<\/td>\n<td class=\"xl65\"><\/td>\n<td class=\"xl65\">Mare Ainsaar, Helle Karro (arstiteaduskond)<\/td>\n<td class=\"xl65\">http:\/\/meesteuuring2014.ut.ee\/, https:\/\/sisu.ut.ee\/naisteterviseuuring\/avaleht-0<\/td>\n<\/tr>\n<tr>\n<td class=\"xl65\">Ajateenijate longituudse kompleksuuringu andmestikud<\/td>\n<td class=\"xl67\">Eesm\u00e4rk on k\u00e4ivitada j\u00e4rjepidev riigikaitselist inimressurssi monitooriv uuring, h\u00f5lmata tulevikus\u00a0 uuritavate ringi kogu riigikaitsega seotud inimressurss \u2013 ajateenijad, reserv, tegevv\u00e4elased, Kaitseliit. Hetkel (alates 2016) on Kaitsev\u00e4es alustatud ajateenijate k\u00fcsitlusega. Noorte hoiakud, v\u00e4\u00e4rtused, suhtumine ajateenistusse ja tervise- ning f\u00fc\u00fcsilise v\u00f5imekuse profiil on hetkel k\u00f5ige kriitilisema teadmisvajadusega. 2017. a kevadel toimus esimene reservv\u00e4elaste uuring. Longituudne l\u00e4henemine v\u00f5imaldab j\u00e4lgida hoiakute d\u00fcnaamikat teenistuse erinevatel etappidel. Teostajad: SJKK (Strateegilise J\u00e4tkusuutlikkuse Kompetentsikeskus), \u00fchiskonnateaduste instituut; Kaitsev\u00e4e \u00dchendatud \u00d5ppeasutused, Tervise Arengu Instituut<\/td>\n<td class=\"xl65\">Pilootuuring 2016-2017 (3 longituudset etappi); 2017-2018 ajateenistusse kutsutud (2 longituudset etappi); 2018 ajateenistusse kutsutud (1. etapi andmekogumine k\u00e4imas)<\/td>\n<td class=\"xl65\">Kasutamiseks tuleb taotleda luba ja allkirjastada konfidentsiaalsuskohustus.<\/td>\n<td class=\"xl65\">Tiia-Triin Truusa, Kairi Kasearu, Kairi Talves (KV\u00dc\u00d5A), Rein Murakas (andmed)<\/td>\n<td class=\"xl65\">Infot: http:\/\/www.yti.ut.ee\/sites\/default\/files\/aki\/ajateenijate_kompleksuuringu_metodoloogiline_ulevaade.pdf; https:\/\/www.yti.ut.ee\/et\/strateegilise-jatkusuutlikkuse-kompetentsikeskus<\/td>\n<\/tr>\n<tr>\n<td class=\"xl64\">Uuring \u201cRiigikaitse ja avalik arvamus\u201d 2000-2018<\/td>\n<td class=\"xl67\">Strateegilise J\u00e4tkusuutlikkuse Keskuse poolt kasutatav andmestik riigikaitsega seotud arvamuste kohta, mis koosneb 43st alamandmestikust. Kaetud ajavahemik alates 2000, andmeid lisandub jooksvalt.<\/td>\n<td><\/td>\n<td class=\"xl64\">Andmetele ligip\u00e4\u00e4su on v\u00f5imalik taotleda l\u00e4bi Eesti Sotsiaalteadusliku Andmearhiivi. Andmekasutuse \u00f5iguse \u00fcle otsustab Kaitseministeerium.<\/td>\n<td class=\"xl64\">Rein Murakas, Tiia-Triin Truusa<\/td>\n<td>https:\/\/www.yti.ut.ee\/sites\/default\/files\/aki\/riigikaitse_ja_avalik_arvamus_-_kusitluste_sisu_ja_ulesehitus_v1.01.pdf<\/td>\n<\/tr>\n<tr>\n<td class=\"xl69\">\u201cMina. Maailm. Meedia\u201d<\/td>\n<td class=\"xl69\">Alates 2002. aastast on viiel korral (iga 3 aasta tagant) toimunud sotsioloogilised k\u00fcsitlused \u201eMina. Maailm. Meedia\u201c (l\u00fchendatult MeeMa), mille k\u00e4igus on iga kord k\u00fcsitletud 1500 inimest esinduslikult Eesti elanikkonna suhtes vanuses 15-74 (2002, 2005, 2008) v\u00f5i 15-79 (2011 ja 2014). Ankeetide teemaplokid on l\u00e4bi aastate olnud k\u00fcllaltki sarnased. 2014. a sisaldas kirjalik k\u00fcsimustik 657 tunnust, mis olid jagatud j\u00e4rgmistesse plokkidesse:\u00a0 hinnangud muutustele; huvid ja v\u00e4\u00e4rtused; osalus \u00fchiskonnaelus; osalus kodaniku\u00fchendustes; traditsioonid; religioon; ajalugu; kuuluvustunne, identiteet; kontaktid, liikumisv\u00f5imalused; ajakasutus; kultuuritarbimine; tarbimine ja keskkond; enesetunne ja tervis; ohud ja riskid; p\u00f5lvkonnad ja kasvatus; meediakasutus, infokanalid; arvuti ja internet; ettev\u00f5tlus, t\u00f6\u00f6; pere sissetulekud; elukoht, eluase; \u00fchiskondlik seisund. Suuline k\u00fcsimustik (229 tunnust) t\u00e4iendas neid tunnusteplokke.\u00a0<\/td>\n<td class=\"xl69\">2002, 2005, 2008, 2011, 2014<\/td>\n<td class=\"xl69\">Andmestikud on\u00a0 IUT 20-38 uurimisr\u00fchma liikmete valduses ning on akadeemilistel eesm\u00e4rkidel kasutatavad kokkuleppel (ja soovitatavalt koost\u00f6\u00f6s) IUT 20-38 uurimisr\u00fchmaga.\u00a0<\/td>\n<td class=\"xl69\">Veronika Kalmus<\/td>\n<td class=\"xl69\"><\/td>\n<\/tr>\n<tr>\n<td class=\"xl64\">Tartu ettev\u00f5tlusuuringud<\/td>\n<td class=\"xl67\">Aastatel 1998-2010 viidi Tartus l\u00e4bi 6 ettev\u00f5tlusuuringut, mille raames k\u00fcsitleti linna ettev\u00f5tlusega seotud vajadustest ja probleemidest \u00fclevaate saamiseks ettev\u00f5tete juhte. Uuringute kokkuv\u00f5tted (va 1998) on k\u00e4ttesaadavad tr\u00fckiv\u00e4ljaannetena (vt ESTER).<\/td>\n<td class=\"xl64\">1998, 2000, 2002, 2004, 2006, 2010<\/td>\n<td class=\"xl64\">Andmeid on v\u00f5imalik kasutada Tartu linnavalitsuse loal.<\/td>\n<td class=\"xl64\">Rein Murakas<\/td>\n<td><\/td>\n<\/tr>\n<tr>\n<td class=\"xl64\">Uuring \u201cNoorte osalemine noorsoot\u00f6\u00f6s\u201d<\/td>\n<td class=\"xl67\">Uuringu viis 2017-2018 Haridus- ja Teadusministeeriumi tellimusel l\u00e4bi T\u00dc \u00fchiskonnateaduste instituut. Teostati eri vanuses \u00f5pilaste veebik\u00fcsitlused ning fookusgrupiintervjuud. Uuringu kokkuv\u00f5te on k\u00e4ttesaadav: https:\/\/www.hm.ee\/sites\/default\/files\/uuringud\/noorsootoos_osalevate_noorte_rahulolu_noorsootooga_loppraport_2018a.pdf<\/td>\n<td><\/td>\n<td class=\"xl64\">Andmeid on v\u00f5imalik kasutada Haridus- ja Teadusministeeriumi loal. Fookusgrupiintervjuude originaalsalvestused kujutavad endast k\u00f5rge konfidentsiaalsusastmega materjali.<\/td>\n<td class=\"xl64\">Kontakt T\u00dcs: Rein Murakas.<\/td>\n<td><\/td>\n<\/tr>\n<tr>\n<td class=\"xl70\"> Noosoot\u00f6\u00f6-alaste p\u00e4devuste ja noosoot\u00f6\u00f6tajate koolitusvajaduste uuring<\/td>\n<td class=\"xl67\">Uuringu viis 2009-2010 l\u00e4bi sotsioloogia ja sotsiaalpoliitika instituut SA Archimedes tellimusel. Uuringu kokkuv\u00f5ttte v\u00e4ljaanne: http:\/\/www.mitteformaalne.ee\/assets\/ftpupload\/noorsootootajate-uuring-2010.pdf<\/td>\n<td><\/td>\n<td class=\"xl64\">Noorsoot\u00f6\u00f6tajate k\u00fcsitlusuuringu andmeid on v\u00f5imalik kasutada SA Archimedese loal<\/td>\n<td class=\"xl64\">Kontakt T\u00dcs: Rein Murakas.<\/td>\n<td><\/td>\n<\/tr>\n<tr>\n<td><\/td>\n<td class=\"xl67\"><\/td>\n<td><\/td>\n<td><\/td>\n<td><\/td>\n<td><\/td>\n<\/tr>\n<tr>\n<td class=\"xl64\">Longituuduuringute (rahvusvaheline uurimisprojekt \u201cPaths of Generation\u201d, Eesti longituuduuring alates 1966) andmekollektsioon<\/td>\n<td class=\"xl67\">Mikk Titma poolt algatatud kahe mastaapse longituuduuringu andmed; Eesti longituuduuring vaatleb 1966. aasta keskkoolil\u00f5petajate eluteid kuni pensionieelse eani; v\u00f5rdlev longituudne uurimisprojekt \u201cPaths of Generation\u201d kirjeldab eri postsotsialistlike maade 1983. aastal keskhariduse omandanute kohordi edasist eluteed\u00a0<\/td>\n<td class=\"xl65\">Eesti longituuduuring: andmed alates 1966; \u201cPaths of Generation\u201d \u2013 eri riikide andmed alates 1982(3).<\/td>\n<td class=\"xl65\">Hetkel pole k\u00e4ttesaadavad. Asuvad Tartu ja Stanfordi \u00fclikoolides, kasutamine on on v\u00f5imalik sellealaste juriidiliste probleemide lahendamise ja kasutuskorra v\u00e4ljat\u00f6\u00f6tamise j\u00e4rgselt.<\/td>\n<td class=\"xl65\">Rein Murakas, Kairi Kasearu<\/td>\n<td class=\"xl65\"><\/td>\n<\/tr>\n<\/tbody>\n<\/table>\n<\/div>\n","protected":false},"excerpt":{"rendered":"<p>Uuringu nimi Kirjeldus Andmete kogumise aeg Andmete k\u00e4ttesaadavus Kontakt M\u00e4rkused, info Rahvusvahelise uurimisprojekti CATCH-EyoU andmed Horizon 2020 projekt. Kodanikuaktiivsuse kujundamine koos Euroopa noortega: poliitikad, praktikad, v\u00e4ljakutsed ja lahendused. Projekti rahvusvaheline kodulehek\u00fclg: http:\/\/www.catcheyou.eu\/ Kvantitatiivsete andmet kogumiseks viidi l\u00e4bi noorte longituudne veebik\u00fcsitlus &#8230;<\/p>\n","protected":false},"author":158,"featured_media":0,"parent":0,"menu_order":0,"comment_status":"closed","ping_status":"closed","template":"","meta":{"_acf_changed":false,"inline_featured_image":false,"footnotes":""},"class_list":["post-13","page","type-page","status-publish","hentry"],"acf":[],"_links":{"self":[{"href":"https:\/\/sisu.ut.ee\/esta\/wp-json\/wp\/v2\/pages\/13","targetHints":{"allow":["GET"]}}],"collection":[{"href":"https:\/\/sisu.ut.ee\/esta\/wp-json\/wp\/v2\/pages"}],"about":[{"href":"https:\/\/sisu.ut.ee\/esta\/wp-json\/wp\/v2\/types\/page"}],"author":[{"embeddable":true,"href":"https:\/\/sisu.ut.ee\/esta\/wp-json\/wp\/v2\/users\/158"}],"replies":[{"embeddable":true,"href":"https:\/\/sisu.ut.ee\/esta\/wp-json\/wp\/v2\/comments?post=13"}],"version-history":[{"count":1,"href":"https:\/\/sisu.ut.ee\/esta\/wp-json\/wp\/v2\/pages\/13\/revisions"}],"predecessor-version":[{"id":92,"href":"https:\/\/sisu.ut.ee\/esta\/wp-json\/wp\/v2\/pages\/13\/revisions\/92"}],"wp:attachment":[{"href":"https:\/\/sisu.ut.ee\/esta\/wp-json\/wp\/v2\/media?parent=13"}],"curies":[{"name":"wp","href":"https:\/\/api.w.org\/{rel}","templated":true}]}}