{"id":10,"date":"2024-04-04T04:34:22","date_gmt":"2024-04-04T01:34:22","guid":{"rendered":"https:\/\/sisu.ut.ee\/esta\/euroopa-sotsiaaluuring-eestis\/"},"modified":"2024-04-04T04:34:32","modified_gmt":"2024-04-04T01:34:32","slug":"euroopa-sotsiaaluuring-eestis","status":"publish","type":"page","link":"https:\/\/sisu.ut.ee\/esta\/euroopa-sotsiaaluuring-eestis\/","title":{"rendered":"Euroopa Sotsiaaluuring Eestis"},"content":{"rendered":"<p>Nii Euroopa Sotsiaaluuringu Eesti andmed ajavahemikust 2004-2016 kui ka rahvusvahelised andmed alates 2002. aastast on huvilistele vabalt k\u00e4ttesaadavad ja veebip\u00f5hiselt on-line anal\u00fc\u00fcsitavad.<\/p>\n<p>T\u00e4psem info uuringu Eesti kodulehek\u00fcljel:\u00a0\u00a0<\/p>\n<p>https:\/\/www.yti.ut.ee\/et\/ess\/euroopa-sotsiaaluuring-eestis<\/p>\n","protected":false},"excerpt":{"rendered":"<p>Nii Euroopa Sotsiaaluuringu Eesti andmed ajavahemikust 2004-2016 kui ka rahvusvahelised andmed alates 2002. aastast on huvilistele vabalt k\u00e4ttesaadavad ja veebip\u00f5hiselt on-line anal\u00fc\u00fcsitavad. T\u00e4psem info uuringu Eesti kodulehek\u00fcljel:\u00a0\u00a0 https:\/\/www.yti.ut.ee\/et\/ess\/euroopa-sotsiaaluuring-eestis<\/p>\n","protected":false},"author":158,"featured_media":0,"parent":0,"menu_order":0,"comment_status":"closed","ping_status":"closed","template":"","meta":{"_acf_changed":false,"inline_featured_image":false,"footnotes":""},"class_list":["post-10","page","type-page","status-publish","hentry"],"acf":[],"_links":{"self":[{"href":"https:\/\/sisu.ut.ee\/esta\/wp-json\/wp\/v2\/pages\/10","targetHints":{"allow":["GET"]}}],"collection":[{"href":"https:\/\/sisu.ut.ee\/esta\/wp-json\/wp\/v2\/pages"}],"about":[{"href":"https:\/\/sisu.ut.ee\/esta\/wp-json\/wp\/v2\/types\/page"}],"author":[{"embeddable":true,"href":"https:\/\/sisu.ut.ee\/esta\/wp-json\/wp\/v2\/users\/158"}],"replies":[{"embeddable":true,"href":"https:\/\/sisu.ut.ee\/esta\/wp-json\/wp\/v2\/comments?post=10"}],"version-history":[{"count":1,"href":"https:\/\/sisu.ut.ee\/esta\/wp-json\/wp\/v2\/pages\/10\/revisions"}],"predecessor-version":[{"id":95,"href":"https:\/\/sisu.ut.ee\/esta\/wp-json\/wp\/v2\/pages\/10\/revisions\/95"}],"wp:attachment":[{"href":"https:\/\/sisu.ut.ee\/esta\/wp-json\/wp\/v2\/media?parent=10"}],"curies":[{"name":"wp","href":"https:\/\/api.w.org\/{rel}","templated":true}]}}