{"id":97,"date":"2024-04-03T23:25:01","date_gmt":"2024-04-03T23:25:01","guid":{"rendered":"https:\/\/sisu.ut.ee\/espon\/linnastumine_mitmekeskuseline_areng\/"},"modified":"2024-04-03T23:27:40","modified_gmt":"2024-04-03T23:27:40","slug":"linnastumine_mitmekeskuseline_areng","status":"publish","type":"page","link":"https:\/\/sisu.ut.ee\/espon\/linnastumine_mitmekeskuseline_areng\/","title":{"rendered":"Linnastumine ja mitmekeskuseline areng Kesk-Euroopas"},"content":{"rendered":"<p style=\"text-align: justify\"><strong>POLYCE \u2500 Metropolisation and Polycentric Development in Central Europe: Evidence Based Strategic Options<\/strong><\/p>\n<p style=\"text-align: justify\">\u00a0<\/p>\n<p style=\"text-align: justify\"><strong>Uuringu eem\u00e4rk<\/strong><\/p>\n<p style=\"text-align: justify\">Euroopa Komisjon peab Doonau piirkonda \u00fcheks t\u00e4htsamaks alaks Euroopa majandusarengus. Komisjoni initsiatiivil algatati ka Doonau makropiirkonna strateegia pikaajalise poliitilise koost\u00f6\u00f6 nimel. POLYCE uuribki Doonau makroregiooni j\u00e4tkusuutliku arengu ja koost\u00f6\u00f6 v\u00f5imalusi ning integreeritust maailmamajandusse.<\/p>\n<p style=\"text-align: justify\"><strong>Uurimisk\u00fcsimused<\/strong><\/p>\n<ul style=\"text-align: justify\">\n<li>Anal\u00fc\u00fcsida makropiirkondade arendamise ja koost\u00f6\u00f6 tunnuseid erinevatel ruumilistel tasanditel.<\/li>\n<li>Anal\u00fc\u00fcsida ja v\u00f5rrelda Doonau makroregiooni sisearenguid.<\/li>\n<li>Luua anal\u00fc\u00fcsitugi makroregiooni strateegiatele.<\/li>\n<\/ul>\n<p style=\"text-align: justify\"><strong>Tulemused<\/strong><\/p>\n<ul style=\"text-align: justify\">\n<li>Doonau piirkonna makroregionaalse arengu anal\u00fc\u00fcs l\u00e4htuvalt erinevatest aspektidest.<\/li>\n<li>Makroregiooni arengu indikaatorite kogum.<\/li>\n<li>Poliitikasoovitused ja strateegilised lahendused.<\/li>\n<\/ul>\n<p style=\"text-align: justify\"><a href=\"https:\/\/sisu.ut.ee\/wp-content\/uploads\/sites\/169\/polyce_final_mainreport.pdf\" target=\"_blank\" data-fid=\"16495\" rel=\"noopener\">Uuringu l\u00f5pparuanne (ingliskeelne)<\/a><\/p>\n<p style=\"text-align: center\"><img loading=\"lazy\" decoding=\"async\" width=\"660\" height=\"583\" class=\"alignnone wp-image-214\" src=\"https:\/\/sisu.ut.ee\/wp-content\/uploads\/sites\/169\/suurlinnastu_edetabel_1.png\" title=\"Viiek\u00fcmne suurlinna edetabel\" alt=\"Viiek\u00fcmne suurlinna edetabel\" srcset=\"https:\/\/sisu.ut.ee\/wp-content\/uploads\/sites\/169\/suurlinnastu_edetabel_1.png 660w, https:\/\/sisu.ut.ee\/wp-content\/uploads\/sites\/169\/suurlinnastu_edetabel_1-300x265.png 300w\" sizes=\"auto, (max-width: 660px) 100vw, 660px\"><\/p>\n<p style=\"text-align: justify\"><strong>Projekti informatsioon<\/strong><\/p>\n<p style=\"text-align: justify\">Projekti eelarve: 349 957 \u20ac<br>L\u00f5pparuanne: 31. mai 2012<br>Juhtpartner: Vienna University of Technology \u2013 Centre of Regional Science \u2013 AT<br>Kontaktisik: Robert Kalasek,\u00a0<a style=\"background-color: #ffffff\" class=\"spamspan\" href=\"mailto:robert.kalasek@tuwien.ac.at\">robert.kalasek@tuwien.ac.at<\/a><\/p>\n","protected":false},"excerpt":{"rendered":"<p>POLYCE \u2500 Metropolisation and Polycentric Development in Central Europe: Evidence Based Strategic Options \u00a0 Uuringu eem\u00e4rk Euroopa Komisjon peab Doonau piirkonda \u00fcheks t\u00e4htsamaks alaks Euroopa majandusarengus. Komisjoni initsiatiivil algatati ka Doonau makropiirkonna strateegia pikaajalise poliitilise koost\u00f6\u00f6 nimel. POLYCE uuribki Doonau &#8230;<\/p>\n","protected":false},"author":85,"featured_media":0,"parent":0,"menu_order":0,"comment_status":"closed","ping_status":"closed","template":"","meta":{"_acf_changed":false,"inline_featured_image":false,"footnotes":""},"class_list":["post-97","page","type-page","status-publish","hentry"],"acf":[],"_links":{"self":[{"href":"https:\/\/sisu.ut.ee\/espon\/wp-json\/wp\/v2\/pages\/97","targetHints":{"allow":["GET"]}}],"collection":[{"href":"https:\/\/sisu.ut.ee\/espon\/wp-json\/wp\/v2\/pages"}],"about":[{"href":"https:\/\/sisu.ut.ee\/espon\/wp-json\/wp\/v2\/types\/page"}],"author":[{"embeddable":true,"href":"https:\/\/sisu.ut.ee\/espon\/wp-json\/wp\/v2\/users\/85"}],"replies":[{"embeddable":true,"href":"https:\/\/sisu.ut.ee\/espon\/wp-json\/wp\/v2\/comments?post=97"}],"version-history":[{"count":1,"href":"https:\/\/sisu.ut.ee\/espon\/wp-json\/wp\/v2\/pages\/97\/revisions"}],"predecessor-version":[{"id":508,"href":"https:\/\/sisu.ut.ee\/espon\/wp-json\/wp\/v2\/pages\/97\/revisions\/508"}],"wp:attachment":[{"href":"https:\/\/sisu.ut.ee\/espon\/wp-json\/wp\/v2\/media?parent=97"}],"curies":[{"name":"wp","href":"https:\/\/api.w.org\/{rel}","templated":true}]}}