{"id":95,"date":"2024-04-03T23:25:00","date_gmt":"2024-04-03T23:25:00","guid":{"rendered":"https:\/\/sisu.ut.ee\/espon\/aglomeratsioonimajandus\/"},"modified":"2024-04-03T23:27:40","modified_gmt":"2024-04-03T23:27:40","slug":"aglomeratsioonimajandus","status":"publish","type":"page","link":"https:\/\/sisu.ut.ee\/espon\/aglomeratsioonimajandus\/","title":{"rendered":"Euroopa aglomeratsioonimajandus"},"content":{"rendered":"<p style=\"text-align: justify\"><strong>CAEE \u2500 The Case for Agglomeration Economies in Europe<\/strong><\/p>\n<p style=\"text-align: justify\">\u00a0<\/p>\n<p style=\"text-align: justify\"><strong>Uuringu eesm\u00e4rk<\/strong><\/p>\n<p style=\"text-align: justify\">CAEE uuringu eesm\u00e4rk on v\u00e4lja selgitada, millist m\u00f5ju avaldab uus aglomeratsioonimajandus Euroopa majanduse ruumiliste muutuste mustrile ja millised on linnaregioonide juhtimise ja halduskorralduse ning aglomeratsioonimajanduse omavahelised seosed.\u00a0<\/p>\n<p style=\"text-align: justify\"><strong>Uurimisk\u00fcsimused<\/strong><\/p>\n<ul style=\"text-align: justify\">\n<li>Milliseid meetodeid on k\u00f5ige parem rakendada, et tuvastada aglomeratsiooniefekte?<\/li>\n<li>Milline on linnapiirkondade poliitikate m\u00f5ju sealsetele majandustele?<\/li>\n<li>Millised v\u00f5iksid olla strateegilised poliitikavalikud linnapiirkondade kasvuks nii, et ka terve piirkonna majandus v\u00f5iks sellest kasu l\u00f5igata?<\/li>\n<li>Millisel m\u00e4\u00e4ral on kohalike omavalitsuste halduskorraldus toetanud v\u00f5i piiranud \u00fchtsete linnaregioonide arengut?<\/li>\n<\/ul>\n<p style=\"text-align: justify\"><strong>Tulemused<\/strong><\/p>\n<ul style=\"text-align: justify\">\n<li>Aglomeratsioonimajanduste arenguerisuste v\u00f5rdlus.<\/li>\n<li>Poliitikate m\u00f5ju anal\u00fc\u00fcs aglomeratsiooniprotsessidele Euroopas.<\/li>\n<li>Linnapiirkondade majanduskasvu poliitikavalikud.<\/li>\n<\/ul>\n<p><a href=\"https:\/\/sisu.ut.ee\/wp-content\/uploads\/sites\/169\/caee_final_report.pdf\" target=\"_blank\" data-fid=\"16490\" rel=\"noopener\">Uuringu l\u00f5pparuanne (ingliskeelne)<\/a><br><a href=\"https:\/\/sisu.ut.ee\/wp-content\/uploads\/sites\/169\/caee_eestikeelne_kokkuvote.pdf\" target=\"_blank\" data-fid=\"16491\" rel=\"noopener\">Eestikeelne kokkuv\u00f5te<\/a><\/p>\n<p style=\"text-align: center\"><img loading=\"lazy\" decoding=\"async\" width=\"660\" height=\"882\" class=\"alignnone wp-image-212\" src=\"https:\/\/sisu.ut.ee\/wp-content\/uploads\/sites\/169\/lisandvaartus_2006_2000.a_pusivhindades_0.png\" title=\"2006. aastal toodetud lisandv\u00e4\u00e4rtus regiooniti\" alt=\"2006. aastal toodetud lisandv\u00e4\u00e4rtus regiooniti\" srcset=\"https:\/\/sisu.ut.ee\/wp-content\/uploads\/sites\/169\/lisandvaartus_2006_2000.a_pusivhindades_0.png 660w, https:\/\/sisu.ut.ee\/wp-content\/uploads\/sites\/169\/lisandvaartus_2006_2000.a_pusivhindades_0-224x300.png 224w\" sizes=\"auto, (max-width: 660px) 100vw, 660px\"><\/p>\n<p style=\"text-align: justify\"><strong>Projekti informatsioon<\/strong><\/p>\n<p style=\"text-align: justify\">Eelarve: 200 000 \u20ac<br>L\u00f5pparuanne: 30. juuni 2010<br>Juhtpartner: University of Manchester \u2013 UK<br>Kontaktisik: Alan Harding, \u00a0<a style=\"background-color: #ffffff\" class=\"spamspan\" href=\"mailto:alan.harding@manchester.ac.uk\">alan.harding@manchester.ac.uk<\/a><\/p>\n","protected":false},"excerpt":{"rendered":"<p>CAEE \u2500 The Case for Agglomeration Economies in Europe \u00a0 Uuringu eesm\u00e4rk CAEE uuringu eesm\u00e4rk on v\u00e4lja selgitada, millist m\u00f5ju avaldab uus aglomeratsioonimajandus Euroopa majanduse ruumiliste muutuste mustrile ja millised on linnaregioonide juhtimise ja halduskorralduse ning aglomeratsioonimajanduse omavahelised seosed.\u00a0 Uurimisk\u00fcsimused &#8230;<\/p>\n","protected":false},"author":85,"featured_media":0,"parent":0,"menu_order":0,"comment_status":"closed","ping_status":"closed","template":"","meta":{"_acf_changed":false,"inline_featured_image":false,"footnotes":""},"class_list":["post-95","page","type-page","status-publish","hentry"],"acf":[],"_links":{"self":[{"href":"https:\/\/sisu.ut.ee\/espon\/wp-json\/wp\/v2\/pages\/95","targetHints":{"allow":["GET"]}}],"collection":[{"href":"https:\/\/sisu.ut.ee\/espon\/wp-json\/wp\/v2\/pages"}],"about":[{"href":"https:\/\/sisu.ut.ee\/espon\/wp-json\/wp\/v2\/types\/page"}],"author":[{"embeddable":true,"href":"https:\/\/sisu.ut.ee\/espon\/wp-json\/wp\/v2\/users\/85"}],"replies":[{"embeddable":true,"href":"https:\/\/sisu.ut.ee\/espon\/wp-json\/wp\/v2\/comments?post=95"}],"version-history":[{"count":1,"href":"https:\/\/sisu.ut.ee\/espon\/wp-json\/wp\/v2\/pages\/95\/revisions"}],"predecessor-version":[{"id":510,"href":"https:\/\/sisu.ut.ee\/espon\/wp-json\/wp\/v2\/pages\/95\/revisions\/510"}],"wp:attachment":[{"href":"https:\/\/sisu.ut.ee\/espon\/wp-json\/wp\/v2\/media?parent=95"}],"curies":[{"name":"wp","href":"https:\/\/api.w.org\/{rel}","templated":true}]}}