{"id":85,"date":"2024-04-03T23:25:00","date_gmt":"2024-04-03T23:25:00","guid":{"rendered":"https:\/\/sisu.ut.ee\/espon\/regioonide_atraktiivsus\/"},"modified":"2024-04-03T23:27:40","modified_gmt":"2024-04-03T23:27:40","slug":"regioonide_atraktiivsus","status":"publish","type":"page","link":"https:\/\/sisu.ut.ee\/espon\/regioonide_atraktiivsus\/","title":{"rendered":"Euroopa regioonide ja linnade atraktiivsus"},"content":{"rendered":"<p><strong>ATTREG \u2500 Attractiveness of European Regions and Cities for Residents and Visitors<\/strong><\/p>\n<p>\u00a0<\/p>\n<p><strong>Uuringu eesm\u00e4rk<\/strong><\/p>\n<p>Atraktiivsete, konkurentsiv\u00f5imeliste ja mitmekesiste regioonide ja linnade areng on Euroopa ruumipoliitikates t\u00f5stetud kesksele kohale. ATTREGi anal\u00fc\u00fcsib Euroopa eri piirkondade atraktiivsuse m\u00f5ju majandusele. Lisaks teeb uuring kindlaks atraktiivsuse v\u00f5tmekomponendid regiooniti \u2013 alustades mitmekesistest suurlinnaregioonidest l\u00f5petades rahulike maa-asulatega. Arvestatakse mitmeid n\u00e4itajaid, mis kirjeldavad teenustekompleksi, \u00fcldist heaolu ja elukvaliteeti.\u00a0<\/p>\n<p><strong>Uurimisk\u00fcsimused<\/strong><\/p>\n<ul>\n<li>Millised n\u00e4itajad kirjeldavad k\u00f5ige paremini linnade ja regioonide atraktiivsust?<\/li>\n<li>Kuidas m\u00f5jutab Euroopa linnade ja regioonide atraktiivsus elukoha ja turismisihtkohana majandust?<\/li>\n<li>Mida saavad teha kohalikud omavalitsused atraktiivsuse t\u00f5stmiseks nii elukoha kui ka turismisihtkohana?<\/li>\n<\/ul>\n<p><strong>Tulemused<\/strong><\/p>\n<ul>\n<li>Euroopa linnade ja regioonide atraktiivsuse anal\u00fc\u00fcs, v\u00f5rdlevad kaardid ja graafikud.<\/li>\n<li>\u200bAtraktiivsust m\u00f5jutavate arengustsenaariumite v\u00f5rdlus Euroopa ruumipoliitikate kujundamiseks.<\/li>\n<li>Detailsed juhtumiuuringud, mis uurivad s\u00fcviti erinevat t\u00fc\u00fcpi linna ja maapiirkondade atraktiivsust m\u00f5jutavaid tegureid ja poliitikavalikuid.<\/li>\n<li>Indikaatorite kogum, mis kirjeldab regioonide atraktiivust ja konkurentsiv\u00f5imelisust.<\/li>\n<li>Metoodika ja soovitused Euroopa linnade ja regioonide atraktiivsuse m\u00f5\u00f5tmiseks ja konkurentsiv\u00f5ime suurendamiseks.<\/li>\n<\/ul>\n<p style=\"text-align: justify\"><a href=\"https:\/\/sisu.ut.ee\/wp-content\/uploads\/sites\/169\/attreg_fr.pdf\" target=\"_blank\" data-fid=\"16400\" rel=\"noopener\">Uuringu l\u00f5pparuanne (ingliskeelne)<\/a><br><a href=\"https:\/\/sisu.ut.ee\/wp-content\/uploads\/sites\/169\/attreg_eestikeelne_kokkuvote.pdf\" target=\"_blank\" data-fid=\"16401\" rel=\"noopener\">Eestikeelne kokkuv\u00f5te<\/a><\/p>\n<p style=\"text-align: center\"><img loading=\"lazy\" decoding=\"async\" width=\"660\" height=\"872\" class=\"alignnone wp-image-205\" src=\"https:\/\/sisu.ut.ee\/wp-content\/uploads\/sites\/169\/regionaalsed_atraktiivsuse_tupoloogiad.png\" title=\"Regionaalsed atraktiivsuse t\u00fcpoloogiad \" alt=\"Regionaalsed atraktiivsuse t\u00fcpoloogiad \" srcset=\"https:\/\/sisu.ut.ee\/wp-content\/uploads\/sites\/169\/regionaalsed_atraktiivsuse_tupoloogiad.png 660w, https:\/\/sisu.ut.ee\/wp-content\/uploads\/sites\/169\/regionaalsed_atraktiivsuse_tupoloogiad-227x300.png 227w\" sizes=\"auto, (max-width: 660px) 100vw, 660px\"><\/p>\n<p><strong>Projekti informatsioon<\/strong><\/p>\n<p>Eelarve: 840 068 \u20ac<br>L\u00f5pparuanne: 30. aprill 2012<br>Juhtpartner: University \u2018Rovira i Virgili\u2019 \u2013 ES<br>Kontaktisik: Antonio Russo,\u00a0<a style=\"background-color: #ffffff\" class=\"spamspan\" href=\"mailto:antonio.russo@urv.cat\">antonio.russo@urv.cat<\/a><\/p>\n","protected":false},"excerpt":{"rendered":"<p>ATTREG \u2500 Attractiveness of European Regions and Cities for Residents and Visitors \u00a0 Uuringu eesm\u00e4rk Atraktiivsete, konkurentsiv\u00f5imeliste ja mitmekesiste regioonide ja linnade areng on Euroopa ruumipoliitikates t\u00f5stetud kesksele kohale. ATTREGi anal\u00fc\u00fcsib Euroopa eri piirkondade atraktiivsuse m\u00f5ju majandusele. Lisaks teeb uuring &#8230;<\/p>\n","protected":false},"author":85,"featured_media":0,"parent":0,"menu_order":0,"comment_status":"closed","ping_status":"closed","template":"","meta":{"_acf_changed":false,"inline_featured_image":false,"footnotes":""},"class_list":["post-85","page","type-page","status-publish","hentry"],"acf":[],"_links":{"self":[{"href":"https:\/\/sisu.ut.ee\/espon\/wp-json\/wp\/v2\/pages\/85","targetHints":{"allow":["GET"]}}],"collection":[{"href":"https:\/\/sisu.ut.ee\/espon\/wp-json\/wp\/v2\/pages"}],"about":[{"href":"https:\/\/sisu.ut.ee\/espon\/wp-json\/wp\/v2\/types\/page"}],"author":[{"embeddable":true,"href":"https:\/\/sisu.ut.ee\/espon\/wp-json\/wp\/v2\/users\/85"}],"replies":[{"embeddable":true,"href":"https:\/\/sisu.ut.ee\/espon\/wp-json\/wp\/v2\/comments?post=85"}],"version-history":[{"count":1,"href":"https:\/\/sisu.ut.ee\/espon\/wp-json\/wp\/v2\/pages\/85\/revisions"}],"predecessor-version":[{"id":514,"href":"https:\/\/sisu.ut.ee\/espon\/wp-json\/wp\/v2\/pages\/85\/revisions\/514"}],"wp:attachment":[{"href":"https:\/\/sisu.ut.ee\/espon\/wp-json\/wp\/v2\/media?parent=85"}],"curies":[{"name":"wp","href":"https:\/\/api.w.org\/{rel}","templated":true}]}}