{"id":704,"date":"2024-04-09T03:54:26","date_gmt":"2024-04-09T00:54:26","guid":{"rendered":"https:\/\/sisu.ut.ee\/espon\/?page_id=704"},"modified":"2025-06-19T22:53:45","modified_gmt":"2025-06-19T19:53:45","slug":"avaleht","status":"publish","type":"page","link":"https:\/\/sisu.ut.ee\/espon\/","title":{"rendered":""},"content":{"rendered":"<p style=\"padding-top:var(--wp--preset--spacing--50);padding-right:var(--wp--preset--spacing--20);padding-bottom:var(--wp--preset--spacing--50);padding-left:var(--wp--preset--spacing--20)\"><strong>ESPON 2030 <\/strong>on Euroopa territoriaalse koost\u00f6\u00f6 eesm\u00e4rgi (Interreg) all elluviidav piirkondadevahelise koost\u00f6\u00f6 programm.<br>ESPON korraldab ja vahendab Euroopa Liidu regionaal- ja \u00fchtekuuluvuspoliitikat toetavaid regionaaluuringuid ja anal\u00fc\u00fcse. Seel\u00e4bi luuakse uut teadmust Euroopa regioonide kohta ja soodustatakse Euroopa ruumilise planeerimise ja regionaalarenguga tegelevate osapoolte koost\u00f6\u00f6d ja v\u00f5rgustumist. Programmis osalevad k\u00f5ik Euroopa Liidu liikmesriigid, Island, Norra ja \u0160veits.<\/p>\n\n\n\n<p><\/p>\n\n\n\n<hr class=\"wp-block-separator has-alpha-channel-opacity is-style-default\">\n\n\n\n<div class=\"wp-block-columns is-layout-flex wp-container-core-columns-is-layout-9d6595d7 wp-block-columns-is-layout-flex\">\n<div class=\"wp-block-column pr-3 is-layout-flow wp-block-column-is-layout-flow\" style=\"flex-basis:50%\">\n<h4 class=\"wp-block-heading\">Anal\u00fc\u00fcsivahendid<\/h4>\n\n\n\n<p>ESPONi anal\u00fc\u00fcsivahendid on suunatud teadlastele, poliitikakujundajatele ja praktikutele k\u00f5ikidel administratiivsetel tasanditel. Anal\u00fc\u00fcsivahendite eesm\u00e4rgiks on teha ESPONi tulemused paremini k\u00e4ttesaadavaks ja toetada seel\u00e4bi teadmistep\u00f5histe poliitikate kujundamist.\u00a0<a href=\"https:\/\/sisu.ut.ee\/espon\/analyysivahendid\/\" data-type=\"page\" data-id=\"129\"><img loading=\"lazy\" decoding=\"async\" width=\"11\" height=\"11\" class=\"wp-image-266\" style=\"width: 11px;\" src=\"https:\/\/sisu.ut.ee\/wp-content\/uploads\/sites\/169\/arrow_right_blue.gif\" alt=\"\"><\/a><a href=\"https:\/\/sisu.ut.ee\/espon\/analyysivahendid\"><\/a><\/p>\n<\/div>\n\n\n\n<div class=\"wp-block-column is-layout-flow wp-block-column-is-layout-flow\" style=\"flex-basis:50%\">\n<h4 class=\"wp-block-heading\">Regionaaluuringud<\/h4>\n\n\n\n<p>ESPONi regionaaluuringud teenivad ELi regionaal- ja \u00fchtekuuluvuspoliitika elluviimist. Uuringud v\u00f5ib jagada temaatiliselt j\u00e4rgmiselt: megatrendid, linnastumine, territoriaalne mitmekesisus, keskkond, territoriaalne seire.\u00a0<a href=\"https:\/\/sisu.ut.ee\/espon\/regionaaluuringud\/\" data-type=\"page\" data-id=\"48\"><img loading=\"lazy\" decoding=\"async\" width=\"11\" height=\"11\" class=\"wp-image-266\" style=\"width: 11px;\" src=\"https:\/\/sisu.ut.ee\/wp-content\/uploads\/sites\/169\/arrow_right_blue.gif\" alt=\"\"><\/a><\/p>\n<\/div>\n<\/div>\n\n\n<div class=\"posts-full-width-block page-section\">\n\t\t\t<h2 class=\"section-title\">Uudised<\/h2>\n\t\t\t\t\t\t\t\t\t\t\t\t\t\t\t<article class=\"post-991 post type-post status-publish format-standard has-post-thumbnail hentry category-news\">\n  <div class=\"article-card-full d-flex flex-column border-bottom px-2 pb-2 mb-2\">\n    <div class=\"article-card__categories d-flex flex-wrap fw-bold\">\n      <a href=\"https:\/\/sisu.ut.ee\/espon\/category\/news\/\" class=\"\">#Uudised<\/a>\n      <\/div>\n    <div class=\"d-flex flex-column flex-sm-row \">\n      <a href=\"https:\/\/sisu.ut.ee\/espon\/10-uue-esponi-sihtanaluusi-valjakuulutamise-eelteade\/\" class=\"article-card-full__img-wrap\">\n                  <img loading=\"lazy\" decoding=\"async\" width=\"1000\" height=\"563\" src=\"https:\/\/sisu.ut.ee\/wp-content\/uploads\/sites\/169\/digital-administration-city.jpg\" class=\"img-fluid article-card-full__img wp-post-image\" alt=\"\" srcset=\"https:\/\/sisu.ut.ee\/wp-content\/uploads\/sites\/169\/digital-administration-city.jpg 1000w, https:\/\/sisu.ut.ee\/wp-content\/uploads\/sites\/169\/digital-administration-city-300x169.jpg 300w, https:\/\/sisu.ut.ee\/wp-content\/uploads\/sites\/169\/digital-administration-city-768x432.jpg 768w\" sizes=\"auto, (max-width: 1000px) 100vw, 1000px\">\n              <\/a>\n      <div class=\"d-flex flex-column w-100 mt-2 mt-sm-0 ms-sm-2\">\n        <h3 class=\"article-card-full__title h5 mb-1\">10 uue ESPONi sihtanal\u00fc\u00fcsi v\u00e4ljakuulutamise eelteade<\/h3>\n\n                  <div class=\"article-card-full__excerpt\">\n            <p>ESPON on avaldanud eelteate 10 sihtanal\u00fc\u00fcsi (targeted analysis) hanke peatse v\u00e4ljakuulutamise kohta. ESPONi sihtanal\u00fc\u00fcsid on Euroopa poliitikakujundajate poolt tellitud uuringud, kestusega keskmiselt 1 \u2013 1,5 aastat ning eelarvega 250 tuhat eurot, mis kuulutatakse v\u00e4lja avaliku konkursi korras ning mida viivad \u2026<\/p>\n          <\/div>\n        \n        <a href=\"https:\/\/sisu.ut.ee\/espon\/10-uue-esponi-sihtanaluusi-valjakuulutamise-eelteade\/\" class=\"btn btn-secondary btn-sm mt-2 me-auto\">Loe edasi<\/a>\n\n                  <time class=\"post-date d-block mt-auto pt-2 text-end text-xs w-100\" datetime=\"2026-03-31T14:43:31+00:00\">\n            31.03.2026\n          <\/time>\n              <\/div>\n    <\/div>\n  <\/div>\n<\/article>\n\t\t\t\t\t\t\t\t\t\t\t<article class=\"post-980 post type-post status-publish format-standard has-post-thumbnail hentry category-news\">\n  <div class=\"article-card-full d-flex flex-column border-bottom px-2 pb-2 mb-2\">\n    <div class=\"article-card__categories d-flex flex-wrap fw-bold\">\n      <a href=\"https:\/\/sisu.ut.ee\/espon\/category\/news\/\" class=\"\">#Uudised<\/a>\n      <\/div>\n    <div class=\"d-flex flex-column flex-sm-row \">\n      <a href=\"https:\/\/sisu.ut.ee\/espon\/vaata-jargi-kus-on-voimalik-euroopas-vastavalt-teie-enda-sissetulekutele-eluaset-uurida-ja-osta\/\" class=\"article-card-full__img-wrap\">\n                  <img loading=\"lazy\" decoding=\"async\" width=\"1024\" height=\"475\" src=\"https:\/\/sisu.ut.ee\/wp-content\/uploads\/sites\/169\/H4A-1024x475.jpg\" class=\"img-fluid article-card-full__img wp-post-image\" alt=\"\" srcset=\"https:\/\/sisu.ut.ee\/wp-content\/uploads\/sites\/169\/H4A-1024x475.jpg 1024w, https:\/\/sisu.ut.ee\/wp-content\/uploads\/sites\/169\/H4A-300x139.jpg 300w, https:\/\/sisu.ut.ee\/wp-content\/uploads\/sites\/169\/H4A-768x356.jpg 768w, https:\/\/sisu.ut.ee\/wp-content\/uploads\/sites\/169\/H4A.jpg 1896w\" sizes=\"auto, (max-width: 1024px) 100vw, 1024px\">\n              <\/a>\n      <div class=\"d-flex flex-column w-100 mt-2 mt-sm-0 ms-sm-2\">\n        <h3 class=\"article-card-full__title h5 mb-1\">Vaata j\u00e4rgi, kus on v\u00f5imalik Euroopas vastavalt Teie enda sissetulekutele eluaset \u00fc\u00fcrida ja osta<\/h3>\n\n                  <div class=\"article-card-full__excerpt\">\n            <p>ESPONi eluaseme k\u00e4ttesaadavuse uuringu (ESPON HOUSE4ALL) tulemustest on valminud kokkuv\u00f5tlik \u00fclevaade n\u00f6 Storymap formaadis. Peale selle, et uuringu tulemusi tutvustatakse visuaalselt v\u00e4ga ahvatlevalt, saate ka vaadata, kus saaksite Euroopas vastavalt enda sissetulekutele eluaset \u00fc\u00fcrida ja osta. https:\/\/gis-portal.espon.eu\/arcgis\/apps\/storymaps\/stories\/6acf53415f994941bcb2e8e31793f2e1<\/p>\n          <\/div>\n        \n        <a href=\"https:\/\/sisu.ut.ee\/espon\/vaata-jargi-kus-on-voimalik-euroopas-vastavalt-teie-enda-sissetulekutele-eluaset-uurida-ja-osta\/\" class=\"btn btn-secondary btn-sm mt-2 me-auto\">Loe edasi<\/a>\n\n                  <time class=\"post-date d-block mt-auto pt-2 text-end text-xs w-100\" datetime=\"2026-03-09T13:48:34+00:00\">\n            09.03.2026\n          <\/time>\n              <\/div>\n    <\/div>\n  <\/div>\n<\/article>\n\t\t\t\t\t\t\t\t\t\t\t<article class=\"post-970 post type-post status-publish format-standard has-post-thumbnail hentry category-news\">\n  <div class=\"article-card-full d-flex flex-column border-bottom px-2 pb-2 mb-2\">\n    <div class=\"article-card__categories d-flex flex-wrap fw-bold\">\n      <a href=\"https:\/\/sisu.ut.ee\/espon\/category\/news\/\" class=\"\">#Uudised<\/a>\n      <\/div>\n    <div class=\"d-flex flex-column flex-sm-row \">\n      <a href=\"https:\/\/sisu.ut.ee\/espon\/valminud-on-esponi-eluasemete-kattesaadavuse-idapiiri-valjakutsete-jm-uuringute-raportid\/\" class=\"article-card-full__img-wrap\">\n                  <img loading=\"lazy\" decoding=\"async\" width=\"1000\" height=\"373\" src=\"https:\/\/sisu.ut.ee\/wp-content\/uploads\/sites\/169\/renewable-panels-green.jpg\" class=\"img-fluid article-card-full__img wp-post-image\" alt=\"\" srcset=\"https:\/\/sisu.ut.ee\/wp-content\/uploads\/sites\/169\/renewable-panels-green.jpg 1000w, https:\/\/sisu.ut.ee\/wp-content\/uploads\/sites\/169\/renewable-panels-green-300x112.jpg 300w, https:\/\/sisu.ut.ee\/wp-content\/uploads\/sites\/169\/renewable-panels-green-768x286.jpg 768w\" sizes=\"auto, (max-width: 1000px) 100vw, 1000px\">\n              <\/a>\n      <div class=\"d-flex flex-column w-100 mt-2 mt-sm-0 ms-sm-2\">\n        <h3 class=\"article-card-full__title h5 mb-1\">Valminud on ESPONi eluasemete k\u00e4ttesaadavuse, idapiiri v\u00e4ljakutsete jm uuringute raportid<\/h3>\n\n                  <div class=\"article-card-full__excerpt\">\n            <p>(1) ESPONi \u00fcle-euroopaline eluasemete k\u00e4ttesaadavuse uuring (ESPON House4All \u2013 Access to affordable and quality housing for all people). HOUSE4ALL k\u00e4sitleb Euroopa s\u00fcvenevat eluaseme k\u00e4ttesaadavuse kriisi, n\u00e4idates, et kodu omamine muutub \u00fcha k\u00e4ttesaamatuks suurlinnades, turismipiirkondades ja suures osas Ida-Euroopast, samal ajal \u2026<\/p>\n          <\/div>\n        \n        <a href=\"https:\/\/sisu.ut.ee\/espon\/valminud-on-esponi-eluasemete-kattesaadavuse-idapiiri-valjakutsete-jm-uuringute-raportid\/\" class=\"btn btn-secondary btn-sm mt-2 me-auto\">Loe edasi<\/a>\n\n                  <time class=\"post-date d-block mt-auto pt-2 text-end text-xs w-100\" datetime=\"2025-11-24T13:21:37+00:00\">\n            24.11.2025\n          <\/time>\n              <\/div>\n    <\/div>\n  <\/div>\n<\/article>\n\t\t\t\t\t\t\t\t\t\t\t<article class=\"post-959 post type-post status-publish format-standard has-post-thumbnail hentry category-news\">\n  <div class=\"article-card-full d-flex flex-column border-bottom px-2 pb-2 mb-2\">\n    <div class=\"article-card__categories d-flex flex-wrap fw-bold\">\n      <a href=\"https:\/\/sisu.ut.ee\/espon\/category\/news\/\" class=\"\">#Uudised<\/a>\n      <\/div>\n    <div class=\"d-flex flex-column flex-sm-row \">\n      <a href=\"https:\/\/sisu.ut.ee\/espon\/esponi-taastuvenergia-seminar-making-space-for-the-renewable-energy-transition-19-20-novembril-2025-aalborgis-taanis\/\" class=\"article-card-full__img-wrap\">\n                  <img loading=\"lazy\" decoding=\"async\" width=\"1024\" height=\"399\" src=\"https:\/\/sisu.ut.ee\/wp-content\/uploads\/sites\/169\/shutterstock_1134493202-1024x399.jpg\" class=\"img-fluid article-card-full__img wp-post-image\" alt=\"\" srcset=\"https:\/\/sisu.ut.ee\/wp-content\/uploads\/sites\/169\/shutterstock_1134493202-1024x399.jpg 1024w, https:\/\/sisu.ut.ee\/wp-content\/uploads\/sites\/169\/shutterstock_1134493202-300x117.jpg 300w, https:\/\/sisu.ut.ee\/wp-content\/uploads\/sites\/169\/shutterstock_1134493202-768x299.jpg 768w, https:\/\/sisu.ut.ee\/wp-content\/uploads\/sites\/169\/shutterstock_1134493202-1536x598.jpg 1536w, https:\/\/sisu.ut.ee\/wp-content\/uploads\/sites\/169\/shutterstock_1134493202-2048x798.jpg 2048w, https:\/\/sisu.ut.ee\/wp-content\/uploads\/sites\/169\/shutterstock_1134493202-1920x748.jpg 1920w\" sizes=\"auto, (max-width: 1024px) 100vw, 1024px\">\n              <\/a>\n      <div class=\"d-flex flex-column w-100 mt-2 mt-sm-0 ms-sm-2\">\n        <h3 class=\"article-card-full__title h5 mb-1\">ESPONi taastuvenergia seminar \u201cMaking Space for the Renewable Energy Transition\u201d 19. \u2013 20. novembril 2025 Aalborgis, Taanis<\/h3>\n\n                  <div class=\"article-card-full__excerpt\">\n            <p>19. \u2013 20. novembril toimub ESPONi seminar \u201cMaking Space for the Renewable Energy Transition\u201d, mis on suunatud riigi ja kohaliku tasandi poliitikakujundajatele, teadlastele, ja teistele huvitatud osapooltele kogu Euroopas.\u00a0Taastuvenergiale \u00fcleminek on Taani Euroopa Liidu eesistumise perioodi v\u00f5tmeteema. Seminar koondab ettekandeid, \u2026<\/p>\n          <\/div>\n        \n        <a href=\"https:\/\/sisu.ut.ee\/espon\/esponi-taastuvenergia-seminar-making-space-for-the-renewable-energy-transition-19-20-novembril-2025-aalborgis-taanis\/\" class=\"btn btn-secondary btn-sm mt-2 me-auto\">Loe edasi<\/a>\n\n                  <time class=\"post-date d-block mt-auto pt-2 text-end text-xs w-100\" datetime=\"2025-09-29T11:02:24+00:00\">\n            29.09.2025\n          <\/time>\n              <\/div>\n    <\/div>\n  <\/div>\n<\/article>\n\t\t\t\t\t\t\t\t\t\t\t<article class=\"post-936 post type-post status-publish format-standard has-post-thumbnail hentry category-news\">\n  <div class=\"article-card-full d-flex flex-column border-bottom px-2 pb-2 mb-2\">\n    <div class=\"article-card__categories d-flex flex-wrap fw-bold\">\n      <a href=\"https:\/\/sisu.ut.ee\/espon\/category\/news\/\" class=\"\">#Uudised<\/a>\n      <\/div>\n    <div class=\"d-flex flex-column flex-sm-row \">\n      <a href=\"https:\/\/sisu.ut.ee\/espon\/esponi-veebiseminar-euroopa-liidu-kirdevalispiiri-alade-uuringu-tulemuste-tutvustamine-espon-chanebo\/\" class=\"article-card-full__img-wrap\">\n                  <img loading=\"lazy\" decoding=\"async\" width=\"772\" height=\"660\" src=\"https:\/\/sisu.ut.ee\/wp-content\/uploads\/sites\/169\/resilience-e1751029783345.jpg\" class=\"img-fluid article-card-full__img wp-post-image\" alt=\"\" srcset=\"https:\/\/sisu.ut.ee\/wp-content\/uploads\/sites\/169\/resilience-e1751029783345.jpg 772w, https:\/\/sisu.ut.ee\/wp-content\/uploads\/sites\/169\/resilience-e1751029783345-300x256.jpg 300w, https:\/\/sisu.ut.ee\/wp-content\/uploads\/sites\/169\/resilience-e1751029783345-768x657.jpg 768w\" sizes=\"auto, (max-width: 772px) 100vw, 772px\">\n              <\/a>\n      <div class=\"d-flex flex-column w-100 mt-2 mt-sm-0 ms-sm-2\">\n        <h3 class=\"article-card-full__title h5 mb-1\">ESPONi veebiseminar: Euroopa Liidu kirdev\u00e4lispiiri alade uuringu tulemuste tutvustamine (ESPON CHANEBO)<\/h3>\n\n                  <div class=\"article-card-full__excerpt\">\n            <p>Aeg: 3. juuli 2025, kell 14:00 Eesti aja j\u00e4rgi Asukoht: veebis, vajalik eelnev registreerimine Registreerimislink: Registreeri siin! Seminari programm: https:\/\/www.espon.eu\/sites\/default\/files\/events\/files\/2025-06\/event_programme_26062025.pdf Rohkem infot seminari kohta: https:\/\/www.espon.eu\/events\/challenges-eus-north-east-external-borders Uuringu eesm\u00e4rk on koguda t\u00f5endeid Euroopa Liidu kirdeosa v\u00e4lispiiri piirkondade arenguv\u00f5imaluste kohta, seda nii muutunud \u2026<\/p>\n          <\/div>\n        \n        <a href=\"https:\/\/sisu.ut.ee\/espon\/esponi-veebiseminar-euroopa-liidu-kirdevalispiiri-alade-uuringu-tulemuste-tutvustamine-espon-chanebo\/\" class=\"btn btn-secondary btn-sm mt-2 me-auto\">Loe edasi<\/a>\n\n                  <time class=\"post-date d-block mt-auto pt-2 text-end text-xs w-100\" datetime=\"2025-06-02T13:28:00+00:00\">\n            02.06.2025\n          <\/time>\n              <\/div>\n    <\/div>\n  <\/div>\n<\/article>\n\t\t\t\t\t\t\t\t\t\t\t<article class=\"post-804 post type-post status-publish format-standard has-post-thumbnail hentry category-news\">\n  <div class=\"article-card-full d-flex flex-column border-bottom px-2 pb-2 mb-2\">\n    <div class=\"article-card__categories d-flex flex-wrap fw-bold\">\n      <a href=\"https:\/\/sisu.ut.ee\/espon\/category\/news\/\" class=\"\">#Uudised<\/a>\n      <\/div>\n    <div class=\"d-flex flex-column flex-sm-row \">\n      <a href=\"https:\/\/sisu.ut.ee\/espon\/esponi-erisessioon-tartu-planeerimiskonverentsil-eluasemekriis-kas-planeerimine-ja-eluasemepoliitikad-aitavad\/\" class=\"article-card-full__img-wrap\">\n                  <img loading=\"lazy\" decoding=\"async\" width=\"1024\" height=\"576\" src=\"https:\/\/sisu.ut.ee\/wp-content\/uploads\/sites\/169\/Pohja-Tallinn_Noblessner_7.06.2023_1-1024x576.jpg\" class=\"img-fluid article-card-full__img wp-post-image\" alt=\"\" srcset=\"https:\/\/sisu.ut.ee\/wp-content\/uploads\/sites\/169\/Pohja-Tallinn_Noblessner_7.06.2023_1-1024x576.jpg 1024w, https:\/\/sisu.ut.ee\/wp-content\/uploads\/sites\/169\/Pohja-Tallinn_Noblessner_7.06.2023_1-300x169.jpg 300w, https:\/\/sisu.ut.ee\/wp-content\/uploads\/sites\/169\/Pohja-Tallinn_Noblessner_7.06.2023_1-768x432.jpg 768w, https:\/\/sisu.ut.ee\/wp-content\/uploads\/sites\/169\/Pohja-Tallinn_Noblessner_7.06.2023_1-1536x864.jpg 1536w, https:\/\/sisu.ut.ee\/wp-content\/uploads\/sites\/169\/Pohja-Tallinn_Noblessner_7.06.2023_1-2048x1152.jpg 2048w, https:\/\/sisu.ut.ee\/wp-content\/uploads\/sites\/169\/Pohja-Tallinn_Noblessner_7.06.2023_1-1920x1080.jpg 1920w\" sizes=\"auto, (max-width: 1024px) 100vw, 1024px\">\n              <\/a>\n      <div class=\"d-flex flex-column w-100 mt-2 mt-sm-0 ms-sm-2\">\n        <h3 class=\"article-card-full__title h5 mb-1\">ESPONi erisessioon 2025. aasta Tartu Planeerimiskonverentsil: \u201cEluasemekriis \u2013 kas planeerimine ja eluasemepoliitikad aitavad?\u201c<\/h3>\n\n                  <div class=\"article-card-full__excerpt\">\n            <p>Eluaseme soetamise ja \u00fc\u00fcrimise hinnad on viimastel aastak\u00fcmnetel pea kogu Euroopas t\u00f5usnud kiiremini kui inimeste sissetulekud. On s\u00fcvenemas eluasemekriis, kus \u00fcha rohkematel inimestel on raske soetada endale eluase ning toime tulla eluasemekulude maksmisega. Eesti on Euroopas k\u00f5ige suurema eluaseme- ja \u2026<\/p>\n          <\/div>\n        \n        <a href=\"https:\/\/sisu.ut.ee\/espon\/esponi-erisessioon-tartu-planeerimiskonverentsil-eluasemekriis-kas-planeerimine-ja-eluasemepoliitikad-aitavad\/\" class=\"btn btn-secondary btn-sm mt-2 me-auto\">Loe edasi<\/a>\n\n                  <time class=\"post-date d-block mt-auto pt-2 text-end text-xs w-100\" datetime=\"2025-04-08T09:19:47+00:00\">\n            08.04.2025\n          <\/time>\n              <\/div>\n    <\/div>\n  <\/div>\n<\/article>\n\t\t\t\t\t\t\t\t\t\t\t<article class=\"post-791 post type-post status-publish format-standard has-post-thumbnail hentry category-news\">\n  <div class=\"article-card-full d-flex flex-column border-bottom px-2 pb-2 mb-2\">\n    <div class=\"article-card__categories d-flex flex-wrap fw-bold\">\n      <a href=\"https:\/\/sisu.ut.ee\/espon\/category\/news\/\" class=\"\">#Uudised<\/a>\n      <\/div>\n    <div class=\"d-flex flex-column flex-sm-row \">\n      <a href=\"https:\/\/sisu.ut.ee\/espon\/esponi-regionaaluuringute-konverents-ootab-huvilisi\/\" class=\"article-card-full__img-wrap\">\n                  <img loading=\"lazy\" decoding=\"async\" width=\"1024\" height=\"577\" src=\"https:\/\/sisu.ut.ee\/wp-content\/uploads\/sites\/169\/ESPON-Terr-Res-Conf-1024x577.png\" class=\"img-fluid article-card-full__img wp-post-image\" alt=\"\" srcset=\"https:\/\/sisu.ut.ee\/wp-content\/uploads\/sites\/169\/ESPON-Terr-Res-Conf-1024x577.png 1024w, https:\/\/sisu.ut.ee\/wp-content\/uploads\/sites\/169\/ESPON-Terr-Res-Conf-300x169.png 300w, https:\/\/sisu.ut.ee\/wp-content\/uploads\/sites\/169\/ESPON-Terr-Res-Conf-768x433.png 768w, https:\/\/sisu.ut.ee\/wp-content\/uploads\/sites\/169\/ESPON-Terr-Res-Conf-1536x865.png 1536w, https:\/\/sisu.ut.ee\/wp-content\/uploads\/sites\/169\/ESPON-Terr-Res-Conf.png 1640w\" sizes=\"auto, (max-width: 1024px) 100vw, 1024px\">\n              <\/a>\n      <div class=\"d-flex flex-column w-100 mt-2 mt-sm-0 ms-sm-2\">\n        <h3 class=\"article-card-full__title h5 mb-1\">ESPONi regionaaluuringute konverents ootab huvilisi<\/h3>\n\n                  <div class=\"article-card-full__excerpt\">\n            <p>ESPON korraldab 4. juunil 2025 virtuaalse regionaaluuringute teaduskonverentsi, mis koondab uusi ideid ja uurimissuundi, mis mis v\u00f5iksid toetada kohaliku ja regionaalse arengu kujundajaid nende t\u00f6\u00f6s, kuid mida pole veel ESPON 2030 programmi raames ning erinevates ESPONi uuringutes k\u00e4sitletud. Konverents salvestatakse \u2026<\/p>\n          <\/div>\n        \n        <a href=\"https:\/\/sisu.ut.ee\/espon\/esponi-regionaaluuringute-konverents-ootab-huvilisi\/\" class=\"btn btn-secondary btn-sm mt-2 me-auto\">Loe edasi<\/a>\n\n                  <time class=\"post-date d-block mt-auto pt-2 text-end text-xs w-100\" datetime=\"2025-02-03T20:48:00+00:00\">\n            03.02.2025\n          <\/time>\n              <\/div>\n    <\/div>\n  <\/div>\n<\/article>\n\t\t\t\n\t\t\t\t\t\t<\/div>\n\n\n\n<div class=\"wp-block-buttons is-layout-flex wp-block-buttons-is-layout-flex\">\n<div class=\"wp-block-button\"><a class=\"wp-block-button__link wp-element-button\" href=\"https:\/\/sisu.ut.ee\/espon\/uudised\/\">Loe k\u00f5iki uudiseid<\/a><\/div>\n<\/div>\n","protected":false},"excerpt":{"rendered":"<p>ESPON 2030 on Euroopa territoriaalse koost\u00f6\u00f6 eesm\u00e4rgi (Interreg) all elluviidav piirkondadevahelise koost\u00f6\u00f6 programm.ESPON korraldab ja vahendab Euroopa Liidu regionaal- ja \u00fchtekuuluvuspoliitikat toetavaid regionaaluuringuid ja anal\u00fc\u00fcse. Seel\u00e4bi luuakse uut teadmust Euroopa regioonide kohta ja soodustatakse Euroopa ruumilise planeerimise ja regionaalarenguga tegelevate &#8230;<\/p>\n","protected":false},"author":280,"featured_media":0,"parent":0,"menu_order":0,"comment_status":"closed","ping_status":"closed","template":"","meta":{"_acf_changed":false,"inline_featured_image":false,"footnotes":""},"class_list":["post-704","page","type-page","status-publish","hentry"],"acf":[],"_links":{"self":[{"href":"https:\/\/sisu.ut.ee\/espon\/wp-json\/wp\/v2\/pages\/704","targetHints":{"allow":["GET"]}}],"collection":[{"href":"https:\/\/sisu.ut.ee\/espon\/wp-json\/wp\/v2\/pages"}],"about":[{"href":"https:\/\/sisu.ut.ee\/espon\/wp-json\/wp\/v2\/types\/page"}],"author":[{"embeddable":true,"href":"https:\/\/sisu.ut.ee\/espon\/wp-json\/wp\/v2\/users\/280"}],"replies":[{"embeddable":true,"href":"https:\/\/sisu.ut.ee\/espon\/wp-json\/wp\/v2\/comments?post=704"}],"version-history":[{"count":22,"href":"https:\/\/sisu.ut.ee\/espon\/wp-json\/wp\/v2\/pages\/704\/revisions"}],"predecessor-version":[{"id":925,"href":"https:\/\/sisu.ut.ee\/espon\/wp-json\/wp\/v2\/pages\/704\/revisions\/925"}],"wp:attachment":[{"href":"https:\/\/sisu.ut.ee\/espon\/wp-json\/wp\/v2\/media?parent=704"}],"curies":[{"name":"wp","href":"https:\/\/api.w.org\/{rel}","templated":true}]}}