{"id":47,"date":"2024-04-03T23:24:57","date_gmt":"2024-04-03T23:24:57","guid":{"rendered":"https:\/\/sisu.ut.ee\/espon\/programmist\/"},"modified":"2025-06-27T17:23:42","modified_gmt":"2025-06-27T14:23:42","slug":"programmist","status":"publish","type":"page","link":"https:\/\/sisu.ut.ee\/espon\/programmist\/","title":{"rendered":"PROGRAMMIST"},"content":{"rendered":"<p><\/p>\n\n\n\n<p><strong>Mis on ESPON?<\/strong><\/p>\n\n\n\n<p>ESPON on Euroopa territoriaalse koost\u00f6\u00f6 (t\u00e4psemalt <em>Interreg<\/em>) programm, mis \u00fchendab teadusuuringud regionaalpoliitikate ja -planeerimisega.<\/p>\n\n\n\n<p>ESPONi p\u00f5hiliseks eesm\u00e4rgiks on korraldada ELi regionaal- ja \u00fchtekuuluvuspoliitikat toetavaid\u00a0regionaaluuringuid ja anal\u00fc\u00fcse. Luuakse uut teadmust Euroopa regioonide kohta ja soodustatakse liikmesriikide planeerimis- ja regionaalpoliitika alast koost\u00f6\u00f6d. Programmis osalevad k\u00f5ik Euroopa Liidu liikmesriigid, lisaks ka Island, Norra ja \u0160veits.<\/p>\n\n\n\n<p><strong>Kellele on ESPON suunatud?<\/strong><\/p>\n\n\n\n<p>ESPON pakub olulist sisendit riigi ja kohaliku omavalitsuse tasandi poliitikate ja ruumilise planeerimise t\u00f5hustamiseks. Teadlastele ja uurimisasutustele on ESPON partneriks pakkumaks v\u00f5imalust uuringuid l\u00e4bi viia.<\/p>\n\n\n\n<p><strong>Mida ESPON pakub?<\/strong><\/p>\n\n\n\n<p>ESPON uuringute ja anal\u00fc\u00fcside kohta valmivad ja on k\u00e4tte saadavad:<\/p>\n\n\n\n<ul class=\"wp-block-list\">\n<li>uuringuaruanded;<\/li>\n\n\n\n<li>publikatsioonid;<\/li>\n\n\n\n<li>uuringutulemuste visuaalne esitlusmaterjal, kaardid (sh interaktiivsed kaardid);<\/li>\n\n\n\n<li>andmed (sh vabalt k\u00e4ttesaadavad uuringute l\u00e4bi kogutud andmed);<\/li>\n\n\n\n<li>erinevad veebit\u00f6\u00f6ristad eesm\u00e4rgiga t\u00f5hustada regionaalplaneerimise ja -poliitika teostamist;<\/li>\n\n\n\n<li>uuringute tulemusi tutvustavad \u00fcritused, seminarid.<\/li>\n<\/ul>\n\n\n\n<p><\/p>\n\n\n\n<p><strong>Taust<\/strong><\/p>\n\n\n\n<p>Euroopa territoriaalse planeerimise \u00fchistegevuse ja -uuringute idee p\u00e4rineb 1990ndate teisest poolest, mil koostati Euroopa Territoriaalse Arengu Perspektiivi (ESDP; European Spatial Development Perspective). ESDP v\u00f5eti vastu Euroopa Liidu liikmesriikide poolt 1999. Esimene ESPONi programm k\u00e4ivitati 2002 ja see kestis 2006. aastani. ESPON 2013 programm h\u00f5lmab perioodi 2007-2013. ESPON 2020 oli koondnimetus eelmisele programmiperioodile, mis viidi l\u00e4bi aastatel 2014 \u2013 2020. K\u00e4esolev programmiperood kannab nimetust ESPON 2030 ja kestab vastavalt kuni 2029. aastani. See on j\u00e4rjekorras neljas programmiperiood. K\u00f5ikide teiste varasemate programmiperioodide uuringud on k\u00e4ttesaadavad ESPONi keskselt kodulehek\u00fcljelt. <\/p>\n\n\n\n<p>ESPON uurimisprojektide tulemustega saab l\u00e4hemalt tutvuda ESPONi Eesti kontaktpunkti kodulehek\u00fcljel ja ESPONi kesksel kodulehel: <a href=\"https:\/\/www.espon.eu\/\">espon.eu<\/a> <\/p>\n\n\n\n<p>ESPONi keskset inglisekeelset infokirja saab tellida t\u00e4ites j\u00e4rgneva veebivormi: <a href=\"https:\/\/www.espon.eu\/engage\">https:\/\/www.espon.eu\/engage<\/a><\/p>\n\n\n\n<hr class=\"wp-block-separator has-alpha-channel-opacity\">\n\n\n\n<h1 class=\"wp-block-heading\"><\/h1>\n","protected":false},"excerpt":{"rendered":"<p>Mis on ESPON? ESPON on Euroopa territoriaalse koost\u00f6\u00f6 (t\u00e4psemalt Interreg) programm, mis \u00fchendab teadusuuringud regionaalpoliitikate ja -planeerimisega. ESPONi p\u00f5hiliseks eesm\u00e4rgiks on korraldada ELi regionaal- ja \u00fchtekuuluvuspoliitikat toetavaid\u00a0regionaaluuringuid ja anal\u00fc\u00fcse. Luuakse uut teadmust Euroopa regioonide kohta ja soodustatakse liikmesriikide planeerimis- ja &#8230;<\/p>\n","protected":false},"author":85,"featured_media":0,"parent":0,"menu_order":0,"comment_status":"closed","ping_status":"closed","template":"","meta":{"_acf_changed":false,"inline_featured_image":false,"footnotes":""},"class_list":["post-47","page","type-page","status-publish","hentry"],"acf":[],"_links":{"self":[{"href":"https:\/\/sisu.ut.ee\/espon\/wp-json\/wp\/v2\/pages\/47","targetHints":{"allow":["GET"]}}],"collection":[{"href":"https:\/\/sisu.ut.ee\/espon\/wp-json\/wp\/v2\/pages"}],"about":[{"href":"https:\/\/sisu.ut.ee\/espon\/wp-json\/wp\/v2\/types\/page"}],"author":[{"embeddable":true,"href":"https:\/\/sisu.ut.ee\/espon\/wp-json\/wp\/v2\/users\/85"}],"replies":[{"embeddable":true,"href":"https:\/\/sisu.ut.ee\/espon\/wp-json\/wp\/v2\/comments?post=47"}],"version-history":[{"count":10,"href":"https:\/\/sisu.ut.ee\/espon\/wp-json\/wp\/v2\/pages\/47\/revisions"}],"predecessor-version":[{"id":953,"href":"https:\/\/sisu.ut.ee\/espon\/wp-json\/wp\/v2\/pages\/47\/revisions\/953"}],"wp:attachment":[{"href":"https:\/\/sisu.ut.ee\/espon\/wp-json\/wp\/v2\/media?parent=47"}],"curies":[{"name":"wp","href":"https:\/\/api.w.org\/{rel}","templated":true}]}}