{"id":46,"date":"2024-04-03T23:24:57","date_gmt":"2024-04-03T23:24:57","guid":{"rendered":"https:\/\/sisu.ut.ee\/espon\/kontakt\/"},"modified":"2025-08-25T11:38:00","modified_gmt":"2025-08-25T08:38:00","slug":"kontakt","status":"publish","type":"page","link":"https:\/\/sisu.ut.ee\/espon\/kontakt\/","title":{"rendered":"KONTAKT"},"content":{"rendered":"<p style=\"text-align: justify;\"><strong>ESPON Eesti kontaktasutus on\u00a0<span data-mce-mark=\"1\">Tartu \u00dclikooli geograafia osakond<\/span><\/strong><br>\nESPON kontaktasutuse <span data-mce-mark=\"1\">(ECP \u2013\u00a0ESPON Contact Point)\u00a0<\/span>\u00fclesandeks on ESPON programmi tegevuste koordineerimine ning tulemuste vahendamine ja levitamine Eestis, sealhulgas:<\/p>\n<ul style=\"text-align: justify;\">\n<li>teadus- ja arendusasutuste koost\u00f6\u00f6v\u00f5rgustiku arendamine;<\/li>\n<li>asutuste ja ekspertide osalemise \u00e4rgitamine ESPONi projektides;<\/li>\n<li>projektidele Eesti poolseid partnerite<span data-mce-mark=\"1\">\u00a0leidmine;<\/span><\/li>\n<li>info edastamine;<\/li>\n<li>ESPON uuringute kohta a<span data-mce-mark=\"1\">rvamuse kujundamine ja refereeringute koostamine;<\/span><\/li>\n<li>tagasisideme andmine Eesti ruumilist arengut puudutavates k\u00fcsimustes;<\/li>\n<li>osalemine ESPON regionaalsetes t\u00f6\u00f6gruppides ja projektir\u00fchmades.<\/li>\n<\/ul>\n<p style=\"text-align: justify;\">V\u00f5tke \u00fchendust:<\/p>\n<p style=\"padding-left: 30px; text-align: justify;\">Ingmar Pastak, <span data-mce-mark=\"1\">inimgeograafia teadur<\/span><br>\nTartu \u00dclikooli geograafia osakond<br>\ningmar.pastak@ut.ee<br>\nTel 737 6842, 524 7860<br>\nVanemuise 46, Tartu 51014<\/p>\n<p style=\"text-align: justify;\"><strong>ESPON Programmi Seirekomitee<\/strong><br>\nESPON programmi juhib seirekomitee, milles Eestit esindavad Regionaal- ja p\u00f5llumajandusministeeriumist<\/p>\n<p style=\"padding-left: 30px; text-align: justify;\">Eedi Sepp, Tel 611 3101, eedi.sepp@agri.ee<\/p>\n","protected":false},"excerpt":{"rendered":"<p>ESPON Eesti kontaktasutus on\u00a0Tartu \u00dclikooli geograafia osakond ESPON kontaktasutuse (ECP \u2013\u00a0ESPON Contact Point)\u00a0\u00fclesandeks on ESPON programmi tegevuste koordineerimine ning tulemuste vahendamine ja levitamine Eestis, sealhulgas: teadus- ja arendusasutuste koost\u00f6\u00f6v\u00f5rgustiku arendamine; asutuste ja ekspertide osalemise \u00e4rgitamine ESPONi projektides; projektidele Eesti poolseid &#8230;<\/p>\n","protected":false},"author":85,"featured_media":0,"parent":0,"menu_order":0,"comment_status":"closed","ping_status":"closed","template":"","meta":{"_acf_changed":false,"inline_featured_image":false,"footnotes":""},"class_list":["post-46","page","type-page","status-publish","hentry"],"acf":[],"_links":{"self":[{"href":"https:\/\/sisu.ut.ee\/espon\/wp-json\/wp\/v2\/pages\/46","targetHints":{"allow":["GET"]}}],"collection":[{"href":"https:\/\/sisu.ut.ee\/espon\/wp-json\/wp\/v2\/pages"}],"about":[{"href":"https:\/\/sisu.ut.ee\/espon\/wp-json\/wp\/v2\/types\/page"}],"author":[{"embeddable":true,"href":"https:\/\/sisu.ut.ee\/espon\/wp-json\/wp\/v2\/users\/85"}],"replies":[{"embeddable":true,"href":"https:\/\/sisu.ut.ee\/espon\/wp-json\/wp\/v2\/comments?post=46"}],"version-history":[{"count":4,"href":"https:\/\/sisu.ut.ee\/espon\/wp-json\/wp\/v2\/pages\/46\/revisions"}],"predecessor-version":[{"id":956,"href":"https:\/\/sisu.ut.ee\/espon\/wp-json\/wp\/v2\/pages\/46\/revisions\/956"}],"wp:attachment":[{"href":"https:\/\/sisu.ut.ee\/espon\/wp-json\/wp\/v2\/media?parent=46"}],"curies":[{"name":"wp","href":"https:\/\/api.w.org\/{rel}","templated":true}]}}