{"id":165,"date":"2024-04-03T23:25:05","date_gmt":"2024-04-03T23:25:05","guid":{"rendered":"https:\/\/sisu.ut.ee\/espon\/hanked\/"},"modified":"2025-11-24T15:18:44","modified_gmt":"2025-11-24T13:18:44","slug":"hanked","status":"publish","type":"page","link":"https:\/\/sisu.ut.ee\/espon\/hanked\/","title":{"rendered":"HANKED"},"content":{"rendered":"<p><\/p>\n\n\n\n<p>ESPONi rakendusuuringute ja anal\u00fc\u00fcside hangetest saavad osa v\u00f5tta k\u00f5ik Eesti teadus- ja uurimisasutused \u2013 avalikud \u00fclikoolid, erakapitalil p\u00f5hinevad uuringuettev\u00f5tted, mittetulundus\u00fchingud \u2013 kes oma igap\u00e4evases t\u00f6\u00f6s viivad l\u00e4bi rakendusuuringuid, poliitikaanal\u00fc\u00fcse ning kohalikke ja rahvusvahelisi projekte.<\/p>\n\n\n\n<p>ESPONi uuringud on hea v\u00f5imalus rahastamaks olemasolevaid v\u00f5i uusi uurimissuundi ning Eesti \u00fclikoolid ja konsultatsiooniettev\u00f5tted on seni olnud hangetel v\u00e4ga edukad. Osalemiseks v\u00f5ib kokku panna reeglina rahvusvaheline konsortsium v\u00f5i osaleda konsortsiumis. ESPONi Eesti kontaktpunkt konsulteerib ja vahendab partneri- ja konsortsiumiotsinguid.<\/p>\n\n\n\n<p>Julgustame Eesti teadlasi ja eksperte osa v\u00f5tma.<\/p>\n\n\n\n<p><strong>K\u00f5ik k\u00e4imasolevad hanked on leitavad ESPON.eu lehelt:<\/strong> <a href=\"https:\/\/www.espon.eu\/engage\">https:\/\/www.espon.eu\/engage<\/a><\/p>\n\n\n<section class=\"page-cards-block page-section page-section--wide\">\n    <h2 class=\"visually-hidden\">Lehed<\/h2>\n    <div class=\"container-fluid g-0\">\n      <div class=\"row g-0\">\n                  <div class=\"col-12\">\n            <div class=\"page-card d-flex justify-content-center align-items-end w-100 position-relative\" style=\"background-image: url(https:\/\/sisu.ut.ee\/wp-content\/uploads\/sites\/169\/euroopa_territoriaalsed_tulevikustsenaariumid-1.png);\">\n  <div class=\"page-card__content text-center w-100 p-2 p-lg-4\">\n          <h3 class=\"h4 text-white mb-2\">[TN COOP] Collecting data for transnational cooperation in the post-2027 period (eelarve 450 000 eur, t\u00e4htaeg 21. oktoober 2024)<\/h3>\n        <a href=\"https:\/\/www.espon.eu\/engage\/procurements\/pin-tn-coop-collecting-data-transnational-cooperation-post-2027-period\" class=\"btn btn-outline-light btn-icon\" target=\"_blank\">Loe l\u00e4hemalt<\/a>\n  <\/div>\n<\/div>\n          <\/div>\n              <\/div>\n    <\/div>\n  <\/section>\n\n\n<section class=\"page-cards-block page-section page-section--wide\">\n    <h2 class=\"visually-hidden\">Lehed<\/h2>\n    <div class=\"container-fluid g-0\">\n      <div class=\"row g-0\">\n                  <div class=\"col-12\">\n            <div class=\"page-card d-flex justify-content-center align-items-end w-100 position-relative\" style=\"background-image: url(https:\/\/sisu.ut.ee\/wp-content\/uploads\/sites\/169\/siseperifeeriad_3.png);\">\n  <div class=\"page-card__content text-center w-100 p-2 p-lg-4\">\n          <h3 class=\"h4 text-white mb-2\">[COREIB] \u2013 Collecting data for the next Interreg programs (eelarve 500 000 eur, t\u00e4htaeg 10. november 2024)<\/h3>\n        <a href=\"https:\/\/www.espon.eu\/engage\/procurements\/coreib-collecting-data-next-interreg-programs\" class=\"btn btn-outline-light btn-icon\" target=\"_blank\">Loe l\u00e4hemalt<\/a>\n  <\/div>\n<\/div>\n          <\/div>\n              <\/div>\n    <\/div>\n  <\/section>\n\n\n<section class=\"page-cards-block page-section page-section--wide\">\n    <h2 class=\"visually-hidden\">Lehed<\/h2>\n    <div class=\"container-fluid g-0\">\n      <div class=\"row g-0\">\n                  <div class=\"col-12\">\n            <div class=\"page-card d-flex justify-content-center align-items-end w-100 position-relative\" style=\"background-image: url(https:\/\/sisu.ut.ee\/wp-content\/uploads\/sites\/169\/editor.jpg);\">\n  <div class=\"page-card__content text-center w-100 p-2 p-lg-4\">\n          <h3 class=\"h4 text-white mb-2\">Call for expression of interest to establish a pool of editors to develop content for ESPON (jooksvalt avatud kuni 20. september 2028)<\/h3>\n        <a href=\"https:\/\/www.espon.eu\/engage\/procurements\/call-expression-interest-establish-pool-editors-develop-content\" class=\"btn btn-outline-light btn-icon\" target=\"_blank\">Loe l\u00e4hemalt<\/a>\n  <\/div>\n<\/div>\n          <\/div>\n              <\/div>\n    <\/div>\n  <\/section>\n\n\n\n<p>\u00a0<\/p>\n\n\n<section class=\"page-cards-block page-section page-section--wide\">\n    <h2 class=\"visually-hidden\">Lehed<\/h2>\n    <div class=\"container-fluid g-0\">\n      <div class=\"row g-0\">\n                  <div class=\"col-12\">\n            <div class=\"page-card d-flex justify-content-center align-items-end w-100 position-relative\" style=\"background-image: url(https:\/\/sisu.ut.ee\/wp-content\/uploads\/sites\/169\/digital-administration-city.jpg);\">\n  <div class=\"page-card__content text-center w-100 p-2 p-lg-4\">\n          <h3 class=\"h4 text-white mb-2\">[DHAK] \u2013 The role of digital helpers in reducing digital inequalities (eelarve 250 000 eur, t\u00e4htaeg 3. oktoober 2024)<\/h3>\n        <a href=\"https:\/\/www.espon.eu\/engage\/procurements\/dhak-role-digital-helpers-reducing-digital-inequalities\" class=\"btn btn-outline-light btn-icon\" target=\"_blank\">Loe l\u00e4hemalt<\/a>\n  <\/div>\n<\/div>\n          <\/div>\n              <\/div>\n    <\/div>\n  <\/section>\n\n\n<section class=\"page-cards-block page-section page-section--wide\">\n    <h2 class=\"visually-hidden\">Lehed<\/h2>\n    <div class=\"container-fluid g-0\">\n      <div class=\"row g-0\">\n                  <div class=\"col-12\">\n            <div class=\"page-card d-flex justify-content-center align-items-end w-100 position-relative\" style=\"background-image: url(https:\/\/sisu.ut.ee\/wp-content\/uploads\/sites\/169\/urban.jpg);\">\n  <div class=\"page-card__content text-center w-100 p-2 p-lg-4\">\n          <h3 class=\"h4 text-white mb-2\">[URDICO] \u2013 Urban Dimension of Cohesion Policy and other EU programmes (eelarve 290 000 eur, t\u00e4htaeg 26. september 2024)<\/h3>\n        <a href=\"https:\/\/www.espon.eu\/engage\/procurements\/urdico-urban-dimension-cohesion-policy-and-other-eu-programmes\" class=\"btn btn-outline-light btn-icon\" target=\"_blank\">Loe l\u00e4hemalt<\/a>\n  <\/div>\n<\/div>\n          <\/div>\n              <\/div>\n    <\/div>\n  <\/section>\n\n\n<section class=\"page-cards-block page-section page-section--wide\">\n    <h2 class=\"visually-hidden\">Lehed<\/h2>\n    <div class=\"container-fluid g-0\">\n      <div class=\"row g-0\">\n                  <div class=\"col-12\">\n            <div class=\"page-card d-flex justify-content-center align-items-end w-100 position-relative\" style=\"background-image: url(https:\/\/sisu.ut.ee\/wp-content\/uploads\/sites\/169\/Industry.jpeg);\">\n  <div class=\"page-card__content text-center w-100 p-2 p-lg-4\">\n          <h3 class=\"h4 text-white mb-2\">[RE-INDUSTRY] \u2013 Capacity Building for Re- industrializing Regions in a Globally Decarbonizing Economy (eelarve  250 000 eur, t\u00e4htaeg 24. september 2024)<\/h3>\n        <a href=\"https:\/\/www.espon.eu\/engage\/procurements\/re-industry-capacity-building-re-industrializing-regions-globally-decarbonizing\" class=\"btn btn-outline-light btn-icon\" target=\"_blank\">Loe l\u00e4hemalt<\/a>\n  <\/div>\n<\/div>\n          <\/div>\n              <\/div>\n    <\/div>\n  <\/section>\n\n\n\n<p><strong>K\u00f5ik hanked on leitavad ESPONi kodulehelt:<\/strong><\/p>\n\n\n\n<p><a href=\"https:\/\/www.espon.eu\/participate\">https:\/\/www.espon.eu\/participate<\/a><\/p>\n\n\n\n<p>\u00a0<\/p>\n\n\n\n<p><strong>ESPONi infop\u00e4eva materjalid<\/strong> (<span style=\"line-height: normal;\">programmi tutvustus, uurimissuunad, hangetel osalemine, projektide hindamine ja taotlemise edutegurid, <\/span><span style=\"line-height: normal;\">ESPON uuel rahastusperioodil 2021+)<\/span><\/p>\n\n\n\n<p><a href=\"https:\/\/sisu.ut.ee\/wp-content\/uploads\/sites\/169\/esponi_infopaeva_slaidid_2020.pdf\" data-fid=\"57544\">Infop\u00e4eva slaidid (pdf)<\/a><\/p>\n\n\n\n<p>Infop\u00e4eva salvestus:<\/p>\n\n\n\n<p><\/p><div class=\"ratio ratio-16x9 mb-3\"><div class=\"video-placeholder-wrapper video-placeholder-wrapper--16x9\">\n\t\t\t    <div class=\"video-placeholder d-flex justify-content-center align-items-center\">\n\t\t\t        <div class=\"overlay text-white p-2 w-100 text-center d-block justify-content-center align-items-center\">\n\t\t\t            <div>Kolmandate osapoolte sisu n\u00e4gemiseks palun n\u00f5ustu k\u00fcpsistega.<\/div>\n\t\t\t            <button class=\"btn btn-secondary btn-sm mt-1 consent-change\">Muuda n\u00f5usolekut<\/button>\n\t\t\t        <\/div>\n\t\t\t    <\/div>\n\t\t\t<\/div>\n<\/div>\n\n\n\n<p>\u00a0<\/p>\n","protected":false},"excerpt":{"rendered":"<p>ESPONi rakendusuuringute ja anal\u00fc\u00fcside hangetest saavad osa v\u00f5tta k\u00f5ik Eesti teadus- ja uurimisasutused \u2013 avalikud \u00fclikoolid, erakapitalil p\u00f5hinevad uuringuettev\u00f5tted, mittetulundus\u00fchingud \u2013 kes oma igap\u00e4evases t\u00f6\u00f6s viivad l\u00e4bi rakendusuuringuid, poliitikaanal\u00fc\u00fcse ning kohalikke ja rahvusvahelisi projekte. ESPONi uuringud on hea v\u00f5imalus rahastamaks &#8230;<\/p>\n","protected":false},"author":85,"featured_media":0,"parent":0,"menu_order":0,"comment_status":"closed","ping_status":"closed","template":"","meta":{"_acf_changed":false,"inline_featured_image":false,"footnotes":""},"class_list":["post-165","page","type-page","status-publish","hentry"],"acf":[],"_links":{"self":[{"href":"https:\/\/sisu.ut.ee\/espon\/wp-json\/wp\/v2\/pages\/165","targetHints":{"allow":["GET"]}}],"collection":[{"href":"https:\/\/sisu.ut.ee\/espon\/wp-json\/wp\/v2\/pages"}],"about":[{"href":"https:\/\/sisu.ut.ee\/espon\/wp-json\/wp\/v2\/types\/page"}],"author":[{"embeddable":true,"href":"https:\/\/sisu.ut.ee\/espon\/wp-json\/wp\/v2\/users\/85"}],"replies":[{"embeddable":true,"href":"https:\/\/sisu.ut.ee\/espon\/wp-json\/wp\/v2\/comments?post=165"}],"version-history":[{"count":15,"href":"https:\/\/sisu.ut.ee\/espon\/wp-json\/wp\/v2\/pages\/165\/revisions"}],"predecessor-version":[{"id":968,"href":"https:\/\/sisu.ut.ee\/espon\/wp-json\/wp\/v2\/pages\/165\/revisions\/968"}],"wp:attachment":[{"href":"https:\/\/sisu.ut.ee\/espon\/wp-json\/wp\/v2\/media?parent=165"}],"curies":[{"name":"wp","href":"https:\/\/api.w.org\/{rel}","templated":true}]}}