{"id":150,"date":"2024-04-03T23:25:04","date_gmt":"2024-04-03T23:25:04","guid":{"rendered":"https:\/\/sisu.ut.ee\/espon\/euroopa-siseperifeeriad\/"},"modified":"2024-04-03T23:27:39","modified_gmt":"2024-04-03T23:27:39","slug":"euroopa-siseperifeeriad","status":"publish","type":"page","link":"https:\/\/sisu.ut.ee\/espon\/euroopa-siseperifeeriad\/","title":{"rendered":"Euroopa siseperifeeriad"},"content":{"rendered":"<p style=\"text-align:justify\">\n\t<span lang=\"ET\"><span style=\"line-height:107%\"><span>Pea k\u00f5igis Euroopa riikides leidub siseperifeeriaid, on antud uuringu \u00fcks peamisi tulemusi. Siseperifeeria on piirkond riigis, mis on madalama majanduspotentsiaaliga, mille puhul on ligip\u00e4\u00e4s avalikele teenustele tunduvalt kesisem v\u00f5i kus elukvaliteet on tunduvalt madalam neid \u00fcmbritsevatest aladest. See ei ole tingitud ainult f\u00fc\u00fcsilisest kaugusest tulenevast piirangutest nagu oleme harjunud perifeeriat defineerima (m\u00f5elgem n\u00e4iteks kaugemate v\u00e4ikesaarte peale), vaid tegemist on erinevatel p\u00f5hjustel v\u00e4ljakujunenud \u00a0mahaj\u00e4\u00e4numate piirkondadega riigis.<\/span><\/span><\/span>\n<\/p>\n<p style=\"text-align:justify\">\n\t<span lang=\"ET\"><span style=\"line-height:107%\"><span>Siseperifeeria tekkel m\u00e4ngivad v\u00f5tmerolli \u00fchendused kohalike keskustega (sh taristu seisukord), kohaliku majanduse struktuur ja t\u00f6\u00f6h\u00f5ive ning teenuste ligip\u00e4\u00e4setavus. Nii on endised monofunktsionaalsed regionaalkeskused ja t\u00f6\u00f6stuslinnad muutumas perifeerseteks, kui pole suudetud majandust vajalikul m\u00e4\u00e4ral \u00fcmber struktureerida. N\u00f5iaringi v\u00f5imendab avalike teenuste kadumine, mis omakorda m\u00f5jutab elukvaliteeti ja v\u00e4ljar\u00e4nnet.<\/span><\/span><\/span>\n<\/p>\n<p style=\"text-align:justify\">\n\t<span lang=\"ET\"><span style=\"line-height:107%\"><span>M\u00f5ned t\u00e4helepanekud uuringu tulemustest:<\/span><\/span><\/span>\n<\/p>\n<ul>\n<li style=\"text-align:justify\">\n\t\t<span lang=\"ET\"><span style=\"line-height:107%\"><span>siseperifeeriaid on enam piirialadel, st siseperifeeria klassifikatsioon kattub sageli f\u00fc\u00fcsiliselt kaugemate ehk \u00e4\u00e4remaastuvate aladega riigis;<\/span><\/span><\/span>\n\t<\/li>\n<li style=\"text-align:justify\">\n\t\t<span><span style=\"line-height:107%\"><span>siseperifeeria tekkel ei m\u00e4ngi rolli vaid k\u00f5nealuse ala majanduslik positsioon ja asukoht, vaid ka selle suhteline positsioon antud regioonis ja\/v\u00f5i piirkonnas (n\u00e4iteks ei pruugi tulemust anda ainult reisiaegade v\u00e4hendamine vaid ligip\u00e4\u00e4setavuse v\u00e4hendamine v\u00f5rreldes teiste konkureerivate piirkondadega);<\/span><\/span><\/span>\n\t<\/li>\n<li style=\"text-align:justify\">\n\t\t<span><span style=\"line-height:107%\"><span>siseperifeeriaid asub ka suurte linnade tagamaal, kus m\u00e4\u00e4ravaks on linna m\u00f5ju meelitades v\u00f5tmeteenuseid suurlinna (nii v\u00f5iks selgitada n\u00e4iteks Tartumaal m\u00f5ningast tervishoiuteenuste v\u00e4henemist, sest ei suudeta konkureerida selles osas Tartuga, mis meelitab parema valiku ja ilmselt ka soodsamate hindadega).<\/span><\/span><\/span>\n\t<\/li>\n<\/ul>\n<p style=\"text-align:justify\">\n\t<span lang=\"ET\"><span style=\"line-height:107%\"><span>Uuringu l\u00f5pparuannet sirvides saab muuhulgas teada, millised tegurid v\u00f5ivad viia siseperifeeria tekkeni, millised on siseperifeerijate leviku tendentsid Euroopas ning kuidas v\u00f5iks selliseid piirkondi arendada konkurentsiv\u00f5imelisemateks.<\/span><\/span><\/span>\n<\/p>\n<p style=\"text-align:justify\">\n\t<span><span style=\"line-height:107%\"><span><a href=\"https:\/\/www.espon.eu\/sites\/default\/files\/attachments\/D5%20Final%20Report%20PROFECY.pdf\" target=\"_blank\" rel=\"noopener\">Uuringu l\u00f5pparuanne (inglise keeles)<\/a><\/span><\/span><\/span>\n<\/p>\n<p>\n\t<span><span style=\"line-height:107%\"><span><a href=\"https:\/\/www.espon.eu\/inner-peripheries\" target=\"_blank\" rel=\"noopener\">Uuringu t\u00e4ielik leht koos lisadega<\/a><\/span><\/span><\/span>\n<\/p>\n<p>\n\t<span><span style=\"line-height:107%\"><span><a href=\"http:\/\/espon.ut.ee\/wp-content\/uploads\/sites\/169\/siseperifeeriad_3.png\"><img decoding=\"async\" alt=\"\" src=\"http:\/\/espon.ut.ee\/wp-content\/uploads\/sites\/169\/siseperifeeriad_3.png\" style=\"width: 723px;height: 391px\"><\/a><\/span><\/span><\/span><\/p>\n","protected":false},"excerpt":{"rendered":"<p>Pea k\u00f5igis Euroopa riikides leidub siseperifeeriaid, on antud uuringu \u00fcks peamisi tulemusi. Siseperifeeria on piirkond riigis, mis on madalama majanduspotentsiaaliga, mille puhul on ligip\u00e4\u00e4s avalikele teenustele tunduvalt kesisem v\u00f5i kus elukvaliteet on tunduvalt madalam neid \u00fcmbritsevatest aladest. See ei ole &#8230;<\/p>\n","protected":false},"author":85,"featured_media":0,"parent":0,"menu_order":0,"comment_status":"closed","ping_status":"closed","template":"","meta":{"_acf_changed":false,"inline_featured_image":false,"footnotes":""},"class_list":["post-150","page","type-page","status-publish","hentry"],"acf":[],"_links":{"self":[{"href":"https:\/\/sisu.ut.ee\/espon\/wp-json\/wp\/v2\/pages\/150","targetHints":{"allow":["GET"]}}],"collection":[{"href":"https:\/\/sisu.ut.ee\/espon\/wp-json\/wp\/v2\/pages"}],"about":[{"href":"https:\/\/sisu.ut.ee\/espon\/wp-json\/wp\/v2\/types\/page"}],"author":[{"embeddable":true,"href":"https:\/\/sisu.ut.ee\/espon\/wp-json\/wp\/v2\/users\/85"}],"replies":[{"embeddable":true,"href":"https:\/\/sisu.ut.ee\/espon\/wp-json\/wp\/v2\/comments?post=150"}],"version-history":[{"count":1,"href":"https:\/\/sisu.ut.ee\/espon\/wp-json\/wp\/v2\/pages\/150\/revisions"}],"predecessor-version":[{"id":473,"href":"https:\/\/sisu.ut.ee\/espon\/wp-json\/wp\/v2\/pages\/150\/revisions\/473"}],"wp:attachment":[{"href":"https:\/\/sisu.ut.ee\/espon\/wp-json\/wp\/v2\/media?parent=150"}],"curies":[{"name":"wp","href":"https:\/\/api.w.org\/{rel}","templated":true}]}}