{"id":147,"date":"2024-04-03T23:25:04","date_gmt":"2024-04-03T23:25:04","guid":{"rendered":"https:\/\/sisu.ut.ee\/espon\/institutsionaalne_voimekus\/"},"modified":"2024-04-03T23:27:39","modified_gmt":"2024-04-03T23:27:39","slug":"institutsionaalne_voimekus","status":"publish","type":"page","link":"https:\/\/sisu.ut.ee\/espon\/institutsionaalne_voimekus\/","title":{"rendered":"Institutsionaalne v\u00f5imekus territoriaalseks arenguks"},"content":{"rendered":"<p style=\"text-align: justify\"><strong>SMART-IST \u2013 Institutional Capacity for Territorial Development<\/strong><\/p>\n<p style=\"text-align: justify\">\u00a0<\/p>\n<p style=\"text-align: justify\"><strong>Uuringu eesm\u00e4rk<\/strong><\/p>\n<p style=\"text-align: justify\">Kaasaegne ja t\u00f5hus halduss\u00fcsteem on regioonide konkurentsiv\u00f5imelisuse kindlustamisel kriitiline komponent. Seet\u00f5ttu on ka ELi poliitikate eesm\u00e4rk t\u00f5sta avaliku juhtimise kvaliteeti ja haldusv\u00f5imekust. SMARTIST uurib institutsionaalset innovatsiooni ja haldusv\u00f5imekust, kuidas neid m\u00f5\u00f5ta ja kuidas regioonide juhtimist t\u00f5hustada.<\/p>\n<p style=\"text-align: justify\"><strong>Uurimisk\u00fcsimused<\/strong><\/p>\n<ul style=\"text-align: justify\">\n<li>Anal\u00fc\u00fcsida tegureid struktuurifondide t\u00f5husa kasutamise juhtimiseks.<\/li>\n<li>Hinnata institutsioonide panust territoriaalse \u00fchtekuuluvuse parandamisel.<\/li>\n<li>Hinnata \u00fchtekuuluvuspoliitika m\u00f5ju piirkondadele.<\/li>\n<li>Anal\u00fc\u00fcsida valitsuste m\u00f5ju haldusv\u00f5imekusele.<\/li>\n<li>Hinnata, kuidas avalik haldus m\u00f5jutab majanduse arengut.<\/li>\n<\/ul>\n<p style=\"text-align: justify\"><strong>Tulemused<\/strong><\/p>\n<ul style=\"text-align: justify\">\n<li>Ruumilise arengu strateegiate ja poliitikate arenguks vajalike institutsionaalsete l\u00e4htetingimuste anal\u00fc\u00fcs.<\/li>\n<li>Struktuurifondide kasutamise t\u00f5hususe hindamise metoodika.<\/li>\n<li>Seosed majanduskasvu ja avaliku sektori t\u00f5hususes.<\/li>\n<li>Institutsionaalse v\u00f5imekuse Indikaatorid.<\/li>\n<li>Soovitused struktuurifondide t\u00f5husamaks kasutamiseks.<\/li>\n<\/ul>\n<p style=\"text-align: justify\"><a href=\"https:\/\/sisu.ut.ee\/wp-content\/uploads\/sites\/169\/smart-ist_final_report_09.12.pdf\" target=\"_blank\" data-fid=\"16616\" rel=\"noopener\">Uuringu l\u00f5pparuanne (ingliskeelne)<\/a><\/p>\n<p style=\"text-align: center\"><img loading=\"lazy\" decoding=\"async\" width=\"660\" height=\"350\" class=\"alignnone wp-image-247\" src=\"https:\/\/sisu.ut.ee\/wp-content\/uploads\/sites\/169\/teadus_ja_arendustegevus_juhtumiuuringu_piirkondades.png\" title=\"Teadus ja arendustegevus juhtumiuuringu piirkondades\" alt=\"Teadus ja arendustegevus juhtumiuuringu piirkondades\" srcset=\"https:\/\/sisu.ut.ee\/wp-content\/uploads\/sites\/169\/teadus_ja_arendustegevus_juhtumiuuringu_piirkondades.png 660w, https:\/\/sisu.ut.ee\/wp-content\/uploads\/sites\/169\/teadus_ja_arendustegevus_juhtumiuuringu_piirkondades-300x159.png 300w\" sizes=\"auto, (max-width: 660px) 100vw, 660px\"><\/p>\n<p style=\"text-align: justify\"><strong>Projekti informatsioon<\/strong><\/p>\n<p style=\"text-align: justify\">Eelarve: 345803 \u20ac<br>L\u00f5pparuanne: 30. juuni 2012<br>Juhtpartner: Architecture and Planning Department (DiAP) \u2013 IT<br>Kontaktisik: Bruno Dente,\u00a0<a style=\"background-color: #ffffff\" class=\"spamspan\" href=\"mailto:bruno.dente@polimi.it\">bruno.dente@polimi.it<\/a><\/p>\n","protected":false},"excerpt":{"rendered":"<p>SMART-IST \u2013 Institutional Capacity for Territorial Development \u00a0 Uuringu eesm\u00e4rk Kaasaegne ja t\u00f5hus halduss\u00fcsteem on regioonide konkurentsiv\u00f5imelisuse kindlustamisel kriitiline komponent. Seet\u00f5ttu on ka ELi poliitikate eesm\u00e4rk t\u00f5sta avaliku juhtimise kvaliteeti ja haldusv\u00f5imekust. SMARTIST uurib institutsionaalset innovatsiooni ja haldusv\u00f5imekust, kuidas neid &#8230;<\/p>\n","protected":false},"author":85,"featured_media":0,"parent":0,"menu_order":0,"comment_status":"closed","ping_status":"closed","template":"","meta":{"_acf_changed":false,"inline_featured_image":false,"footnotes":""},"class_list":["post-147","page","type-page","status-publish","hentry"],"acf":[],"_links":{"self":[{"href":"https:\/\/sisu.ut.ee\/espon\/wp-json\/wp\/v2\/pages\/147","targetHints":{"allow":["GET"]}}],"collection":[{"href":"https:\/\/sisu.ut.ee\/espon\/wp-json\/wp\/v2\/pages"}],"about":[{"href":"https:\/\/sisu.ut.ee\/espon\/wp-json\/wp\/v2\/types\/page"}],"author":[{"embeddable":true,"href":"https:\/\/sisu.ut.ee\/espon\/wp-json\/wp\/v2\/users\/85"}],"replies":[{"embeddable":true,"href":"https:\/\/sisu.ut.ee\/espon\/wp-json\/wp\/v2\/comments?post=147"}],"version-history":[{"count":1,"href":"https:\/\/sisu.ut.ee\/espon\/wp-json\/wp\/v2\/pages\/147\/revisions"}],"predecessor-version":[{"id":476,"href":"https:\/\/sisu.ut.ee\/espon\/wp-json\/wp\/v2\/pages\/147\/revisions\/476"}],"wp:attachment":[{"href":"https:\/\/sisu.ut.ee\/espon\/wp-json\/wp\/v2\/media?parent=147"}],"curies":[{"name":"wp","href":"https:\/\/api.w.org\/{rel}","templated":true}]}}